{"id":3908,"date":"2026-03-18T13:24:18","date_gmt":"2026-03-18T13:24:18","guid":{"rendered":"https:\/\/www.mkreborns.com\/?post_type=product&#038;p=3908"},"modified":"2026-03-19T15:51:18","modified_gmt":"2026-03-19T15:51:18","slug":"18-inch-reborn-dolls-clothes-for-baby-doll-outfits","status":"publish","type":"product","link":"https:\/\/www.mkreborns.com\/es\/product\/18-inch-reborn-dolls-clothes-for-baby-doll-outfits\/","title":{"rendered":"Ropa para mu\u00f1ecas reborn de 18 pulgadas para conjuntos de mu\u00f1ecas beb\u00e9"},"content":{"rendered":"<h2>Ropa elegante para mu\u00f1ecas reborn de 45 cm para cada ocasi\u00f3n.<\/h2>\n<div>Aporta encanto y autenticidad a tu colecci\u00f3n de mu\u00f1ecas con nuestra ropa para mu\u00f1ecas reborn de 45 cm. Cada conjunto est\u00e1 cuidadosamente dise\u00f1ado para ajustarse perfectamente a las mu\u00f1ecas reborn, ofreciendo comodidad y una apariencia realista. Ideal tanto para jugar como para exhibir, esta ropa transforma a cualquier mu\u00f1eca en una compa\u00f1era elegante.<\/div>\n<h3>Dise\u00f1os detallados y ajuste c\u00f3modo<\/h3>\n<div>Nuestra colecci\u00f3n presenta ropa para mu\u00f1ecas reborn, dise\u00f1ada especialmente para mu\u00f1ecas reborn, garantizando un ajuste perfecto y realzando sus rasgos realistas. Desde divertidos mamelucos hasta elegantes vestidos, estos conjuntos ofrecen versatilidad y estilo, haciendo que tu mu\u00f1eca de 45 cm (18 pulgadas) destaque.<\/div>\n<ul>\n<li>Talla precisa: Dise\u00f1ado para mu\u00f1ecas de 45 cm (18 pulgadas) para garantizar un ajuste perfecto y facilitar el vestirlas.<\/li>\n<li>Tejidos de alta calidad: Los materiales suaves y duraderos proporcionan comodidad y una larga vida \u00fatil.<\/li>\n<li>Detalles realistas: Las intrincadas costuras y los dise\u00f1os reflejan la autenticidad de la ropa de beb\u00e9.<\/li>\n<li>Variedad de estilos: Incluye atuendos informales, formales y de temporada para todas las ocasiones.<\/li>\n<li>Realismo mejorado en la mu\u00f1eca: Dise\u00f1ada para complementar el cuerpo de tela de la mu\u00f1eca reborn y lograr un encanto realista.<\/li>\n<\/ul>\n<div>Renueva el guardarropa de tu mu\u00f1eca con estas exquisitas prendas para mu\u00f1ecas reborn de 45 cm, que combinan estilo, comodidad y un atractivo aut\u00e9ntico.<\/div>\n<p style=\"text-align: center;\" align=\"center\"><img decoding=\"async\" src=\"https:\/\/www.mkreborns.com\/wp-content\/uploads\/2026\/03\/kf-S9d31fc2e9fcd434fafe9c0f471411531G.webp\" alt=\"\" title=\"\"><img decoding=\"async\" src=\"https:\/\/www.mkreborns.com\/wp-content\/uploads\/2026\/03\/kf-Sb94cdf6699bc46d3a5df6fd0f3b9305eP.webp\" alt=\"\" title=\"\"><img decoding=\"async\" src=\"https:\/\/www.mkreborns.com\/wp-content\/uploads\/2026\/03\/kf-S2c32be6ab85b4bc298e8b61239d41026x.webp\" alt=\"\" title=\"\"><img decoding=\"async\" src=\"https:\/\/www.mkreborns.com\/wp-content\/uploads\/2026\/03\/kf-S572f25d107b74315a31d1340abf1216fq.webp\" alt=\"\" title=\"\"><img decoding=\"async\" src=\"https:\/\/www.mkreborns.com\/wp-content\/uploads\/2026\/03\/kf-S5255329b890042289e03e8edbc8650fdh.webp\" alt=\"\" title=\"\"><\/p>","protected":false},"excerpt":{"rendered":"<p>Adorna tu mu\u00f1eca reborn de 45 cm con atuendos elegantes, suaves y detallados, dise\u00f1ados para un juego realista y una elegancia duradera.<\/p>","protected":false},"featured_media":3909,"comment_status":"open","ping_status":"closed","template":"","meta":[],"product_brand":[],"product_cat":[159,148],"product_tag":[],"class_list":{"0":"post-3908","1":"product","2":"type-product","3":"status-publish","4":"has-post-thumbnail","6":"product_cat-clothes-for-reborn-dolls","7":"product_cat-reborn-doll-accessories","9":"first","10":"instock","11":"sale","12":"shipping-taxable","13":"purchasable","14":"product-type-simple"},"_links":{"self":[{"href":"https:\/\/www.mkreborns.com\/es\/wp-json\/wp\/v2\/product\/3908","targetHints":{"allow":["GET"]}}],"collection":[{"href":"https:\/\/www.mkreborns.com\/es\/wp-json\/wp\/v2\/product"}],"about":[{"href":"https:\/\/www.mkreborns.com\/es\/wp-json\/wp\/v2\/types\/product"}],"replies":[{"embeddable":true,"href":"https:\/\/www.mkreborns.com\/es\/wp-json\/wp\/v2\/comments?post=3908"}],"wp:featuredmedia":[{"embeddable":true,"href":"https:\/\/www.mkreborns.com\/es\/wp-json\/wp\/v2\/media\/3909"}],"wp:attachment":[{"href":"https:\/\/www.mkreborns.com\/es\/wp-json\/wp\/v2\/media?parent=3908"}],"wp:term":[{"taxonomy":"product_brand","embeddable":true,"href":"https:\/\/www.mkreborns.com\/es\/wp-json\/wp\/v2\/product_brand?post=3908"},{"taxonomy":"product_cat","embeddable":true,"href":"https:\/\/www.mkreborns.com\/es\/wp-json\/wp\/v2\/product_cat?post=3908"},{"taxonomy":"product_tag","embeddable":true,"href":"https:\/\/www.mkreborns.com\/es\/wp-json\/wp\/v2\/product_tag?post=3908"}],"curies":[{"name":"wp","href":"https:\/\/api.w.org\/{rel}","templated":true}]}}