{"id":3890,"date":"2026-03-18T13:08:27","date_gmt":"2026-03-18T13:08:27","guid":{"rendered":"https:\/\/www.mkreborns.com\/?post_type=product&#038;p=3890"},"modified":"2026-03-19T15:52:23","modified_gmt":"2026-03-19T15:52:23","slug":"baby-doll-clothes-17-18-inch-reborn-outfits-for-girls","status":"publish","type":"product","link":"https:\/\/www.mkreborns.com\/es\/product\/baby-doll-clothes-17-18-inch-reborn-outfits-for-girls\/","title":{"rendered":"Ropa para mu\u00f1ecas beb\u00e9 de 17 y 18 pulgadas, conjuntos reborn para ni\u00f1as"},"content":{"rendered":"<div class=\"detailmodule_html\">\n<div class=\"detail-desc-decorate-richtext\">\n<h2>Estilos encantadores para ropa de mu\u00f1ecas reborn de 17 y 18 pulgadas.<\/h2>\n<div>Realza tu colecci\u00f3n de mu\u00f1ecas reborn con nuestra ropa premium para mu\u00f1ecas reborn de 17 y 18 pulgadas. Cada conjunto est\u00e1 meticulosamente dise\u00f1ado para complementar la ropa de tu mu\u00f1eca reborn, combinando comodidad, durabilidad y detalles realistas. Ya sea para jugar o para exhibir, estas prendas ofrecen un ajuste perfecto y dise\u00f1os vibrantes y llamativos.<\/div>\n<h3>Dise\u00f1os \u00fanicos y detalles estampados.<\/h3>\n<div>Nuestra selecci\u00f3n incluye intrincados dise\u00f1os de tela para mu\u00f1ecas reborn, que permiten que cada mu\u00f1eca muestre su personalidad y estilo. Elige entre vestidos, peleles y conjuntos coordinados, dise\u00f1ados para mu\u00f1ecas reborn de 43 y 46 cm. Con telas suaves y acabados realistas, cada atuendo realza el encanto natural de tu mu\u00f1eca.<\/div>\n<ul>\n<li>Ajuste a medida: Dise\u00f1ado con precisi\u00f3n para mu\u00f1ecas reborn de 17 a 18 pulgadas para vestirlas sin complicaciones.<\/li>\n<li>Materiales de alta calidad: tejidos suaves y duraderos que conservan su forma y color.<\/li>\n<li>Variedad de estampados: El estampado del cuerpo de la mu\u00f1eca reborn a\u00f1ade individualidad a cada atuendo.<\/li>\n<li>Un guardarropa vers\u00e1til: incluye ropa informal, vestidos formales y conjuntos divertidos.<\/li>\n<li>Realismo mejorado: Las costuras y los acabados detallados aportan autenticidad a cada pieza.<\/li>\n<\/ul>\n<div>Aporta alegr\u00eda y sofisticaci\u00f3n a cualquier vitrina de mu\u00f1ecas con estas prendas de ropa para mu\u00f1ecas reborn de 17 y 18 pulgadas, bellamente confeccionadas, que combinan estilo, comodidad y una elegancia realista.<\/div>\n<div><\/div>\n<p style=\"text-align: center; margin: 0px;\" align=\"center\"><img decoding=\"async\" src=\"https:\/\/www.mkreborns.com\/wp-content\/uploads\/2026\/03\/kf-Sff4af0a0ce8d4485b7c09410cb094249I.webp\" alt=\"\" title=\"\"><img decoding=\"async\" src=\"https:\/\/www.mkreborns.com\/wp-content\/uploads\/2026\/03\/kf-S10d68fad596841c589219dc0c10319fbZ.webp\" alt=\"\" title=\"\"><img decoding=\"async\" src=\"https:\/\/www.mkreborns.com\/wp-content\/uploads\/2026\/03\/kf-S8dbdfa36fe014c8fa0765011983d82caD.webp\" alt=\"\" title=\"\"><img decoding=\"async\" src=\"https:\/\/www.mkreborns.com\/wp-content\/uploads\/2026\/03\/kf-S920d035ab985467b8517b1483d4f6bbaY.webp\" alt=\"\" title=\"\"><img decoding=\"async\" src=\"https:\/\/www.mkreborns.com\/wp-content\/uploads\/2026\/03\/kf-S4b96cea014a44b709b752532f6113fbfu.webp\" alt=\"\" title=\"\"><img decoding=\"async\" src=\"https:\/\/www.mkreborns.com\/wp-content\/uploads\/2026\/03\/kf-S44c92652455b47b98527b3aa131f6b1eT.webp\" alt=\"\" title=\"\"><img decoding=\"async\" src=\"https:\/\/www.mkreborns.com\/wp-content\/uploads\/2026\/03\/kf-S56de3d76be034bbfb5ae1261f59232a1O.webp\" alt=\"\" title=\"\"><img decoding=\"async\" src=\"https:\/\/www.mkreborns.com\/wp-content\/uploads\/2026\/03\/kf-S0590e45ab54740c38d581d7611ef244cS.webp\" alt=\"\" title=\"\"><img decoding=\"async\" src=\"https:\/\/www.mkreborns.com\/wp-content\/uploads\/2026\/03\/kf-S4d9af2659e454d8b87e97bd159ed9cdfz.webp\" alt=\"\" title=\"\"><img decoding=\"async\" src=\"https:\/\/www.mkreborns.com\/wp-content\/uploads\/2026\/03\/kf-Sb9c38680031e40f6b3db3e4e386af5c5l.webp\" alt=\"\" title=\"\"><\/p>\n<\/div>\n<\/div>","protected":false},"excerpt":{"rendered":"<p>Transforma tu mu\u00f1eca reborn en una elegante compa\u00f1era con ropa suave y detallada, dise\u00f1ada para un juego realista y un encanto infinito.<\/p>","protected":false},"featured_media":3891,"comment_status":"open","ping_status":"closed","template":"","meta":[],"product_brand":[],"product_cat":[159,148],"product_tag":[],"class_list":{"0":"post-3890","1":"product","2":"type-product","3":"status-publish","4":"has-post-thumbnail","6":"product_cat-clothes-for-reborn-dolls","7":"product_cat-reborn-doll-accessories","9":"first","10":"instock","11":"sale","12":"shipping-taxable","13":"purchasable","14":"product-type-variable","15":"has-default-attributes"},"_links":{"self":[{"href":"https:\/\/www.mkreborns.com\/es\/wp-json\/wp\/v2\/product\/3890","targetHints":{"allow":["GET"]}}],"collection":[{"href":"https:\/\/www.mkreborns.com\/es\/wp-json\/wp\/v2\/product"}],"about":[{"href":"https:\/\/www.mkreborns.com\/es\/wp-json\/wp\/v2\/types\/product"}],"replies":[{"embeddable":true,"href":"https:\/\/www.mkreborns.com\/es\/wp-json\/wp\/v2\/comments?post=3890"}],"wp:featuredmedia":[{"embeddable":true,"href":"https:\/\/www.mkreborns.com\/es\/wp-json\/wp\/v2\/media\/3891"}],"wp:attachment":[{"href":"https:\/\/www.mkreborns.com\/es\/wp-json\/wp\/v2\/media?parent=3890"}],"wp:term":[{"taxonomy":"product_brand","embeddable":true,"href":"https:\/\/www.mkreborns.com\/es\/wp-json\/wp\/v2\/product_brand?post=3890"},{"taxonomy":"product_cat","embeddable":true,"href":"https:\/\/www.mkreborns.com\/es\/wp-json\/wp\/v2\/product_cat?post=3890"},{"taxonomy":"product_tag","embeddable":true,"href":"https:\/\/www.mkreborns.com\/es\/wp-json\/wp\/v2\/product_tag?post=3890"}],"curies":[{"name":"wp","href":"https:\/\/api.w.org\/{rel}","templated":true}]}}