{"id":3868,"date":"2026-03-18T10:01:51","date_gmt":"2026-03-18T10:01:51","guid":{"rendered":"https:\/\/www.mkreborns.com\/?post_type=product&#038;p=3868"},"modified":"2026-03-19T15:52:36","modified_gmt":"2026-03-19T15:52:36","slug":"18-inch-reborn-doll-clothes-for-toddlers-and-girls","status":"publish","type":"product","link":"https:\/\/www.mkreborns.com\/es\/product\/18-inch-reborn-doll-clothes-for-toddlers-and-girls\/","title":{"rendered":"Ropa para mu\u00f1ecas reborn de 45 cm para beb\u00e9s y ni\u00f1as"},"content":{"rendered":"<div class=\"product-specs-list-container\">\n<h2>Elegantes conjuntos para cada mu\u00f1eca reborn de 45 cm.<\/h2>\n<div>Haz que tu mu\u00f1eca reborn sea el centro de atenci\u00f3n con nuestra ropa premium para mu\u00f1ecas reborn de 45 cm. Dise\u00f1ada para ajustarse perfectamente a las mu\u00f1ecas reborn de tama\u00f1o infantil, cada conjunto combina detalles realistas con telas suaves y resistentes. Desde el uso diario hasta ocasiones especiales, estas prendas garantizan que tu mu\u00f1eca siempre luzca impecable.<\/div>\n<h3>Variedad y accesorios con estilo<\/h3>\n<div>Nuestra colecci\u00f3n incluye ropa y accesorios de silicona para mu\u00f1ecas reborn, ideales para completar el guardarropa de cualquier mu\u00f1eca. Elige entre vibrantes conjuntos morados para mu\u00f1ecas reborn, delicados vestidos para mu\u00f1ecas reborn femeninas y ropa vers\u00e1til para beb\u00e9s, perfecta para cualquier ocasi\u00f3n. Cada prenda est\u00e1 confeccionada para facilitar el vestir, manteniendo un aspecto realista y artesanal.<\/div>\n<ul>\n<li>Ajuste perfecto: Tama\u00f1o ideal para mu\u00f1ecas reborn de 45 cm (18 pulgadas), garantizando comodidad y elegancia.<\/li>\n<li>Tejidos de alta calidad: Materiales suaves y duraderos que imitan las texturas de la ropa real de beb\u00e9.<\/li>\n<li>Estilos vers\u00e1tiles: desde ropa informal y desenfadada hasta sofisticados conjuntos en color p\u00farpura.<\/li>\n<li>Opciones de accesorios: Incluye sombreros, zapatos y mantas a juego para formar conjuntos completos.<\/li>\n<li>Detalles realistas: Costuras acabadas a mano y encantadores adornos para un aspecto muy realista.<\/li>\n<\/ul>\n<div>Aporta encanto, realismo y diversi\u00f3n a tu colecci\u00f3n con estas prendas de ropa para mu\u00f1ecas reborn de 45 cm (18 pulgadas) bellamente elaboradas que realzan cada aventura de juego.<\/div>\n<div><\/div>\n<\/div>\n<div class=\"detailmodule_html\">\n<div class=\"detail-desc-decorate-richtext\">\n<p style=\"text-align: center; margin: 0px;\" align=\"center\"><img decoding=\"async\" src=\"https:\/\/www.mkreborns.com\/wp-content\/uploads\/2026\/03\/kf-S7d8ebb1a885d44398f64514886946629E.webp\" alt=\"\" title=\"\"><img decoding=\"async\" src=\"https:\/\/www.mkreborns.com\/wp-content\/uploads\/2026\/03\/kf-S89a1ffaead92487d9a130af90b3d4fc5K.webp\" alt=\"\" title=\"\"><img decoding=\"async\" src=\"https:\/\/www.mkreborns.com\/wp-content\/uploads\/2026\/03\/kf-Sc34b80cf2d3a4c60b3a32babd9f3f5548.webp\" alt=\"\" title=\"\"><img decoding=\"async\" src=\"https:\/\/www.mkreborns.com\/wp-content\/uploads\/2026\/03\/kf-S160a0246ec60450ba40c67d32c0961672.webp\" alt=\"\" title=\"\"><img decoding=\"async\" src=\"https:\/\/www.mkreborns.com\/wp-content\/uploads\/2026\/03\/kf-S4d9f66438f1f42e0b260f4684f54fb0bW.webp\" alt=\"\" title=\"\"><img decoding=\"async\" src=\"https:\/\/ae01.alicdn.com\/kf\/S9f14fbaf63524021b86c7a946d713f30N.jpg\" alt=\"\" title=\"\"><img decoding=\"async\" src=\"https:\/\/ae01.alicdn.com\/kf\/Sf7fd6a137dba47e9aecbf4de66cb87df3.jpg\" alt=\"\" title=\"\"><img decoding=\"async\" src=\"https:\/\/ae01.alicdn.com\/kf\/S06ea55e7d37a45acb579364f3408aa76B.jpg\" alt=\"\" title=\"\"><img decoding=\"async\" src=\"https:\/\/ae01.alicdn.com\/kf\/S81d380c3ee694b8eafebd8a9c2653a1at.jpg\" alt=\"\" title=\"\"><img decoding=\"async\" src=\"https:\/\/ae01.alicdn.com\/kf\/S580e530ac6c84a7a82ce96a246202693U.jpg\" alt=\"\" title=\"\"><img decoding=\"async\" src=\"https:\/\/ae01.alicdn.com\/kf\/S4fce4907e8dd42a7b8679f2512ebba25I.jpg\" alt=\"\" title=\"\"><img decoding=\"async\" src=\"https:\/\/ae01.alicdn.com\/kf\/S0f517424cd3642999a0a881e47972c1du.jpg\" alt=\"\" title=\"\"><img decoding=\"async\" src=\"https:\/\/ae01.alicdn.com\/kf\/Sca06b8ff57b34251853a9fb540f747afw.jpg\" alt=\"\" title=\"\"><img decoding=\"async\" src=\"https:\/\/ae01.alicdn.com\/kf\/Sfd3631ab03ee426692991be15c6afe4ee.jpg\" alt=\"\" title=\"\"><\/p>\n<\/div>\n<\/div>","protected":false},"excerpt":{"rendered":"<p>Viste a tu mu\u00f1eca reborn con estilo gracias a conjuntos c\u00f3modos y de alta calidad que combinan encanto y confort para horas de juego imaginativo.<\/p>","protected":false},"featured_media":3869,"comment_status":"open","ping_status":"closed","template":"","meta":[],"product_brand":[],"product_cat":[159,148],"product_tag":[],"class_list":{"0":"post-3868","1":"product","2":"type-product","3":"status-publish","4":"has-post-thumbnail","6":"product_cat-clothes-for-reborn-dolls","7":"product_cat-reborn-doll-accessories","9":"first","10":"instock","11":"sale","12":"shipping-taxable","13":"purchasable","14":"product-type-variable","15":"has-default-attributes"},"_links":{"self":[{"href":"https:\/\/www.mkreborns.com\/es\/wp-json\/wp\/v2\/product\/3868","targetHints":{"allow":["GET"]}}],"collection":[{"href":"https:\/\/www.mkreborns.com\/es\/wp-json\/wp\/v2\/product"}],"about":[{"href":"https:\/\/www.mkreborns.com\/es\/wp-json\/wp\/v2\/types\/product"}],"replies":[{"embeddable":true,"href":"https:\/\/www.mkreborns.com\/es\/wp-json\/wp\/v2\/comments?post=3868"}],"wp:featuredmedia":[{"embeddable":true,"href":"https:\/\/www.mkreborns.com\/es\/wp-json\/wp\/v2\/media\/3869"}],"wp:attachment":[{"href":"https:\/\/www.mkreborns.com\/es\/wp-json\/wp\/v2\/media?parent=3868"}],"wp:term":[{"taxonomy":"product_brand","embeddable":true,"href":"https:\/\/www.mkreborns.com\/es\/wp-json\/wp\/v2\/product_brand?post=3868"},{"taxonomy":"product_cat","embeddable":true,"href":"https:\/\/www.mkreborns.com\/es\/wp-json\/wp\/v2\/product_cat?post=3868"},{"taxonomy":"product_tag","embeddable":true,"href":"https:\/\/www.mkreborns.com\/es\/wp-json\/wp\/v2\/product_tag?post=3868"}],"curies":[{"name":"wp","href":"https:\/\/api.w.org\/{rel}","templated":true}]}}