{"id":3728,"date":"2026-03-07T16:32:17","date_gmt":"2026-03-07T16:32:17","guid":{"rendered":"https:\/\/www.mkreborns.com\/?post_type=product&#038;p=3728"},"modified":"2026-03-18T14:20:16","modified_gmt":"2026-03-18T14:20:16","slug":"elisa-mini-silicone-cuddle-reborn-doll","status":"publish","type":"product","link":"https:\/\/www.mkreborns.com\/es\/product\/elisa-mini-silicone-cuddle-reborn-doll\/","title":{"rendered":"Mu\u00f1eca renacida de silicona Elisa Mini Cuddle"},"content":{"rendered":"<p>\u00bfQui\u00e9n podr\u00eda resistirse a tener una adorable mu\u00f1eca en brazos? Estas mu\u00f1ecas reborn son tan realistas como un beb\u00e9 reci\u00e9n nacido; verlas te enternecen el coraz\u00f3n. La mini mu\u00f1eca reborn es tan delicada y peque\u00f1a que despierta r\u00e1pidamente un instinto protector al tenerla en brazos. Cuidar una mu\u00f1eca reborn puede ser una experiencia muy placentera, que te brinda una gran satisfacci\u00f3n y una sensaci\u00f3n de logro.<\/p>\n<p>&nbsp;<\/p>\n<p>G\u00e9nero: Ni\u00f1o<br \/>\nAltura: 40cm<br \/>\nPeso: 1,6 kg<br \/>\nPeso del embalaje: 2,5 kg<br \/>\nDimensiones del embalaje: 46*21*15cm<\/p>\n<p>&nbsp;<\/p>\n<p><img decoding=\"async\" class=\"aligncenter wp-image-3738 size-full\" src=\"https:\/\/www.mkreborns.com\/wp-content\/themes\/woodmart\/images\/lazy.svg\" data-src=\"https:\/\/www.mkreborns.com\/wp-content\/uploads\/2026\/03\/reborn-doll10.jpg\" alt=\"Mu\u00f1eca reborn de silicona realista para coleccionistas y ni\u00f1os.\" width=\"1400\" height=\"2100\" title=\"\" srcset=\"\" data-srcset=\"https:\/\/www.mkreborns.com\/wp-content\/uploads\/2026\/03\/reborn-doll10.jpg 1400w, https:\/\/www.mkreborns.com\/wp-content\/uploads\/2026\/03\/reborn-doll10-200x300.jpg 200w, https:\/\/www.mkreborns.com\/wp-content\/uploads\/2026\/03\/reborn-doll10-533x800.jpg 533w, https:\/\/www.mkreborns.com\/wp-content\/uploads\/2026\/03\/reborn-doll10-768x1152.jpg 768w, https:\/\/www.mkreborns.com\/wp-content\/uploads\/2026\/03\/reborn-doll10-1024x1536.jpg 1024w, https:\/\/www.mkreborns.com\/wp-content\/uploads\/2026\/03\/reborn-doll10-1365x2048.jpg 1365w, https:\/\/www.mkreborns.com\/wp-content\/uploads\/2026\/03\/reborn-doll10-8x12.jpg 8w, https:\/\/www.mkreborns.com\/wp-content\/uploads\/2026\/03\/reborn-doll10-700x1050.jpg 700w, https:\/\/www.mkreborns.com\/wp-content\/uploads\/2026\/03\/reborn-doll10-150x225.jpg 150w\" sizes=\"(max-width: 1400px) 100vw, 1400px\" \/> <img decoding=\"async\" class=\"aligncenter wp-image-3735 size-full\" src=\"https:\/\/www.mkreborns.com\/wp-content\/themes\/woodmart\/images\/lazy.svg\" data-src=\"https:\/\/www.mkreborns.com\/wp-content\/uploads\/2026\/03\/reborn-doll7.jpg\" alt=\"\" width=\"1400\" height=\"2100\" title=\"\" srcset=\"\" data-srcset=\"https:\/\/www.mkreborns.com\/wp-content\/uploads\/2026\/03\/reborn-doll7.jpg 1400w, https:\/\/www.mkreborns.com\/wp-content\/uploads\/2026\/03\/reborn-doll7-200x300.jpg 200w, https:\/\/www.mkreborns.com\/wp-content\/uploads\/2026\/03\/reborn-doll7-533x800.jpg 533w, https:\/\/www.mkreborns.com\/wp-content\/uploads\/2026\/03\/reborn-doll7-768x1152.jpg 768w, https:\/\/www.mkreborns.com\/wp-content\/uploads\/2026\/03\/reborn-doll7-1024x1536.jpg 1024w, https:\/\/www.mkreborns.com\/wp-content\/uploads\/2026\/03\/reborn-doll7-1365x2048.jpg 1365w, https:\/\/www.mkreborns.com\/wp-content\/uploads\/2026\/03\/reborn-doll7-8x12.jpg 8w, https:\/\/www.mkreborns.com\/wp-content\/uploads\/2026\/03\/reborn-doll7-700x1050.jpg 700w, https:\/\/www.mkreborns.com\/wp-content\/uploads\/2026\/03\/reborn-doll7-150x225.jpg 150w\" sizes=\"(max-width: 1400px) 100vw, 1400px\" \/> <img decoding=\"async\" class=\"aligncenter wp-image-3741 size-full\" src=\"https:\/\/www.mkreborns.com\/wp-content\/themes\/woodmart\/images\/lazy.svg\" data-src=\"https:\/\/www.mkreborns.com\/wp-content\/uploads\/2026\/03\/reborn-doll13.jpg\" alt=\"\" width=\"1400\" height=\"2100\" title=\"\" srcset=\"\" data-srcset=\"https:\/\/www.mkreborns.com\/wp-content\/uploads\/2026\/03\/reborn-doll13.jpg 1400w, https:\/\/www.mkreborns.com\/wp-content\/uploads\/2026\/03\/reborn-doll13-200x300.jpg 200w, https:\/\/www.mkreborns.com\/wp-content\/uploads\/2026\/03\/reborn-doll13-533x800.jpg 533w, https:\/\/www.mkreborns.com\/wp-content\/uploads\/2026\/03\/reborn-doll13-768x1152.jpg 768w, https:\/\/www.mkreborns.com\/wp-content\/uploads\/2026\/03\/reborn-doll13-1024x1536.jpg 1024w, https:\/\/www.mkreborns.com\/wp-content\/uploads\/2026\/03\/reborn-doll13-1365x2048.jpg 1365w, https:\/\/www.mkreborns.com\/wp-content\/uploads\/2026\/03\/reborn-doll13-8x12.jpg 8w, https:\/\/www.mkreborns.com\/wp-content\/uploads\/2026\/03\/reborn-doll13-700x1050.jpg 700w, https:\/\/www.mkreborns.com\/wp-content\/uploads\/2026\/03\/reborn-doll13-150x225.jpg 150w\" sizes=\"(max-width: 1400px) 100vw, 1400px\" \/><\/p>","protected":false},"excerpt":{"rendered":"<p>La silicona es un material muy com\u00fan y popular en el mundo de las mu\u00f1ecas reborn. Si eres al\u00e9rgico a otros materiales, las mu\u00f1ecas reborn de silicona son sin duda una buena opci\u00f3n para ti.<\/p>","protected":false},"featured_media":3736,"comment_status":"open","ping_status":"closed","template":"","meta":[],"product_brand":[],"product_cat":[145,158,155,146,153],"product_tag":[],"class_list":{"0":"post-3728","1":"product","2":"type-product","3":"status-publish","4":"has-post-thumbnail","6":"product_cat-baby-boy-reborn-dolls","7":"product_cat-15-inch-baby-dolls","8":"product_cat-cute-reborn-dolls","9":"product_cat-full-silicone-reborn-dolls","10":"product_cat-newborn-reborn-dolls","12":"first","13":"instock","14":"sale","15":"shipping-taxable","16":"purchasable","17":"product-type-simple"},"_links":{"self":[{"href":"https:\/\/www.mkreborns.com\/es\/wp-json\/wp\/v2\/product\/3728","targetHints":{"allow":["GET"]}}],"collection":[{"href":"https:\/\/www.mkreborns.com\/es\/wp-json\/wp\/v2\/product"}],"about":[{"href":"https:\/\/www.mkreborns.com\/es\/wp-json\/wp\/v2\/types\/product"}],"replies":[{"embeddable":true,"href":"https:\/\/www.mkreborns.com\/es\/wp-json\/wp\/v2\/comments?post=3728"}],"wp:featuredmedia":[{"embeddable":true,"href":"https:\/\/www.mkreborns.com\/es\/wp-json\/wp\/v2\/media\/3736"}],"wp:attachment":[{"href":"https:\/\/www.mkreborns.com\/es\/wp-json\/wp\/v2\/media?parent=3728"}],"wp:term":[{"taxonomy":"product_brand","embeddable":true,"href":"https:\/\/www.mkreborns.com\/es\/wp-json\/wp\/v2\/product_brand?post=3728"},{"taxonomy":"product_cat","embeddable":true,"href":"https:\/\/www.mkreborns.com\/es\/wp-json\/wp\/v2\/product_cat?post=3728"},{"taxonomy":"product_tag","embeddable":true,"href":"https:\/\/www.mkreborns.com\/es\/wp-json\/wp\/v2\/product_tag?post=3728"}],"curies":[{"name":"wp","href":"https:\/\/api.w.org\/{rel}","templated":true}]}}