{"id":3,"date":"2025-12-24T14:18:41","date_gmt":"2025-12-24T14:18:41","guid":{"rendered":"https:\/\/www.mkreborns.com\/?page_id=3"},"modified":"2026-01-20T10:07:36","modified_gmt":"2026-01-20T10:07:36","slug":"privacy-policy","status":"publish","type":"page","link":"https:\/\/www.mkreborns.com\/es\/privacy-policy\/","title":{"rendered":"pol\u00edtica de privacidad"},"content":{"rendered":"<p>En <strong>Mk Renacidos<\/strong>, Para nosotros, la confidencialidad, la integridad y el manejo responsable de la informaci\u00f3n personal son de suma importancia. Esta Pol\u00edtica de Privacidad explica c\u00f3mo se recopilan, procesan, almacenan y protegen los datos cuando usted accede o interact\u00faa con nuestro sitio web.<\/p>\n\n\n\n<hr class=\"wp-block-separator has-alpha-channel-opacity\"\/>\n\n\n\n<h2 class=\"wp-block-heading\">1. Qui\u00e9nes somos<\/h2>\n\n\n\n<p>El sitio web <strong><a href=\"https:\/\/www.mkreborns.com\/es\/\">https:\/\/www.mkreborns.com<\/a><\/strong> es propiedad y est\u00e1 operado por <strong>Mk Renacidos<\/strong>.<br>A lo largo de esta pol\u00edtica, las referencias a &quot;nosotros&quot;, &quot;nuestro&quot; o &quot;nos&quot; se refieren exclusivamente a Mk Reborns.<\/p>\n\n\n\n<hr class=\"wp-block-separator has-alpha-channel-opacity\"\/>\n\n\n\n<h2 class=\"wp-block-heading\">2. Comentarios y aportaciones de los usuarios<\/h2>\n\n\n\n<p>Cuando los visitantes deciden dejar comentarios en nuestro sitio web, recopilamos la informaci\u00f3n que se muestra en el formulario de env\u00edo de comentarios, junto con la informaci\u00f3n del visitante. <strong>Direcci\u00f3n IP<\/strong> y <strong>cadena de agente de usuario del navegador<\/strong>. Esta informaci\u00f3n se recopila estrictamente con el fin de mantener la seguridad de la plataforma y prevenir contenido no solicitado o abusivo.<\/p>\n\n\n\n<p>Un identificador an\u00f3nimo generado a partir de su direcci\u00f3n de correo electr\u00f3nico (com\u00fanmente denominado un identificador an\u00f3nimo generado a partir de su direcci\u00f3n de correo electr\u00f3nico). <em>picadillo<\/em>) puede transmitirse al <strong>Gravatar<\/strong> Servicio para determinar si existe un perfil asociado.<br>El servicio Gravatar opera bajo su propio marco de privacidad, que puede consultarse en:<br><a href=\"https:\/\/automattic.com\/privacy\/\" target=\"_blank\" rel=\"noopener\">https:\/\/automattic.com\/privacy\/<\/a><\/p>\n\n\n\n<p>Una vez aprobado un comentario, la imagen de perfil asociada se hace visible p\u00fablicamente junto al comentario.<\/p>\n\n\n\n<hr class=\"wp-block-separator has-alpha-channel-opacity\"\/>\n\n\n\n<h2 class=\"wp-block-heading\">3. Carga de archivos multimedia<\/h2>\n\n\n\n<p>Si sube im\u00e1genes al sitio web, le recomendamos encarecidamente que no las incluya. <strong>metadatos de ubicaci\u00f3n integrados (EXIF GPS)<\/strong>.<br>Los visitantes del sitio pueden descargar im\u00e1genes y extraer los datos de ubicaci\u00f3n que contengan. Mk Reborns no se responsabiliza de los metadatos incluidos voluntariamente en los archivos multimedia subidos.<\/p>\n\n\n\n<hr class=\"wp-block-separator has-alpha-channel-opacity\"\/>\n\n\n\n<h2 class=\"wp-block-heading\">4. Cookies y tecnolog\u00edas similares<\/h2>\n\n\n\n<p>Para mejorar la comodidad y la funcionalidad del usuario, nuestro sitio web utiliza cookies en las siguientes circunstancias:<\/p>\n\n\n\n<ul class=\"wp-block-list\">\n<li>Cuando env\u00edas un comentario, puedes optar por almacenar tu nombre, direcci\u00f3n de correo electr\u00f3nico y detalles del sitio web en cookies. Estas cookies se conservan durante <strong>un a\u00f1o<\/strong> para eliminar la necesidad de introducir datos repetidamente.<\/li>\n\n\n\n<li>Al acceder a la p\u00e1gina de inicio de sesi\u00f3n, se genera una cookie temporal para verificar si su navegador acepta cookies. Esta cookie no contiene informaci\u00f3n personal y se elimina al cerrar el navegador.<\/li>\n\n\n\n<li>Al iniciar sesi\u00f3n, se crean varias cookies para conservar su estado de autenticaci\u00f3n y sus preferencias de visualizaci\u00f3n.\n<ul class=\"wp-block-list\">\n<li>Las cookies de inicio de sesi\u00f3n permanecen activas para <strong>dos d\u00edas<\/strong><\/li>\n\n\n\n<li>Las cookies de preferencias de visualizaci\u00f3n persisten para <strong>un a\u00f1o<\/strong><\/li>\n\n\n\n<li>Si se selecciona la opci\u00f3n &quot;Recordarme&quot;, las credenciales de inicio de sesi\u00f3n se conservar\u00e1n durante <strong>dos semanas<\/strong><\/li>\n<\/ul>\n<\/li>\n\n\n\n<li>Al cerrar sesi\u00f3n, se eliminan las cookies relacionadas con el inicio de sesi\u00f3n.<\/li>\n\n\n\n<li>Si edita o publica contenido, se almacena una cookie adicional en su navegador. Esta cookie no contiene datos personales y sirve \u00fanicamente para identificar la publicaci\u00f3n editada. Caduca despu\u00e9s de <strong>24 horas<\/strong>.<\/li>\n<\/ul>\n\n\n\n<hr class=\"wp-block-separator has-alpha-channel-opacity\"\/>\n\n\n\n<h2 class=\"wp-block-heading\">5. Contenido incrustado de sitios web de terceros<\/h2>\n\n\n\n<p>Las p\u00e1ginas de este sitio web pueden contener contenido incrustado (incluidos, entre otros, v\u00eddeos, im\u00e1genes o art\u00edculos).<br>El contenido incrustado de sitios web externos se comporta de la misma manera que si hubieras visitado directamente el sitio web de origen.<\/p>\n\n\n\n<p>Dichos sitios web de terceros pueden:<\/p>\n\n\n\n<ul class=\"wp-block-list\">\n<li>Recopilar datos sobre usted<\/li>\n\n\n\n<li>Utilizar cookies<\/li>\n\n\n\n<li>Utilice herramientas de seguimiento de terceros adicionales.<\/li>\n\n\n\n<li>Supervisa tu interacci\u00f3n con el contenido incrustado.<\/li>\n<\/ul>\n\n\n\n<p>Esto puede incluir el seguimiento de las interacciones si usted tiene una cuenta y ha iniciado sesi\u00f3n en la plataforma externa.<\/p>\n\n\n\n<hr class=\"wp-block-separator has-alpha-channel-opacity\"\/>\n\n\n\n<h2 class=\"wp-block-heading\">6. Intercambio de datos<\/h2>\n\n\n\n<p>Si solicita un restablecimiento de contrase\u00f1a, su <strong>Direcci\u00f3n IP<\/strong> Se incluir\u00e1 en la comunicaci\u00f3n de restablecimiento de contrase\u00f1a con fines de verificaci\u00f3n de seguridad.<\/p>\n\n\n\n<p>Mk Reborns no vende, alquila ni intercambia datos personales con terceros no autorizados.<\/p>\n\n\n\n<hr class=\"wp-block-separator has-alpha-channel-opacity\"\/>\n\n\n\n<h2 class=\"wp-block-heading\">7. Retenci\u00f3n de datos<\/h2>\n\n\n\n<p>Los comentarios y sus metadatos asociados se conservan. <strong>indefinidamente<\/strong>. Esto nos permite reconocer y aprobar autom\u00e1ticamente los comentarios posteriores sin necesidad de moderaci\u00f3n.<\/p>\n\n\n\n<p>Para los usuarios que se registran en nuestro sitio web (si corresponde), almacenamos la informaci\u00f3n personal proporcionada en sus perfiles de usuario.<br>Los usuarios registrados pueden ver, modificar o eliminar su informaci\u00f3n personal en cualquier momento, con la excepci\u00f3n de los nombres de usuario. Los administradores del sitio web conservan la capacidad de acceder y editar esta informaci\u00f3n cuando sea necesario.<\/p>\n\n\n\n<hr class=\"wp-block-separator has-alpha-channel-opacity\"\/>\n\n\n\n<h2 class=\"wp-block-heading\">8. Tus derechos sobre tus datos<\/h2>\n\n\n\n<p>Si tiene una cuenta en este sitio web o ha enviado comentarios anteriormente, puede solicitar:<\/p>\n\n\n\n<ul class=\"wp-block-list\">\n<li>Un archivo exportado que contiene los datos personales que tenemos sobre usted.<\/li>\n\n\n\n<li>La eliminaci\u00f3n de los datos personales asociados a usted<\/li>\n<\/ul>\n\n\n\n<p>Las solicitudes de eliminaci\u00f3n de datos no se aplican a la informaci\u00f3n que estamos obligados legal o administrativamente a conservar por motivos de cumplimiento normativo, seguridad u operativos.<\/p>\n\n\n\n<hr class=\"wp-block-separator has-alpha-channel-opacity\"\/>\n\n\n\n<h2 class=\"wp-block-heading\">9. D\u00f3nde se procesan sus datos<\/h2>\n\n\n\n<p>Los comentarios de los visitantes pueden ser examinados mediante servicios automatizados de detecci\u00f3n de spam para garantizar la seguridad e integridad del sitio web.<\/p>\n\n\n\n<hr class=\"wp-block-separator has-alpha-channel-opacity\"\/>\n\n\n\n<h2 class=\"wp-block-heading\">10. Informaci\u00f3n de contacto<\/h2>\n\n\n\n<p>Si tiene alguna pregunta sobre esta Pol\u00edtica de Privacidad o sobre el tratamiento de sus datos personales, p\u00f3ngase en contacto con nosotros en:<\/p>\n\n\n\n<p>\ud83d\udce7 <strong><a href=\"mailto:support@mkreborns.com\">support@mkreborns.com<\/a><\/strong><\/p>\n\n\n\n<p><\/p>","protected":false},"excerpt":{"rendered":"<p>En Mk Reborns, damos gran importancia a la confidencialidad, la integridad y el manejo responsable de la informaci\u00f3n personal. Esta Pol\u00edtica de Privacidad<\/p>","protected":false},"author":1,"featured_media":0,"parent":0,"menu_order":0,"comment_status":"closed","ping_status":"closed","template":"","meta":{"footnotes":""},"class_list":["post-3","page","type-page","status-publish","hentry"],"_links":{"self":[{"href":"https:\/\/www.mkreborns.com\/es\/wp-json\/wp\/v2\/pages\/3","targetHints":{"allow":["GET"]}}],"collection":[{"href":"https:\/\/www.mkreborns.com\/es\/wp-json\/wp\/v2\/pages"}],"about":[{"href":"https:\/\/www.mkreborns.com\/es\/wp-json\/wp\/v2\/types\/page"}],"author":[{"embeddable":true,"href":"https:\/\/www.mkreborns.com\/es\/wp-json\/wp\/v2\/users\/1"}],"replies":[{"embeddable":true,"href":"https:\/\/www.mkreborns.com\/es\/wp-json\/wp\/v2\/comments?post=3"}],"version-history":[{"count":0,"href":"https:\/\/www.mkreborns.com\/es\/wp-json\/wp\/v2\/pages\/3\/revisions"}],"wp:attachment":[{"href":"https:\/\/www.mkreborns.com\/es\/wp-json\/wp\/v2\/media?parent=3"}],"curies":[{"name":"wp","href":"https:\/\/api.w.org\/{rel}","templated":true}]}}