{"id":22,"date":"2025-10-16T14:50:26","date_gmt":"2025-10-16T14:50:26","guid":{"rendered":"https:\/\/dummy.xtemos.com\/woodmart2\/christmas-shop-elementor\/?page_id=22"},"modified":"2025-10-16T14:50:26","modified_gmt":"2025-10-16T14:50:26","slug":"wishlist","status":"publish","type":"page","link":"https:\/\/www.mkreborns.com\/es\/wishlist\/","title":{"rendered":"Lista de deseos"},"content":{"rendered":"<div data-elementor-type=\"wp-page\" data-elementor-id=\"22\" class=\"elementor elementor-22\" data-elementor-post-type=\"page\">\n\t\t\t\t<div class=\"wd-negative-gap elementor-element elementor-element-5dd70f8 e-flex e-con-boxed e-con e-parent\" data-id=\"5dd70f8\" data-element_type=\"container\" data-e-type=\"container\">\n\t\t\t\t\t<div class=\"e-con-inner\">\n\t\t\t\t<div class=\"elementor-element elementor-element-e8fd71e elementor-widget elementor-widget-wd_wishlist\" data-id=\"e8fd71e\" data-element_type=\"widget\" data-e-type=\"widget\" data-widget_type=\"wd_wishlist.default\">\n\t\t\t\t<div class=\"elementor-widget-container\">\n\t\t\t\t\t\t\t\n\t\t\n\n\t\t\t\t<div class=\"\" >\n\t\t\t\t\t\t<div class=\"wd-wishlist-content\">\n\t\t\t\t\t\t\t\t\t\n\t\t<div class=\"wd-empty-block wd-empty-wishlist\">\n\n\t\t<h2 class=\"wd-empty-block-title\">\n\t\t\tEsta lista de deseos est\u00e1 vac\u00eda.\t\t<\/h2>\n\n\t\t\t\t\t<p class=\"wd-empty-block-text\">\n\t\t\t\tA\u00fan no tienes ning\u00fan producto en tu lista de deseos. Encontrar\u00e1s muchos productos interesantes en nuestra p\u00e1gina &quot;Tienda&quot;.\t\t\t<\/p>\n\t\t\n\t\t\n\t\t\t\t\t<a class=\"button btn btn-accent wd-empty-block-btn\" href=\"https:\/\/www.mkreborns.com\/es\/shop\/\">\n\t\t\t\tVolver a la tienda\t\t\t<\/a>\n\t\t\n\t\t\t\t\t<\/div>\n\t\t\t\t\t\t\t\t\t\t\t<\/div>\n\t\t\t\t<\/div>\n\t\t\t\t\t\t<\/div>\n\t\t\t\t<\/div>\n\t\t\t\t\t<\/div>\n\t\t\t\t<\/div>\n\t\t\t\t<\/div>","protected":false},"excerpt":{"rendered":"<p>Mi cuenta Panel de control Pedidos Descargas Direcciones Detalles de la cuenta Lista de deseos Cerrar sesi\u00f3n Esta lista de deseos est\u00e1 vac\u00eda. No tienes ning\u00fan producto en<\/p>","protected":false},"author":1,"featured_media":0,"parent":0,"menu_order":0,"comment_status":"closed","ping_status":"closed","template":"","meta":{"footnotes":""},"class_list":["post-22","page","type-page","status-publish","hentry"],"_links":{"self":[{"href":"https:\/\/www.mkreborns.com\/es\/wp-json\/wp\/v2\/pages\/22","targetHints":{"allow":["GET"]}}],"collection":[{"href":"https:\/\/www.mkreborns.com\/es\/wp-json\/wp\/v2\/pages"}],"about":[{"href":"https:\/\/www.mkreborns.com\/es\/wp-json\/wp\/v2\/types\/page"}],"author":[{"embeddable":true,"href":"https:\/\/www.mkreborns.com\/es\/wp-json\/wp\/v2\/users\/1"}],"replies":[{"embeddable":true,"href":"https:\/\/www.mkreborns.com\/es\/wp-json\/wp\/v2\/comments?post=22"}],"version-history":[{"count":0,"href":"https:\/\/www.mkreborns.com\/es\/wp-json\/wp\/v2\/pages\/22\/revisions"}],"wp:attachment":[{"href":"https:\/\/www.mkreborns.com\/es\/wp-json\/wp\/v2\/media?parent=22"}],"curies":[{"name":"wp","href":"https:\/\/api.w.org\/{rel}","templated":true}]}}