{"id":4347,"date":"2026-03-26T02:52:14","date_gmt":"2026-03-26T02:52:14","guid":{"rendered":"https:\/\/www.mkreborns.com\/product\/lena-13-inch-girl-reborn-doll-toy\/"},"modified":"2026-03-26T08:32:33","modified_gmt":"2026-03-26T08:32:33","slug":"lena-13-inch-girl-reborn-doll-toy","status":"publish","type":"product","link":"https:\/\/www.mkreborns.com\/de\/product\/lena-13-inch-girl-reborn-doll-toy\/","title":{"rendered":"Lena 13 Zoll M\u00e4dchen Reborn Puppe Spielzeug"},"content":{"rendered":"<p>Wenn Sie planen, Eltern zu werden oder die Freuden der Kindererziehung erleben m\u00f6chten, k\u00f6nnen Sie sich f\u00fcr eine realistische Silikon-Reborn-Babypuppe entscheiden. Die Puppe hat lebensechte Gesichtsz\u00fcge wie ein echtes Baby und kann sogar mit verschiedenen Outfits Ihrer Wahl angezogen werden.<\/p>\n<p>Material: Silikon<br \/>\nGeschlecht: M\u00e4dchen<br \/>\nH\u00f6he: 12,8 Zoll<br \/>\nGewicht: 1,3 kg<br \/>\nWimpern: Klebewimpern<br \/>\nVerpackungsgewicht: 2 kg<br \/>\nDas Komplettpaket beinhaltet: Kleidung, eine Windel und eine Flasche.<\/p>\n<p>&nbsp;<\/p>\n<p><img decoding=\"async\" src=\"https:\/\/www.mkreborns.com\/wp-content\/uploads\/2026\/03\/O1CN01RTOK1h1jfP5toHUAf_2220331144575-0-cib-1.jpg\" alt=\"\" title=\"\"><img decoding=\"async\" src=\"https:\/\/www.mkreborns.com\/wp-content\/uploads\/2026\/03\/O1CN013Gh3cl1jfP5rz2GKO_2220331144575-0-cib-1.jpg\" alt=\"\" title=\"\"><img decoding=\"async\" src=\"https:\/\/www.mkreborns.com\/wp-content\/uploads\/2026\/03\/O1CN014H4B9L1jfP5tPKuRi_2220331144575-0-cib-1.jpg\" alt=\"\" title=\"\"><img decoding=\"async\" src=\"https:\/\/www.mkreborns.com\/wp-content\/uploads\/2026\/03\/O1CN01FcQBod1jfP5uK98AD_2220331144575-0-cib-1.jpg\" alt=\"\" title=\"\"><\/p>","protected":false},"excerpt":{"rendered":"<p>Die Silikon-Reborn-Puppe hat einen Miniaturk\u00f6rper und einen unschuldigen Blick in den Augen, sodass es schwerf\u00e4llt, sich nicht in sie zu verlieben.<\/p>","protected":false},"featured_media":4344,"comment_status":"open","ping_status":"closed","template":"","meta":[],"product_brand":[],"product_cat":[238,144,155,146,156,154,153,157],"product_tag":[],"class_list":{"0":"post-4347","1":"product","2":"type-product","3":"status-publish","4":"has-post-thumbnail","6":"product_cat-13-inch-reborn-dolls","7":"product_cat-baby-girl-reborn-dolls","8":"product_cat-cute-reborn-dolls","9":"product_cat-full-silicone-reborn-dolls","10":"product_cat-life-sized-dolls","11":"product_cat-lifelike-reborn-dolls","12":"product_cat-newborn-reborn-dolls","13":"product_cat-real-life-baby-dolls","15":"first","16":"instock","17":"sale","18":"shipping-taxable","19":"purchasable","20":"product-type-simple"},"_links":{"self":[{"href":"https:\/\/www.mkreborns.com\/de\/wp-json\/wp\/v2\/product\/4347","targetHints":{"allow":["GET"]}}],"collection":[{"href":"https:\/\/www.mkreborns.com\/de\/wp-json\/wp\/v2\/product"}],"about":[{"href":"https:\/\/www.mkreborns.com\/de\/wp-json\/wp\/v2\/types\/product"}],"replies":[{"embeddable":true,"href":"https:\/\/www.mkreborns.com\/de\/wp-json\/wp\/v2\/comments?post=4347"}],"wp:featuredmedia":[{"embeddable":true,"href":"https:\/\/www.mkreborns.com\/de\/wp-json\/wp\/v2\/media\/4344"}],"wp:attachment":[{"href":"https:\/\/www.mkreborns.com\/de\/wp-json\/wp\/v2\/media?parent=4347"}],"wp:term":[{"taxonomy":"product_brand","embeddable":true,"href":"https:\/\/www.mkreborns.com\/de\/wp-json\/wp\/v2\/product_brand?post=4347"},{"taxonomy":"product_cat","embeddable":true,"href":"https:\/\/www.mkreborns.com\/de\/wp-json\/wp\/v2\/product_cat?post=4347"},{"taxonomy":"product_tag","embeddable":true,"href":"https:\/\/www.mkreborns.com\/de\/wp-json\/wp\/v2\/product_tag?post=4347"}],"curies":[{"name":"wp","href":"https:\/\/api.w.org\/{rel}","templated":true}]}}