{"id":4295,"date":"2026-03-25T13:09:05","date_gmt":"2026-03-25T13:09:05","guid":{"rendered":"https:\/\/www.mkreborns.com\/?post_type=product&#038;p=4295"},"modified":"2026-03-25T15:42:20","modified_gmt":"2026-03-25T15:42:20","slug":"shyann-18-inch-african-american-reborn-baby-doll-girl","status":"publish","type":"product","link":"https:\/\/www.mkreborns.com\/de\/product\/shyann-18-inch-african-american-reborn-baby-doll-girl\/","title":{"rendered":"Shyann 45 cm gro\u00dfe afroamerikanische Reborn-Babypuppe M\u00e4dchen"},"content":{"rendered":"<h2>Shyann \u2013 Eine ruhige afroamerikanische Shyann Reborn-Babypuppe<\/h2>\n<div>Shyann ist eine liebevolle Verk\u00f6rperung der Kunst der afroamerikanischen Reborn-Babypuppen. Ihre Augen sind geschlossen, und ihr Gesichtsausdruck wirkt ruhig und friedlich. Ihr weicher Vinylk\u00f6rper und das handgekn\u00fcpfte Haar verleihen ihr eine lebensechte Ausstrahlung, die Sammler von afroamerikanischen Reborn-Babypuppen begeistert. Dank ihres ausgewogenen Gewichts und ihrer nat\u00fcrlichen Proportionen liegt sie angenehm in der Hand und ist ein echter Blickfang.<\/div>\n<h3>Realistische Details f\u00fcr Reborn-Puppen afroamerikanischer Herkunft<\/h3>\n<div>Jedes Detail von Shyann zeugt von Pr\u00e4zision, von ihren feinen Wimpern bis hin zu ihrer subtilen Hautstruktur. Sie wurde als eine der erschwinglicheren und preisg\u00fcnstigeren Reborn-Babypuppen f\u00fcr Afroamerikanerinnen entworfen und bietet kompromisslose Qualit\u00e4t. Ihr friedlicher Blick und ihre flexible K\u00f6rperstruktur machen sie zu einer idealen Erg\u00e4nzung f\u00fcr jede Sammlung von Reborn-Babypuppen f\u00fcr Afroamerikanerinnen.<\/div>\n<div>Produktmerkmale und Vorteile<\/div>\n<ol>\n<li>Handgekn\u00fcpftes Haar f\u00fcr nat\u00fcrlichen Realismus<\/li>\n<li>Geschlossene Augen mit feinen Wimperndetails<\/li>\n<li>Weicher Vinylk\u00f6rper mit sanfter Flexibilit\u00e4t<\/li>\n<li>Ideale Gr\u00f6\u00dfe f\u00fcr die Pr\u00e4sentation oder die Gestaltung des Kinderzimmers<\/li>\n<\/ol>\n<hr \/>\n<h3>Produktspezifikationen<\/h3>\n<ul>\n<li>Hochbesorgniserregende Chemikalie: Keine<\/li>\n<li>Gr\u00f6\u00dfe: Ca. 45 cm (18 Zoll) von Kopf bis Fu\u00df<\/li>\n<li>Gewicht: Ungef\u00e4hr 1,1 kg<\/li>\n<li>Material: Kopf, Arme, Beine und K\u00f6rper sind aus Vinyl.<\/li>\n<li>Puppengeschlecht: M\u00e4dchen<\/li>\n<li>Augen: Geschlossen, handgerootete Wimpern<\/li>\n<li>Haare: Handgewurzelte Haare<\/li>\n<li>Kleidung: Passend f\u00fcr Babykleidung im Alter von 0\u20133 Monaten (1 Set enthalten)<\/li>\n<\/ul>\n<div>Lieferumfang<\/div>\n<ul>\n<li>1 x Reborn-Babypuppe<\/li>\n<li>1 x Kleiderset<\/li>\n<li>1 x Magnet-Schnuller<\/li>\n<li>1 x Babyflasche<\/li>\n<li>1 x Windel<\/li>\n<li>1 x Geburtsurkunde<\/li>\n<\/ul>\n<div>Shyann strahlt eine beruhigende Pr\u00e4senz aus und besticht durch ihre raffinierte Handwerkskunst, was sie zu einer bedeutungsvollen Wahl f\u00fcr Sammler macht, die die afroamerikanische Shyann-Reborn-Babypuppe sch\u00e4tzen.<\/div>\n<p><img decoding=\"async\" class=\"detail-desc-decorate-image\" src=\"https:\/\/www.mkreborns.com\/wp-content\/uploads\/2026\/03\/kf-Sd6ba1d42f8404419a91182edf0b66b3fk.webp\" alt=\"\" title=\"\"><img decoding=\"async\" class=\"detail-desc-decorate-image\" src=\"https:\/\/www.mkreborns.com\/wp-content\/uploads\/2026\/03\/kf-S88d5262bfa234b1ebaa4b92ab3b9f7f3m.webp\" alt=\"\" title=\"\"><img decoding=\"async\" class=\"detail-desc-decorate-image\" src=\"https:\/\/www.mkreborns.com\/wp-content\/uploads\/2026\/03\/kf-Saf2022f3fada484d81cedfaf5eb79192v.webp\" alt=\"\" title=\"\"><img decoding=\"async\" class=\"detail-desc-decorate-image\" src=\"https:\/\/www.mkreborns.com\/wp-content\/uploads\/2026\/03\/kf-Saa9554c74c8e441396ebdecdf32e3f7a7.webp\" alt=\"\" title=\"\"><img decoding=\"async\" class=\"detail-desc-decorate-image\" src=\"https:\/\/www.mkreborns.com\/wp-content\/uploads\/2026\/03\/kf-S663e7c12050045f385018c20eb450a6dQ.webp\" alt=\"\" title=\"\"><img decoding=\"async\" class=\"detail-desc-decorate-image\" src=\"https:\/\/www.mkreborns.com\/wp-content\/uploads\/2026\/03\/kf-S01587d6a9f8142bab36a73df4ddbdb35Y.webp\" alt=\"\" title=\"\"><img decoding=\"async\" class=\"detail-desc-decorate-image\" src=\"https:\/\/www.mkreborns.com\/wp-content\/uploads\/2026\/03\/kf-S4c0dd0bcb0ac49779c6218306d13ce69k.webp\" alt=\"\" title=\"\"><img decoding=\"async\" class=\"detail-desc-decorate-image\" src=\"https:\/\/www.mkreborns.com\/wp-content\/uploads\/2026\/03\/kf-Se651a7a160954ab6adc2b5e3a53b2bc8q.webp\" alt=\"\" title=\"\"><\/p>","protected":false},"excerpt":{"rendered":"<p>Eine friedlich schlafende Sch\u00f6nheit mit zarten Gesichtsz\u00fcgen, entworfen, um jeder Reborn-Kollektion W\u00e4rme und Realismus zu verleihen.<\/p>","protected":false},"featured_media":4296,"comment_status":"open","ping_status":"closed","template":"","meta":[],"product_brand":[],"product_cat":[242,151,144,243,155,156,152],"product_tag":[],"class_list":{"0":"post-4295","1":"product","2":"type-product","3":"status-publish","4":"has-post-thumbnail","6":"product_cat-african-american-reborn-dolls","7":"product_cat-18-inch-reborn-dolls","8":"product_cat-baby-girl-reborn-dolls","9":"product_cat-black-reborn-dolls","10":"product_cat-cute-reborn-dolls","11":"product_cat-life-sized-dolls","12":"product_cat-vinyl-reborn-dolls","14":"first","15":"instock","16":"sale","17":"shipping-taxable","18":"purchasable","19":"product-type-simple"},"_links":{"self":[{"href":"https:\/\/www.mkreborns.com\/de\/wp-json\/wp\/v2\/product\/4295","targetHints":{"allow":["GET"]}}],"collection":[{"href":"https:\/\/www.mkreborns.com\/de\/wp-json\/wp\/v2\/product"}],"about":[{"href":"https:\/\/www.mkreborns.com\/de\/wp-json\/wp\/v2\/types\/product"}],"replies":[{"embeddable":true,"href":"https:\/\/www.mkreborns.com\/de\/wp-json\/wp\/v2\/comments?post=4295"}],"wp:featuredmedia":[{"embeddable":true,"href":"https:\/\/www.mkreborns.com\/de\/wp-json\/wp\/v2\/media\/4296"}],"wp:attachment":[{"href":"https:\/\/www.mkreborns.com\/de\/wp-json\/wp\/v2\/media?parent=4295"}],"wp:term":[{"taxonomy":"product_brand","embeddable":true,"href":"https:\/\/www.mkreborns.com\/de\/wp-json\/wp\/v2\/product_brand?post=4295"},{"taxonomy":"product_cat","embeddable":true,"href":"https:\/\/www.mkreborns.com\/de\/wp-json\/wp\/v2\/product_cat?post=4295"},{"taxonomy":"product_tag","embeddable":true,"href":"https:\/\/www.mkreborns.com\/de\/wp-json\/wp\/v2\/product_tag?post=4295"}],"curies":[{"name":"wp","href":"https:\/\/api.w.org\/{rel}","templated":true}]}}