{"id":4165,"date":"2026-03-22T14:35:28","date_gmt":"2026-03-22T14:35:28","guid":{"rendered":"https:\/\/www.mkreborns.com\/product\/18-inch-soft-vinyl-open-eye-reborn-baby-doll\/"},"modified":"2026-03-22T15:34:35","modified_gmt":"2026-03-22T15:34:35","slug":"18-inch-soft-vinyl-open-eye-reborn-baby-doll","status":"publish","type":"product","link":"https:\/\/www.mkreborns.com\/de\/product\/18-inch-soft-vinyl-open-eye-reborn-baby-doll\/","title":{"rendered":"45 cm gro\u00dfe, weiche Vinyl-Reborn-Babypuppe mit offenen Augen"},"content":{"rendered":"<p>Diese Reborn-Puppe hat deutlich sichtbare Adern und wirkt sehr realistisch. Sie kann sitzen oder liegen, spricht und blinzelt nicht und hat keine komplizierten elektronischen Bauteile. Dadurch ist sie pflegeleicht und perfekt f\u00fcr Sammler. Gehen Sie beim Reinigen vorsichtig mit der Puppe um und vermeiden Sie starkes Reiben an den Augenbrauen, um ein Verblassen der Farbe zu verhindern.<\/p>\n<p>&nbsp;<\/p>\n<p>Material: Vollst\u00e4ndig PVC<br \/>\nGeschlecht: W\u00e4hle zwischen Junge oder M\u00e4dchen<br \/>\nH\u00f6he: 18 Zoll<br \/>\nGewicht: 1,1 kg<br \/>\nWimpern: Klebewimpern<br \/>\nVerpackungsgewicht: 1,6 kg<br \/>\nVerpackungsma\u00dfe: 46 x 20 x 13 cm<br \/>\nDas Komplettpaket beinhaltet: Kleidung, Windel, Magnet-Schnuller, Flasche und Geburtsurkunde.<\/p>\n<p>&nbsp;<\/p>\n<p><img decoding=\"async\" src=\"https:\/\/www.mkreborns.com\/wp-content\/uploads\/2026\/03\/O1CN01PhbSDV1lsnmHX7b7l_2831564875-0-cib.jpg\" alt=\"\" title=\"\"><\/p>\n<p><img decoding=\"async\" src=\"https:\/\/www.mkreborns.com\/wp-content\/uploads\/2026\/03\/O1CN01Fqa8AT1lsnmKDSTq1_2831564875-0-cib.jpg\" alt=\"\" title=\"\"><\/p>\n<p>Bitte ber\u00fccksichtigen Sie eine manuelle Toleranz von 0,5-1 Zoll, da das Produkt manuell vermessen wurde.<\/p>","protected":false},"excerpt":{"rendered":"<p>Als Bezugsperson der Reborn-Puppe k\u00f6nnen Sie f\u00fcr verschiedene Anl\u00e4sse Kleidung in unterschiedlichen Stilen f\u00fcr die Puppe kaufen.<\/p>","protected":false},"featured_media":4167,"comment_status":"open","ping_status":"closed","template":"","meta":[],"product_brand":[],"product_cat":[151,145,144,155,156,154,157,152],"product_tag":[],"class_list":{"0":"post-4165","1":"product","2":"type-product","3":"status-publish","4":"has-post-thumbnail","6":"product_cat-18-inch-reborn-dolls","7":"product_cat-baby-boy-reborn-dolls","8":"product_cat-baby-girl-reborn-dolls","9":"product_cat-cute-reborn-dolls","10":"product_cat-life-sized-dolls","11":"product_cat-lifelike-reborn-dolls","12":"product_cat-real-life-baby-dolls","13":"product_cat-vinyl-reborn-dolls","15":"first","16":"instock","17":"sale","18":"shipping-taxable","19":"purchasable","20":"product-type-variable","21":"has-default-attributes"},"_links":{"self":[{"href":"https:\/\/www.mkreborns.com\/de\/wp-json\/wp\/v2\/product\/4165","targetHints":{"allow":["GET"]}}],"collection":[{"href":"https:\/\/www.mkreborns.com\/de\/wp-json\/wp\/v2\/product"}],"about":[{"href":"https:\/\/www.mkreborns.com\/de\/wp-json\/wp\/v2\/types\/product"}],"replies":[{"embeddable":true,"href":"https:\/\/www.mkreborns.com\/de\/wp-json\/wp\/v2\/comments?post=4165"}],"wp:featuredmedia":[{"embeddable":true,"href":"https:\/\/www.mkreborns.com\/de\/wp-json\/wp\/v2\/media\/4167"}],"wp:attachment":[{"href":"https:\/\/www.mkreborns.com\/de\/wp-json\/wp\/v2\/media?parent=4165"}],"wp:term":[{"taxonomy":"product_brand","embeddable":true,"href":"https:\/\/www.mkreborns.com\/de\/wp-json\/wp\/v2\/product_brand?post=4165"},{"taxonomy":"product_cat","embeddable":true,"href":"https:\/\/www.mkreborns.com\/de\/wp-json\/wp\/v2\/product_cat?post=4165"},{"taxonomy":"product_tag","embeddable":true,"href":"https:\/\/www.mkreborns.com\/de\/wp-json\/wp\/v2\/product_tag?post=4165"}],"curies":[{"name":"wp","href":"https:\/\/api.w.org\/{rel}","templated":true}]}}