{"id":4094,"date":"2026-03-19T02:43:43","date_gmt":"2026-03-19T02:43:43","guid":{"rendered":"https:\/\/www.mkreborns.com\/?post_type=product&#038;p=4094"},"modified":"2026-03-19T15:52:52","modified_gmt":"2026-03-19T15:52:52","slug":"reborn-baby-doll-magnetic-pacifier-realistic-fit","status":"publish","type":"product","link":"https:\/\/www.mkreborns.com\/de\/product\/reborn-baby-doll-magnetic-pacifier-realistic-fit\/","title":{"rendered":"Magnetischer Schnuller f\u00fcr Reborn-Babypuppen, realistische Passform"},"content":{"rendered":"<h2>Magnetischer Schnuller f\u00fcr Reborn-Babypuppe<\/h2>\n<div>Der magnetische Schnuller f\u00fcr Reborn-Babypuppen wurde entwickelt, um eine \u00fcberzeugende und nat\u00fcrliche Interaktion zwischen Puppe und Zubeh\u00f6r zu erm\u00f6glichen. Er ist kompatibel mit Reborn-Babypuppen mit magnetischem Schnullersystem und l\u00e4sst sich nahtlos an Puppen mit internen Magneten anbringen. Seine ausgewogene Konstruktion gew\u00e4hrleistet eine sichere Ausrichtung ohne Verrutschen und sorgt so f\u00fcr ein lebensechtes Aussehen.<\/div>\n<h3>Sicherer Halt &amp; realistische Details<\/h3>\n<div>Dieser Schnuller verf\u00fcgt \u00fcber einen integrierten Magnetkern, der ein m\u00fcheloses Einsetzen und Entfernen bei gleichzeitig stabilem Halt erm\u00f6glicht. Er eignet sich besonders f\u00fcr lebensechte Reborn-Puppen, die echte Schnuller verwenden k\u00f6nnen, und bietet eine optisch realistische F\u00fctterungs- oder Beruhigungspose. Die glatte Oberfl\u00e4che gew\u00e4hrleistet eine sichere Handhabung und ein hochwertiges Finish.<\/div>\n<h3>Hauptmerkmale und Vorteile<\/h3>\n<ul>\n<li>Starker Innenmagnet f\u00fcr stabile Positionierung<\/li>\n<li>Entwickelt f\u00fcr neugeborene Reborn-Babypuppen mit magnetischem Schnuller<\/li>\n<li>Kompatibel mit lebensechten Reborn-Puppen, die echte Schnuller nehmen k\u00f6nnen.<\/li>\n<li>Leichtbauweise f\u00fcr nat\u00fcrliche Platzierung<\/li>\n<li>Strapazierf\u00e4higes Material f\u00fcr den wiederholten Gebrauch<\/li>\n<\/ul>\n<div>Dieses Accessoire steigert den Realismus Ihrer Sammlung und ist somit eine unverzichtbare Erg\u00e4nzung f\u00fcr Sammler, die einen hochwertigen magnetischen Schnuller f\u00fcr eine Reborn-Babypuppe suchen.<\/div>\n<div>Magnetischer Schnuller, ein Muss f\u00fcr jedes Reborn-Baby! Damit kann die Puppe (bei geschlossenem Mund) am Schnuller nuckeln! Aber zuerst muss ein Magnet im Mund der Puppe sein.<\/div>\n<div>Gr\u00f6\u00dfe: siehe Fotos<\/div>\n<div>Lieferumfang: 1 St\u00fcck<\/div>\n<div class=\"detailmodule_image\"><img decoding=\"async\" class=\"detail-desc-decorate-image\" src=\"https:\/\/www.mkreborns.com\/wp-content\/uploads\/2026\/03\/kf-S57fdc27edc6e45fd90840739bcbc10bdK.webp\" alt=\"\" title=\"\"><img decoding=\"async\" class=\"detail-desc-decorate-image\" src=\"https:\/\/www.mkreborns.com\/wp-content\/uploads\/2026\/03\/kf-Scd0b0263191840aca2c6d9d9092853bb8.webp\" alt=\"\" title=\"\"><img decoding=\"async\" class=\"detail-desc-decorate-image\" src=\"https:\/\/www.mkreborns.com\/wp-content\/uploads\/2026\/03\/kf-Sad85ad6e0e2e4333b9ffe757ec183004e.webp\" alt=\"\" title=\"\"><img decoding=\"async\" class=\"detail-desc-decorate-image\" src=\"https:\/\/www.mkreborns.com\/wp-content\/uploads\/2026\/03\/kf-Sca74611577a2480781484c8c07bd4ff2F.webp\" alt=\"\" title=\"\"><img decoding=\"async\" class=\"detail-desc-decorate-image\" src=\"https:\/\/www.mkreborns.com\/wp-content\/uploads\/2026\/03\/kf-Sa13d45d1c7c54ba29181db819686fb23X.webp\" alt=\"\" title=\"\"><img decoding=\"async\" class=\"detail-desc-decorate-image\" src=\"https:\/\/www.mkreborns.com\/wp-content\/uploads\/2026\/03\/kf-S5499cdc26d4a40e9903777a859be4f1eP.webp\" alt=\"\" title=\"\"><img decoding=\"async\" class=\"detail-desc-decorate-image\" src=\"https:\/\/www.mkreborns.com\/wp-content\/uploads\/2026\/03\/kf-S11408845c0cb4f4193474b5608f40c9fI.webp\" alt=\"\" title=\"\"><img decoding=\"async\" class=\"detail-desc-decorate-image\" src=\"https:\/\/www.mkreborns.com\/wp-content\/uploads\/2026\/03\/kf-S0113e3dd80594293b07c453364e8fb07i.webp\" alt=\"\" title=\"\"><\/div>","protected":false},"excerpt":{"rendered":"<p>Ein pr\u00e4zise gefertigter magnetischer Schnuller, der f\u00fcr mehr Realismus sorgt und einen sicheren und nat\u00fcrlichen Sitz f\u00fcr kompatible Reborn-Puppen bietet.<\/p>","protected":false},"featured_media":4095,"comment_status":"open","ping_status":"closed","template":"","meta":[],"product_brand":[],"product_cat":[162,148],"product_tag":[],"class_list":{"0":"post-4094","1":"product","2":"type-product","3":"status-publish","4":"has-post-thumbnail","6":"product_cat-reborn-pacifier","7":"product_cat-reborn-doll-accessories","9":"first","10":"instock","11":"sale","12":"shipping-taxable","13":"purchasable","14":"product-type-variable"},"_links":{"self":[{"href":"https:\/\/www.mkreborns.com\/de\/wp-json\/wp\/v2\/product\/4094","targetHints":{"allow":["GET"]}}],"collection":[{"href":"https:\/\/www.mkreborns.com\/de\/wp-json\/wp\/v2\/product"}],"about":[{"href":"https:\/\/www.mkreborns.com\/de\/wp-json\/wp\/v2\/types\/product"}],"replies":[{"embeddable":true,"href":"https:\/\/www.mkreborns.com\/de\/wp-json\/wp\/v2\/comments?post=4094"}],"wp:featuredmedia":[{"embeddable":true,"href":"https:\/\/www.mkreborns.com\/de\/wp-json\/wp\/v2\/media\/4095"}],"wp:attachment":[{"href":"https:\/\/www.mkreborns.com\/de\/wp-json\/wp\/v2\/media?parent=4094"}],"wp:term":[{"taxonomy":"product_brand","embeddable":true,"href":"https:\/\/www.mkreborns.com\/de\/wp-json\/wp\/v2\/product_brand?post=4094"},{"taxonomy":"product_cat","embeddable":true,"href":"https:\/\/www.mkreborns.com\/de\/wp-json\/wp\/v2\/product_cat?post=4094"},{"taxonomy":"product_tag","embeddable":true,"href":"https:\/\/www.mkreborns.com\/de\/wp-json\/wp\/v2\/product_tag?post=4094"}],"curies":[{"name":"wp","href":"https:\/\/api.w.org\/{rel}","templated":true}]}}