{"id":4043,"date":"2026-03-18T15:39:40","date_gmt":"2026-03-18T15:39:40","guid":{"rendered":"https:\/\/www.mkreborns.com\/?post_type=product&#038;p=4043"},"modified":"2026-04-03T16:02:07","modified_gmt":"2026-04-03T16:02:07","slug":"complete-reborn-doll-kit-starter-sets-accessories","status":"publish","type":"product","link":"https:\/\/www.mkreborns.com\/de\/product\/complete-reborn-doll-kit-starter-sets-accessories\/","title":{"rendered":"Komplettes Reborn-Puppen-Starterset mit Zubeh\u00f6r"},"content":{"rendered":"<div class=\"product-specs-list-container\">\n<h2>Komplette Reborn-Puppen-Startersets<\/h2>\n<div>Komplette Startersets f\u00fcr Reborn-Puppen bieten Sammlern eine praktische Grundlage f\u00fcr eine stimmige und lebensechte Ausstattung. Dieses sorgf\u00e4ltig zusammengestellte Set enth\u00e4lt essentielle Accessoires f\u00fcr Reborn-Babypuppen wie Fl\u00e4schchen, Schnuller und Miniatur-Pflegeartikel, alle proportional auf 45 cm gro\u00dfe Puppen abgestimmt. Jedes Element tr\u00e4gt zu einer einheitlichen \u00c4sthetik bei und ist gleichzeitig benutzerfreundlich f\u00fcr die Pr\u00e4sentation und das Spielen.<\/div>\n<h3>Funktionales Design &amp; stimmige Gestaltung<\/h3>\n<div>Diese Silikon-Accessoires f\u00fcr Reborn-Puppen wurden speziell f\u00fcr optimale Kompatibilit\u00e4t entwickelt und lassen sich nahtlos in verschiedene Puppentypen integrieren, darunter Vinyl- und Silikonpuppen. Die Materialien sind leicht und dennoch robust und gew\u00e4hrleisten so eine lange Lebensdauer. Als Teil des Sortiments an Reborn-Puppen-Accessoires bietet dieses Set ein ausgewogenes Verh\u00e4ltnis von Preis und Detailtreue und ist somit f\u00fcr Sammler aller Erfahrungsstufen geeignet.<\/div>\n<h3>Hauptmerkmale und Vorteile<\/h3>\n<ul>\n<li>Enth\u00e4lt mehrere Zubeh\u00f6rsets f\u00fcr Reborn-Babypuppen in einer Packung<\/li>\n<li>Konzipiert f\u00fcr 43 cm \/ 18 Zoll gro\u00dfe Reborn-Puppen<\/li>\n<li>Strapazierf\u00e4higer Kunststoff und weiche Komponenten f\u00fcr den wiederholten Gebrauch<\/li>\n<li>Preisg\u00fcnstige Option unter den preiswerten Accessoires f\u00fcr Reborn-Babypuppen<\/li>\n<li>Kompatibel mit Silikonpuppen-Zubeh\u00f6r f\u00fcr Reborn-Puppen<\/li>\n<\/ul>\n<div>Dieses vielseitige Set vereinfacht den Aufbau und erh\u00f6ht gleichzeitig den Realismus, was es zu einer unverzichtbaren Erg\u00e4nzung f\u00fcr Sammler macht, die nach kompletten Startersets f\u00fcr Reborn-Puppen suchen.<\/div>\n<\/div>\n<p><img decoding=\"async\" src=\"https:\/\/ae01.alicdn.com\/kf\/S2ac0c07b28bc4ac8bbc8ec1493f5eca1O.jpg\" alt=\"\" title=\"\"><img decoding=\"async\" src=\"https:\/\/ae01.alicdn.com\/kf\/S6441869820c0453aba5911026275c27ep.jpg\" alt=\"\" title=\"\"><img decoding=\"async\" src=\"https:\/\/ae01.alicdn.com\/kf\/S5ab5abe146bb48fa9a94c8997f2c7ee4Q.jpg\" alt=\"\" title=\"\"><img decoding=\"async\" src=\"https:\/\/ae01.alicdn.com\/kf\/S3be2280f24a34965835a8ce1a38fd957R.jpg\" alt=\"\" title=\"\"><img decoding=\"async\" src=\"https:\/\/ae01.alicdn.com\/kf\/S6fe7d906696141b0ab07dde1e6e5908aw.jpg\" alt=\"\" title=\"\"><img decoding=\"async\" src=\"https:\/\/ae01.alicdn.com\/kf\/S3c5d9ee971ad4bd78e12de7dc8cd6ea2u.jpg\" alt=\"\" title=\"\"><img decoding=\"async\" src=\"https:\/\/ae01.alicdn.com\/kf\/Sebfcb2540dcf40888a721f47209f1862r.jpg\" alt=\"\" title=\"\"><img decoding=\"async\" src=\"https:\/\/ae01.alicdn.com\/kf\/S11f70586ef5d40829a72c2d3c3839908x.jpg\" alt=\"\" title=\"\"><img decoding=\"async\" src=\"https:\/\/ae01.alicdn.com\/kf\/Sa441d5ba97b64c05b54233527ce711d4p.jpg\" alt=\"\" title=\"\"><img decoding=\"async\" src=\"https:\/\/ae01.alicdn.com\/kf\/S33ea08f4b52549eaba6ec4b300eb133en.jpg\" alt=\"\" title=\"\"><img decoding=\"async\" src=\"https:\/\/ae01.alicdn.com\/kf\/Sfe1a1140e2f84221af639b7f50630a7e8.jpg\" alt=\"\" title=\"\"><img decoding=\"async\" src=\"https:\/\/ae01.alicdn.com\/kf\/S81d555bccfea4f4a85ffddd12ce9000aE.jpg\" alt=\"\" title=\"\"><img decoding=\"async\" src=\"https:\/\/ae01.alicdn.com\/kf\/S486e610f959b4b88b28666d56447564f4.jpg\" alt=\"\" title=\"\"><img decoding=\"async\" src=\"https:\/\/ae01.alicdn.com\/kf\/Sfa43f26ea86e4e08913ebcf4b01e20202.jpg\" alt=\"\" title=\"\"><img decoding=\"async\" src=\"https:\/\/ae01.alicdn.com\/kf\/S2382dce1c04247f0b0299b7f841cce3dk.jpg\" alt=\"\" title=\"\"><\/p>","protected":false},"excerpt":{"rendered":"<p>Ein All-in-One-Starterset, das Ihre Reborn-Puppe mit essentiellem Zubeh\u00f6r ausstattet und so f\u00fcr mehr Realismus und ein ansprechendes Aussehen im Alltag sorgt.<\/p>","protected":false},"featured_media":4044,"comment_status":"open","ping_status":"closed","template":"","meta":[],"product_brand":[],"product_cat":[148],"product_tag":[],"class_list":{"0":"post-4043","1":"product","2":"type-product","3":"status-publish","4":"has-post-thumbnail","6":"product_cat-reborn-doll-accessories","8":"first","9":"instock","10":"sale","11":"shipping-taxable","12":"purchasable","13":"product-type-variable","14":"has-default-attributes"},"_links":{"self":[{"href":"https:\/\/www.mkreborns.com\/de\/wp-json\/wp\/v2\/product\/4043","targetHints":{"allow":["GET"]}}],"collection":[{"href":"https:\/\/www.mkreborns.com\/de\/wp-json\/wp\/v2\/product"}],"about":[{"href":"https:\/\/www.mkreborns.com\/de\/wp-json\/wp\/v2\/types\/product"}],"replies":[{"embeddable":true,"href":"https:\/\/www.mkreborns.com\/de\/wp-json\/wp\/v2\/comments?post=4043"}],"wp:featuredmedia":[{"embeddable":true,"href":"https:\/\/www.mkreborns.com\/de\/wp-json\/wp\/v2\/media\/4044"}],"wp:attachment":[{"href":"https:\/\/www.mkreborns.com\/de\/wp-json\/wp\/v2\/media?parent=4043"}],"wp:term":[{"taxonomy":"product_brand","embeddable":true,"href":"https:\/\/www.mkreborns.com\/de\/wp-json\/wp\/v2\/product_brand?post=4043"},{"taxonomy":"product_cat","embeddable":true,"href":"https:\/\/www.mkreborns.com\/de\/wp-json\/wp\/v2\/product_cat?post=4043"},{"taxonomy":"product_tag","embeddable":true,"href":"https:\/\/www.mkreborns.com\/de\/wp-json\/wp\/v2\/product_tag?post=4043"}],"curies":[{"name":"wp","href":"https:\/\/api.w.org\/{rel}","templated":true}]}}