{"id":4029,"date":"2026-03-18T15:28:55","date_gmt":"2026-03-18T15:28:55","guid":{"rendered":"https:\/\/www.mkreborns.com\/?post_type=product&#038;p=4029"},"modified":"2026-03-19T15:51:56","modified_gmt":"2026-03-19T15:51:56","slug":"17-18-inch-reborn-doll-feeding-pacifier-accessories","status":"publish","type":"product","link":"https:\/\/www.mkreborns.com\/de\/product\/17-18-inch-reborn-doll-feeding-pacifier-accessories\/","title":{"rendered":"F\u00fctterungs- und Schnullerzubeh\u00f6r f\u00fcr 17-18 Zoll gro\u00dfe Reborn-Puppen"},"content":{"rendered":"<div class=\"product-specs-list-container\"><\/div>\n<div class=\"detailmodule_html\">\n<div class=\"detail-desc-decorate-richtext\">\n<h2>Reborn-Puppenzubeh\u00f6r: Sauger ohne Loch<\/h2>\n<div>Das Zubeh\u00f6r f\u00fcr Reborn-Puppen, bestehend aus Saugern f\u00fcr Flaschen ohne Loch, ist so gestaltet, dass es authentische F\u00fctterungsroutinen nachbildet und gleichzeitig die Puppe sch\u00fctzt. Dieses Set enth\u00e4lt sorgf\u00e4ltig geformte Flaschen, weiche Silikonaufs\u00e4tze und aufeinander abgestimmte Teile, die den Stil des Schnullersets f\u00fcr Reborn-Puppen perfekt erg\u00e4nzen. Die Accessoires wurden f\u00fcr Sammler entwickelt, die Wert auf Realismus legen, und erzeugen einen lebensechten Eindruck von F\u00fcrsorge, ohne dass die Puppe strukturell ver\u00e4ndert werden muss.<\/div>\n<h3>Sicheres Silikondesign &amp; realistische Details<\/h3>\n<div>Die mitgelieferten Silikonsauger ohne Loch f\u00fcr Fr\u00fchchen-Reborn-Babypuppen sind mit einer geschlossenen Spitze ausgestattet, die das Auslaufen von Fl\u00fcssigkeit verhindert und gleichzeitig die optische Authentizit\u00e4t bewahrt. Jedes Teil ist auf Puppen mit einer Gr\u00f6\u00dfe von 43\u201346 cm (17\u201318 Zoll) abgestimmt und sorgt so f\u00fcr eine nat\u00fcrliche Passform bei F\u00fctterungsszenen oder Ausstellungsarrangements.<\/div>\n<h3>Hauptmerkmale und Vorteile<\/h3>\n<ul>\n<li>Beinhaltet ein Set aus Babyflaschen und Schnullern f\u00fcr Reborn-Puppen.<\/li>\n<li>Geschlossene Spitze f\u00fcr eine sichere, nicht-funktionale F\u00fctterungssimulation<\/li>\n<li>Hergestellt aus weichem Silikon f\u00fcr eine realistische Textur<\/li>\n<li>Kompatibel mit 17-18 Zoll gro\u00dfen Reborn-Puppen<\/li>\n<li>Ideal geeignet f\u00fcr Fr\u00fchchen-Sauger ohne Loch aus Silikon f\u00fcr Reborn-Babypuppen<\/li>\n<\/ul>\n<div>Dieses sorgf\u00e4ltig zusammengestellte Set steigert den visuellen Erz\u00e4hlwert und den Sammlerwert und ist somit eine verl\u00e4ssliche Wahl f\u00fcr alle, die nach Reborn-Puppenzubeh\u00f6r wie Flaschensaugern ohne Loch suchen.<\/div>\n<p><img decoding=\"async\" src=\"https:\/\/www.mkreborns.com\/wp-content\/uploads\/2026\/03\/kf-S821bc0c09e4b42a393cbbc2780b410d4P.webp\" alt=\"\" title=\"\"><img decoding=\"async\" src=\"https:\/\/www.mkreborns.com\/wp-content\/uploads\/2026\/03\/kf-S3ddca035184249b39a97908487b4d497n.webp\" alt=\"\" title=\"\"><img decoding=\"async\" src=\"https:\/\/www.mkreborns.com\/wp-content\/uploads\/2026\/03\/kf-Se4f5ae05ae6f4ec4a8ef9889288959d4L.webp\" alt=\"\" title=\"\"><img decoding=\"async\" src=\"https:\/\/www.mkreborns.com\/wp-content\/uploads\/2026\/03\/kf-S63a5bb887a674b8ab8ce2a3c3e8dc6den.webp\" alt=\"\" title=\"\"><span style=\"font-size: 18px;\"><strong>Kleine Gr\u00f6\u00dfe, Rosa:<\/strong><\/span><img decoding=\"async\" src=\"https:\/\/www.mkreborns.com\/wp-content\/uploads\/2026\/03\/kf-S5937a950d18c457d9632bc051f5569f9r.webp\" alt=\"\" title=\"\"><\/p>\n<p><span style=\"font-size: 18px;\"><strong>Kleine Gr\u00f6\u00dfe Blau:<\/strong><\/span><img decoding=\"async\" src=\"https:\/\/www.mkreborns.com\/wp-content\/uploads\/2026\/03\/kf-Scbcae8c5f5a14ec8ac5007fdc863b93cg.webp\" alt=\"\" title=\"\"><img decoding=\"async\" src=\"https:\/\/www.mkreborns.com\/wp-content\/uploads\/2026\/03\/kf-S5e160258b8954f42a85e81b8690efd27l.webp\" alt=\"\" title=\"\"><img decoding=\"async\" src=\"https:\/\/www.mkreborns.com\/wp-content\/uploads\/2026\/03\/kf-Sb8e5eb1c653f4d77bd66c73376d647894.webp\" alt=\"\" title=\"\"><img decoding=\"async\" src=\"https:\/\/www.mkreborns.com\/wp-content\/uploads\/2026\/03\/kf-S42bdf04560824f58a60c86c965c4d3f5Q.webp\" alt=\"\" title=\"\"><img decoding=\"async\" src=\"https:\/\/www.mkreborns.com\/wp-content\/uploads\/2026\/03\/kf-Sf8bed42865e04064a00206620943d9dfR.webp\" alt=\"\" title=\"\"><img decoding=\"async\" src=\"https:\/\/www.mkreborns.com\/wp-content\/uploads\/2026\/03\/kf-S419dce937a6049f997aa62428da2071dR.webp\" alt=\"F\u00fctterungszubeh\u00f6r f\u00fcr Reborn-Puppen, einschlie\u00dflich Babyflasche, Schnuller und F\u00fctterungsbesteck.\" title=\"\"><\/p>\n<\/div>\n<\/div>","protected":false},"excerpt":{"rendered":"<div>Ein komplettes F\u00fctterungszubeh\u00f6rset f\u00fcr 17-18 Zoll gro\u00dfe Reborn-Puppen, das Realismus, Sicherheit und feine Details in einem kompakten Set vereint.<\/div>","protected":false},"featured_media":4030,"comment_status":"open","ping_status":"closed","template":"","meta":[],"product_brand":[],"product_cat":[148,162],"product_tag":[],"class_list":{"0":"post-4029","1":"product","2":"type-product","3":"status-publish","4":"has-post-thumbnail","6":"product_cat-reborn-doll-accessories","7":"product_cat-reborn-pacifier","9":"first","10":"instock","11":"sale","12":"shipping-taxable","13":"purchasable","14":"product-type-variable","15":"has-default-attributes"},"_links":{"self":[{"href":"https:\/\/www.mkreborns.com\/de\/wp-json\/wp\/v2\/product\/4029","targetHints":{"allow":["GET"]}}],"collection":[{"href":"https:\/\/www.mkreborns.com\/de\/wp-json\/wp\/v2\/product"}],"about":[{"href":"https:\/\/www.mkreborns.com\/de\/wp-json\/wp\/v2\/types\/product"}],"replies":[{"embeddable":true,"href":"https:\/\/www.mkreborns.com\/de\/wp-json\/wp\/v2\/comments?post=4029"}],"wp:featuredmedia":[{"embeddable":true,"href":"https:\/\/www.mkreborns.com\/de\/wp-json\/wp\/v2\/media\/4030"}],"wp:attachment":[{"href":"https:\/\/www.mkreborns.com\/de\/wp-json\/wp\/v2\/media?parent=4029"}],"wp:term":[{"taxonomy":"product_brand","embeddable":true,"href":"https:\/\/www.mkreborns.com\/de\/wp-json\/wp\/v2\/product_brand?post=4029"},{"taxonomy":"product_cat","embeddable":true,"href":"https:\/\/www.mkreborns.com\/de\/wp-json\/wp\/v2\/product_cat?post=4029"},{"taxonomy":"product_tag","embeddable":true,"href":"https:\/\/www.mkreborns.com\/de\/wp-json\/wp\/v2\/product_tag?post=4029"}],"curies":[{"name":"wp","href":"https:\/\/api.w.org\/{rel}","templated":true}]}}