{"id":4022,"date":"2026-03-18T14:54:54","date_gmt":"2026-03-18T14:54:54","guid":{"rendered":"https:\/\/www.mkreborns.com\/?post_type=product&#038;p=4022"},"modified":"2026-03-18T14:58:05","modified_gmt":"2026-03-18T14:58:05","slug":"beret-hat-accessories-for-18-inch-reborn-dolls","status":"publish","type":"product","link":"https:\/\/www.mkreborns.com\/de\/product\/beret-hat-accessories-for-18-inch-reborn-dolls\/","title":{"rendered":"Baskenm\u00fctzen-Accessoires f\u00fcr 45 cm gro\u00dfe Reborn-Puppen"},"content":{"rendered":"<div class=\"product-specs-list-container\">\n<h2>Baskenm\u00fctzen-Accessoires f\u00fcr 45 cm gro\u00dfe Reborn-Puppen<\/h2>\n<div>Die Baskenm\u00fctze, ein Accessoire f\u00fcr 45 cm gro\u00dfe Reborn-Puppen, verleiht jeder Kollektion einen dezenten Vintage-Touch. Sie harmoniert perfekt mit Kleidung und Accessoires f\u00fcr 45 cm gro\u00dfe Puppen und sorgt f\u00fcr ein ausgewogenes und lebensechtes Erscheinungsbild. Dank ihres leichten Materials sitzt sie sanft und beeintr\u00e4chtigt weder die Kopfform noch das eingepflanzte Haar der Puppe.<\/div>\n<h3>Weiche Verarbeitung &amp; vielseitiges Styling<\/h3>\n<div>Diese aus flexiblem Stoff gefertigte Baskenm\u00fctze passt sich optimal verschiedenen Puppenkopfformen an. Sie l\u00e4sst sich m\u00fchelos mit Kleidern, Freizeitoutfits oder saisonalen Looks kombinieren und ist somit eine praktische Erg\u00e4nzung f\u00fcr Sammler, die nach preiswertem Zubeh\u00f6r f\u00fcr Reborn-Puppen suchen, ohne dabei auf Optik verzichten zu m\u00fcssen.<\/div>\n<h3>Hauptmerkmale und Vorteile<\/h3>\n<ul>\n<li>Konzipiert f\u00fcr 43 cm \/ 18 Zoll gro\u00dfe Reborn-Puppen<\/li>\n<li>Weiches, atmungsaktives Material f\u00fcr eine nat\u00fcrliche Positionierung<\/li>\n<li>Einfach anzubringen und ohne Reibung zu entfernen.<\/li>\n<li>Passende Kleidung und Accessoires f\u00fcr 45 cm gro\u00dfe Reborn-Puppen<\/li>\n<li>Preisg\u00fcnstige Option im Bereich Zubeh\u00f6r f\u00fcr Reborn-Puppen<\/li>\n<\/ul>\n<div>Dieses sorgf\u00e4ltig gefertigte Accessoire verleiht jedem Outfit den letzten Schliff und ist somit eine unverzichtbare Wahl f\u00fcr Sammler, die hochwertige Baskenm\u00fctzen-Accessoires suchen.<\/div>\n<\/div>\n<p style=\"text-align: center;\" align=\"center\"><img decoding=\"async\" src=\"https:\/\/www.mkreborns.com\/wp-content\/uploads\/2026\/03\/kf-S6afc882157754df2a7cdf6e03c49de1dD.webp\" alt=\"Rosa Baskenm\u00fctze mit Herzverzierung, ideal als Accessoire f\u00fcr 18-Zoll-Reborn-Puppen.\" title=\"\"> <img decoding=\"async\" src=\"https:\/\/www.mkreborns.com\/wp-content\/uploads\/2026\/03\/kf-S1e6e65c4b7ed47649fa13a93bda092d6j.webp\" alt=\"Baskenm\u00fctze als Accessoire f\u00fcr 45 cm gro\u00dfe Reborn-Puppen, perfekt, um Charme und Stil zu verleihen.\" title=\"\"> <img decoding=\"async\" src=\"https:\/\/www.mkreborns.com\/wp-content\/uploads\/2026\/03\/kf-Sd73259d6bac34199ad5afcf29fe5670eG.webp\" alt=\"Rosa Baskenm\u00fctze als Accessoire f\u00fcr 45 cm gro\u00dfe Reborn-Puppen, perfekt, um Puppenoutfits eine niedliche Note zu verleihen.\" title=\"\"><\/p>","protected":false},"excerpt":{"rendered":"<div>Ein weicher Baskenm\u00fctzenhut, der speziell f\u00fcr 18-Zoll-Reborn-Puppen entworfen wurde und jedem Puppenstil raffinierten Charme und Charakter verleiht.<\/div>","protected":false},"featured_media":4023,"comment_status":"open","ping_status":"closed","template":"","meta":[],"product_brand":[],"product_cat":[159,148],"product_tag":[],"class_list":{"0":"post-4022","1":"product","2":"type-product","3":"status-publish","4":"has-post-thumbnail","6":"product_cat-clothes-for-reborn-dolls","7":"product_cat-reborn-doll-accessories","9":"first","10":"instock","11":"sale","12":"shipping-taxable","13":"purchasable","14":"product-type-variable"},"_links":{"self":[{"href":"https:\/\/www.mkreborns.com\/de\/wp-json\/wp\/v2\/product\/4022","targetHints":{"allow":["GET"]}}],"collection":[{"href":"https:\/\/www.mkreborns.com\/de\/wp-json\/wp\/v2\/product"}],"about":[{"href":"https:\/\/www.mkreborns.com\/de\/wp-json\/wp\/v2\/types\/product"}],"replies":[{"embeddable":true,"href":"https:\/\/www.mkreborns.com\/de\/wp-json\/wp\/v2\/comments?post=4022"}],"wp:featuredmedia":[{"embeddable":true,"href":"https:\/\/www.mkreborns.com\/de\/wp-json\/wp\/v2\/media\/4023"}],"wp:attachment":[{"href":"https:\/\/www.mkreborns.com\/de\/wp-json\/wp\/v2\/media?parent=4022"}],"wp:term":[{"taxonomy":"product_brand","embeddable":true,"href":"https:\/\/www.mkreborns.com\/de\/wp-json\/wp\/v2\/product_brand?post=4022"},{"taxonomy":"product_cat","embeddable":true,"href":"https:\/\/www.mkreborns.com\/de\/wp-json\/wp\/v2\/product_cat?post=4022"},{"taxonomy":"product_tag","embeddable":true,"href":"https:\/\/www.mkreborns.com\/de\/wp-json\/wp\/v2\/product_tag?post=4022"}],"curies":[{"name":"wp","href":"https:\/\/api.w.org\/{rel}","templated":true}]}}