{"id":4000,"date":"2026-03-18T14:46:48","date_gmt":"2026-03-18T14:46:48","guid":{"rendered":"https:\/\/www.mkreborns.com\/?post_type=product&#038;p=4000"},"modified":"2026-03-19T15:52:09","modified_gmt":"2026-03-19T15:52:09","slug":"american-girl-doll-clothes-fit-18-inch-reborns-set","status":"publish","type":"product","link":"https:\/\/www.mkreborns.com\/de\/product\/american-girl-doll-clothes-fit-18-inch-reborns-set\/","title":{"rendered":"Amerikanisches M\u00e4dchen Puppenkleidung passt f\u00fcr 18-Zoll-Reborns Set"},"content":{"rendered":"<div class=\"product-specs-list-container\">\n<h2>Kleidung f\u00fcr Amerikanisches M\u00e4dchen Puppen und Reborn-Puppen<\/h2>\n<div>Die Kleidung f\u00fcr Amerikanisches M\u00e4dchen Puppen passt Reborn-Puppen mit bemerkenswerter Pr\u00e4zision und ist somit mit 45 cm gro\u00dfen Puppen mit realistischen Proportionen kompatibel. Die Outfits sind auf die neuen Stoffpuppenk\u00f6rper abgestimmt und sorgen f\u00fcr eine harmonische Silhouette, die die Authentizit\u00e4t unterstreicht. Ob zum Ausstellen oder f\u00fcr den sanften Umgang \u2013 jedes Kleidungsst\u00fcck zeugt von sorgf\u00e4ltiger Handwerkskunst.<\/div>\n<h3>Ma\u00dfgeschneidertes Design &amp; Materialintegrit\u00e4t<\/h3>\n<div>Diese handgefertigten Kleidersets f\u00fcr Reborn-Puppen werden aus weichem, aber strapazierf\u00e4higem Stoff gefertigt und behalten ihre Form, ohne steif zu sein. Die N\u00e4hte folgen den anatomischen Konturen, sodass das Kleidungsst\u00fcck nat\u00fcrlich am K\u00f6rper der Puppe sitzt. Dies garantiert sowohl eine detailgetreue Optik als auch eine lange Lebensdauer.<\/div>\n<h3>Hauptmerkmale und Vorteile<\/h3>\n<ul>\n<li>Speziell entwickelt, um Reborn-Babys mit einer Gr\u00f6\u00dfe von 43 cm \/ 18 Zoll passgenau zu montieren.<\/li>\n<li>Geeignet sowohl f\u00fcr Reborn-Puppenkleidung f\u00fcr Jungen als auch f\u00fcr neutrale Stile<\/li>\n<li>Verst\u00e4rkte N\u00e4hte f\u00fcr l\u00e4ngere Haltbarkeit<\/li>\n<li>Leichtes Textil f\u00fcr komfortable Handhabung<\/li>\n<li>Kompatibel mit neuen Reborn-Stoffpuppenk\u00f6rpern<\/li>\n<\/ul>\n<div>Mit seiner ausgewogenen Mischung aus Struktur und Weichheit verleiht dieses Outfit-Set jeder Sammlung Tiefe und Realismus und ist somit eine zuverl\u00e4ssige Wahl f\u00fcr Sammler, die nach passender Kleidung f\u00fcr Amerikanisches M\u00e4dchen Puppen und Reborn-Puppen suchen.<\/div>\n<div><\/div>\n<\/div>\n<div class=\"detailmodule_html\">\n<div class=\"detail-desc-decorate-richtext\">\n<p style=\"text-align: center; margin: 0px;\" align=\"center\"><img decoding=\"async\" src=\"https:\/\/www.mkreborns.com\/wp-content\/uploads\/2026\/03\/kf-Sbb815d83d55a42c6b75a953932f9eec9r.webp\" alt=\"\" title=\"\"><img decoding=\"async\" src=\"https:\/\/www.mkreborns.com\/wp-content\/uploads\/2026\/03\/kf-Sc2b352c412684bd7acc6bb9bcdf0c927X.webp\" alt=\"\" title=\"\"><img decoding=\"async\" src=\"https:\/\/www.mkreborns.com\/wp-content\/uploads\/2026\/03\/kf-S359e5961003a4ef683ca7929699e081fB.webp\" alt=\"\" title=\"\"><img decoding=\"async\" src=\"https:\/\/www.mkreborns.com\/wp-content\/uploads\/2026\/03\/kf-Scc518a1bba6e434daac8f2dece7ee61fs.webp\" alt=\"\" title=\"\"><img decoding=\"async\" src=\"https:\/\/www.mkreborns.com\/wp-content\/uploads\/2026\/03\/kf-S5c9fd673d94b407495c1b13241048299B.webp\" alt=\"\" title=\"\"><img decoding=\"async\" src=\"https:\/\/www.mkreborns.com\/wp-content\/uploads\/2026\/03\/kf-S4b118a05358c496d84bb2426874d92c8u.webp\" alt=\"\" title=\"\"><img decoding=\"async\" src=\"https:\/\/www.mkreborns.com\/wp-content\/uploads\/2026\/03\/kf-S41958fdfe8b14b4481003fedf9275197D.webp\" alt=\"\" title=\"\"><img decoding=\"async\" src=\"https:\/\/www.mkreborns.com\/wp-content\/uploads\/2026\/03\/kf-Sb7de3410d1f5466194271c86cc3b11047.webp\" alt=\"\" title=\"\"><img decoding=\"async\" src=\"https:\/\/www.mkreborns.com\/wp-content\/uploads\/2026\/03\/kf-Sf2d8e29dcfbb4426a9b5e0f048bc41bbl.webp\" alt=\"\" title=\"\"><img decoding=\"async\" src=\"https:\/\/www.mkreborns.com\/wp-content\/uploads\/2026\/03\/kf-S87f2002a343949f78d65c595eb6297c7W.webp\" alt=\"\" title=\"\"><img decoding=\"async\" src=\"https:\/\/www.mkreborns.com\/wp-content\/uploads\/2026\/03\/kf-Se889b72926b445a58aea59fc7b6b49b5L.webp\" alt=\"\" title=\"\"><\/p>\n<\/div>\n<\/div>","protected":false},"excerpt":{"rendered":"<div>Sorgf\u00e4ltig gefertigte Outfits, die f\u00fcr 18-Zoll-Reborn-Puppen entworfen wurden und klassisches Design mit weichen Materialien f\u00fcr ein raffiniertes und lebensechtes Aussehen verbinden.<\/div>","protected":false},"featured_media":4001,"comment_status":"open","ping_status":"closed","template":"","meta":[],"product_brand":[],"product_cat":[159,148],"product_tag":[],"class_list":{"0":"post-4000","1":"product","2":"type-product","3":"status-publish","4":"has-post-thumbnail","6":"product_cat-clothes-for-reborn-dolls","7":"product_cat-reborn-doll-accessories","9":"first","10":"instock","11":"sale","12":"shipping-taxable","13":"purchasable","14":"product-type-variable","15":"has-default-attributes"},"_links":{"self":[{"href":"https:\/\/www.mkreborns.com\/de\/wp-json\/wp\/v2\/product\/4000","targetHints":{"allow":["GET"]}}],"collection":[{"href":"https:\/\/www.mkreborns.com\/de\/wp-json\/wp\/v2\/product"}],"about":[{"href":"https:\/\/www.mkreborns.com\/de\/wp-json\/wp\/v2\/types\/product"}],"replies":[{"embeddable":true,"href":"https:\/\/www.mkreborns.com\/de\/wp-json\/wp\/v2\/comments?post=4000"}],"wp:featuredmedia":[{"embeddable":true,"href":"https:\/\/www.mkreborns.com\/de\/wp-json\/wp\/v2\/media\/4001"}],"wp:attachment":[{"href":"https:\/\/www.mkreborns.com\/de\/wp-json\/wp\/v2\/media?parent=4000"}],"wp:term":[{"taxonomy":"product_brand","embeddable":true,"href":"https:\/\/www.mkreborns.com\/de\/wp-json\/wp\/v2\/product_brand?post=4000"},{"taxonomy":"product_cat","embeddable":true,"href":"https:\/\/www.mkreborns.com\/de\/wp-json\/wp\/v2\/product_cat?post=4000"},{"taxonomy":"product_tag","embeddable":true,"href":"https:\/\/www.mkreborns.com\/de\/wp-json\/wp\/v2\/product_tag?post=4000"}],"curies":[{"name":"wp","href":"https:\/\/api.w.org\/{rel}","templated":true}]}}