{"id":3908,"date":"2026-03-18T13:24:18","date_gmt":"2026-03-18T13:24:18","guid":{"rendered":"https:\/\/www.mkreborns.com\/?post_type=product&#038;p=3908"},"modified":"2026-03-19T15:51:18","modified_gmt":"2026-03-19T15:51:18","slug":"18-inch-reborn-dolls-clothes-for-baby-doll-outfits","status":"publish","type":"product","link":"https:\/\/www.mkreborns.com\/de\/product\/18-inch-reborn-dolls-clothes-for-baby-doll-outfits\/","title":{"rendered":"Kleidung f\u00fcr 18-Zoll-Reborn-Puppen, Babypuppen-Outfits"},"content":{"rendered":"<h2>Stilvolle Kleidung f\u00fcr 45 cm gro\u00dfe Reborn-Puppen f\u00fcr jeden Anlass<\/h2>\n<div>Verleihen Sie Ihrer Puppensammlung Charme und Authentizit\u00e4t mit unserer Kleidung f\u00fcr 45 cm gro\u00dfe Reborn-Puppen. Jedes Outfit ist sorgf\u00e4ltig entworfen, um Reborn-Babypuppen perfekt zu passen und ihnen gleichzeitig Komfort und ein lebensechtes Aussehen zu bieten. Ideal zum Spielen und Ausstellen \u2013 diese Kleidung verwandelt jede Puppe in eine modische Begleiterin.<\/div>\n<h3>Detaillierte Designs und bequeme Passform<\/h3>\n<div>Unsere Kollektion umfasst Kleidung f\u00fcr Reborn-Babypuppen, die speziell auf den Stoffk\u00f6rper der Puppe abgestimmt ist. Jedes Kleidungsst\u00fcck sitzt perfekt und betont die realistischen Gesichtsz\u00fcge. Von verspielten Stramplern bis hin zu eleganten Kleidern \u2013 diese Outfits bieten Vielseitigkeit und Stil und lassen Ihre 45 cm gro\u00dfe Puppe besonders gut zur Geltung kommen.<\/div>\n<ul>\n<li>Exakte Gr\u00f6\u00dfenangabe: Speziell f\u00fcr 18-Zoll-Puppen entwickelt, um eine perfekte Passform und einfaches An- und Ausziehen zu gew\u00e4hrleisten.<\/li>\n<li>Hochwertige Stoffe: Weiche, strapazierf\u00e4hige Materialien sorgen f\u00fcr Komfort und lange Haltbarkeit.<\/li>\n<li>Realistische Details: Aufwendige N\u00e4hte und Muster spiegeln authentische Babykleidung wider.<\/li>\n<li>Stilvielfalt: Umfasst l\u00e4ssige, formelle und saisonale Outfits f\u00fcr alle Anl\u00e4sse.<\/li>\n<li>Verbesserter Puppenrealismus: Speziell auf den Stoffk\u00f6rper der Reborn-Puppe zugeschnitten, um einen lebensechten Charme zu erzielen.<\/li>\n<\/ul>\n<div>Werten Sie die Garderobe Ihrer Puppe mit diesen exquisiten Kleidern f\u00fcr 18-Zoll-Reborn-Puppen auf, die Stil, Komfort und authentischen Charme vereinen.<\/div>\n<p style=\"text-align: center;\" align=\"center\"><img decoding=\"async\" src=\"https:\/\/www.mkreborns.com\/wp-content\/uploads\/2026\/03\/kf-S9d31fc2e9fcd434fafe9c0f471411531G.webp\" alt=\"\" title=\"\"><img decoding=\"async\" src=\"https:\/\/www.mkreborns.com\/wp-content\/uploads\/2026\/03\/kf-Sb94cdf6699bc46d3a5df6fd0f3b9305eP.webp\" alt=\"\" title=\"\"><img decoding=\"async\" src=\"https:\/\/www.mkreborns.com\/wp-content\/uploads\/2026\/03\/kf-S2c32be6ab85b4bc298e8b61239d41026x.webp\" alt=\"\" title=\"\"><img decoding=\"async\" src=\"https:\/\/www.mkreborns.com\/wp-content\/uploads\/2026\/03\/kf-S572f25d107b74315a31d1340abf1216fq.webp\" alt=\"\" title=\"\"><img decoding=\"async\" src=\"https:\/\/www.mkreborns.com\/wp-content\/uploads\/2026\/03\/kf-S5255329b890042289e03e8edbc8650fdh.webp\" alt=\"\" title=\"\"><\/p>","protected":false},"excerpt":{"rendered":"<p>Schm\u00fccken Sie Ihre 45 cm gro\u00dfe Reborn-Puppe mit stilvollen, weichen und detailreichen Outfits, die f\u00fcr realistisches Spielen und dauerhafte Eleganz gefertigt sind.<\/p>","protected":false},"featured_media":3909,"comment_status":"open","ping_status":"closed","template":"","meta":[],"product_brand":[],"product_cat":[159,148],"product_tag":[],"class_list":{"0":"post-3908","1":"product","2":"type-product","3":"status-publish","4":"has-post-thumbnail","6":"product_cat-clothes-for-reborn-dolls","7":"product_cat-reborn-doll-accessories","9":"first","10":"instock","11":"sale","12":"shipping-taxable","13":"purchasable","14":"product-type-simple"},"_links":{"self":[{"href":"https:\/\/www.mkreborns.com\/de\/wp-json\/wp\/v2\/product\/3908","targetHints":{"allow":["GET"]}}],"collection":[{"href":"https:\/\/www.mkreborns.com\/de\/wp-json\/wp\/v2\/product"}],"about":[{"href":"https:\/\/www.mkreborns.com\/de\/wp-json\/wp\/v2\/types\/product"}],"replies":[{"embeddable":true,"href":"https:\/\/www.mkreborns.com\/de\/wp-json\/wp\/v2\/comments?post=3908"}],"wp:featuredmedia":[{"embeddable":true,"href":"https:\/\/www.mkreborns.com\/de\/wp-json\/wp\/v2\/media\/3909"}],"wp:attachment":[{"href":"https:\/\/www.mkreborns.com\/de\/wp-json\/wp\/v2\/media?parent=3908"}],"wp:term":[{"taxonomy":"product_brand","embeddable":true,"href":"https:\/\/www.mkreborns.com\/de\/wp-json\/wp\/v2\/product_brand?post=3908"},{"taxonomy":"product_cat","embeddable":true,"href":"https:\/\/www.mkreborns.com\/de\/wp-json\/wp\/v2\/product_cat?post=3908"},{"taxonomy":"product_tag","embeddable":true,"href":"https:\/\/www.mkreborns.com\/de\/wp-json\/wp\/v2\/product_tag?post=3908"}],"curies":[{"name":"wp","href":"https:\/\/api.w.org\/{rel}","templated":true}]}}