{"id":3890,"date":"2026-03-18T13:08:27","date_gmt":"2026-03-18T13:08:27","guid":{"rendered":"https:\/\/www.mkreborns.com\/?post_type=product&#038;p=3890"},"modified":"2026-03-19T15:52:23","modified_gmt":"2026-03-19T15:52:23","slug":"baby-doll-clothes-17-18-inch-reborn-outfits-for-girls","status":"publish","type":"product","link":"https:\/\/www.mkreborns.com\/de\/product\/baby-doll-clothes-17-18-inch-reborn-outfits-for-girls\/","title":{"rendered":"Babypuppenkleidung f\u00fcr 17-18 Zoll gro\u00dfe Reborn-Puppen (M\u00e4dchen)"},"content":{"rendered":"<div class=\"detailmodule_html\">\n<div class=\"detail-desc-decorate-richtext\">\n<h2>Bezaubernde Kleiderstile f\u00fcr 17-18 Zoll gro\u00dfe Reborn-Babypuppen<\/h2>\n<div>Bereichern Sie Ihre Reborn-Kollektion mit unserer hochwertigen Puppenkleidung f\u00fcr 43\u201346 cm gro\u00dfe Reborn-Puppen. Jedes Outfit ist sorgf\u00e4ltig gestaltet und perfekt auf die Bed\u00fcrfnisse von M\u00e4dchen-Reborn-Puppen abgestimmt. Es vereint Komfort, Langlebigkeit und lebensechte Details. Ob zum Spielen oder Ausstellen \u2013 diese Kleidung bietet eine perfekte Passform und besticht durch lebendige, ansprechende Designs.<\/div>\n<h3>Einzigartige Designs und gemusterte Details<\/h3>\n<div>Unsere Auswahl umfasst detailreiche Stoffmuster f\u00fcr Reborn-Puppen, die jeder Puppe Pers\u00f6nlichkeit und Stil verleihen. W\u00e4hlen Sie aus Kleidern, Stramplern und aufeinander abgestimmten Sets, die sowohl f\u00fcr 43 cm als auch f\u00fcr 46 cm gro\u00dfe Reborn-Puppen geeignet sind. Dank weicher Stoffe und realistischer Verarbeitung unterstreicht jedes Outfit den lebensechten Charme Ihrer Puppe.<\/div>\n<ul>\n<li>Ma\u00dfgeschneiderte Passform: Exakt auf die Gr\u00f6\u00dfe von 17-18 Zoll gro\u00dfen Reborn-Puppen zugeschnitten f\u00fcr problemloses Anziehen.<\/li>\n<li>Hochwertige Materialien: Sanfte, strapazierf\u00e4hige Stoffe, die Form und Farbe behalten.<\/li>\n<li>Mustervielfalt: Das Muster des Stoffk\u00f6rpers der Reborn-Puppe verleiht jedem Outfit Individualit\u00e4t.<\/li>\n<li>Vielseitige Garderobe: Umfasst Freizeitkleidung, Abendkleider und verspielte Sets.<\/li>\n<li>Verbesserter Realismus: Detaillierte N\u00e4hte und Verarbeitung verleihen jedem St\u00fcck Authentizit\u00e4t.<\/li>\n<\/ul>\n<div>Verleihen Sie jeder Puppenausstellung Freude und Eleganz mit diesen wundersch\u00f6n gefertigten Babypuppenkleidern f\u00fcr 17-18 Zoll gro\u00dfe Reborn-Puppen, die Stil, Komfort und lebensechte Eleganz vereinen.<\/div>\n<div><\/div>\n<p style=\"text-align: center; margin: 0px;\" align=\"center\"><img decoding=\"async\" src=\"https:\/\/www.mkreborns.com\/wp-content\/uploads\/2026\/03\/kf-Sff4af0a0ce8d4485b7c09410cb094249I.webp\" alt=\"\" title=\"\"><img decoding=\"async\" src=\"https:\/\/www.mkreborns.com\/wp-content\/uploads\/2026\/03\/kf-S10d68fad596841c589219dc0c10319fbZ.webp\" alt=\"\" title=\"\"><img decoding=\"async\" src=\"https:\/\/www.mkreborns.com\/wp-content\/uploads\/2026\/03\/kf-S8dbdfa36fe014c8fa0765011983d82caD.webp\" alt=\"\" title=\"\"><img decoding=\"async\" src=\"https:\/\/www.mkreborns.com\/wp-content\/uploads\/2026\/03\/kf-S920d035ab985467b8517b1483d4f6bbaY.webp\" alt=\"\" title=\"\"><img decoding=\"async\" src=\"https:\/\/www.mkreborns.com\/wp-content\/uploads\/2026\/03\/kf-S4b96cea014a44b709b752532f6113fbfu.webp\" alt=\"\" title=\"\"><img decoding=\"async\" src=\"https:\/\/www.mkreborns.com\/wp-content\/uploads\/2026\/03\/kf-S44c92652455b47b98527b3aa131f6b1eT.webp\" alt=\"\" title=\"\"><img decoding=\"async\" src=\"https:\/\/www.mkreborns.com\/wp-content\/uploads\/2026\/03\/kf-S56de3d76be034bbfb5ae1261f59232a1O.webp\" alt=\"\" title=\"\"><img decoding=\"async\" src=\"https:\/\/www.mkreborns.com\/wp-content\/uploads\/2026\/03\/kf-S0590e45ab54740c38d581d7611ef244cS.webp\" alt=\"\" title=\"\"><img decoding=\"async\" src=\"https:\/\/www.mkreborns.com\/wp-content\/uploads\/2026\/03\/kf-S4d9af2659e454d8b87e97bd159ed9cdfz.webp\" alt=\"\" title=\"\"><img decoding=\"async\" src=\"https:\/\/www.mkreborns.com\/wp-content\/uploads\/2026\/03\/kf-Sb9c38680031e40f6b3db3e4e386af5c5l.webp\" alt=\"\" title=\"\"><\/p>\n<\/div>\n<\/div>","protected":false},"excerpt":{"rendered":"<p>Verwandeln Sie Ihre Reborn-Puppe in eine stilvolle Begleiterin mit weicher, detailreicher Kleidung, die f\u00fcr realistisches Spielen und endlosen Charme sorgt.<\/p>","protected":false},"featured_media":3891,"comment_status":"open","ping_status":"closed","template":"","meta":[],"product_brand":[],"product_cat":[159,148],"product_tag":[],"class_list":{"0":"post-3890","1":"product","2":"type-product","3":"status-publish","4":"has-post-thumbnail","6":"product_cat-clothes-for-reborn-dolls","7":"product_cat-reborn-doll-accessories","9":"first","10":"instock","11":"sale","12":"shipping-taxable","13":"purchasable","14":"product-type-variable","15":"has-default-attributes"},"_links":{"self":[{"href":"https:\/\/www.mkreborns.com\/de\/wp-json\/wp\/v2\/product\/3890","targetHints":{"allow":["GET"]}}],"collection":[{"href":"https:\/\/www.mkreborns.com\/de\/wp-json\/wp\/v2\/product"}],"about":[{"href":"https:\/\/www.mkreborns.com\/de\/wp-json\/wp\/v2\/types\/product"}],"replies":[{"embeddable":true,"href":"https:\/\/www.mkreborns.com\/de\/wp-json\/wp\/v2\/comments?post=3890"}],"wp:featuredmedia":[{"embeddable":true,"href":"https:\/\/www.mkreborns.com\/de\/wp-json\/wp\/v2\/media\/3891"}],"wp:attachment":[{"href":"https:\/\/www.mkreborns.com\/de\/wp-json\/wp\/v2\/media?parent=3890"}],"wp:term":[{"taxonomy":"product_brand","embeddable":true,"href":"https:\/\/www.mkreborns.com\/de\/wp-json\/wp\/v2\/product_brand?post=3890"},{"taxonomy":"product_cat","embeddable":true,"href":"https:\/\/www.mkreborns.com\/de\/wp-json\/wp\/v2\/product_cat?post=3890"},{"taxonomy":"product_tag","embeddable":true,"href":"https:\/\/www.mkreborns.com\/de\/wp-json\/wp\/v2\/product_tag?post=3890"}],"curies":[{"name":"wp","href":"https:\/\/api.w.org\/{rel}","templated":true}]}}