{"id":3868,"date":"2026-03-18T10:01:51","date_gmt":"2026-03-18T10:01:51","guid":{"rendered":"https:\/\/www.mkreborns.com\/?post_type=product&#038;p=3868"},"modified":"2026-03-19T15:52:36","modified_gmt":"2026-03-19T15:52:36","slug":"18-inch-reborn-doll-clothes-for-toddlers-and-girls","status":"publish","type":"product","link":"https:\/\/www.mkreborns.com\/de\/product\/18-inch-reborn-doll-clothes-for-toddlers-and-girls\/","title":{"rendered":"Kleidung f\u00fcr 18-Zoll-Reborn-Puppen f\u00fcr Kleinkinder und M\u00e4dchen"},"content":{"rendered":"<div class=\"product-specs-list-container\">\n<h2>Elegante Outfits f\u00fcr jede 45 cm gro\u00dfe Reborn-Puppe<\/h2>\n<div>Mit unserer hochwertigen Kleidung f\u00fcr 45 cm gro\u00dfe Reborn-Puppen wird Ihre Puppe zum absoluten Hingucker. Jedes Outfit ist perfekt auf Reborn-Kleinkinderpuppen zugeschnitten und vereint realistische Details mit weichen, strapazierf\u00e4higen Stoffen. Ob im Alltag oder zu besonderen Anl\u00e4ssen \u2013 mit dieser Kleidung sieht Ihre Puppe immer umwerfend aus.<\/div>\n<h3>Stilvolle Vielfalt und Accessoires<\/h3>\n<div>Unsere Kollektion umfasst Kleidung und Accessoires f\u00fcr Reborn-Babypuppen aus Silikon, die die Garderobe jeder Puppe perfekt erg\u00e4nzen. W\u00e4hlen Sie aus leuchtend violetten Outfits f\u00fcr Reborn-Puppen, zarten Kleidern f\u00fcr Reborn-M\u00e4dchenpuppen und vielseitiger Babykleidung f\u00fcr jeden Anlass. Jedes St\u00fcck ist so geschnitten, dass es sich leicht an- und ausziehen l\u00e4sst und gleichzeitig ein realistisches, handgefertigtes Gef\u00fchl vermittelt.<\/div>\n<ul>\n<li>Premium-Passform: Perfekt auf 18-Zoll-Reborn-Puppen abgestimmt, garantiert Komfort und Eleganz.<\/li>\n<li>Hochwertige Stoffe: Weiche, strapazierf\u00e4hige Materialien, die die Textur echter Babykleidung imitieren.<\/li>\n<li>Vielseitige Styles: Von verspielter Freizeitkleidung bis hin zu eleganten Outfits in Lila.<\/li>\n<li>Zubeh\u00f6r-Optionen: Inklusive passender H\u00fcte, Schuhe und Decken f\u00fcr komplette Outfits.<\/li>\n<li>Realistische Details: Handgefertigte N\u00e4hte und charmante Verzierungen sorgen f\u00fcr eine lebensechte Optik.<\/li>\n<\/ul>\n<div>Verleihen Sie Ihrer Sammlung Charme, Realismus und Spielspa\u00df mit diesen wundersch\u00f6n gefertigten Kleidern f\u00fcr 45 cm gro\u00dfe Reborn-Puppen, die jedes Spielabenteuer bereichern.<\/div>\n<div><\/div>\n<\/div>\n<div class=\"detailmodule_html\">\n<div class=\"detail-desc-decorate-richtext\">\n<p style=\"text-align: center; margin: 0px;\" align=\"center\"><img decoding=\"async\" src=\"https:\/\/www.mkreborns.com\/wp-content\/uploads\/2026\/03\/kf-S7d8ebb1a885d44398f64514886946629E.webp\" alt=\"\" title=\"\"><img decoding=\"async\" src=\"https:\/\/www.mkreborns.com\/wp-content\/uploads\/2026\/03\/kf-S89a1ffaead92487d9a130af90b3d4fc5K.webp\" alt=\"\" title=\"\"><img decoding=\"async\" src=\"https:\/\/www.mkreborns.com\/wp-content\/uploads\/2026\/03\/kf-Sc34b80cf2d3a4c60b3a32babd9f3f5548.webp\" alt=\"\" title=\"\"><img decoding=\"async\" src=\"https:\/\/www.mkreborns.com\/wp-content\/uploads\/2026\/03\/kf-S160a0246ec60450ba40c67d32c0961672.webp\" alt=\"\" title=\"\"><img decoding=\"async\" src=\"https:\/\/www.mkreborns.com\/wp-content\/uploads\/2026\/03\/kf-S4d9f66438f1f42e0b260f4684f54fb0bW.webp\" alt=\"\" title=\"\"><img decoding=\"async\" src=\"https:\/\/ae01.alicdn.com\/kf\/S9f14fbaf63524021b86c7a946d713f30N.jpg\" alt=\"\" title=\"\"><img decoding=\"async\" src=\"https:\/\/ae01.alicdn.com\/kf\/Sf7fd6a137dba47e9aecbf4de66cb87df3.jpg\" alt=\"\" title=\"\"><img decoding=\"async\" src=\"https:\/\/ae01.alicdn.com\/kf\/S06ea55e7d37a45acb579364f3408aa76B.jpg\" alt=\"\" title=\"\"><img decoding=\"async\" src=\"https:\/\/ae01.alicdn.com\/kf\/S81d380c3ee694b8eafebd8a9c2653a1at.jpg\" alt=\"\" title=\"\"><img decoding=\"async\" src=\"https:\/\/ae01.alicdn.com\/kf\/S580e530ac6c84a7a82ce96a246202693U.jpg\" alt=\"\" title=\"\"><img decoding=\"async\" src=\"https:\/\/ae01.alicdn.com\/kf\/S4fce4907e8dd42a7b8679f2512ebba25I.jpg\" alt=\"\" title=\"\"><img decoding=\"async\" src=\"https:\/\/ae01.alicdn.com\/kf\/S0f517424cd3642999a0a881e47972c1du.jpg\" alt=\"\" title=\"\"><img decoding=\"async\" src=\"https:\/\/ae01.alicdn.com\/kf\/Sca06b8ff57b34251853a9fb540f747afw.jpg\" alt=\"\" title=\"\"><img decoding=\"async\" src=\"https:\/\/ae01.alicdn.com\/kf\/Sfd3631ab03ee426692991be15c6afe4ee.jpg\" alt=\"\" title=\"\"><\/p>\n<\/div>\n<\/div>","protected":false},"excerpt":{"rendered":"<p>Kleiden Sie Ihre Reborn-Puppe stilvoll mit kuscheligen, hochwertigen Outfits, die Charme und Komfort vereinen und stundenlanges fantasievolles Spielen erm\u00f6glichen.<\/p>","protected":false},"featured_media":3869,"comment_status":"open","ping_status":"closed","template":"","meta":[],"product_brand":[],"product_cat":[159,148],"product_tag":[],"class_list":{"0":"post-3868","1":"product","2":"type-product","3":"status-publish","4":"has-post-thumbnail","6":"product_cat-clothes-for-reborn-dolls","7":"product_cat-reborn-doll-accessories","9":"first","10":"instock","11":"sale","12":"shipping-taxable","13":"purchasable","14":"product-type-variable","15":"has-default-attributes"},"_links":{"self":[{"href":"https:\/\/www.mkreborns.com\/de\/wp-json\/wp\/v2\/product\/3868","targetHints":{"allow":["GET"]}}],"collection":[{"href":"https:\/\/www.mkreborns.com\/de\/wp-json\/wp\/v2\/product"}],"about":[{"href":"https:\/\/www.mkreborns.com\/de\/wp-json\/wp\/v2\/types\/product"}],"replies":[{"embeddable":true,"href":"https:\/\/www.mkreborns.com\/de\/wp-json\/wp\/v2\/comments?post=3868"}],"wp:featuredmedia":[{"embeddable":true,"href":"https:\/\/www.mkreborns.com\/de\/wp-json\/wp\/v2\/media\/3869"}],"wp:attachment":[{"href":"https:\/\/www.mkreborns.com\/de\/wp-json\/wp\/v2\/media?parent=3868"}],"wp:term":[{"taxonomy":"product_brand","embeddable":true,"href":"https:\/\/www.mkreborns.com\/de\/wp-json\/wp\/v2\/product_brand?post=3868"},{"taxonomy":"product_cat","embeddable":true,"href":"https:\/\/www.mkreborns.com\/de\/wp-json\/wp\/v2\/product_cat?post=3868"},{"taxonomy":"product_tag","embeddable":true,"href":"https:\/\/www.mkreborns.com\/de\/wp-json\/wp\/v2\/product_tag?post=3868"}],"curies":[{"name":"wp","href":"https:\/\/api.w.org\/{rel}","templated":true}]}}