{"id":3763,"date":"2026-03-08T14:20:28","date_gmt":"2026-03-08T14:20:28","guid":{"rendered":"https:\/\/www.mkreborns.com\/?post_type=product&#038;p=3763"},"modified":"2026-03-18T14:53:37","modified_gmt":"2026-03-18T14:53:37","slug":"kay-40-cm-silicone-preemie-reborn-doll","status":"publish","type":"product","link":"https:\/\/www.mkreborns.com\/de\/product\/kay-40-cm-silicone-preemie-reborn-doll\/","title":{"rendered":"Kay 40 cm Silikon-Fr\u00fchchen-Reborn-Puppe"},"content":{"rendered":"<p>In der Welt der Reborn-Puppen gilt eine Gr\u00f6\u00dfe von 40 cm als ideal und besonders sanft \u2013 vergleichbar mit einem Fr\u00fchchen, das noch in Windeln gewickelt ist. Wenn eine 40 cm gro\u00dfe Reborn-Puppe vollst\u00e4ndig aus Silikon gefertigt und in Form eines kleinen Jungen gestaltet ist, ist sie mehr als nur eine Puppe; sie ist ein Gef\u00e4hrte zum Umarmen, ein Kunstwerk voller Emotionen. Studien belegen, dass Umarmungen Endorphine freisetzen, die Angstzust\u00e4nde und Depressionen lindern und so das Wohlbefinden steigern k\u00f6nnen.<\/p>\n<p>Geschlecht: Junge<br \/>\nH\u00f6he: 40 cm<br \/>\nGewicht: 1,4 kg<br \/>\nVerpackungsgewicht: 2,3 kg<br \/>\nVerpackungsma\u00dfe: 46 x 21 x 15 cm<\/p>\n<p><img decoding=\"async\" class=\"aligncenter wp-image-3781 size-full\" src=\"https:\/\/www.mkreborns.com\/wp-content\/themes\/woodmart\/images\/lazy.svg\" data-src=\"https:\/\/www.mkreborns.com\/wp-content\/uploads\/2026\/03\/Kay-Preemie-Reborn-Doll18.jpg\" alt=\"\" width=\"1400\" height=\"933\" title=\"\" srcset=\"\" data-srcset=\"https:\/\/www.mkreborns.com\/wp-content\/uploads\/2026\/03\/Kay-Preemie-Reborn-Doll18.jpg 1400w, https:\/\/www.mkreborns.com\/wp-content\/uploads\/2026\/03\/Kay-Preemie-Reborn-Doll18-400x267.jpg 400w, https:\/\/www.mkreborns.com\/wp-content\/uploads\/2026\/03\/Kay-Preemie-Reborn-Doll18-1200x800.jpg 1200w, https:\/\/www.mkreborns.com\/wp-content\/uploads\/2026\/03\/Kay-Preemie-Reborn-Doll18-768x512.jpg 768w, https:\/\/www.mkreborns.com\/wp-content\/uploads\/2026\/03\/Kay-Preemie-Reborn-Doll18-18x12.jpg 18w, https:\/\/www.mkreborns.com\/wp-content\/uploads\/2026\/03\/Kay-Preemie-Reborn-Doll18-700x467.jpg 700w, https:\/\/www.mkreborns.com\/wp-content\/uploads\/2026\/03\/Kay-Preemie-Reborn-Doll18-150x100.jpg 150w\" sizes=\"(max-width: 1400px) 100vw, 1400px\" \/> <img decoding=\"async\" class=\"aligncenter wp-image-3780 size-full\" src=\"https:\/\/www.mkreborns.com\/wp-content\/themes\/woodmart\/images\/lazy.svg\" data-src=\"https:\/\/www.mkreborns.com\/wp-content\/uploads\/2026\/03\/Kay-Preemie-Reborn-Doll17.jpg\" alt=\"\" width=\"1400\" height=\"933\" title=\"\" srcset=\"\" data-srcset=\"https:\/\/www.mkreborns.com\/wp-content\/uploads\/2026\/03\/Kay-Preemie-Reborn-Doll17.jpg 1400w, https:\/\/www.mkreborns.com\/wp-content\/uploads\/2026\/03\/Kay-Preemie-Reborn-Doll17-400x267.jpg 400w, https:\/\/www.mkreborns.com\/wp-content\/uploads\/2026\/03\/Kay-Preemie-Reborn-Doll17-1200x800.jpg 1200w, https:\/\/www.mkreborns.com\/wp-content\/uploads\/2026\/03\/Kay-Preemie-Reborn-Doll17-768x512.jpg 768w, https:\/\/www.mkreborns.com\/wp-content\/uploads\/2026\/03\/Kay-Preemie-Reborn-Doll17-18x12.jpg 18w, https:\/\/www.mkreborns.com\/wp-content\/uploads\/2026\/03\/Kay-Preemie-Reborn-Doll17-700x467.jpg 700w, https:\/\/www.mkreborns.com\/wp-content\/uploads\/2026\/03\/Kay-Preemie-Reborn-Doll17-150x100.jpg 150w\" sizes=\"(max-width: 1400px) 100vw, 1400px\" \/><\/p>","protected":false},"excerpt":{"rendered":"<p>Eine 40 cm gro\u00dfe, fr\u00fchgeborene Reborn-Puppe wiegt ungef\u00e4hr 1,5 kg, was genau dem Gewicht eines Fr\u00fchgeborenen entspricht. Die Puppe in den Armen zu halten, f\u00fchlt sich an, als w\u00fcrde man tats\u00e4chlich ein neugeborenes Leben in den Armen halten.<\/p>","protected":false},"featured_media":3775,"comment_status":"open","ping_status":"closed","template":"","meta":[],"product_brand":[],"product_cat":[145,158,155,146,153],"product_tag":[],"class_list":{"0":"post-3763","1":"product","2":"type-product","3":"status-publish","4":"has-post-thumbnail","6":"product_cat-baby-boy-reborn-dolls","7":"product_cat-15-inch-baby-dolls","8":"product_cat-cute-reborn-dolls","9":"product_cat-full-silicone-reborn-dolls","10":"product_cat-newborn-reborn-dolls","12":"first","13":"instock","14":"sale","15":"shipping-taxable","16":"purchasable","17":"product-type-simple"},"_links":{"self":[{"href":"https:\/\/www.mkreborns.com\/de\/wp-json\/wp\/v2\/product\/3763","targetHints":{"allow":["GET"]}}],"collection":[{"href":"https:\/\/www.mkreborns.com\/de\/wp-json\/wp\/v2\/product"}],"about":[{"href":"https:\/\/www.mkreborns.com\/de\/wp-json\/wp\/v2\/types\/product"}],"replies":[{"embeddable":true,"href":"https:\/\/www.mkreborns.com\/de\/wp-json\/wp\/v2\/comments?post=3763"}],"wp:featuredmedia":[{"embeddable":true,"href":"https:\/\/www.mkreborns.com\/de\/wp-json\/wp\/v2\/media\/3775"}],"wp:attachment":[{"href":"https:\/\/www.mkreborns.com\/de\/wp-json\/wp\/v2\/media?parent=3763"}],"wp:term":[{"taxonomy":"product_brand","embeddable":true,"href":"https:\/\/www.mkreborns.com\/de\/wp-json\/wp\/v2\/product_brand?post=3763"},{"taxonomy":"product_cat","embeddable":true,"href":"https:\/\/www.mkreborns.com\/de\/wp-json\/wp\/v2\/product_cat?post=3763"},{"taxonomy":"product_tag","embeddable":true,"href":"https:\/\/www.mkreborns.com\/de\/wp-json\/wp\/v2\/product_tag?post=3763"}],"curies":[{"name":"wp","href":"https:\/\/api.w.org\/{rel}","templated":true}]}}