{"id":3298,"date":"2026-01-18T16:27:41","date_gmt":"2026-01-18T16:27:41","guid":{"rendered":"https:\/\/www.mkreborns.com\/?post_type=product&#038;p=3298"},"modified":"2026-03-15T15:32:05","modified_gmt":"2026-03-15T15:32:05","slug":"ken-full-body-silicone-reborn-doll","status":"publish","type":"product","link":"https:\/\/www.mkreborns.com\/de\/product\/ken-full-body-silicone-reborn-doll\/","title":{"rendered":"Ken Ganzk\u00f6rper-Silikon-Reborn-Puppe"},"content":{"rendered":"<p>Der Anblick der unschuldigen und reinen Erscheinung einer Reborn-Puppe, die neugierig die Welt beobachtet, kann uns tief ber\u00fchren. Ihre unbefangene und vertrauensvolle Art weckt in uns die sanftesten und besch\u00fctzendsten Instinkte.<\/p>\n<p>Dar\u00fcber hinaus ist eine vollst\u00e4ndig aus Silikon gefertigte Reborn-Puppe realistischer, pflegeleichter und kann Sie l\u00e4nger begleiten. Sie k\u00f6nnen eine solche Puppe bedenkenlos als Geschenk oder f\u00fcr den Eigengebrauch w\u00e4hlen.<\/p>\n<p>&nbsp;<\/p>\n<p>Geschlecht: Junge<br \/>\nGewicht: 3,08 lb<br \/>\nH\u00f6he: 15,7 Zoll<br \/>\nMaterial: Silikon<\/p>\n<p>&nbsp;<\/p>\n<div style=\"width: 1920px;\" class=\"wp-video\"><video class=\"wp-video-shortcode\" id=\"video-3298-1\" width=\"1920\" height=\"1080\" preload=\"metadata\" controls=\"controls\"><source type=\"video\/mp4\" src=\"https:\/\/www.mkreborns.com\/wp-content\/uploads\/2026\/01\/Laura-Reborn-Doll.mp4?_=1\" \/><a href=\"https:\/\/www.mkreborns.com\/wp-content\/uploads\/2026\/01\/Laura-Reborn-Doll.mp4\">https:\/\/www.mkreborns.com\/wp-content\/uploads\/2026\/01\/Laura-Reborn-Doll.mp4<\/a><\/video><\/div>\n<p><img decoding=\"async\" class=\"aligncenter wp-image-3300 size-full\" src=\"https:\/\/www.mkreborns.com\/wp-content\/themes\/woodmart\/images\/lazy.svg\" data-src=\"https:\/\/www.mkreborns.com\/wp-content\/uploads\/2026\/01\/Laura-Reborn-Doll1.jpg\" alt=\"Realistische Silikon-Reborn-Puppe f\u00fcr Sammler und Kinder.\" width=\"1464\" height=\"600\" title=\"\" srcset=\"\" data-srcset=\"https:\/\/www.mkreborns.com\/wp-content\/uploads\/2026\/01\/Laura-Reborn-Doll1.jpg 1464w, https:\/\/www.mkreborns.com\/wp-content\/uploads\/2026\/01\/Laura-Reborn-Doll1-150x61.jpg 150w, https:\/\/www.mkreborns.com\/wp-content\/uploads\/2026\/01\/Laura-Reborn-Doll1-700x287.jpg 700w, https:\/\/www.mkreborns.com\/wp-content\/uploads\/2026\/01\/Laura-Reborn-Doll1-400x164.jpg 400w, https:\/\/www.mkreborns.com\/wp-content\/uploads\/2026\/01\/Laura-Reborn-Doll1-1300x533.jpg 1300w, https:\/\/www.mkreborns.com\/wp-content\/uploads\/2026\/01\/Laura-Reborn-Doll1-768x315.jpg 768w\" sizes=\"(max-width: 1464px) 100vw, 1464px\" \/> <img decoding=\"async\" class=\"aligncenter wp-image-3301 size-full\" src=\"https:\/\/www.mkreborns.com\/wp-content\/themes\/woodmart\/images\/lazy.svg\" data-src=\"https:\/\/www.mkreborns.com\/wp-content\/uploads\/2026\/01\/Laura-Reborn-Doll2.jpg\" alt=\"Reborn-Puppe mit realistischen Gesichtsz\u00fcgen, weicher Haut und detailreicher Verarbeitung. Perfekt f\u00fcr Sammler.\" width=\"1464\" height=\"600\" title=\"\" srcset=\"\" data-srcset=\"https:\/\/www.mkreborns.com\/wp-content\/uploads\/2026\/01\/Laura-Reborn-Doll2.jpg 1464w, https:\/\/www.mkreborns.com\/wp-content\/uploads\/2026\/01\/Laura-Reborn-Doll2-150x61.jpg 150w, https:\/\/www.mkreborns.com\/wp-content\/uploads\/2026\/01\/Laura-Reborn-Doll2-700x287.jpg 700w, https:\/\/www.mkreborns.com\/wp-content\/uploads\/2026\/01\/Laura-Reborn-Doll2-400x164.jpg 400w, https:\/\/www.mkreborns.com\/wp-content\/uploads\/2026\/01\/Laura-Reborn-Doll2-1300x533.jpg 1300w, https:\/\/www.mkreborns.com\/wp-content\/uploads\/2026\/01\/Laura-Reborn-Doll2-768x315.jpg 768w\" sizes=\"(max-width: 1464px) 100vw, 1464px\" \/> <img decoding=\"async\" class=\"aligncenter wp-image-3302 size-full\" src=\"https:\/\/www.mkreborns.com\/wp-content\/themes\/woodmart\/images\/lazy.svg\" data-src=\"https:\/\/www.mkreborns.com\/wp-content\/uploads\/2026\/01\/Laura-Reborn-Doll3.jpg\" alt=\"Reborn-Silikonpuppe f\u00fcr Jungen, realistisches Neugeborenes mit offenen Augen, 15,7 Zoll gro\u00df, wiegt 3,08 Pfund.\" width=\"1464\" height=\"600\" title=\"\" srcset=\"\" data-srcset=\"https:\/\/www.mkreborns.com\/wp-content\/uploads\/2026\/01\/Laura-Reborn-Doll3.jpg 1464w, https:\/\/www.mkreborns.com\/wp-content\/uploads\/2026\/01\/Laura-Reborn-Doll3-150x61.jpg 150w, https:\/\/www.mkreborns.com\/wp-content\/uploads\/2026\/01\/Laura-Reborn-Doll3-700x287.jpg 700w, https:\/\/www.mkreborns.com\/wp-content\/uploads\/2026\/01\/Laura-Reborn-Doll3-400x164.jpg 400w, https:\/\/www.mkreborns.com\/wp-content\/uploads\/2026\/01\/Laura-Reborn-Doll3-1300x533.jpg 1300w, https:\/\/www.mkreborns.com\/wp-content\/uploads\/2026\/01\/Laura-Reborn-Doll3-768x315.jpg 768w\" sizes=\"(max-width: 1464px) 100vw, 1464px\" \/> <img decoding=\"async\" class=\"aligncenter wp-image-3303 size-full\" src=\"https:\/\/www.mkreborns.com\/wp-content\/themes\/woodmart\/images\/lazy.svg\" data-src=\"https:\/\/www.mkreborns.com\/wp-content\/uploads\/2026\/01\/Laura-Reborn-Doll4.jpg\" alt=\"Ken Ganzk\u00f6rper-Silikon-Reborn-Puppe f\u00fcr realistisches Spielen und Ausstellen.\" width=\"1464\" height=\"600\" title=\"\" srcset=\"\" data-srcset=\"https:\/\/www.mkreborns.com\/wp-content\/uploads\/2026\/01\/Laura-Reborn-Doll4.jpg 1464w, https:\/\/www.mkreborns.com\/wp-content\/uploads\/2026\/01\/Laura-Reborn-Doll4-150x61.jpg 150w, https:\/\/www.mkreborns.com\/wp-content\/uploads\/2026\/01\/Laura-Reborn-Doll4-700x287.jpg 700w, https:\/\/www.mkreborns.com\/wp-content\/uploads\/2026\/01\/Laura-Reborn-Doll4-400x164.jpg 400w, https:\/\/www.mkreborns.com\/wp-content\/uploads\/2026\/01\/Laura-Reborn-Doll4-1300x533.jpg 1300w, https:\/\/www.mkreborns.com\/wp-content\/uploads\/2026\/01\/Laura-Reborn-Doll4-768x315.jpg 768w\" sizes=\"(max-width: 1464px) 100vw, 1464px\" \/> <img decoding=\"async\" class=\"aligncenter wp-image-3304 size-full\" src=\"https:\/\/www.mkreborns.com\/wp-content\/themes\/woodmart\/images\/lazy.svg\" data-src=\"https:\/\/www.mkreborns.com\/wp-content\/uploads\/2026\/01\/Laura-Reborn-Doll5.jpg\" alt=\"Reborn-Puppe von Ken aus Vollsilikon, realistisch und handgefertigt f\u00fcr Sammler und Liebhaber.\" width=\"1464\" height=\"600\" title=\"\" srcset=\"\" data-srcset=\"https:\/\/www.mkreborns.com\/wp-content\/uploads\/2026\/01\/Laura-Reborn-Doll5.jpg 1464w, https:\/\/www.mkreborns.com\/wp-content\/uploads\/2026\/01\/Laura-Reborn-Doll5-150x61.jpg 150w, https:\/\/www.mkreborns.com\/wp-content\/uploads\/2026\/01\/Laura-Reborn-Doll5-700x287.jpg 700w, https:\/\/www.mkreborns.com\/wp-content\/uploads\/2026\/01\/Laura-Reborn-Doll5-400x164.jpg 400w, https:\/\/www.mkreborns.com\/wp-content\/uploads\/2026\/01\/Laura-Reborn-Doll5-1300x533.jpg 1300w, https:\/\/www.mkreborns.com\/wp-content\/uploads\/2026\/01\/Laura-Reborn-Doll5-768x315.jpg 768w\" sizes=\"(max-width: 1464px) 100vw, 1464px\" \/><\/p>","protected":false},"excerpt":{"rendered":"<p>Wenn Sie selten Zeit mit Ihrer Familie verbringen, kann eine Rebirth-Puppe ein tolles Geschenk f\u00fcr Ihre Freunde oder Familie sein und somit eine aufmerksame Geste darstellen.<\/p>","protected":false},"featured_media":3316,"comment_status":"open","ping_status":"closed","template":"","meta":[],"product_brand":[],"product_cat":[145,158,146,153],"product_tag":[],"class_list":{"0":"post-3298","1":"product","2":"type-product","3":"status-publish","4":"has-post-thumbnail","6":"product_cat-baby-boy-reborn-dolls","7":"product_cat-15-inch-baby-dolls","8":"product_cat-full-silicone-reborn-dolls","9":"product_cat-newborn-reborn-dolls","11":"first","12":"instock","13":"sale","14":"shipping-taxable","15":"purchasable","16":"product-type-simple"},"_links":{"self":[{"href":"https:\/\/www.mkreborns.com\/de\/wp-json\/wp\/v2\/product\/3298","targetHints":{"allow":["GET"]}}],"collection":[{"href":"https:\/\/www.mkreborns.com\/de\/wp-json\/wp\/v2\/product"}],"about":[{"href":"https:\/\/www.mkreborns.com\/de\/wp-json\/wp\/v2\/types\/product"}],"replies":[{"embeddable":true,"href":"https:\/\/www.mkreborns.com\/de\/wp-json\/wp\/v2\/comments?post=3298"}],"wp:featuredmedia":[{"embeddable":true,"href":"https:\/\/www.mkreborns.com\/de\/wp-json\/wp\/v2\/media\/3316"}],"wp:attachment":[{"href":"https:\/\/www.mkreborns.com\/de\/wp-json\/wp\/v2\/media?parent=3298"}],"wp:term":[{"taxonomy":"product_brand","embeddable":true,"href":"https:\/\/www.mkreborns.com\/de\/wp-json\/wp\/v2\/product_brand?post=3298"},{"taxonomy":"product_cat","embeddable":true,"href":"https:\/\/www.mkreborns.com\/de\/wp-json\/wp\/v2\/product_cat?post=3298"},{"taxonomy":"product_tag","embeddable":true,"href":"https:\/\/www.mkreborns.com\/de\/wp-json\/wp\/v2\/product_tag?post=3298"}],"curies":[{"name":"wp","href":"https:\/\/api.w.org\/{rel}","templated":true}]}}