{"id":3183,"date":"2026-01-14T15:28:06","date_gmt":"2026-01-14T15:28:06","guid":{"rendered":"https:\/\/www.mkreborns.com\/?post_type=product&#038;p=3183"},"modified":"2026-03-15T15:34:13","modified_gmt":"2026-03-15T15:34:13","slug":"cassie-reborn-silicone-sweet-baby-doll","status":"publish","type":"product","link":"https:\/\/www.mkreborns.com\/de\/product\/cassie-reborn-silicone-sweet-baby-doll\/","title":{"rendered":"Cassie Reborn Silikon-Babypuppe"},"content":{"rendered":"<p>&nbsp;<\/p>\n<p>Wenn Sie diese 1,5 kg schwere Silikon-Geburtspuppe in den Armen halten, vermittelt ihr realistisches Gewicht und ihre angenehme Haptik unmittelbar W\u00e4rme und hilft Ihnen, Elternschaft zu erleben oder sich um ein Kind zu k\u00fcmmern. Bei \u00c4ngsten und Traurigkeit kann diese Puppe ebenfalls Linderung verschaffen. Sie bietet Ihnen ein sicheres Ventil f\u00fcr Ihre Gef\u00fchle, indem Sie Ihre unerf\u00fcllte m\u00fctterliche oder v\u00e4terliche Liebe in sie hineinlegen und Trost in der F\u00fcrsorge f\u00fcr sie finden.<\/p>\n<p>&nbsp;<\/p>\n<p>Geschlecht: M\u00e4dchen<br \/>\nGewicht: 3,3 Pfund<br \/>\nH\u00f6he: 40 cm<br \/>\nMaterial: Silikon<\/p>\n<p>&nbsp;<\/p>\n<div style=\"width: 1920px;\" class=\"wp-video\"><video class=\"wp-video-shortcode\" id=\"video-3183-1\" width=\"1920\" height=\"1080\" preload=\"metadata\" controls=\"controls\"><source type=\"video\/mp4\" src=\"https:\/\/www.mkreborns.com\/wp-content\/uploads\/2026\/01\/cassie-reborn-sweet.mp4?_=1\" \/><a href=\"https:\/\/www.mkreborns.com\/wp-content\/uploads\/2026\/01\/cassie-reborn-sweet.mp4\">https:\/\/www.mkreborns.com\/wp-content\/uploads\/2026\/01\/cassie-reborn-sweet.mp4<\/a><\/video><\/div>\n<p><img decoding=\"async\" class=\"aligncenter wp-image-3261 size-full\" src=\"https:\/\/www.mkreborns.com\/wp-content\/themes\/woodmart\/images\/lazy.svg\" data-src=\"https:\/\/www.mkreborns.com\/wp-content\/uploads\/2026\/01\/a1.jpg\" alt=\"Reborn-Babypuppe aus Silikon f\u00fcr realistisches Spielen und Sammeln. Sicher, weich und emotional beruhigend.\" width=\"1464\" height=\"600\" title=\"\" srcset=\"\" data-srcset=\"https:\/\/www.mkreborns.com\/wp-content\/uploads\/2026\/01\/a1.jpg 1464w, https:\/\/www.mkreborns.com\/wp-content\/uploads\/2026\/01\/a1-150x61.jpg 150w, https:\/\/www.mkreborns.com\/wp-content\/uploads\/2026\/01\/a1-700x287.jpg 700w, https:\/\/www.mkreborns.com\/wp-content\/uploads\/2026\/01\/a1-400x164.jpg 400w, https:\/\/www.mkreborns.com\/wp-content\/uploads\/2026\/01\/a1-1300x533.jpg 1300w, https:\/\/www.mkreborns.com\/wp-content\/uploads\/2026\/01\/a1-768x315.jpg 768w\" sizes=\"(max-width: 1464px) 100vw, 1464px\" \/> <img decoding=\"async\" class=\"aligncenter wp-image-3262 size-full\" src=\"https:\/\/www.mkreborns.com\/wp-content\/themes\/woodmart\/images\/lazy.svg\" data-src=\"https:\/\/www.mkreborns.com\/wp-content\/uploads\/2026\/01\/a2.jpg\" alt=\"Reborn-Babypuppe aus Silikon mit realistischen Gesichtsz\u00fcgen und weicher Haut. Perfekt f\u00fcr Sammler und Liebhaber.\" width=\"1464\" height=\"600\" title=\"\" srcset=\"\" data-srcset=\"https:\/\/www.mkreborns.com\/wp-content\/uploads\/2026\/01\/a2.jpg 1464w, https:\/\/www.mkreborns.com\/wp-content\/uploads\/2026\/01\/a2-150x61.jpg 150w, https:\/\/www.mkreborns.com\/wp-content\/uploads\/2026\/01\/a2-700x287.jpg 700w, https:\/\/www.mkreborns.com\/wp-content\/uploads\/2026\/01\/a2-400x164.jpg 400w, https:\/\/www.mkreborns.com\/wp-content\/uploads\/2026\/01\/a2-1300x533.jpg 1300w, https:\/\/www.mkreborns.com\/wp-content\/uploads\/2026\/01\/a2-768x315.jpg 768w\" sizes=\"(max-width: 1464px) 100vw, 1464px\" \/> <img decoding=\"async\" class=\"aligncenter wp-image-3263 size-full\" src=\"https:\/\/www.mkreborns.com\/wp-content\/themes\/woodmart\/images\/lazy.svg\" data-src=\"https:\/\/www.mkreborns.com\/wp-content\/uploads\/2026\/01\/a3.jpg\" alt=\"Reborn-Babypuppe aus Silikon mit offenen Augen, realistischen Gesichtsz\u00fcgen und weichem Silikonmaterial, perfekt f\u00fcr.\" width=\"1464\" height=\"600\" title=\"\" srcset=\"\" data-srcset=\"https:\/\/www.mkreborns.com\/wp-content\/uploads\/2026\/01\/a3.jpg 1464w, https:\/\/www.mkreborns.com\/wp-content\/uploads\/2026\/01\/a3-150x61.jpg 150w, https:\/\/www.mkreborns.com\/wp-content\/uploads\/2026\/01\/a3-700x287.jpg 700w, https:\/\/www.mkreborns.com\/wp-content\/uploads\/2026\/01\/a3-400x164.jpg 400w, https:\/\/www.mkreborns.com\/wp-content\/uploads\/2026\/01\/a3-1300x533.jpg 1300w, https:\/\/www.mkreborns.com\/wp-content\/uploads\/2026\/01\/a3-768x315.jpg 768w\" sizes=\"(max-width: 1464px) 100vw, 1464px\" \/> <img decoding=\"async\" class=\"aligncenter wp-image-3264 size-full\" src=\"https:\/\/www.mkreborns.com\/wp-content\/themes\/woodmart\/images\/lazy.svg\" data-src=\"https:\/\/www.mkreborns.com\/wp-content\/uploads\/2026\/01\/a4.jpg\" alt=\"Reborn-Babypuppe aus Silikon mit realistischen Gesichtsz\u00fcgen, perfekt f\u00fcr Sammler und Liebhaber.\" width=\"1464\" height=\"600\" title=\"\" srcset=\"\" data-srcset=\"https:\/\/www.mkreborns.com\/wp-content\/uploads\/2026\/01\/a4.jpg 1464w, https:\/\/www.mkreborns.com\/wp-content\/uploads\/2026\/01\/a4-150x61.jpg 150w, https:\/\/www.mkreborns.com\/wp-content\/uploads\/2026\/01\/a4-700x287.jpg 700w, https:\/\/www.mkreborns.com\/wp-content\/uploads\/2026\/01\/a4-400x164.jpg 400w, https:\/\/www.mkreborns.com\/wp-content\/uploads\/2026\/01\/a4-1300x533.jpg 1300w, https:\/\/www.mkreborns.com\/wp-content\/uploads\/2026\/01\/a4-768x315.jpg 768w\" sizes=\"(max-width: 1464px) 100vw, 1464px\" \/> <img decoding=\"async\" class=\"aligncenter wp-image-3265 size-full\" src=\"https:\/\/www.mkreborns.com\/wp-content\/themes\/woodmart\/images\/lazy.svg\" data-src=\"https:\/\/www.mkreborns.com\/wp-content\/uploads\/2026\/01\/a5.jpg\" alt=\"Reborn-Babypuppe aus Silikon f\u00fcr Sammler und Kinder, realistisch und weich im Griff. Perfekt f\u00fcr die liebevolle Pflege.\" width=\"1464\" height=\"600\" title=\"\" srcset=\"\" data-srcset=\"https:\/\/www.mkreborns.com\/wp-content\/uploads\/2026\/01\/a5.jpg 1464w, https:\/\/www.mkreborns.com\/wp-content\/uploads\/2026\/01\/a5-150x61.jpg 150w, https:\/\/www.mkreborns.com\/wp-content\/uploads\/2026\/01\/a5-700x287.jpg 700w, https:\/\/www.mkreborns.com\/wp-content\/uploads\/2026\/01\/a5-400x164.jpg 400w, https:\/\/www.mkreborns.com\/wp-content\/uploads\/2026\/01\/a5-1300x533.jpg 1300w, https:\/\/www.mkreborns.com\/wp-content\/uploads\/2026\/01\/a5-768x315.jpg 768w\" sizes=\"(max-width: 1464px) 100vw, 1464px\" \/><\/p>","protected":false},"excerpt":{"rendered":"<p>Niedliche Reborn-Puppen wecken stets einen Besch\u00fctzerinstinkt. Man kann sie als Gef\u00e4hrten nutzen oder als Kunstobjekte sammeln.<\/p>","protected":false},"featured_media":3250,"comment_status":"open","ping_status":"closed","template":"","meta":[],"product_brand":[],"product_cat":[144,158,146,153,157],"product_tag":[],"class_list":{"0":"post-3183","1":"product","2":"type-product","3":"status-publish","4":"has-post-thumbnail","6":"product_cat-baby-girl-reborn-dolls","7":"product_cat-15-inch-baby-dolls","8":"product_cat-full-silicone-reborn-dolls","9":"product_cat-newborn-reborn-dolls","10":"product_cat-real-life-baby-dolls","12":"first","13":"instock","14":"sale","15":"shipping-taxable","16":"purchasable","17":"product-type-simple"},"_links":{"self":[{"href":"https:\/\/www.mkreborns.com\/de\/wp-json\/wp\/v2\/product\/3183","targetHints":{"allow":["GET"]}}],"collection":[{"href":"https:\/\/www.mkreborns.com\/de\/wp-json\/wp\/v2\/product"}],"about":[{"href":"https:\/\/www.mkreborns.com\/de\/wp-json\/wp\/v2\/types\/product"}],"replies":[{"embeddable":true,"href":"https:\/\/www.mkreborns.com\/de\/wp-json\/wp\/v2\/comments?post=3183"}],"wp:featuredmedia":[{"embeddable":true,"href":"https:\/\/www.mkreborns.com\/de\/wp-json\/wp\/v2\/media\/3250"}],"wp:attachment":[{"href":"https:\/\/www.mkreborns.com\/de\/wp-json\/wp\/v2\/media?parent=3183"}],"wp:term":[{"taxonomy":"product_brand","embeddable":true,"href":"https:\/\/www.mkreborns.com\/de\/wp-json\/wp\/v2\/product_brand?post=3183"},{"taxonomy":"product_cat","embeddable":true,"href":"https:\/\/www.mkreborns.com\/de\/wp-json\/wp\/v2\/product_cat?post=3183"},{"taxonomy":"product_tag","embeddable":true,"href":"https:\/\/www.mkreborns.com\/de\/wp-json\/wp\/v2\/product_tag?post=3183"}],"curies":[{"name":"wp","href":"https:\/\/api.w.org\/{rel}","templated":true}]}}