{"id":3455,"date":"2026-01-21T15:17:36","date_gmt":"2026-01-21T15:17:36","guid":{"rendered":"https:\/\/www.mkreborns.com\/?page_id=3455"},"modified":"2026-01-21T15:17:36","modified_gmt":"2026-01-21T15:17:36","slug":"help-faqs","status":"publish","type":"page","link":"https:\/\/www.mkreborns.com\/de\/help-faqs\/","title":{"rendered":"Hilfe &amp; FAQs"},"content":{"rendered":"<h3>Wie soll ich meine Reborn-Puppe baden und pflegen?<\/h3>\n<div>Vollsilikonpuppen k\u00f6nnen vorsichtig gebadet werden. Puppen mit Stoffk\u00f6rper sollten nur mit einem leicht angefeuchteten Tuch gereinigt und anschlie\u00dfend an der Luft in einem gut bel\u00fcfteten Raum getrocknet werden.<br \/>\nWir empfehlen, die Puppe bei Nichtgebrauch sicher in ihrer Schachtel aufzubewahren und sie vor l\u00e4ngerer Sonneneinstrahlung zu sch\u00fctzen.<\/div>\n<hr \/>\n<h3>K\u00f6nnen Ihre Babys posieren?<\/h3>\n<div>Ja. Alle MK Reborn-Babys sind bis zu einem gewissen Grad beweglich. Wie echte S\u00e4uglinge ben\u00f6tigen sie jedoch unter Umst\u00e4nden sanfte Unterst\u00fctzung oder ein leichtes Wiegen, um bestimmte Posen einzunehmen.<\/div>\n<hr \/>\n<h3>Sind bei den Reborn-Puppen Zubeh\u00f6rteile enthalten?<\/h3>\n<div>Absolut. Jedes Mk Reborn Baby kommt komplett angezogen, mit Schnuller und Windel. Ihre Puppe ist sofort nach dem Auspacken bereit zum Kuscheln.<\/div>\n<hr \/>\n<h3>Handelt es sich bei den dunkelroten Falten auf der Haut um Hautdefekte oder Kratzer?<\/h3>\n<div>Keineswegs. Diese tieferen roten Falten sind ein charakteristisches und gewolltes Merkmal, keine Fehler. Sie treten nat\u00fcrlicherweise an den Gliedma\u00dfen auf, insbesondere bei Puppen mit einer Gr\u00f6\u00dfe von 56\u201361 cm, und erh\u00f6hen den Realismus.<\/div>\n<hr \/>\n<h3>Welche Kleidergr\u00f6\u00dfen passen zu verschiedenen Reborn-Puppengr\u00f6\u00dfen?<\/h3>\n<div>Unsere Puppen sind zwischen 5 und 24 Zoll gro\u00df:<\/div>\n<ul>\n<li>5 Zoll: Ma\u00dfgeschneiderte Kleidung erforderlich<\/li>\n<li>12\u201320 Zoll: Passend f\u00fcr Neugeborene \/ Babykleidung von 0\u20133 Monaten<\/li>\n<li>22 Zoll: Passend f\u00fcr Babykleidung der Gr\u00f6\u00dfe 3\u20136 Monate.<\/li>\n<li>24 Zoll: Passend f\u00fcr Babykleidung im Alter von 6\u20139 Monaten.<\/li>\n<\/ul>\n<hr \/>\n<h3>Enthalten Ihre Reborn-Puppen Magnete?<\/h3>\n<div>Ja. Viele unserer Puppen enthalten kleine Magnete (f\u00fcr Schnuller oder Zubeh\u00f6r). Diese Puppen sind nicht f\u00fcr Personen mit Herzschrittmachern, H\u00f6rger\u00e4ten oder Magnetfeldempfindlichkeit geeignet.<\/div>\n<hr \/>\n<h3>Sind Ihre Puppen f\u00fcr Kinder unter 14 Jahren geeignet?<\/h3>\n<div>Alle Mk Reborns Puppen sind sicherheitsgepr\u00fcft und f\u00fcr Kinder ab 3 Jahren geeignet, werden aber besonders von erwachsenen Sammlern gesch\u00e4tzt.<br \/>\nUnsere 5-Zoll-Minipuppen sind nur f\u00fcr j\u00fcngere Kinder unter strenger Aufsicht von Erwachsenen geeignet.<\/div>\n<hr \/>\n<h3>Welche Zahlungsmethoden akzeptieren Sie?<\/h3>\n<div>Bestellungen k\u00f6nnen direkt \u00fcber unsere Website mit g\u00e4ngigen Kreditkarten, Debitkarten oder PayPal aufgegeben werden.<\/div>\n<hr \/>\n<h3>Wie kann ich meine Bestellung und die Lieferzeit verfolgen?<\/h3>\n<div>Sobald Ihre Bestellung versandt wurde, erhalten Sie eine Best\u00e4tigungs-E-Mail mit einer Sendungsverfolgungsnummer.<br \/>\nInformationen zu Versandarten und voraussichtlichen Lieferzeiten finden Sie auf unserer Seite mit Versandinformationen.<\/div>\n<hr \/>\n<h3>Liefern Sie in mein Land?<\/h3>\n<div>Ja. Wir unterhalten lokale Lagerbest\u00e4nde in den Vereinigten Staaten, der EU, Kanada, Australien und Gro\u00dfbritannien.<br \/>\nBestellungen werden innerhalb von 3\u20137 Werktagen geliefert, und der Versand ist f\u00fcr alle Reborn-Puppenk\u00e4ufe kostenlos.<\/div>\n<hr \/>\n<h3>Ben\u00f6tigen Sie noch Hilfe?<\/h3>\n<div>Wir helfen Ihnen jederzeit gerne weiter.<\/div>\n<div>\ud83d\udce7 E-Mail: <a href=\"mailto:support@mkreborns.com\">support@mkreborns.com<\/a><\/div>","protected":false},"excerpt":{"rendered":"<p>Wie bade und pflege ich meine Reborn-Puppe? Vollsilikonpuppen k\u00f6nnen vorsichtig gebadet werden. Puppen mit Stoffk\u00f6rper sollten\u2026<\/p>","protected":false},"author":1,"featured_media":0,"parent":0,"menu_order":0,"comment_status":"closed","ping_status":"closed","template":"","meta":{"footnotes":""},"class_list":["post-3455","page","type-page","status-publish","hentry"],"_links":{"self":[{"href":"https:\/\/www.mkreborns.com\/de\/wp-json\/wp\/v2\/pages\/3455","targetHints":{"allow":["GET"]}}],"collection":[{"href":"https:\/\/www.mkreborns.com\/de\/wp-json\/wp\/v2\/pages"}],"about":[{"href":"https:\/\/www.mkreborns.com\/de\/wp-json\/wp\/v2\/types\/page"}],"author":[{"embeddable":true,"href":"https:\/\/www.mkreborns.com\/de\/wp-json\/wp\/v2\/users\/1"}],"replies":[{"embeddable":true,"href":"https:\/\/www.mkreborns.com\/de\/wp-json\/wp\/v2\/comments?post=3455"}],"version-history":[{"count":0,"href":"https:\/\/www.mkreborns.com\/de\/wp-json\/wp\/v2\/pages\/3455\/revisions"}],"wp:attachment":[{"href":"https:\/\/www.mkreborns.com\/de\/wp-json\/wp\/v2\/media?parent=3455"}],"curies":[{"name":"wp","href":"https:\/\/api.w.org\/{rel}","templated":true}]}}