{"id":3454,"date":"2026-01-21T15:16:46","date_gmt":"2026-01-21T15:16:46","guid":{"rendered":"https:\/\/www.mkreborns.com\/?page_id=3454"},"modified":"2026-01-28T02:26:13","modified_gmt":"2026-01-28T02:26:13","slug":"shipping-policy","status":"publish","type":"page","link":"https:\/\/www.mkreborns.com\/de\/shipping-policy\/","title":{"rendered":"Versandrichtlinien"},"content":{"rendered":"<div>Vielen Dank, dass Sie sich f\u00fcr Mk Reborns entschieden haben. Ihre Bestellung wird sorgf\u00e4ltig vorbereitet und effizient und diskret versandt.<\/div>\n<hr \/>\n<h2>Kostenloser weltweiter Versand<\/h2>\n<div>Wir bieten kostenlosen Versand aus strategisch g\u00fcnstig gelegenen \u00dcberseelagern in den USA, Europa, Kanada, Gro\u00dfbritannien und Australien an.<br \/>\nSofern die Artikel lokal auf Lager sind, werden sie vom n\u00e4chstgelegenen Lager versandt, um eine schnellere Lieferung zu gew\u00e4hrleisten.<\/div>\n<hr \/>\n<h2>Voraussichtliche Lieferzeit (Lagerartikel)<\/h2>\n<div>\n<table border=\"1\" data-coda-grid-id=\"grid-O7-V0P1M6p\" data-coda-display-column-id=\"c-gzvnCsHVXd\" data-coda-view-config-inheritsdefaultformat=\"false\" data-coda-view-config-tablesearch=\"&quot;AlwaysShow&quot;\" data-coda-grid-configuration-set=\"SimpleTable\">\n<tbody>\n<tr>\n<td>Los Angeles, USA<\/td>\n<td>\n<div>Vereinigte Staaten (F\u00fcr Alaska und Hawaii wird ein Aufpreis von ca. 100 USD erhoben)<\/div>\n<\/td>\n<td>3\u20135 Werktage<\/td>\n<\/tr>\n<tr>\n<td>EU-Lager (Deutschland \/ Polen)<\/td>\n<td>Die meisten EU- und ausgew\u00e4hlten EWR-L\u00e4nder<\/td>\n<td>3\u201310 Werktage<\/td>\n<\/tr>\n<tr>\n<td>Vancouver<\/td>\n<td>Kanada<\/td>\n<td>3\u20135 Werktage<\/td>\n<\/tr>\n<tr>\n<td>Sydney<\/td>\n<td>Australien<\/td>\n<td>3\u20137 Werktage<\/td>\n<\/tr>\n<tr>\n<td>Vereinigtes K\u00f6nigreich<\/td>\n<td>Vereinigtes K\u00f6nigreich<\/td>\n<td>3\u20137 Werktage<\/td>\n<\/tr>\n<\/tbody>\n<\/table>\n<\/div>\n<div>Hinweis: Die meisten Bestellungen werden innerhalb von 48 Stunden bearbeitet und versandt. Die durchschnittliche Lieferzeit betr\u00e4gt 3\u20135 Werktage, sofern keine au\u00dfergew\u00f6hnlichen Umst\u00e4nde vorliegen.<\/div>\n<hr \/>\n<h2>Zoll und Geb\u00fchren<\/h2>\n<div>Falls die Artikel vor Ort nicht verf\u00fcgbar sind, werden sie gegebenenfalls aus einem anderen Land versendet.<br \/>\nIn Ausnahmef\u00e4llen werden die Empf\u00e4nger gebeten, bei der Zollabfertigung oder der Einfuhrabgaben mitzuwirken.<\/div>\n<div>F\u00fcr Norwegen, die Schweiz, Island und Mexiko liegt die Zollabfertigung und die Zahlung der anfallenden Steuern ausschlie\u00dflich in der Verantwortung des Empf\u00e4ngers.<\/div>\n<hr \/>\n<h2>Auftragsverfolgung<\/h2>\n<div>Nach dem Versand erhalten Sie eine Best\u00e4tigungs-E-Mail mit den Sendungsverfolgungsdaten.<br \/>\nDie Aktualisierung der Sendungsverfolgungsinformationen kann bis zu 48 Stunden dauern.<\/div>\n<hr \/>\n<h2>Teillieferungen<\/h2>\n<div>Bestellungen mit mehreren Artikeln k\u00f6nnen in separaten Paketen eintreffen.<br \/>\nSollte ein Teil Ihrer Bestellung zuerst eintreffen, befinden sich die restlichen Artikel noch im Versand.<\/div>\n<hr \/>\n<h2>Lieferprobleme<\/h2>\n<ul>\n<li>Als zugestellt markiert, aber nicht erhalten: Kontaktieren Sie umgehend den Kurierdienst und senden Sie eine E-Mail. <a href=\"http:\/\/\">support@mkreborns.com<\/a>.<\/li>\n<li>Besch\u00e4digte Artikel: Dokumentieren Sie den Schaden mit aussagekr\u00e4ftigen Fotos oder Videos und reichen Sie anschlie\u00dfend eine Schadensmeldung beim Kurierdienst ein.<\/li>\n<li>Falsche Artikel: Bitte senden Sie uns Foto- und Videobeweise. Unser Kundenservice-Team wird das Problem schnellstm\u00f6glich l\u00f6sen.<\/li>\n<\/ul>\n<hr \/>\n<h2>R\u00fcckgabe &amp; Umtausch<\/h2>\n<div>Bitte kontaktieren Sie uns. <a href=\"http:\/\/\">support@mkreborns.com<\/a> vor Einleitung einer R\u00fccksendung.<br \/>\nUnberechtigte R\u00fccksendungen oder Annahmeverweigerungen werden nicht akzeptiert.<\/div>\n<div>Die Artikel m\u00fcssen unbenutzt und in der unge\u00f6ffneten inneren Schutzverpackung bleiben.<br \/>\nDie vollst\u00e4ndigen R\u00fcckgabebedingungen entnehmen Sie bitte unseren R\u00fcckgabebestimmungen.<\/div>","protected":false},"excerpt":{"rendered":"<p>Vielen Dank, dass Sie sich f\u00fcr Mk Reborns entschieden haben. Ihre Bestellung wird sorgf\u00e4ltig vorbereitet und effizient und diskret versendet. Weltweiter Versand kostenlos.<\/p>","protected":false},"author":1,"featured_media":0,"parent":0,"menu_order":0,"comment_status":"closed","ping_status":"closed","template":"","meta":{"footnotes":""},"class_list":["post-3454","page","type-page","status-publish","hentry"],"_links":{"self":[{"href":"https:\/\/www.mkreborns.com\/de\/wp-json\/wp\/v2\/pages\/3454","targetHints":{"allow":["GET"]}}],"collection":[{"href":"https:\/\/www.mkreborns.com\/de\/wp-json\/wp\/v2\/pages"}],"about":[{"href":"https:\/\/www.mkreborns.com\/de\/wp-json\/wp\/v2\/types\/page"}],"author":[{"embeddable":true,"href":"https:\/\/www.mkreborns.com\/de\/wp-json\/wp\/v2\/users\/1"}],"replies":[{"embeddable":true,"href":"https:\/\/www.mkreborns.com\/de\/wp-json\/wp\/v2\/comments?post=3454"}],"version-history":[{"count":0,"href":"https:\/\/www.mkreborns.com\/de\/wp-json\/wp\/v2\/pages\/3454\/revisions"}],"wp:attachment":[{"href":"https:\/\/www.mkreborns.com\/de\/wp-json\/wp\/v2\/media?parent=3454"}],"curies":[{"name":"wp","href":"https:\/\/api.w.org\/{rel}","templated":true}]}}