{"id":3449,"date":"2026-01-20T14:40:52","date_gmt":"2026-01-20T14:40:52","guid":{"rendered":"https:\/\/www.mkreborns.com\/?page_id=3449"},"modified":"2026-01-28T02:03:34","modified_gmt":"2026-01-28T02:03:34","slug":"terms-conditions","status":"publish","type":"page","link":"https:\/\/www.mkreborns.com\/de\/terms-conditions\/","title":{"rendered":"Allgemeine Gesch\u00e4ftsbedingungen"},"content":{"rendered":"<h2 class=\"wp-block-heading\">1. Einleitung<\/h2>\r\n\r\n\r\n\r\n<p>Diese Allgemeinen Gesch\u00e4ftsbedingungen (die \u201cBedingungen\u201d) regeln Ihren Zugriff auf und Ihre Nutzung von <strong>mkreborns.com<\/strong> (die \u201cWebsite\u201d), ein digitales Angebot, das von <strong>Mk Reborns<\/strong> (\u201cwir\u201d, \u201cuns\u201d, \u201cunser\u201d).<\/p>\r\n\r\n\r\n\r\n<p>Zur Klarstellung: Jegliche Bezugnahme auf \u201cSie\u201d, \u201cIhr\u201d oder \u201cKunde\u201d bezieht sich hier auf jede nat\u00fcrliche oder juristische Person, die Produkte von Mk Reborns \u00fcber diese Website erwirbt.<\/p>\r\n\r\n\r\n\r\n<p>Ihre gesetzlichen Verbraucherrechte bleiben unber\u00fchrt.<\/p>\r\n\r\n\r\n\r\n<p>Durch den Zugriff auf diese Website, das Durchsuchen dieser Website oder die Aufgabe einer Bestellung \u00fcber diese Website best\u00e4tigen Sie, dass Sie diese Nutzungsbedingungen sowie unsere Datenschutzrichtlinien gelesen, verstanden und akzeptiert haben und an diese rechtlich gebunden sind. <strong>Datenschutzrichtlinie<\/strong>, <strong>R\u00fcckgaberecht<\/strong>, Und <strong>Versandrichtlinien<\/strong>, die zusammen die gesamte Vereinbarung zwischen Ihnen und Mk Reborns bilden.<\/p>\r\n\r\n\r\n\r\n<p>Wenn Sie diese Bedingungen nicht vollst\u00e4ndig akzeptieren, d\u00fcrfen Sie \u00fcber diese Website keine Bestellung aufgeben.<\/p>\r\n\r\n\r\n<hr class=\"wp-block-separator has-alpha-channel-opacity\" \/>\r\n\r\n\r\n<h2 class=\"wp-block-heading\">2. \u00c4nderungen dieser Bedingungen<\/h2>\r\n\r\n\r\n\r\n<p>Mk Reborns beh\u00e4lt sich das Recht vor, diese Bedingungen jederzeit ohne vorherige Ank\u00fcndigung zu \u00fcberarbeiten, zu \u00e4ndern oder zu ersetzen.<br \/>F\u00fcr diese Transaktion gelten die zum Zeitpunkt Ihrer Bestellung g\u00fcltigen Allgemeinen Gesch\u00e4ftsbedingungen.<\/p>\r\n\r\n\r\n\r\n<p>Wir empfehlen Ihnen, diese Bedingungen vor jedem Kauf zu lesen.<\/p>\r\n\r\n\r\n<hr class=\"wp-block-separator has-alpha-channel-opacity\" \/>\r\n\r\n\r\n<h2 class=\"wp-block-heading\">3. Gesetzliche Altersvoraussetzung<\/h2>\r\n\r\n\r\n\r\n<p>Mit der Aufgabe einer Bestellung auf dieser Website versichern Sie, dass Sie vollj\u00e4hrig sind und somit berechtigt, die angebotenen Produkte zu erwerben.<\/p>\r\n\r\n\r\n\r\n<p>Wenn wir begr\u00fcndet annehmen, dass eine Bestellung von einer Person aufgegeben wurde, die das gesetzliche Mindestalter nicht erf\u00fcllt, behalten wir uns das Recht vor, diese Bestellung ohne Haftung zu stornieren.<\/p>\r\n\r\n\r\n<hr class=\"wp-block-separator has-alpha-channel-opacity\" \/>\r\n\r\n\r\n<h2 class=\"wp-block-heading\">4. Zustandekommen des Vertrags<\/h2>\r\n\r\n\r\n\r\n<p>Alle \u00fcber diese Website aufgegebenen Bestellungen unterliegen der Annahme durch Mk Reborns und der Produktverf\u00fcgbarkeit.<\/p>\r\n\r\n\r\n\r\n<p>Wir behalten uns das uneingeschr\u00e4nkte Recht vor, Bestellungen aus beliebigen Gr\u00fcnden abzulehnen oder zu stornieren, insbesondere bei Lagerengp\u00e4ssen, Preisfehlern oder Verdacht auf betr\u00fcgerische Aktivit\u00e4ten.<\/p>\r\n\r\n\r\n\r\n<p>Ein verbindlicher Vertrag kommt erst dann zustande, wenn Mk Reborns die bestellte Ware versendet und eine Versandbest\u00e4tigung per E-Mail ausstellt.<\/p>\r\n\r\n\r\n<hr class=\"wp-block-separator has-alpha-channel-opacity\" \/>\r\n\r\n\r\n<h2 class=\"wp-block-heading\">5. Preisgestaltung und Genauigkeit<\/h2>\r\n\r\n\r\n\r\n<p>Wir bem\u00fchen uns, sicherzustellen, dass alle angezeigten Preise zum Zeitpunkt der Ver\u00f6ffentlichung korrekt sind, behalten uns jedoch das Recht vor, die Preise jederzeit zu \u00e4ndern.<\/p>\r\n\r\n\r\n\r\n<p>Sollte eine Preisanpassung Ihre Bestellung wesentlich beeinflussen, werden Sie vor dem Versand benachrichtigt.<\/p>\r\n\r\n\r\n<hr class=\"wp-block-separator has-alpha-channel-opacity\" \/>\r\n\r\n\r\n<h2 class=\"wp-block-heading\">6. Widerrufsrecht (EU- und britische Verbraucher)<\/h2>\r\n\r\n\r\n\r\n<p>Wenn Sie ein Verbraucher mit Wohnsitz in der Europ\u00e4ischen Union oder im Vereinigten K\u00f6nigreich sind, haben Sie m\u00f6glicherweise das Recht, Ihre Bestellung innerhalb von vierzehn (14) Werktagen ab Erhalt der Ware gem\u00e4\u00df den geltenden Verbraucherschutzgesetzen zu stornieren.<\/p>\r\n\r\n\r\n\r\n<p>R\u00fcckerstattungen nach einer Stornierung werden gem\u00e4\u00df Ihren gesetzlichen Rechten bearbeitet.<\/p>\r\n\r\n\r\n\r\n<p>Die R\u00fcckgabebedingungen und -verfahren k\u00f6nnen je nach Region variieren. Bitte beachten Sie unsere <strong>R\u00fcckgaberecht<\/strong> f\u00fcr weitere Details.<\/p>\r\n\r\n\r\n<hr class=\"wp-block-separator has-alpha-channel-opacity\" \/>\r\n\r\n\r\n<h2 class=\"wp-block-heading\">7. Marketingkommunikation<\/h2>\r\n\r\n\r\n\r\n<p>Informationen zu E-Mail-Kommunikation und Werbebotschaften finden Sie in unserem [Link zu den Datenschutzbestimmungen]. <strong>Datenschutzrichtlinie<\/strong>.<\/p>\r\n\r\n\r\n\r\n<p>Mit der Angabe Ihrer Kontaktdaten stimmen Sie der Kommunikation gem\u00e4\u00df dieser Richtlinie zu.<\/p>\r\n\r\n\r\n<hr class=\"wp-block-separator has-alpha-channel-opacity\" \/>\r\n\r\n\r\n<h2 class=\"wp-block-heading\">8. Datenschutz und Datensicherheit<\/h2>\r\n\r\n\r\n\r\n<p>Unser <strong>Datenschutzrichtlinie<\/strong> erkl\u00e4rt, wie personenbezogene Daten erhoben, verarbeitet, gespeichert, weitergegeben und aufbewahrt werden.<\/p>\r\n\r\n\r\n\r\n<p>Wir setzen wirtschaftlich angemessene Sicherheitsvorkehrungen ein, um die Datensicherheit und die Einhaltung der in Ihrem Zust\u00e4ndigkeitsbereich geltenden Datenschutzgesetze zu gew\u00e4hrleisten.<\/p>\r\n\r\n\r\n\r\n<p>Cookies und \u00e4hnliche Technologien werden verwendet, um die Funktionalit\u00e4t der Website zu verbessern. Weitere Informationen finden Sie in unserer Datenschutzerkl\u00e4rung. <strong>Cookie-Richtlinie<\/strong>.<\/p>\r\n\r\n\r\n<hr class=\"wp-block-separator has-alpha-channel-opacity\" \/>\r\n\r\n\r\n<h2 class=\"wp-block-heading\">9. Betrugspr\u00e4vention<\/h2>\r\n\r\n\r\n\r\n<p>Mk Reborns setzt strenge Betrugspr\u00e4ventionsma\u00dfnahmen ein und nutzt Verifizierungs- und \u00dcberwachungsdienste von Drittanbietern.<\/p>\r\n\r\n\r\n\r\n<p>Jeder Versuch, falsche, irref\u00fchrende oder ungenaue Informationen zum Zwecke des Betrugs bereitzustellen, kann den zust\u00e4ndigen Betrugsbek\u00e4mpfungsbeh\u00f6rden gemeldet werden.<\/p>\r\n\r\n\r\n\r\n<p>Wir behalten uns das Recht vor, Konten, die im Verdacht stehen, betr\u00fcgerisch zu handeln, zu sperren oder zu k\u00fcndigen.<\/p>\r\n\r\n\r\n<hr class=\"wp-block-separator has-alpha-channel-opacity\" \/>\r\n\r\n\r\n<h2 class=\"wp-block-heading\">10. Automatisierter Zugriff &amp; Web-Roboter<\/h2>\r\n\r\n\r\n\r\n<p>Nur automatisierte Softwareanwendungen, die ausdr\u00fccklich von Mk Reborns autorisiert wurden und unseren Richtlinien zur Roboternutzung entsprechen (\u201cZul\u00e4ssige Bots\u201d), d\u00fcrfen auf diese Website zugreifen.<\/p>\r\n\r\n\r\n\r\n<p>Zu den nicht autorisierten Bots geh\u00f6ren unter anderem Skripte, die Server \u00fcberlasten, Warenkorbaktivit\u00e4ten automatisieren, Inhalte extrahieren oder das Kundenerlebnis st\u00f6ren.<\/p>\r\n\r\n\r\n\r\n<p>Wir behalten uns das Recht vor, solche Zugriffe zu sperren und die zugeh\u00f6rigen Konten unverz\u00fcglich zu suspendieren.<\/p>\r\n\r\n\r\n\r\n<p>Sie verpflichten sich, Mk Reborns von allen Verlusten, Kosten und Ausgaben freizustellen, die durch unbefugten automatisierten Zugriff entstehen.<\/p>\r\n\r\n\r\n<hr class=\"wp-block-separator has-alpha-channel-opacity\" \/>\r\n\r\n\r\n<h2 class=\"wp-block-heading\">11. Geistiges Eigentum<\/h2>\r\n\r\n\r\n\r\n<p>S\u00e4mtliche Inhalte dieser Website, einschlie\u00dflich Texte, Bilder, Grafiken und Layout, sind, sofern nicht anders angegeben, ausschlie\u00dfliches Eigentum von Mk Reborns.<\/p>\r\n\r\n\r\n\r\n<p>Ohne vorherige schriftliche Zustimmung d\u00fcrfen die Inhalte weder vervielf\u00e4ltigt, weiterverbreitet, ver\u00e4ndert noch f\u00fcr kommerzielle Zwecke genutzt werden, ausgenommen ist der pers\u00f6nliche, nichtkommerzielle Gebrauch.<\/p>\r\n\r\n\r\n\r\n<p>Sie stimmen zu, keine abgeleiteten Werke aus den Inhalten der Website zu erstellen.<\/p>\r\n\r\n\r\n<hr class=\"wp-block-separator has-alpha-channel-opacity\" \/>\r\n\r\n\r\n<h2 class=\"wp-block-heading\">12. Gew\u00e4hrleistungsausschluss<\/h2>\r\n\r\n\r\n\r\n<p>Diese Website wird im Ist-Zustand und nach Verf\u00fcgbarkeit bereitgestellt.<\/p>\r\n\r\n\r\n\r\n<p>Wir \u00fcbernehmen keine Gew\u00e4hr, weder ausdr\u00fccklich noch stillschweigend, f\u00fcr ununterbrochenen Zugriff, Genauigkeit, fehlerfreien Betrieb oder das Fehlen sch\u00e4dlicher Komponenten.<\/p>\r\n\r\n\r\n\r\n<p>Nichts in diesem Haftungsausschluss schr\u00e4nkt Ihre gesetzlichen Rechte in Bezug auf gekaufte Waren ein.<\/p>\r\n\r\n\r\n<hr class=\"wp-block-separator has-alpha-channel-opacity\" \/>\r\n\r\n\r\n<h2 class=\"wp-block-heading\">13. Haftungsbeschr\u00e4nkung<\/h2>\r\n\r\n\r\n\r\n<p>Soweit gesetzlich zul\u00e4ssig, haftet Mk Reborns nicht f\u00fcr:<\/p>\r\n\r\n\r\n\r\n<ul class=\"wp-block-list\">\r\n<li>Verluste, die zum Zeitpunkt des Vertragsschlusses nicht vern\u00fcnftigerweise vorhersehbar waren;<\/li>\r\n\r\n\r\n\r\n<li>Sch\u00e4den, die nicht durch unseren Vertragsbruch verursacht wurden;<\/li>\r\n\r\n\r\n\r\n<li>Gesch\u00e4ftsverluste oder Verluste, die nicht dem Verbraucher zuzurechnen sind.<\/li>\r\n<\/ul>\r\n\r\n\r\n\r\n<p>Wir schlie\u00dfen die Haftung f\u00fcr Folgendes nicht aus und beschr\u00e4nken sie nicht:<\/p>\r\n\r\n\r\n\r\n<p>(a) Tod oder K\u00f6rperverletzung, die durch Fahrl\u00e4ssigkeit verursacht wurden;<br \/>b) Betrug oder arglistige T\u00e4uschung;<br \/>c) Verletzung gesetzlicher, impliziter Bestimmungen in Bezug auf Eigentumsrecht, Beschreibung, Qualit\u00e4t oder Eignung;<br \/>d) Haftung nach den geltenden Verbraucherschutzgesetzen.<\/p>\r\n\r\n\r\n<hr class=\"wp-block-separator has-alpha-channel-opacity\" \/>\r\n\r\n\r\n<h2 class=\"wp-block-heading\">14. Zul\u00e4ssige Nutzung<\/h2>\r\n\r\n\r\n\r\n<p>Sie stimmen zu, diese Website ausschlie\u00dflich f\u00fcr rechtm\u00e4\u00dfige Zwecke und in einer Weise zu nutzen, die die Rechte anderer nicht verletzt oder deren Nutzung der Website nicht einschr\u00e4nkt.<\/p>\r\n\r\n\r\n\r\n<p>Verbotenes Verhalten umfasst unter anderem Bel\u00e4stigung, die Verbreitung anst\u00f6\u00dfigen Materials oder die St\u00f6rung des normalen Website-Betriebs.<\/p>\r\n\r\n\r\n<hr class=\"wp-block-separator has-alpha-channel-opacity\" \/>\r\n\r\n\r\n<h2 class=\"wp-block-heading\">15. Von Nutzern generierte Inhalte (Rezensionen, Bilder, Einsendungen)<\/h2>\r\n\r\n\r\n\r\n<p>Mit dem Einreichen von Rezensionen, Bewertungen, Bildern oder anderen Inhalten versichern Sie, dass:<\/p>\r\n\r\n\r\n\r\n<ul class=\"wp-block-list\">\r\n<li>Sie besitzen s\u00e4mtliche geistigen Eigentumsrechte daran;<\/li>\r\n\r\n\r\n\r\n<li>Sie haben auf alle Urheberpers\u00f6nlichkeitsrechte verzichtet.<\/li>\r\n\r\n\r\n\r\n<li>Der Inhalt ist wahrheitsgem\u00e4\u00df und rechtm\u00e4\u00dfig.<\/li>\r\n\r\n\r\n\r\n<li>Sie sind mindestens achtzehn (18) Jahre alt.<\/li>\r\n<\/ul>\r\n\r\n\r\n\r\n<p>Sie erteilen Mk Reborns eine unbefristete, unwiderrufliche, geb\u00fchrenfreie, weltweite Lizenz zur Nutzung, Vervielf\u00e4ltigung, \u00c4nderung, Ver\u00f6ffentlichung, \u00dcbersetzung, Verbreitung und anderweitigen Verwertung dieser Inhalte ohne Entsch\u00e4digung.<\/p>\r\n\r\n\r\n\r\n<p>Wir behalten uns das Recht vor, Inhalte nach eigenem Ermessen zu bearbeiten, zu entfernen oder deren Ver\u00f6ffentlichung abzulehnen.<\/p>\r\n\r\n\r\n\r\n<p>Sie bleiben allein verantwortlich f\u00fcr die von Ihnen eingereichten Inhalte.<\/p>\r\n\r\n\r\n<hr class=\"wp-block-separator has-alpha-channel-opacity\" \/>\r\n\r\n\r\n<h2 class=\"wp-block-heading\">16. Treueprogramm<\/h2>\r\n\r\n\r\n\r\n<p>Wir restrukturieren unser Treueprogramm.<br \/>Bestehende Punktesysteme k\u00f6nnen ohne weitere Gutschrift oder Einl\u00f6sung von Punkten eingestellt werden.<\/p>\r\n\r\n\r\n<hr class=\"wp-block-separator has-alpha-channel-opacity\" \/>\r\n\r\n\r\n<h2 class=\"wp-block-heading\">17. Umsatzsteuer (Vereinigte Staaten)<\/h2>\r\n\r\n\r\n\r\n<p>Die gegebenenfalls anfallende Umsatz- oder Nutzungssteuer wird anhand Ihrer Lieferadresse berechnet und Ihnen w\u00e4hrend des Bestellvorgangs angezeigt.<\/p>\r\n\r\n\r\n\r\n<p>Die angezeigten Steuerbetr\u00e4ge sind Sch\u00e4tzungen; die endg\u00fcltige Steuer wird nach Abschluss der Bestellung best\u00e4tigt.<\/p>\r\n\r\n\r\n<hr class=\"wp-block-separator has-alpha-channel-opacity\" \/>\r\n\r\n\r\n<h2 class=\"wp-block-heading\">18. Externe Links<\/h2>\r\n\r\n\r\n\r\n<p>Diese Website kann Links zu Websites Dritter enthalten.<br \/>Wir haben keine Kontrolle \u00fcber solche Seiten und unterst\u00fctzen diese auch nicht. F\u00fcr deren Inhalte \u00fcbernehmen wir keine Verantwortung.<\/p>\r\n\r\n\r\n<hr class=\"wp-block-separator has-alpha-channel-opacity\" \/>\r\n\r\n\r\n<h2 class=\"wp-block-heading\">19. Anwendbares Recht und Gerichtsstand<\/h2>\r\n<div>Diese Bedingungen und alle Streitigkeiten oder Anspr\u00fcche, die sich aus oder im Zusammenhang mit ihnen ergeben (einschlie\u00dflich au\u00dfervertraglicher Streitigkeiten oder Anspr\u00fcche), unterliegen dem Recht der Sonderverwaltungszone Hongkong (HKSAR) und sind nach diesem auszulegen, ohne Ber\u00fccksichtigung der kollisionsrechtlichen Grunds\u00e4tze.<\/div>\r\n<div>Sie stimmen unwiderruflich zu, dass die Gerichte von Hongkong die ausschlie\u00dfliche Zust\u00e4ndigkeit f\u00fcr die Beilegung von Streitigkeiten oder Anspr\u00fcchen haben, die sich aus oder im Zusammenhang mit diesen Bedingungen oder Ihrer Nutzung der Website ergeben.<\/div>\r\n\r\n\r\n<hr class=\"wp-block-separator has-alpha-channel-opacity\" \/>\r\n\r\n\r\n<h2 class=\"wp-block-heading\">20. H\u00f6here Gewalt<\/h2>\r\n\r\n\r\n\r\n<p>Wir haften nicht f\u00fcr Leistungsst\u00f6rungen oder -verz\u00f6gerungen, die auf Ereignisse zur\u00fcckzuf\u00fchren sind, die au\u00dferhalb unserer zumutbaren Kontrolle liegen, insbesondere Naturkatastrophen, Pandemien, staatliche Ma\u00dfnahmen oder innere Unruhen.<\/p>\r\n\r\n\r\n\r\n<p>Die betroffenen Verpflichtungen werden f\u00fcr die Dauer des Ereignisses ausgesetzt.<\/p>\r\n\r\n\r\n<hr class=\"wp-block-separator has-alpha-channel-opacity\" \/>\r\n\r\n\r\n<h2 class=\"wp-block-heading\">21. Abtretung und Salvatorische Klausel<\/h2>\r\n\r\n\r\n\r\n<p>Wir k\u00f6nnen unsere Rechte und Pflichten aus diesen Bedingungen abtreten, ohne dass Ihre Rechte dadurch beeintr\u00e4chtigt werden.<\/p>\r\n\r\n\r\n\r\n<p>Sie d\u00fcrfen Ihre Rechte nicht ohne unsere schriftliche Zustimmung abtreten.<\/p>\r\n\r\n\r\n\r\n<p>Sollte eine Bestimmung f\u00fcr nicht durchsetzbar erkl\u00e4rt werden, bleiben die \u00fcbrigen Bestimmungen vollumf\u00e4nglich in Kraft.<\/p>\r\n\r\n\r\n<hr class=\"wp-block-separator has-alpha-channel-opacity\" \/>\r\n\r\n\r\n<h2 class=\"wp-block-heading\">22. Verzichtserkl\u00e4rung<\/h2>\r\n\r\n\r\n\r\n<p>Das Vers\u00e4umnis von Mk Reborns, eine Bestimmung durchzusetzen, stellt keinen Verzicht auf die zuk\u00fcnftige Durchsetzung dar.<\/p>","protected":false},"excerpt":{"rendered":"<p>1. Einleitung Diese Allgemeinen Gesch\u00e4ftsbedingungen (die \u201cBedingungen\u201d) regeln Ihren Zugriff auf und Ihre Nutzung von mkreborns.com (die \u201cWebsite\u201d), einer digitalen Plattform.<\/p>","protected":false},"author":1,"featured_media":0,"parent":0,"menu_order":0,"comment_status":"closed","ping_status":"closed","template":"","meta":{"footnotes":""},"class_list":["post-3449","page","type-page","status-publish","hentry"],"_links":{"self":[{"href":"https:\/\/www.mkreborns.com\/de\/wp-json\/wp\/v2\/pages\/3449","targetHints":{"allow":["GET"]}}],"collection":[{"href":"https:\/\/www.mkreborns.com\/de\/wp-json\/wp\/v2\/pages"}],"about":[{"href":"https:\/\/www.mkreborns.com\/de\/wp-json\/wp\/v2\/types\/page"}],"author":[{"embeddable":true,"href":"https:\/\/www.mkreborns.com\/de\/wp-json\/wp\/v2\/users\/1"}],"replies":[{"embeddable":true,"href":"https:\/\/www.mkreborns.com\/de\/wp-json\/wp\/v2\/comments?post=3449"}],"version-history":[{"count":0,"href":"https:\/\/www.mkreborns.com\/de\/wp-json\/wp\/v2\/pages\/3449\/revisions"}],"wp:attachment":[{"href":"https:\/\/www.mkreborns.com\/de\/wp-json\/wp\/v2\/media?parent=3449"}],"curies":[{"name":"wp","href":"https:\/\/api.w.org\/{rel}","templated":true}]}}