{"id":3,"date":"2025-12-24T14:18:41","date_gmt":"2025-12-24T14:18:41","guid":{"rendered":"https:\/\/www.mkreborns.com\/?page_id=3"},"modified":"2026-01-20T10:07:36","modified_gmt":"2026-01-20T10:07:36","slug":"privacy-policy","status":"publish","type":"page","link":"https:\/\/www.mkreborns.com\/de\/privacy-policy\/","title":{"rendered":"Datenschutzrichtlinie"},"content":{"rendered":"<p>Bei <strong>Mk Reborns<\/strong>, Wir legen gro\u00dfen Wert auf die Vertraulichkeit, Integrit\u00e4t und den verantwortungsvollen Umgang mit Ihren personenbezogenen Daten. Diese Datenschutzerkl\u00e4rung erl\u00e4utert, wie Daten erfasst, verarbeitet, gespeichert und gesch\u00fctzt werden, wenn Sie auf unsere Website zugreifen oder mit ihr interagieren.<\/p>\n\n\n\n<hr class=\"wp-block-separator has-alpha-channel-opacity\"\/>\n\n\n\n<h2 class=\"wp-block-heading\">1. Wer wir sind<\/h2>\n\n\n\n<p>Die Website <strong><a href=\"https:\/\/www.mkreborns.com\/de\/\">https:\/\/www.mkreborns.com<\/a><\/strong> ist Eigentum von und wird betrieben von <strong>Mk Reborns<\/strong>.<br>In dieser Richtlinie beziehen sich Verweise auf \u201cwir\u201d, \u201cunser\u201d oder \u201cuns\u201d ausschlie\u00dflich auf Mk Reborns.<\/p>\n\n\n\n<hr class=\"wp-block-separator has-alpha-channel-opacity\"\/>\n\n\n\n<h2 class=\"wp-block-heading\">2. Kommentare und Nutzereinsendungen<\/h2>\n\n\n\n<p>Wenn Besucher Kommentare auf unserer Website hinterlassen, erfassen wir die im Kommentarformular angezeigten Informationen sowie die Daten des Besuchers. <strong>IP-Adresse<\/strong> Und <strong>Browser-User-Agent-Zeichenfolge<\/strong>. Diese Informationen werden ausschlie\u00dflich zum Zweck der Aufrechterhaltung der Plattformsicherheit und zur Verhinderung unerw\u00fcnschter oder missbr\u00e4uchlicher Inhalte erhoben.<\/p>\n\n\n\n<p>Eine anonymisierte Kennung, die aus Ihrer E-Mail-Adresse generiert wird (allgemein als Kennung bezeichnet). <em>Haschisch<\/em>) k\u00f6nnen an die <strong>Gravatar<\/strong> Dienst zur Feststellung, ob ein zugeh\u00f6riges Profil existiert.<br>Der Gravatar-Dienst unterliegt eigenen Datenschutzbestimmungen, die hier eingesehen werden k\u00f6nnen:<br><a href=\"https:\/\/automattic.com\/privacy\/\" target=\"_blank\" rel=\"noopener\">https:\/\/automattic.com\/privacy\/<\/a><\/p>\n\n\n\n<p>Sobald ein Kommentar freigegeben ist, wird das zugeh\u00f6rige Profilbild zusammen mit dem Kommentar \u00f6ffentlich sichtbar.<\/p>\n\n\n\n<hr class=\"wp-block-separator has-alpha-channel-opacity\"\/>\n\n\n\n<h2 class=\"wp-block-heading\">3. Medien-Uploads<\/h2>\n\n\n\n<p>Wenn Sie Bilder auf die Website hochladen, raten wir dringend davon ab, diese einzuf\u00fcgen. <strong>eingebettete Standortmetadaten (EXIF GPS)<\/strong>.<br>Besucher der Website k\u00f6nnen Bilder herunterladen und darin enthaltene Standortdaten extrahieren. Mk Reborns \u00fcbernimmt keine Verantwortung f\u00fcr freiwillig in hochgeladenen Medien enthaltene Metadaten.<\/p>\n\n\n\n<hr class=\"wp-block-separator has-alpha-channel-opacity\"\/>\n\n\n\n<h2 class=\"wp-block-heading\">4. Cookies und \u00e4hnliche Technologien<\/h2>\n\n\n\n<p>Um den Benutzerkomfort und die Funktionalit\u00e4t zu verbessern, verwendet unsere Website unter folgenden Umst\u00e4nden Cookies:<\/p>\n\n\n\n<ul class=\"wp-block-list\">\n<li>Wenn Sie einen Kommentar abgeben, k\u00f6nnen Sie optional Ihren Namen, Ihre E-Mail-Adresse und Ihre Website-Details in Cookies speichern. Diese Cookies werden f\u00fcr folgende Zwecke gespeichert: <strong>ein Jahr<\/strong> um die Notwendigkeit wiederholter Dateneingabe zu vermeiden.<\/li>\n\n\n\n<li>Beim Aufruf der Anmeldeseite wird ein tempor\u00e4rer Cookie erstellt, um zu \u00fcberpr\u00fcfen, ob Ihr Browser Cookies akzeptiert. Dieser Cookie enth\u00e4lt keine personenbezogenen Daten und wird beim Schlie\u00dfen des Browsers gel\u00f6scht.<\/li>\n\n\n\n<li>Beim Einloggen werden mehrere Cookies erstellt, um Ihren Authentifizierungsstatus und Ihre Anzeigeeinstellungen zu speichern.\n<ul class=\"wp-block-list\">\n<li>Anmelde-Cookies bleiben aktiv f\u00fcr <strong>zwei Tage<\/strong><\/li>\n\n\n\n<li>Cookies f\u00fcr Anzeigeeinstellungen bleiben erhalten f\u00fcr <strong>ein Jahr<\/strong><\/li>\n\n\n\n<li>Wenn die Option \u201cAngemeldet bleiben\u201d ausgew\u00e4hlt ist, werden die Anmeldedaten gespeichert f\u00fcr <strong>zwei Wochen<\/strong><\/li>\n<\/ul>\n<\/li>\n\n\n\n<li>Beim Abmelden werden die mit dem Login verbundenen Cookies gel\u00f6scht.<\/li>\n\n\n\n<li>Wenn Sie Inhalte bearbeiten oder ver\u00f6ffentlichen, wird ein zus\u00e4tzlicher Cookie in Ihrem Browser gespeichert. Dieser Cookie enth\u00e4lt keine personenbezogenen Daten und dient ausschlie\u00dflich der Identifizierung des bearbeiteten Beitrags. Er l\u00e4uft nach einer bestimmten Zeit ab. <strong>24 Stunden<\/strong>.<\/li>\n<\/ul>\n\n\n\n<hr class=\"wp-block-separator has-alpha-channel-opacity\"\/>\n\n\n\n<h2 class=\"wp-block-heading\">5. Eingebettete Inhalte von Websites Dritter<\/h2>\n\n\n\n<p>Seiten dieser Website k\u00f6nnen eingebettete Inhalte enthalten (einschlie\u00dflich, aber nicht beschr\u00e4nkt auf Videos, Bilder oder Artikel).<br>Eingebettete Inhalte von externen Webseiten verhalten sich genauso, als ob Sie die Ursprungswebseite direkt besucht h\u00e4tten.<\/p>\n\n\n\n<p>Solche Websites von Drittanbietern k\u00f6nnen Folgendes beinhalten:<\/p>\n\n\n\n<ul class=\"wp-block-list\">\n<li>Sammeln von Daten \u00fcber Sie<\/li>\n\n\n\n<li>Cookies verwenden<\/li>\n\n\n\n<li>Setzen Sie zus\u00e4tzliche Tracking-Tools von Drittanbietern ein.<\/li>\n\n\n\n<li>\u00dcberwachen Sie Ihre Interaktion mit eingebetteten Inhalten<\/li>\n<\/ul>\n\n\n\n<p>Dies kann auch die Nachverfolgung von Interaktionen umfassen, wenn Sie ein Konto bei der externen Plattform besitzen und dort angemeldet sind.<\/p>\n\n\n\n<hr class=\"wp-block-separator has-alpha-channel-opacity\"\/>\n\n\n\n<h2 class=\"wp-block-heading\">6. Datenaustausch<\/h2>\n\n\n\n<p>Wenn Sie eine Passwortzur\u00fccksetzung beantragen, Ihr <strong>IP-Adresse<\/strong> wird aus Sicherheitsgr\u00fcnden in die Mitteilung zum Zur\u00fccksetzen des Passworts aufgenommen.<\/p>\n\n\n\n<p>Mk Reborns verkauft, vermietet oder tauscht keine personenbezogenen Daten an unbefugte Dritte.<\/p>\n\n\n\n<hr class=\"wp-block-separator has-alpha-channel-opacity\"\/>\n\n\n\n<h2 class=\"wp-block-heading\">7. Datenaufbewahrung<\/h2>\n\n\n\n<p>Kommentare und die zugeh\u00f6rigen Metadaten werden beibehalten <strong>unbegrenzt<\/strong>. Dadurch k\u00f6nnen wir nachfolgende Kommentare automatisch erkennen und freigeben, ohne sie moderieren zu m\u00fcssen.<\/p>\n\n\n\n<p>F\u00fcr Benutzer, die sich auf unserer Website registrieren (sofern zutreffend), speichern wir die von ihnen angegebenen personenbezogenen Daten in ihren Benutzerprofilen.<br>Registrierte Nutzer k\u00f6nnen ihre pers\u00f6nlichen Daten jederzeit einsehen, \u00e4ndern oder l\u00f6schen, mit Ausnahme des Benutzernamens. Website-Administratoren behalten sich das Recht vor, diese Daten bei Bedarf einzusehen und zu bearbeiten.<\/p>\n\n\n\n<hr class=\"wp-block-separator has-alpha-channel-opacity\"\/>\n\n\n\n<h2 class=\"wp-block-heading\">8. Ihre Rechte an Ihren Daten<\/h2>\n\n\n\n<p>Wenn Sie ein Konto auf dieser Website besitzen oder bereits Kommentare abgegeben haben, k\u00f6nnen Sie Folgendes anfordern:<\/p>\n\n\n\n<ul class=\"wp-block-list\">\n<li>Eine exportierte Datei, die die personenbezogenen Daten enth\u00e4lt, die wir \u00fcber Sie speichern<\/li>\n\n\n\n<li>Die L\u00f6schung Ihrer personenbezogenen Daten<\/li>\n<\/ul>\n\n\n\n<p>Antr\u00e4ge auf Datenl\u00f6schung gelten nicht f\u00fcr Informationen, die wir aus rechtlichen oder administrativen Gr\u00fcnden zur Einhaltung von Vorschriften, zur Sicherheit oder aus betrieblichen Gr\u00fcnden aufbewahren m\u00fcssen.<\/p>\n\n\n\n<hr class=\"wp-block-separator has-alpha-channel-opacity\"\/>\n\n\n\n<h2 class=\"wp-block-heading\">9. Wo Ihre Daten verarbeitet werden<\/h2>\n\n\n\n<p>Besucherkommentare k\u00f6nnen durch automatisierte Spam-Erkennungsdienste gepr\u00fcft werden, um die Sicherheit und Integrit\u00e4t der Website zu gew\u00e4hrleisten.<\/p>\n\n\n\n<hr class=\"wp-block-separator has-alpha-channel-opacity\"\/>\n\n\n\n<h2 class=\"wp-block-heading\">10. Kontaktinformationen<\/h2>\n\n\n\n<p>Wenn Sie Fragen zu dieser Datenschutzrichtlinie oder zur Verarbeitung Ihrer personenbezogenen Daten haben, kontaktieren Sie uns bitte unter:<\/p>\n\n\n\n<p>\ud83d\udce7 <strong><a href=\"mailto:support@mkreborns.com\">support@mkreborns.com<\/a><\/strong><\/p>\n\n\n\n<p><\/p>","protected":false},"excerpt":{"rendered":"<p>Bei Mk Reborns legen wir gro\u00dfen Wert auf die Vertraulichkeit, Integrit\u00e4t und den verantwortungsvollen Umgang mit personenbezogenen Daten. Diese Datenschutzrichtlinie<\/p>","protected":false},"author":1,"featured_media":0,"parent":0,"menu_order":0,"comment_status":"closed","ping_status":"closed","template":"","meta":{"footnotes":""},"class_list":["post-3","page","type-page","status-publish","hentry"],"_links":{"self":[{"href":"https:\/\/www.mkreborns.com\/de\/wp-json\/wp\/v2\/pages\/3","targetHints":{"allow":["GET"]}}],"collection":[{"href":"https:\/\/www.mkreborns.com\/de\/wp-json\/wp\/v2\/pages"}],"about":[{"href":"https:\/\/www.mkreborns.com\/de\/wp-json\/wp\/v2\/types\/page"}],"author":[{"embeddable":true,"href":"https:\/\/www.mkreborns.com\/de\/wp-json\/wp\/v2\/users\/1"}],"replies":[{"embeddable":true,"href":"https:\/\/www.mkreborns.com\/de\/wp-json\/wp\/v2\/comments?post=3"}],"version-history":[{"count":0,"href":"https:\/\/www.mkreborns.com\/de\/wp-json\/wp\/v2\/pages\/3\/revisions"}],"wp:attachment":[{"href":"https:\/\/www.mkreborns.com\/de\/wp-json\/wp\/v2\/media?parent=3"}],"curies":[{"name":"wp","href":"https:\/\/api.w.org\/{rel}","templated":true}]}}