{"id":4614,"date":"2026-05-07T01:55:32","date_gmt":"2026-05-07T01:55:32","guid":{"rendered":"https:\/\/www.mkreborns.com\/?post_type=product&#038;p=4614"},"modified":"2026-05-07T03:27:22","modified_gmt":"2026-05-07T03:27:22","slug":"potato-7-inch-mini-reborn-dolls-smiling-baby-toy","status":"publish","type":"product","link":"https:\/\/www.mkreborns.com\/da\/product\/potato-7-inch-mini-reborn-dolls-smiling-baby-toy\/","title":{"rendered":"Kartoffel 7-tommer mini genf\u00f8dte dukker smilende babyleget\u00f8j"},"content":{"rendered":"<h2>Kartoffel Mini Reborn Dukker med S\u00f8de Smilende Detaljer<\/h2>\n<div>Potato er en af de mest hjertevarmende mini-genf\u00f8dte dukker, der er skabt til samlere, der elsker sm\u00e5, realistiske ledsagere. Med sit muntre udtryk, delikate skulptur og levende bl\u00e5 akryl\u00f8gne b\u00e6rer Potato charmen af en fredelig nyf\u00f8dt, der hviler i dine h\u00e6nder. Hendes kompakte st\u00f8rrelse p\u00e5 18 cm g\u00f8r hende ideel til fremvisning p\u00e5 hylder, som rejsekammerat, som fotorekvisitter og til bet\u00e6nksomme gave\u00f8jeblikke.<\/div>\n<h3>En lille smilende genf\u00f8dt dukke fuld af personlighed<\/h3>\n<div>I mods\u00e6tning til almindelige leget\u00f8jsfigurer er Potato lavet af bl\u00f8d vinyl, hvilket giver dukken en smidig og blid tekstur. Hendes bev\u00e6gelige lemmer og fleksible hoved muligg\u00f8r naturlig posering, mens hendes smilende reborn-dukkeudseende skaber en behagelig atmosf\u00e6re i ethvert b\u00f8rnev\u00e6relse eller reborn-samling. Samlere, der leder efter mini reborn-dukker til salg, leder ofte efter karakteristisk ansigtsformning og realistiske proportioner, og Potato leverer begge dele i en kompakt form med mindev\u00e6rdig karakter.<\/div>\n<h2>Produktspecifikationer<\/h2>\n<ul>\n<li>Dukkenavn: Kartoffel<\/li>\n<li>St\u00f8rrelse: 17 cm<\/li>\n<li>Materiale: Bl\u00f8d vinyl<\/li>\n<li>K\u00f8n: Unisex<\/li>\n<li>\u00d8jne: Bl\u00e5 akryl\u00f8gne<\/li>\n<li>Bev\u00e6gelighed: Bev\u00e6geligt hoved og lemmer<\/li>\n<li>Vandvenlig: Velegnet til badeleg<\/li>\n<li>Meget bekymrende kemikalie: Ingen<\/li>\n<\/ul>\n<div>Potato kombinerer realisme, bl\u00f8dhed og samlerkunst i \u00e9n lille kreation, hvilket g\u00f8r hende til et dejligt valg for alle, der leder efter mini genf\u00f8dte dukker.<\/div>\n<p><img decoding=\"async\" src=\"https:\/\/www.mkreborns.com\/wp-content\/uploads\/2026\/05\/kf-Se154f858f6a849349cdcd76bbf1872d0W.webp\" alt=\"\" title=\"\"><img decoding=\"async\" src=\"https:\/\/www.mkreborns.com\/wp-content\/uploads\/2026\/05\/kf-S410aa67aa548435698fbd27a3fb64c19p.webp\" alt=\"\" title=\"\"><img decoding=\"async\" src=\"https:\/\/www.mkreborns.com\/wp-content\/uploads\/2026\/05\/kf-S4125dbf4d532429b9571597763eb7d3eI-1.webp\" alt=\"\" title=\"\"><img decoding=\"async\" src=\"https:\/\/www.mkreborns.com\/wp-content\/uploads\/2026\/05\/kf-Sf180e3a8185c4ab5a05c6659d3876e49U-1.webp\" alt=\"\" title=\"\"><img decoding=\"async\" src=\"https:\/\/www.mkreborns.com\/wp-content\/uploads\/2026\/05\/kf-S23d6d7b83f794931857b73f6bd85a9a9c-1.webp\" alt=\"\" title=\"\"><img decoding=\"async\" src=\"https:\/\/www.mkreborns.com\/wp-content\/uploads\/2026\/05\/kf-S9684c1e9c66040cfa84f6ae70eb82a03a-1.webp\" alt=\"\" title=\"\"><img decoding=\"async\" src=\"https:\/\/www.mkreborns.com\/wp-content\/uploads\/2026\/05\/kf-S2371c35111914378822505f3c2dd234bx-1.webp\" alt=\"\" title=\"\"><img decoding=\"async\" src=\"https:\/\/www.mkreborns.com\/wp-content\/uploads\/2026\/05\/kf-S213e1f76af814b5398bc23eda5fded5et.webp\" alt=\"\" title=\"\"><img decoding=\"async\" src=\"https:\/\/www.mkreborns.com\/wp-content\/uploads\/2026\/05\/kf-Sc2a2e60655264e8abb4ad94432039d95L.webp\" alt=\"\" title=\"\"><img decoding=\"async\" src=\"https:\/\/www.mkreborns.com\/wp-content\/uploads\/2026\/05\/kf-S6b0ee659018143f6ba8f9ba3cf98f50fd.webp\" alt=\"\" title=\"\"><\/p>","protected":false},"excerpt":{"rendered":"<div>Kartoffel er en lille smilende ledsager med klare bl\u00e5 \u00f8jne og en bl\u00f8d vinylkrop, der passer perfekt i din h\u00e5ndflade. Denne charmerende lille baby bringer varme, komfort og naturtro detaljer ind i hver kollektion.<\/div>","protected":false},"featured_media":4615,"comment_status":"open","ping_status":"closed","template":"","meta":[],"product_brand":[],"product_cat":[250,145,144,155,152],"product_tag":[],"class_list":{"0":"post-4614","1":"product","2":"type-product","3":"status-publish","4":"has-post-thumbnail","6":"product_cat-7-inch-reborn-dolls","7":"product_cat-baby-boy-reborn-dolls","8":"product_cat-baby-girl-reborn-dolls","9":"product_cat-cute-reborn-dolls","10":"product_cat-vinyl-reborn-dolls","12":"first","13":"instock","14":"sale","15":"shipping-taxable","16":"purchasable","17":"product-type-simple"},"_links":{"self":[{"href":"https:\/\/www.mkreborns.com\/da\/wp-json\/wp\/v2\/product\/4614","targetHints":{"allow":["GET"]}}],"collection":[{"href":"https:\/\/www.mkreborns.com\/da\/wp-json\/wp\/v2\/product"}],"about":[{"href":"https:\/\/www.mkreborns.com\/da\/wp-json\/wp\/v2\/types\/product"}],"replies":[{"embeddable":true,"href":"https:\/\/www.mkreborns.com\/da\/wp-json\/wp\/v2\/comments?post=4614"}],"wp:featuredmedia":[{"embeddable":true,"href":"https:\/\/www.mkreborns.com\/da\/wp-json\/wp\/v2\/media\/4615"}],"wp:attachment":[{"href":"https:\/\/www.mkreborns.com\/da\/wp-json\/wp\/v2\/media?parent=4614"}],"wp:term":[{"taxonomy":"product_brand","embeddable":true,"href":"https:\/\/www.mkreborns.com\/da\/wp-json\/wp\/v2\/product_brand?post=4614"},{"taxonomy":"product_cat","embeddable":true,"href":"https:\/\/www.mkreborns.com\/da\/wp-json\/wp\/v2\/product_cat?post=4614"},{"taxonomy":"product_tag","embeddable":true,"href":"https:\/\/www.mkreborns.com\/da\/wp-json\/wp\/v2\/product_tag?post=4614"}],"curies":[{"name":"wp","href":"https:\/\/api.w.org\/{rel}","templated":true}]}}