{"id":4602,"date":"2026-05-07T01:53:54","date_gmt":"2026-05-07T01:53:54","guid":{"rendered":"https:\/\/www.mkreborns.com\/?post_type=product&#038;p=4602"},"modified":"2026-05-13T14:41:14","modified_gmt":"2026-05-13T14:41:14","slug":"12-inch-full-silicone-children-gifts-reborn-baby-doll","status":"publish","type":"product","link":"https:\/\/www.mkreborns.com\/da\/product\/12-inch-full-silicone-children-gifts-reborn-baby-doll\/","title":{"rendered":"12 tommer fuld silikone b\u00f8rnegaver genf\u00f8dt babydukke"},"content":{"rendered":"<div class=\"product-specs-list-container\"><\/div>\n<div class=\"detailmodule_text\">\n<p class=\"detail-desc-decorate-content\" style=\"font-family: OpenSans; font-size: 14px; font-weight: 300; line-height: 20px; white-space: pre-wrap; margin-bottom: 12px;\"><span style=\"color: #000000;\">H\u00f8jde: 12 tommer<\/span><br \/>\n<span style=\"color: #000000;\">V\u00e6gt: 1,1 kg<\/span><br \/>\n<span style=\"color: #000000;\">K\u00f8n: Dreng<\/span><br \/>\n<span style=\"color: #000000;\">Materiale: Silikone<\/span><br \/>\n<span style=\"color: #000000;\">Denne reborn-dukke sendes uden t\u00f8j; t\u00f8j er ikke inkluderet. Hvis du har brug for t\u00f8j, kan du gennemse vores sektion med tilbeh\u00f8r til reborn-dukker for at v\u00e6lge det t\u00f8j, der passer til dine pr\u00e6ferencer.<\/span><br \/>\n<span style=\"color: #000000;\">Den reborn-dukke har fleksible lemmer, der g\u00f8r det nemt at sidde op, ligge ned eller indtage forskellige sovestillinger. Den indeholder ingen yderligere elektroniske komponenter, hvilket reducerer vedligeholdelsesbehovet betydeligt. Reborn-dukker kan gives til de mennesker, du holder mest af, som f\u00f8dselsdagsgaver, julegaver, b\u00f8rneleget\u00f8j eller genstande til en dukkesamling.<\/span><\/p>\n<p>&nbsp;<\/p>\n<\/div>\n<div class=\"detailmodule_image\"><img decoding=\"async\" class=\"detail-desc-decorate-image\" src=\"https:\/\/www.mkreborns.com\/wp-content\/uploads\/2026\/05\/kf-Sa2b8d47ad684458b990351e19f5d1a2bs-1.webp\" alt=\"\" title=\"\"><img decoding=\"async\" class=\"detail-desc-decorate-image\" src=\"https:\/\/www.mkreborns.com\/wp-content\/uploads\/2026\/05\/kf-S39ce9a8a554f438a96fcf130a132d83aa-1.webp\" alt=\"\" title=\"\"><img decoding=\"async\" class=\"detail-desc-decorate-image\" src=\"https:\/\/www.mkreborns.com\/wp-content\/uploads\/2026\/05\/kf-S3d4515f2deb64d17aeee4f89277607772-1.webp\" alt=\"Genf\u00f8dt silikone babydukke med justerbare lemmer, perfekt til b\u00f8rn og samlere. Bl\u00f8d og livagtig.\" title=\"\"> <img decoding=\"async\" class=\"detail-desc-decorate-image\" src=\"https:\/\/www.mkreborns.com\/wp-content\/uploads\/2026\/05\/kf-S83d31e6e6fb847929a053f66ca75cd2dp-1.webp\" alt=\"Realistisk genf\u00f8dt babydukke, 30 cm, fuld silikone, egnet til b\u00f8rn og gaver, med detaljer.\" title=\"\"> <img decoding=\"async\" class=\"detail-desc-decorate-image\" src=\"https:\/\/www.mkreborns.com\/wp-content\/uploads\/2026\/05\/kf-S1d7c4a92f2da488182c621f78f77ba35K-1.webp\" alt=\"\" title=\"\"><\/div>","protected":false},"excerpt":{"rendered":"<p>Denne nyf\u00f8dte reborn-dukke er en ideel gave til b\u00f8rn, venner eller familiemedlemmer, da den fungerer som en vidunderlig ledsager. Den reborn-dukkes lemmer kan justeres, s\u00e5 den kan placeres i en r\u00e6kke forskellige sovestillinger \u2013 hvilket tilf\u00f8jer et ekstra strejf af naturtro realisme til dens rolle som ledsager.<\/p>","protected":false},"featured_media":4603,"comment_status":"open","ping_status":"closed","template":"","meta":[],"product_brand":[],"product_cat":[240,145,155,154,153],"product_tag":[],"class_list":{"0":"post-4602","1":"product","2":"type-product","3":"status-publish","4":"has-post-thumbnail","6":"product_cat-12-inch-reborn-dolls","7":"product_cat-baby-boy-reborn-dolls","8":"product_cat-cute-reborn-dolls","9":"product_cat-lifelike-reborn-dolls","10":"product_cat-newborn-reborn-dolls","12":"first","13":"instock","14":"sale","15":"shipping-taxable","16":"purchasable","17":"product-type-simple"},"_links":{"self":[{"href":"https:\/\/www.mkreborns.com\/da\/wp-json\/wp\/v2\/product\/4602","targetHints":{"allow":["GET"]}}],"collection":[{"href":"https:\/\/www.mkreborns.com\/da\/wp-json\/wp\/v2\/product"}],"about":[{"href":"https:\/\/www.mkreborns.com\/da\/wp-json\/wp\/v2\/types\/product"}],"replies":[{"embeddable":true,"href":"https:\/\/www.mkreborns.com\/da\/wp-json\/wp\/v2\/comments?post=4602"}],"wp:featuredmedia":[{"embeddable":true,"href":"https:\/\/www.mkreborns.com\/da\/wp-json\/wp\/v2\/media\/4603"}],"wp:attachment":[{"href":"https:\/\/www.mkreborns.com\/da\/wp-json\/wp\/v2\/media?parent=4602"}],"wp:term":[{"taxonomy":"product_brand","embeddable":true,"href":"https:\/\/www.mkreborns.com\/da\/wp-json\/wp\/v2\/product_brand?post=4602"},{"taxonomy":"product_cat","embeddable":true,"href":"https:\/\/www.mkreborns.com\/da\/wp-json\/wp\/v2\/product_cat?post=4602"},{"taxonomy":"product_tag","embeddable":true,"href":"https:\/\/www.mkreborns.com\/da\/wp-json\/wp\/v2\/product_tag?post=4602"}],"curies":[{"name":"wp","href":"https:\/\/api.w.org\/{rel}","templated":true}]}}