{"id":4594,"date":"2026-05-07T01:52:24","date_gmt":"2026-05-07T01:52:24","guid":{"rendered":"https:\/\/www.mkreborns.com\/?post_type=product&#038;p=4594"},"modified":"2026-05-13T15:23:59","modified_gmt":"2026-05-13T15:23:59","slug":"19-inches-solid-silicone-cute-reborn-doll","status":"publish","type":"product","link":"https:\/\/www.mkreborns.com\/da\/product\/19-inches-solid-silicone-cute-reborn-doll\/","title":{"rendered":"19 tommer solid silikone s\u00f8d genf\u00f8dt dukke"},"content":{"rendered":"<div class=\"product-specs-list-container\"><\/div>\n<div class=\"detailmodule_text\">\n<p>H\u00f8jde: 18,9 tommer<br \/>\nK\u00f8n: Baby dreng<br \/>\nV\u00e6gt: 3,1 kg<br \/>\nMateriale: Silikone<br \/>\nEt tilf\u00e6ldigt udvalgt outfit vil blive inkluderet som en gratis gave ved k\u00f8b af denne genf\u00f8dte dukke.<\/p>\n<p>Denne reborn-dukke er lavet af silikonemateriale og kan reng\u00f8res med varmt vand; den skal dog t\u00f8rres grundigt umiddelbart efter vask. Som en solid silikone-reborn-dukke tilbyder den en taktil fornemmelse, der bem\u00e6rkelsesv\u00e6rdigt ligner en rigtig babys hud. Med en h\u00f8jde p\u00e5 46 cm har denne reborn-dukke n\u00e6sten de fysiske dimensioner af en \u00e6gte nyf\u00f8dt, hvilket g\u00f8r den ideel til at kramme eller vise frem. Denne s\u00f8de reborn-dukke har en moderat v\u00e6gt, der g\u00f8r den nem at b\u00e6re, samtidig med at den bevarer den autentiske, naturtro v\u00e6gt af et rigtigt sp\u00e6dbarn.<br \/>\nTil opbevaring anbefales det at l\u00e6gge den reborn-dukke fladt eller placere den oprejst for at forhindre deformation for\u00e5rsaget af tunge genstande eller langvarig kompression. For at sikre din reborn-dukkes lange levetid skal du holde den v\u00e6k fra direkte lys og st\u00f8v og beskytte den mod skarpe genstande og k\u00e6ledyr for at undg\u00e5 at beskadige silikonematerialet.<\/p>\n<p>&nbsp;<\/p>\n<\/div>\n<div class=\"detailmodule_image\"><img decoding=\"async\" class=\"detail-desc-decorate-image\" src=\"https:\/\/www.mkreborns.com\/wp-content\/uploads\/2026\/05\/kf-Sd449c2299cac4582b03493bccbd5ba86G.webp\" alt=\"Meget detaljeret 18,9-tommer silikone genf\u00f8dt dukke, bl\u00f8d og vaskbar, perfekt til samler eller gave.\" title=\"\"><\/div>","protected":false},"excerpt":{"rendered":"<p>Reborn-dukker simulerer bl\u00f8dheden og elasticiteten af \u00e6gte sp\u00e6dbarnshud og tilbyder en varm, blid og hudvenlig ber\u00f8ring. Disse reborn-dukker er fremstillet af massiv silikone og har enest\u00e5ende modstandsdygtighed over for oxidation, hvilket sikrer, at de ikke let gulner eller revner, selv efter l\u00e6ngere tids brug.<\/p>","protected":false},"featured_media":4595,"comment_status":"open","ping_status":"closed","template":"","meta":[],"product_brand":[],"product_cat":[241,145,243,155,146,154,153,157],"product_tag":[],"class_list":{"0":"post-4594","1":"product","2":"type-product","3":"status-publish","4":"has-post-thumbnail","6":"product_cat-19-inch-reborn-dolls","7":"product_cat-baby-boy-reborn-dolls","8":"product_cat-black-reborn-dolls","9":"product_cat-cute-reborn-dolls","10":"product_cat-full-silicone-reborn-dolls","11":"product_cat-lifelike-reborn-dolls","12":"product_cat-newborn-reborn-dolls","13":"product_cat-real-life-baby-dolls","15":"first","16":"instock","17":"sale","18":"shipping-taxable","19":"purchasable","20":"product-type-simple"},"_links":{"self":[{"href":"https:\/\/www.mkreborns.com\/da\/wp-json\/wp\/v2\/product\/4594","targetHints":{"allow":["GET"]}}],"collection":[{"href":"https:\/\/www.mkreborns.com\/da\/wp-json\/wp\/v2\/product"}],"about":[{"href":"https:\/\/www.mkreborns.com\/da\/wp-json\/wp\/v2\/types\/product"}],"replies":[{"embeddable":true,"href":"https:\/\/www.mkreborns.com\/da\/wp-json\/wp\/v2\/comments?post=4594"}],"wp:featuredmedia":[{"embeddable":true,"href":"https:\/\/www.mkreborns.com\/da\/wp-json\/wp\/v2\/media\/4595"}],"wp:attachment":[{"href":"https:\/\/www.mkreborns.com\/da\/wp-json\/wp\/v2\/media?parent=4594"}],"wp:term":[{"taxonomy":"product_brand","embeddable":true,"href":"https:\/\/www.mkreborns.com\/da\/wp-json\/wp\/v2\/product_brand?post=4594"},{"taxonomy":"product_cat","embeddable":true,"href":"https:\/\/www.mkreborns.com\/da\/wp-json\/wp\/v2\/product_cat?post=4594"},{"taxonomy":"product_tag","embeddable":true,"href":"https:\/\/www.mkreborns.com\/da\/wp-json\/wp\/v2\/product_tag?post=4594"}],"curies":[{"name":"wp","href":"https:\/\/api.w.org\/{rel}","templated":true}]}}