{"id":4536,"date":"2026-04-29T14:41:57","date_gmt":"2026-04-29T14:41:57","guid":{"rendered":"https:\/\/www.mkreborns.com\/product\/%e6%b5%b7%e5%a4%96%e4%bb%93%e5%8f%af%e4%bb%a3%e5%8f%91%e5%b7%a5%e5%8e%82%e7%9b%b4%e9%94%8033cm%e7%a1%85%e8%83%b6%e9%87%8d%e7%94%9f%e5%a8%83%e5%a8%83%e4%bb%bf%e7%9c%9f%e5%a9%b4%e5%84%bf%e5%8f%af\/"},"modified":"2026-05-16T03:25:58","modified_gmt":"2026-05-16T03:25:58","slug":"33cm-portable-silicone-reborn-doll-toy","status":"publish","type":"product","link":"https:\/\/www.mkreborns.com\/da\/product\/33cm-portable-silicone-reborn-doll-toy\/","title":{"rendered":"33 cm b\u00e6rbar silikone genf\u00f8dt dukkeleget\u00f8j"},"content":{"rendered":"<p>Et kreativt leget\u00f8j kan give en f\u00f8lelse af dejlig overraskelse. Denne 33 cm genf\u00f8dte dukke har smidig, elastisk hud; med blot lidt p\u00e5kl\u00e6dning f\u00e5r den et bem\u00e6rkelsesv\u00e6rdigt livagtigt udseende. Dens kompakte st\u00f8rrelse g\u00f8r den nem at flytte og transportere - selv et lille barn kan nemt samle den op og b\u00e6re den rundt.<\/p>\n<p>Materiale: Silikone<br \/>\nK\u00f8n: Pige<br \/>\nH\u00f8jde: 13 tommer<br \/>\nV\u00e6gt: 1,4 kg<br \/>\nEmballagev\u00e6gt: 1,8 kg<\/p>\n<p>Den komplette pakke indeholder: T\u00f8j og en flaske.<\/p>\n<p>Tillad venligst en manuel tolerance p\u00e5 0,5-1 tommer, da produktet blev m\u00e5lt manuelt.<\/p>\n<p>&nbsp;<\/p>\n<p><img decoding=\"async\" src=\"https:\/\/www.mkreborns.com\/wp-content\/uploads\/2026\/04\/O1CN01rK6OAL1jfP7Qjj75E_2220331144575-0-cib.jpg\" alt=\"\" title=\"\"><\/p>\n<p><img decoding=\"async\" src=\"https:\/\/www.mkreborns.com\/wp-content\/uploads\/2026\/04\/O1CN015L1xRt1jfP7PcSVWO_2220331144575-0-cib.jpg\" alt=\"\" title=\"\"><\/p>\n<p><img decoding=\"async\" src=\"https:\/\/www.mkreborns.com\/wp-content\/uploads\/2026\/04\/O1CN01jzEZ1w1jfP7QeiqhF_2220331144575-0-cib.jpg\" alt=\"\" title=\"\"><\/p>\n<p><img decoding=\"async\" src=\"https:\/\/www.mkreborns.com\/wp-content\/uploads\/2026\/04\/O1CN01fTR5SE1jfP7R3hmhO_2220331144575-0-cib.jpg\" alt=\"\" title=\"\"><\/p>\n<p><img decoding=\"async\" src=\"https:\/\/www.mkreborns.com\/wp-content\/uploads\/2026\/04\/O1CN01r9No6E1jfP7R3kKgP_2220331144575-0-cib.jpg\" alt=\"\" title=\"\"><\/p>\n<p><img decoding=\"async\" src=\"https:\/\/www.mkreborns.com\/wp-content\/uploads\/2026\/04\/O1CN01ehxfZi1jfP7QxSLXJ_2220331144575-0-cib.jpg\" alt=\"Genf\u00f8dt silikone babydukke med realistiske ansigtstr\u00e6k, kl\u00e6dt i lysegult t\u00f8j, holder en lilla.\" title=\"\"><\/p>\n<p><img decoding=\"async\" src=\"https:\/\/www.mkreborns.com\/wp-content\/uploads\/2026\/04\/O1CN01qjIvNl1jfP7RcdYle_2220331144575-0-cib.jpg\" alt=\"\" title=\"\"><\/p>\n<p><img decoding=\"async\" src=\"https:\/\/www.mkreborns.com\/wp-content\/uploads\/2026\/04\/O1CN01nuNaaS1jfP7QTQ0dW_2220331144575-0-cib.jpg\" alt=\"Realistisk silikone genf\u00f8dt babydukke med gult t\u00f8j og hat, livagtige funktioner.\" title=\"\"><\/p>\n<p><img decoding=\"async\" src=\"https:\/\/www.mkreborns.com\/wp-content\/uploads\/2026\/04\/O1CN01vgMwM61jfP7QSNqXV_2220331144575-0-cib.jpg\" alt=\"\" title=\"\"><\/p>\n<p><img decoding=\"async\" src=\"https:\/\/www.mkreborns.com\/wp-content\/uploads\/2026\/04\/O1CN01A5x5TL1jfP7Psk5LM_2220331144575-0-cib.jpg\" alt=\"Genf\u00f8dt babydukke med realistiske ansigtstr\u00e6k, if\u00f8rt en gul strikket hue og matchende sweater, perfekt til.\" title=\"\"><\/p>\n<p><img decoding=\"async\" src=\"https:\/\/www.mkreborns.com\/wp-content\/uploads\/2026\/04\/O1CN01CIPvGu1jfP7Qei2sF_2220331144575-0-cib.jpg\" alt=\"Genf\u00f8dt silikone babydukke med realistiske ansigtstr\u00e6k, kl\u00e6dt i gult strik, perfekt til samler.\" title=\"\"><\/p>\n<p><img decoding=\"async\" src=\"https:\/\/www.mkreborns.com\/wp-content\/uploads\/2026\/04\/O1CN01r6RAcu1jfP7QALRMk_2220331144575-0-cib.jpg\" alt=\"Genf\u00f8dt silikone babydukke med livagtige funktioner og bl\u00f8d tekstur, perfekt til samlere og b\u00f8rn.\" title=\"\"><\/p>\n<p><img decoding=\"async\" src=\"https:\/\/www.mkreborns.com\/wp-content\/uploads\/2026\/04\/O1CN01WDXtoK1jfP7QK3xqa_2220331144575-0-cib.jpg\" alt=\"\" title=\"\"><\/p>\n<p><img decoding=\"async\" src=\"https:\/\/www.mkreborns.com\/wp-content\/uploads\/2026\/04\/O1CN01NAz7Bu1jfP7QSOicW_2220331144575-0-cib.jpg\" alt=\"\" title=\"\"><\/p>","protected":false},"excerpt":{"rendered":"<p>En b\u00e6rbar genf\u00f8dt dukke kan tilbyde stille selskab, forblive stille ved din side og f\u00e5 dig til at f\u00f8le, at livet er mere interessant.<\/p>","protected":false},"featured_media":4555,"comment_status":"open","ping_status":"closed","template":"","meta":[],"product_brand":[],"product_cat":[156],"product_tag":[],"class_list":{"0":"post-4536","1":"product","2":"type-product","3":"status-publish","4":"has-post-thumbnail","6":"product_cat-life-sized-dolls","8":"first","9":"instock","10":"sale","11":"shipping-taxable","12":"purchasable","13":"product-type-simple"},"_links":{"self":[{"href":"https:\/\/www.mkreborns.com\/da\/wp-json\/wp\/v2\/product\/4536","targetHints":{"allow":["GET"]}}],"collection":[{"href":"https:\/\/www.mkreborns.com\/da\/wp-json\/wp\/v2\/product"}],"about":[{"href":"https:\/\/www.mkreborns.com\/da\/wp-json\/wp\/v2\/types\/product"}],"replies":[{"embeddable":true,"href":"https:\/\/www.mkreborns.com\/da\/wp-json\/wp\/v2\/comments?post=4536"}],"wp:featuredmedia":[{"embeddable":true,"href":"https:\/\/www.mkreborns.com\/da\/wp-json\/wp\/v2\/media\/4555"}],"wp:attachment":[{"href":"https:\/\/www.mkreborns.com\/da\/wp-json\/wp\/v2\/media?parent=4536"}],"wp:term":[{"taxonomy":"product_brand","embeddable":true,"href":"https:\/\/www.mkreborns.com\/da\/wp-json\/wp\/v2\/product_brand?post=4536"},{"taxonomy":"product_cat","embeddable":true,"href":"https:\/\/www.mkreborns.com\/da\/wp-json\/wp\/v2\/product_cat?post=4536"},{"taxonomy":"product_tag","embeddable":true,"href":"https:\/\/www.mkreborns.com\/da\/wp-json\/wp\/v2\/product_tag?post=4536"}],"curies":[{"name":"wp","href":"https:\/\/api.w.org\/{rel}","templated":true}]}}