{"id":4430,"date":"2026-04-12T14:16:20","date_gmt":"2026-04-12T14:16:20","guid":{"rendered":"https:\/\/www.mkreborns.com\/?post_type=product&#038;p=4430"},"modified":"2026-04-12T15:16:32","modified_gmt":"2026-04-12T15:16:32","slug":"13-inch-crying-silicone-reborn-doll","status":"publish","type":"product","link":"https:\/\/www.mkreborns.com\/da\/product\/13-inch-crying-silicone-reborn-doll\/","title":{"rendered":"13 tommer gr\u00e6dende silikone genf\u00f8dt dukke"},"content":{"rendered":"<p>Den 33 cm h\u00f8je gr\u00e6dende genf\u00f8dselsdukkes lemmer, hoved og krop er alle lavet af massiv silikone, som er bl\u00f8d, elastisk og kan vaskes med 37 grader varmt vand. P\u00e5 grund af silikonens s\u00e6rlige natur b\u00f8r den ikke tr\u00e6kkes eller hives h\u00e5rdt under leg og skal plejes omhyggeligt for at holde l\u00e6ngere.<\/p>\n<p>Materiale: Silikone<br \/>\nK\u00f8n: Pige<br \/>\nH\u00f8jde: 13 tommer<br \/>\nV\u00e6gt: 1,4 kg<br \/>\nEmballagev\u00e6gt: 1,8 kg<\/p>\n<p>Den komplette pakke indeholder: T\u00f8j og en flaske.<\/p>\n<p>Tillad venligst en manuel tolerance p\u00e5 0,5-1 tommer, da produktet blev m\u00e5lt manuelt.<\/p>\n<p><img decoding=\"async\" src=\"https:\/\/www.mkreborns.com\/wp-content\/uploads\/2026\/04\/O1CN01ON65FG1jfP7Pj2VhP_2220331144575-0-cib.jpg\" alt=\"\" title=\"\"><\/p>\n<p><img decoding=\"async\" src=\"https:\/\/www.mkreborns.com\/wp-content\/uploads\/2026\/04\/O1CN01Vmhokj1jfP7PuZuwV_2220331144575-0-cib.jpg\" alt=\"\" title=\"\"><\/p>\n<p><img decoding=\"async\" src=\"https:\/\/www.mkreborns.com\/wp-content\/uploads\/2026\/04\/O1CN01qKbtvK1jfP7PZjkwL_2220331144575-0-cib.jpg\" alt=\"\" title=\"\"><\/p>\n<p><img decoding=\"async\" src=\"https:\/\/www.mkreborns.com\/wp-content\/uploads\/2026\/04\/O1CN01UBS4M51jfP7QJPr5Y_2220331144575-0-cib.jpg\" alt=\"Genf\u00f8dt silikonedukke gr\u00e6dende, realistisk babydukke med flaske, perfekt til samlere og b\u00f8rn.\" title=\"\"><\/p>\n<p><img decoding=\"async\" src=\"https:\/\/www.mkreborns.com\/wp-content\/uploads\/2026\/04\/O1CN01NWHI1G1jfP7OsCKVe_2220331144575-0-cib.jpg\" alt=\"Realistisk 33 cm gr\u00e6dende silikone genf\u00f8dt dukke med flaske, bl\u00f8dt t\u00f8j og lyser\u00f8d hue.\" title=\"\"><\/p>\n<p><img decoding=\"async\" src=\"https:\/\/www.mkreborns.com\/wp-content\/uploads\/2026\/04\/O1CN01WrErxo1jfP7QDMEjp_2220331144575-0-cib.jpg\" alt=\"Genf\u00f8dt gr\u00e6dende silikonedukke med en sutteflaske, realistiske ansigtstr\u00e6k, perfekt til samlere.\" title=\"\"><\/p>\n<p>&nbsp;<\/p>","protected":false},"excerpt":{"rendered":"<p>Den gr\u00e6dende genf\u00f8dte babydukke ligner en nyf\u00f8dt baby, der gr\u00e6der efter m\u00e6lk, med s\u00f8de og livlige ansigtstr\u00e6k.<\/p>","protected":false},"featured_media":4461,"comment_status":"open","ping_status":"closed","template":"","meta":[],"product_brand":[],"product_cat":[238,242,144,146,156,154,153],"product_tag":[],"class_list":{"0":"post-4430","1":"product","2":"type-product","3":"status-publish","4":"has-post-thumbnail","6":"product_cat-13-inch-reborn-dolls","7":"product_cat-african-american-reborn-dolls","8":"product_cat-baby-girl-reborn-dolls","9":"product_cat-full-silicone-reborn-dolls","10":"product_cat-life-sized-dolls","11":"product_cat-lifelike-reborn-dolls","12":"product_cat-newborn-reborn-dolls","14":"first","15":"instock","16":"sale","17":"shipping-taxable","18":"purchasable","19":"product-type-simple"},"_links":{"self":[{"href":"https:\/\/www.mkreborns.com\/da\/wp-json\/wp\/v2\/product\/4430","targetHints":{"allow":["GET"]}}],"collection":[{"href":"https:\/\/www.mkreborns.com\/da\/wp-json\/wp\/v2\/product"}],"about":[{"href":"https:\/\/www.mkreborns.com\/da\/wp-json\/wp\/v2\/types\/product"}],"replies":[{"embeddable":true,"href":"https:\/\/www.mkreborns.com\/da\/wp-json\/wp\/v2\/comments?post=4430"}],"wp:featuredmedia":[{"embeddable":true,"href":"https:\/\/www.mkreborns.com\/da\/wp-json\/wp\/v2\/media\/4461"}],"wp:attachment":[{"href":"https:\/\/www.mkreborns.com\/da\/wp-json\/wp\/v2\/media?parent=4430"}],"wp:term":[{"taxonomy":"product_brand","embeddable":true,"href":"https:\/\/www.mkreborns.com\/da\/wp-json\/wp\/v2\/product_brand?post=4430"},{"taxonomy":"product_cat","embeddable":true,"href":"https:\/\/www.mkreborns.com\/da\/wp-json\/wp\/v2\/product_cat?post=4430"},{"taxonomy":"product_tag","embeddable":true,"href":"https:\/\/www.mkreborns.com\/da\/wp-json\/wp\/v2\/product_tag?post=4430"}],"curies":[{"name":"wp","href":"https:\/\/api.w.org\/{rel}","templated":true}]}}