{"id":4406,"date":"2026-04-03T15:43:02","date_gmt":"2026-04-03T15:43:02","guid":{"rendered":"https:\/\/www.mkreborns.com\/?post_type=product&#038;p=4406"},"modified":"2026-04-05T15:08:24","modified_gmt":"2026-04-05T15:08:24","slug":"20cm-lifelike-3d-painted-baby-reborn-doll","status":"publish","type":"product","link":"https:\/\/www.mkreborns.com\/da\/product\/20cm-lifelike-3d-painted-baby-reborn-doll\/","title":{"rendered":"20 cm livagtig 3D-malet baby-genf\u00f8dt dukke"},"content":{"rendered":"<p>Den 20 cm h\u00f8je Reborn-dukke er afbildet, som om den sover. Reborn-dukken er omhyggeligt designet og lavet af silikone. Silikone-reborn-dukker kan reng\u00f8res ved kontakt med vand, hvilket g\u00f8r dem nemme at vedligeholde og b\u00e6re.<\/p>\n<p>Materiale: Silikone<br \/>\nK\u00f8n: Pige<br \/>\nH\u00f8jde: 15 cm<br \/>\nV\u00e6gt: 0,5 kg<br \/>\nEmballagev\u00e6gt: 1,3 kg<\/p>\n<div style=\"width: 720px;\" class=\"wp-video\"><video class=\"wp-video-shortcode\" id=\"video-4406-1\" width=\"720\" height=\"976\" preload=\"metadata\" controls=\"controls\"><source type=\"video\/mp4\" src=\"https:\/\/www.mkreborns.com\/wp-content\/uploads\/2026\/04\/6-inch-reborn-doll.mp4?_=1\" \/><a href=\"https:\/\/www.mkreborns.com\/wp-content\/uploads\/2026\/04\/6-inch-reborn-doll.mp4\">https:\/\/www.mkreborns.com\/wp-content\/uploads\/2026\/04\/6-inch-reborn-doll.mp4<\/a><\/video><\/div>\n<p>&nbsp;<\/p>\n<p><img decoding=\"async\" src=\"https:\/\/www.mkreborns.com\/wp-content\/uploads\/2026\/04\/O1CN01iuaGdX1jfP7bgtlXn_2220331144575-0-cib.jpg\" alt=\"\" title=\"\"><\/p>\n<p><img decoding=\"async\" src=\"https:\/\/www.mkreborns.com\/wp-content\/uploads\/2026\/04\/O1CN01zDLmBJ1jfP7ccS7nA_2220331144575-0-cib.jpg\" alt=\"\" title=\"\"><\/p>\n<p><img decoding=\"async\" src=\"https:\/\/www.mkreborns.com\/wp-content\/uploads\/2026\/04\/O1CN01m4KdJh1jfP7asfpdO_2220331144575-0-cib.jpg\" alt=\"Realistisk 20 cm genf\u00f8dt babydukke med detaljeret 3D-maling, perfekt til samlere og b\u00f8rn.\" title=\"\"><\/p>\n<p><img decoding=\"async\" src=\"https:\/\/www.mkreborns.com\/wp-content\/uploads\/2026\/04\/O1CN01BvwPU71jfP7bippwE_2220331144575-0-cib.jpg\" alt=\"Realistisk 20 cm genf\u00f8dt babydukke med 3D-malede detaljer til samlere og entusiaster.\" title=\"\"><\/p>\n<p><img decoding=\"async\" src=\"https:\/\/www.mkreborns.com\/wp-content\/uploads\/2026\/04\/O1CN01fDRjC61jfP7bQlVdy_2220331144575-0-cib.jpg\" alt=\"\" title=\"\"><\/p>","protected":false},"excerpt":{"rendered":"<p>Sleeping Mini Reborn-dukken er lavet af silikone og er kun 15 cm h\u00f8j, hvilket er meget brugervenligt for brugere, der har brug for en lille st\u00f8rrelse. Leget\u00f8jet kan gives som gave til en ven eller samles selv.<\/p>","protected":false},"featured_media":4416,"comment_status":"open","ping_status":"closed","template":"","meta":[],"product_brand":[],"product_cat":[256,144,146,153],"product_tag":[],"class_list":{"0":"post-4406","1":"product","2":"type-product","3":"status-publish","4":"has-post-thumbnail","6":"product_cat-6-inch-reborn-dolls","7":"product_cat-baby-girl-reborn-dolls","8":"product_cat-full-silicone-reborn-dolls","9":"product_cat-newborn-reborn-dolls","11":"first","12":"instock","13":"sale","14":"shipping-taxable","15":"purchasable","16":"product-type-simple"},"_links":{"self":[{"href":"https:\/\/www.mkreborns.com\/da\/wp-json\/wp\/v2\/product\/4406","targetHints":{"allow":["GET"]}}],"collection":[{"href":"https:\/\/www.mkreborns.com\/da\/wp-json\/wp\/v2\/product"}],"about":[{"href":"https:\/\/www.mkreborns.com\/da\/wp-json\/wp\/v2\/types\/product"}],"replies":[{"embeddable":true,"href":"https:\/\/www.mkreborns.com\/da\/wp-json\/wp\/v2\/comments?post=4406"}],"wp:featuredmedia":[{"embeddable":true,"href":"https:\/\/www.mkreborns.com\/da\/wp-json\/wp\/v2\/media\/4416"}],"wp:attachment":[{"href":"https:\/\/www.mkreborns.com\/da\/wp-json\/wp\/v2\/media?parent=4406"}],"wp:term":[{"taxonomy":"product_brand","embeddable":true,"href":"https:\/\/www.mkreborns.com\/da\/wp-json\/wp\/v2\/product_brand?post=4406"},{"taxonomy":"product_cat","embeddable":true,"href":"https:\/\/www.mkreborns.com\/da\/wp-json\/wp\/v2\/product_cat?post=4406"},{"taxonomy":"product_tag","embeddable":true,"href":"https:\/\/www.mkreborns.com\/da\/wp-json\/wp\/v2\/product_tag?post=4406"}],"curies":[{"name":"wp","href":"https:\/\/api.w.org\/{rel}","templated":true}]}}