{"id":4369,"date":"2026-03-26T14:51:00","date_gmt":"2026-03-26T14:51:00","guid":{"rendered":"https:\/\/www.mkreborns.com\/?post_type=product&#038;p=4369"},"modified":"2026-03-30T14:07:22","modified_gmt":"2026-03-30T14:07:22","slug":"miaio-13-inch-companion-gift-reborn-doll","status":"publish","type":"product","link":"https:\/\/www.mkreborns.com\/da\/product\/miaio-13-inch-companion-gift-reborn-doll\/","title":{"rendered":"Miaio 13 tommer Companion Gift Reborn dukke"},"content":{"rendered":"<p>En reborn-dukke kan v\u00e6re en ledsager. N\u00e5r du f\u00f8ler, at livet er kedeligt, kan en silikone-reborn-baby give dig lidt gl\u00e6de og give dig mulighed for fuldt ud at v\u00e6re omsorgsperson. Eller hvis du har brug for en stille partner til at lytte til dine inderste tanker, kan en reborn-dukke ogs\u00e5 opfylde dette behov, idet den stille og roligt forbliver ved din side og lytter til alt, hvad du har at sige.<\/p>\n<p>Materiale: Silikone<br \/>\nK\u00f8n: Pige<br \/>\nH\u00f8jde: 13 tommer<br \/>\nV\u00e6gt: 1,3 kg<br \/>\n\u00d8jenvipper: Selvkl\u00e6bende \u00f8jenvipper<br \/>\nEmballagev\u00e6gt: 2 kg<br \/>\nDen komplette pakke indeholder: T\u00f8j, en ble og en flaske.<\/p>\n<p>&nbsp;<\/p>\n<div style=\"width: 720px;\" class=\"wp-video\"><video class=\"wp-video-shortcode\" id=\"video-4369-1\" width=\"720\" height=\"960\" preload=\"metadata\" controls=\"controls\"><source type=\"video\/mp4\" src=\"https:\/\/www.mkreborns.com\/wp-content\/uploads\/2026\/03\/reborn-doll.mp4?_=1\" \/><a href=\"https:\/\/www.mkreborns.com\/wp-content\/uploads\/2026\/03\/reborn-doll.mp4\">https:\/\/www.mkreborns.com\/wp-content\/uploads\/2026\/03\/reborn-doll.mp4<\/a><\/video><\/div>\n<p><img decoding=\"async\" src=\"https:\/\/www.mkreborns.com\/wp-content\/uploads\/2026\/03\/O1CN01tpXSNz1jfP5uMinr4_2220331144575-0-cib.jpg\" alt=\"\" title=\"\"><\/p>\n<p><img decoding=\"async\" src=\"https:\/\/www.mkreborns.com\/wp-content\/uploads\/2026\/03\/O1CN01AVPBuk1jfP5t1YSja_2220331144575-0-cib.jpg\" alt=\"\" title=\"\"><\/p>","protected":false},"excerpt":{"rendered":"<p>Send en genf\u00f8dt dukke til en person, der er vigtig for dig, og giv dem mere gl\u00e6de.<\/p>","protected":false},"featured_media":4373,"comment_status":"open","ping_status":"closed","template":"","meta":[],"product_brand":[],"product_cat":[238,242,144,146,156,154,153,157],"product_tag":[],"class_list":{"0":"post-4369","1":"product","2":"type-product","3":"status-publish","4":"has-post-thumbnail","6":"product_cat-13-inch-reborn-dolls","7":"product_cat-african-american-reborn-dolls","8":"product_cat-baby-girl-reborn-dolls","9":"product_cat-full-silicone-reborn-dolls","10":"product_cat-life-sized-dolls","11":"product_cat-lifelike-reborn-dolls","12":"product_cat-newborn-reborn-dolls","13":"product_cat-real-life-baby-dolls","15":"first","16":"instock","17":"sale","18":"shipping-taxable","19":"purchasable","20":"product-type-simple"},"_links":{"self":[{"href":"https:\/\/www.mkreborns.com\/da\/wp-json\/wp\/v2\/product\/4369","targetHints":{"allow":["GET"]}}],"collection":[{"href":"https:\/\/www.mkreborns.com\/da\/wp-json\/wp\/v2\/product"}],"about":[{"href":"https:\/\/www.mkreborns.com\/da\/wp-json\/wp\/v2\/types\/product"}],"replies":[{"embeddable":true,"href":"https:\/\/www.mkreborns.com\/da\/wp-json\/wp\/v2\/comments?post=4369"}],"wp:featuredmedia":[{"embeddable":true,"href":"https:\/\/www.mkreborns.com\/da\/wp-json\/wp\/v2\/media\/4373"}],"wp:attachment":[{"href":"https:\/\/www.mkreborns.com\/da\/wp-json\/wp\/v2\/media?parent=4369"}],"wp:term":[{"taxonomy":"product_brand","embeddable":true,"href":"https:\/\/www.mkreborns.com\/da\/wp-json\/wp\/v2\/product_brand?post=4369"},{"taxonomy":"product_cat","embeddable":true,"href":"https:\/\/www.mkreborns.com\/da\/wp-json\/wp\/v2\/product_cat?post=4369"},{"taxonomy":"product_tag","embeddable":true,"href":"https:\/\/www.mkreborns.com\/da\/wp-json\/wp\/v2\/product_tag?post=4369"}],"curies":[{"name":"wp","href":"https:\/\/api.w.org\/{rel}","templated":true}]}}