{"id":4271,"date":"2026-03-25T10:42:59","date_gmt":"2026-03-25T10:42:59","guid":{"rendered":"https:\/\/www.mkreborns.com\/product\/ruby-exquisite-3d-painted-reborn-doll\/"},"modified":"2026-04-05T03:29:56","modified_gmt":"2026-04-05T03:29:56","slug":"ruby-exquisite-3d-painted-reborn-doll","status":"publish","type":"product","link":"https:\/\/www.mkreborns.com\/da\/product\/ruby-exquisite-3d-painted-reborn-doll\/","title":{"rendered":"Uds\u00f8gt 3D-malet Ruby Reborn-dukke"},"content":{"rendered":"<p>Disse PVC-genf\u00f8dte dukker har avanceret 3D-maling, der fremviser uds\u00f8gte detaljer. De ligner nyf\u00f8dte, kan kl\u00e6des p\u00e5 og er velegnede til forskellige lejligheder.<\/p>\n<p>Materiale: Helkrops PVC<br \/>\nK\u00f8n: Pige<br \/>\nH\u00f8jde: 22 tommer<br \/>\nV\u00e6gt: 1,6 kg<br \/>\n\u00d8jenvipper: Selvkl\u00e6bende \u00f8jenvipper<br \/>\nEmballagev\u00e6gt: 2,8 kg<br \/>\nDen komplette pakke indeholder: T\u00f8j, ble, magnetisk sut og flaske.<\/p>\n<div id=\"attachment_4276\" style=\"width: 1076px\" class=\"wp-caption aligncenter\"><img decoding=\"async\" aria-describedby=\"caption-attachment-4276\" class=\"wp-image-4276 size-full\" src=\"https:\/\/www.mkreborns.com\/wp-content\/themes\/woodmart\/images\/lazy.svg\" data-src=\"https:\/\/www.mkreborns.com\/wp-content\/uploads\/2026\/03\/O1CN01YqFS1B1Q2xABgQUNB_2214704711919-0-cib.jpg\" alt=\"Genf\u00f8dt dukke med realistisk 3D-maleri, perfekt til samlere og entusiaster. H\u00e5ndlavet babydukke.\" width=\"1066\" height=\"1066\" title=\"\" srcset=\"\" data-srcset=\"https:\/\/www.mkreborns.com\/wp-content\/uploads\/2026\/03\/O1CN01YqFS1B1Q2xABgQUNB_2214704711919-0-cib.jpg 1066w, https:\/\/www.mkreborns.com\/wp-content\/uploads\/2026\/03\/O1CN01YqFS1B1Q2xABgQUNB_2214704711919-0-cib-300x300.jpg 300w, https:\/\/www.mkreborns.com\/wp-content\/uploads\/2026\/03\/O1CN01YqFS1B1Q2xABgQUNB_2214704711919-0-cib-800x800.jpg 800w, https:\/\/www.mkreborns.com\/wp-content\/uploads\/2026\/03\/O1CN01YqFS1B1Q2xABgQUNB_2214704711919-0-cib-150x150.jpg 150w, https:\/\/www.mkreborns.com\/wp-content\/uploads\/2026\/03\/O1CN01YqFS1B1Q2xABgQUNB_2214704711919-0-cib-768x768.jpg 768w, https:\/\/www.mkreborns.com\/wp-content\/uploads\/2026\/03\/O1CN01YqFS1B1Q2xABgQUNB_2214704711919-0-cib-12x12.jpg 12w, https:\/\/www.mkreborns.com\/wp-content\/uploads\/2026\/03\/O1CN01YqFS1B1Q2xABgQUNB_2214704711919-0-cib-700x700.jpg 700w\" sizes=\"(max-width: 1066px) 100vw, 1066px\" \/><p id=\"caption-attachment-4276\" class=\"wp-caption-text\">\u00a0<\/p><\/div>","protected":false},"excerpt":{"rendered":"<p>De nuttede genf\u00f8dte dukker har et blidt udseende og kan hurtigt berolige et \u00e6ngsteligt hjerte. De er meget popul\u00e6re.<\/p>","protected":false},"featured_media":4272,"comment_status":"open","ping_status":"closed","template":"","meta":[],"product_brand":[],"product_cat":[151,144,156,153,152],"product_tag":[],"class_list":{"0":"post-4271","1":"product","2":"type-product","3":"status-publish","4":"has-post-thumbnail","6":"product_cat-18-inch-reborn-dolls","7":"product_cat-baby-girl-reborn-dolls","8":"product_cat-life-sized-dolls","9":"product_cat-newborn-reborn-dolls","10":"product_cat-vinyl-reborn-dolls","12":"first","13":"instock","14":"sale","15":"shipping-taxable","16":"purchasable","17":"product-type-simple"},"_links":{"self":[{"href":"https:\/\/www.mkreborns.com\/da\/wp-json\/wp\/v2\/product\/4271","targetHints":{"allow":["GET"]}}],"collection":[{"href":"https:\/\/www.mkreborns.com\/da\/wp-json\/wp\/v2\/product"}],"about":[{"href":"https:\/\/www.mkreborns.com\/da\/wp-json\/wp\/v2\/types\/product"}],"replies":[{"embeddable":true,"href":"https:\/\/www.mkreborns.com\/da\/wp-json\/wp\/v2\/comments?post=4271"}],"wp:featuredmedia":[{"embeddable":true,"href":"https:\/\/www.mkreborns.com\/da\/wp-json\/wp\/v2\/media\/4272"}],"wp:attachment":[{"href":"https:\/\/www.mkreborns.com\/da\/wp-json\/wp\/v2\/media?parent=4271"}],"wp:term":[{"taxonomy":"product_brand","embeddable":true,"href":"https:\/\/www.mkreborns.com\/da\/wp-json\/wp\/v2\/product_brand?post=4271"},{"taxonomy":"product_cat","embeddable":true,"href":"https:\/\/www.mkreborns.com\/da\/wp-json\/wp\/v2\/product_cat?post=4271"},{"taxonomy":"product_tag","embeddable":true,"href":"https:\/\/www.mkreborns.com\/da\/wp-json\/wp\/v2\/product_tag?post=4271"}],"curies":[{"name":"wp","href":"https:\/\/api.w.org\/{rel}","templated":true}]}}