{"id":4220,"date":"2026-03-25T02:36:20","date_gmt":"2026-03-25T02:36:20","guid":{"rendered":"https:\/\/www.mkreborns.com\/?post_type=product&#038;p=4220"},"modified":"2026-03-25T02:47:14","modified_gmt":"2026-03-25T02:47:14","slug":"ronal-avatar-silicone-newborn-baby-reborn-doll","status":"publish","type":"product","link":"https:\/\/www.mkreborns.com\/da\/product\/ronal-avatar-silicone-newborn-baby-reborn-doll\/","title":{"rendered":"Ronal Avatar Silikone Nyf\u00f8dt Baby Reborn Dukke"},"content":{"rendered":"<p><strong>Parametre:<\/strong><\/p>\n<ul>\n<li>Meget bekymrende kemikalie: Ingen<\/li>\n<li>K\u00f8n: Unisex<\/li>\n<li>Dimensioner: 12 tommer, 30 cm<\/li>\n<li>Materiale: silikone<\/li>\n<li>V\u00e6gt: Dukkens nettov\u00e6gt er omkring 1,15 kg<\/li>\n<\/ul>\n<h2>Baby genf\u00f8dte avatardukker med bl\u00f8d silikonerealisme<\/h2>\n<div>Designet af denne reborn avatar-dukke er omhyggeligt skulptureret for at afspejle den nyf\u00f8dtes proportioner, samtidig med at det introducerer en subtil fantasifuld \u00e6stetik. Hele kroppen er lavet af massiv silikone og giver en glat og fleksibel f\u00f8lelse, der overg\u00e5r traditionel vinyl. Inden for butikker med avatar-dukker i fuld silikone skiller denne model sig ud med sin kompakte st\u00f8rrelse p\u00e5 30 cm og afbalancerede h\u00e5ndv\u00e6rk.<\/div>\n<h3>Holdbar struktur med raffinerede visuelle detaljer<\/h3>\n<div>Den s\u00f8ml\u00f8se silikone krop sikrer holdbarhed, samtidig med at den bevarer en naturtro taktil respons. Med klare akryl\u00f8gne og en let v\u00e6gt p\u00e5 1,15 kg tilbyder den et naturligt greb. Som en realistisk genf\u00f8dt avatardukke til en lav pris tilbyder den p\u00e5lidelig kvalitet uden en h\u00f8j pris, hvilket g\u00f8r den velegnet til b\u00e5de samlere og gavek\u00f8bere.<\/div>\n<h3>Produktfunktioner og fordele<\/h3>\n<ol>\n<li>Fuld silikone krop med bl\u00f8d, elastisk tekstur<\/li>\n<li>12-tommer st\u00f8rrelse er ideel til visning og h\u00e5ndtering<\/li>\n<li>Letv\u00e6gtsstruktur p\u00e5 cirka 1,15 kg<\/li>\n<li>Detaljerede akryl\u00f8gne med klar finish<\/li>\n<li>Unisex-design for alsidig appel<\/li>\n<\/ol>","protected":false},"excerpt":{"rendered":"<p>Bl\u00f8d, kompakt og visuelt i\u00f8jnefaldende. Denne reborn avatar-dukke blander delikate nyf\u00f8dte proportioner med glat silikone-tekstur for en f\u00e6ngslende fremvisning.<\/p>","protected":false},"featured_media":4221,"comment_status":"open","ping_status":"closed","template":"","meta":[],"product_brand":[],"product_cat":[239,240,145,144,146,156,153],"product_tag":[],"class_list":{"0":"post-4220","1":"product","2":"type-product","3":"status-publish","4":"has-post-thumbnail","6":"product_cat-avatar-reborn-dolls","7":"product_cat-12-inch-reborn-dolls","8":"product_cat-baby-boy-reborn-dolls","9":"product_cat-baby-girl-reborn-dolls","10":"product_cat-full-silicone-reborn-dolls","11":"product_cat-life-sized-dolls","12":"product_cat-newborn-reborn-dolls","14":"first","15":"instock","16":"sale","17":"shipping-taxable","18":"purchasable","19":"product-type-simple"},"_links":{"self":[{"href":"https:\/\/www.mkreborns.com\/da\/wp-json\/wp\/v2\/product\/4220","targetHints":{"allow":["GET"]}}],"collection":[{"href":"https:\/\/www.mkreborns.com\/da\/wp-json\/wp\/v2\/product"}],"about":[{"href":"https:\/\/www.mkreborns.com\/da\/wp-json\/wp\/v2\/types\/product"}],"replies":[{"embeddable":true,"href":"https:\/\/www.mkreborns.com\/da\/wp-json\/wp\/v2\/comments?post=4220"}],"wp:featuredmedia":[{"embeddable":true,"href":"https:\/\/www.mkreborns.com\/da\/wp-json\/wp\/v2\/media\/4221"}],"wp:attachment":[{"href":"https:\/\/www.mkreborns.com\/da\/wp-json\/wp\/v2\/media?parent=4220"}],"wp:term":[{"taxonomy":"product_brand","embeddable":true,"href":"https:\/\/www.mkreborns.com\/da\/wp-json\/wp\/v2\/product_brand?post=4220"},{"taxonomy":"product_cat","embeddable":true,"href":"https:\/\/www.mkreborns.com\/da\/wp-json\/wp\/v2\/product_cat?post=4220"},{"taxonomy":"product_tag","embeddable":true,"href":"https:\/\/www.mkreborns.com\/da\/wp-json\/wp\/v2\/product_tag?post=4220"}],"curies":[{"name":"wp","href":"https:\/\/api.w.org\/{rel}","templated":true}]}}