{"id":4202,"date":"2026-03-24T16:06:44","date_gmt":"2026-03-24T16:06:44","guid":{"rendered":"https:\/\/www.mkreborns.com\/?post_type=product&#038;p=4202"},"modified":"2026-03-25T00:45:53","modified_gmt":"2026-03-25T00:45:53","slug":"full-body-silicone-twins-mini-reborn-baby-girl-dolls","status":"publish","type":"product","link":"https:\/\/www.mkreborns.com\/da\/product\/full-body-silicone-twins-mini-reborn-baby-girl-dolls\/","title":{"rendered":"Tracy og Tasha silikone tvillinger genf\u00f8dte dukker i fuld krop"},"content":{"rendered":"<h2>Tracy og Tasha fuldkrops silikone tvillinger<\/h2>\n<div>Tracy og Tasha er et raffineret par silikone-tvillinger i fuld kropsform, skulptureret med pr\u00e6cision for at afspejle den nyf\u00f8dtes bl\u00f8dhed og symmetri. Disse silikone-tvillinger i fuld kropsform, der er til salg, er beundret for deres lille st\u00f8rrelse p\u00e5 33 cm og afbalancerede proportioner, hvilket g\u00f8r dem til et i\u00f8jnefaldende valg for samlere, der s\u00f8ger s\u00f8de genf\u00f8dte babydukker med en s\u00e6rpr\u00e6get identitet.<\/div>\n<h3>Genf\u00f8dte tvillinger til babypige med mini-detaljer<\/h3>\n<div>Tracy og Tasha er genf\u00f8dte tvillingepiger med bl\u00f8de silikonekroppe og delikate ansigtsudtryk, der afspejler rigtige sp\u00e6db\u00f8rn. Disse genf\u00f8dte tvillingdukker er lette med en smidig struktur, der forbedrer realismen, samtidig med at de er nemme at h\u00e5ndtere og vise frem.<\/div>\n<h3>Funktioner og fordele<\/h3>\n<ol>\n<li>Kompakt 13-tommer miniformat med detaljeret skulpturering<\/li>\n<li>Helkrops silikonekonstruktion med bl\u00f8d, taktil finish<\/li>\n<li>Letv\u00e6gtsdesign for ubesv\u00e6ret posering<\/li>\n<li>Fremstillet uden farlige kemikalier<\/li>\n<\/ol>\n<div>Specifikationer<\/div>\n<ul>\n<li>Materiale: Silikone<\/li>\n<li>St\u00f8rrelse: 13 tommer<\/li>\n<li>Funktioner: Mini, bl\u00f8d<\/li>\n<li>K\u00f8n: Piger<\/li>\n<li>Meget bekymrende kemikalie: Ingen<\/li>\n<\/ul>\n<div>Tracy og Tasha leverer en harmonisk tvillingepr\u00e6sentation, hvilket g\u00f8r dem til en exceptionel tilf\u00f8jelse til enhver samling af silikonetvillinger i fuld kropsudgave.<\/div>","protected":false},"excerpt":{"rendered":"<p>Tracy og Tasha skaber en blid tvillingetilstedev\u00e6relse med bl\u00f8d silikonestruktur og naturtro nyf\u00f8dtfunktioner, designet til at fange opm\u00e6rksomheden med det samme.<\/p>","protected":false},"featured_media":4203,"comment_status":"open","ping_status":"closed","template":"","meta":[],"product_brand":[],"product_cat":[236,238,146,156,153],"product_tag":[],"class_list":{"0":"post-4202","1":"product","2":"type-product","3":"status-publish","4":"has-post-thumbnail","6":"product_cat-twin-reborn-dolls","7":"product_cat-13-inch-reborn-dolls","8":"product_cat-full-silicone-reborn-dolls","9":"product_cat-life-sized-dolls","10":"product_cat-newborn-reborn-dolls","12":"first","13":"instock","14":"sale","15":"shipping-taxable","16":"purchasable","17":"product-type-simple"},"_links":{"self":[{"href":"https:\/\/www.mkreborns.com\/da\/wp-json\/wp\/v2\/product\/4202","targetHints":{"allow":["GET"]}}],"collection":[{"href":"https:\/\/www.mkreborns.com\/da\/wp-json\/wp\/v2\/product"}],"about":[{"href":"https:\/\/www.mkreborns.com\/da\/wp-json\/wp\/v2\/types\/product"}],"replies":[{"embeddable":true,"href":"https:\/\/www.mkreborns.com\/da\/wp-json\/wp\/v2\/comments?post=4202"}],"wp:featuredmedia":[{"embeddable":true,"href":"https:\/\/www.mkreborns.com\/da\/wp-json\/wp\/v2\/media\/4203"}],"wp:attachment":[{"href":"https:\/\/www.mkreborns.com\/da\/wp-json\/wp\/v2\/media?parent=4202"}],"wp:term":[{"taxonomy":"product_brand","embeddable":true,"href":"https:\/\/www.mkreborns.com\/da\/wp-json\/wp\/v2\/product_brand?post=4202"},{"taxonomy":"product_cat","embeddable":true,"href":"https:\/\/www.mkreborns.com\/da\/wp-json\/wp\/v2\/product_cat?post=4202"},{"taxonomy":"product_tag","embeddable":true,"href":"https:\/\/www.mkreborns.com\/da\/wp-json\/wp\/v2\/product_tag?post=4202"}],"curies":[{"name":"wp","href":"https:\/\/api.w.org\/{rel}","templated":true}]}}