{"id":4195,"date":"2026-03-24T08:06:41","date_gmt":"2026-03-24T08:06:41","guid":{"rendered":"https:\/\/www.mkreborns.com\/?post_type=product&#038;p=4195"},"modified":"2026-03-24T08:33:50","modified_gmt":"2026-03-24T08:33:50","slug":"realistic-bonnie-brown-20-inch-vinyl-boy-twin-reborn-doll","status":"publish","type":"product","link":"https:\/\/www.mkreborns.com\/da\/product\/realistic-bonnie-brown-20-inch-vinyl-boy-twin-reborn-doll\/","title":{"rendered":"Realistisk Bonnie Brown 20 tommer vinyl drengetvilling genf\u00f8dt dukke"},"content":{"rendered":"<h2>Mesterlig kunstnerisk udf\u00f8relse af Bonnie Brown Twin A<\/h2>\n<div>Mk Reborns pr\u00e6senterer en uds\u00f8gt gengivelse af den ikoniske Bonnie Brown tvillingskulptur, der indfanger den \u00e6teriske uskyld i sp\u00e6dbarnsalderen. Hver 20-tommer vinylkreation har h\u00e5ndmalede dermale marmoreringer og bl\u00f8de lemmer, der genskaber smidigheden af \u00e6gte hud. Selvom disse tvillingegenf\u00f8dte dukker er overkommelige i pris, sikrer deres sofistikerede h\u00e5ndv\u00e6rk, at de indtager en prestigefyldt plads i din kuraterede udstilling.<\/div>\n<h3>Autentiske karakteristika ved genf\u00f8dte tvillinger babydukker<\/h3>\n<div>Disse genf\u00f8dte tvillingdukker leveres med skr\u00e6ddersyede kl\u00e6der og en taktil tilstedev\u00e6relse, der kr\u00e6ver blid h\u00e5ndtering. Deres anatomiske pr\u00e6cision og rolige ansigtsudtryk giver et terapeutisk fokuspunkt for dem, der s\u00f8ger en realistisk, omsorgsfuld simulering.<\/div>\n<ul>\n<li>Konstrueret af f\u00f8rsteklasses, giftfri vinyl for varig strukturel integritet.<\/li>\n<li>M\u00e5lt til 50 cm for at give en betydelig, realistisk v\u00e6gt, n\u00e5r den holdes p\u00e5 plads.<\/li>\n<li>Detaljeret med mikro\u00e5rer og gennemskinnelige neglelejer for visuel dybde.<\/li>\n<\/ul>\n<div>Ejere v\u00e6rds\u00e6tter det dobbelte selskab, disse s\u00f8de reborn-dukker tilbyder, da de perfekt indfanger s\u00f8skendes synkroniserede charme. Hvert \u00e6stetisk valg forst\u00e6rker den ubestridelige tiltr\u00e6kningskraft ved en high-fidelity Bonnie Brown Boy-reborn-dukke.<\/div>","protected":false},"excerpt":{"rendered":"<div>At adoptere disse sarte b\u00f8rnehavebeboere bringer en dyb f\u00f8lelse af ro til ethvert samlers fristed. Disse omhyggeligt v\u00e6gtede ledsagere afspejler de subtile nuancer af neonatal anatomi og fremmer et \u00f8jeblikkeligt f\u00f8lelsesm\u00e6ssigt b\u00e5nd, der overskrider blot hobbyisme.<\/div>","protected":false},"featured_media":4196,"comment_status":"open","ping_status":"closed","template":"","meta":[],"product_brand":[],"product_cat":[237,145,236,152],"product_tag":[],"class_list":{"0":"post-4195","1":"product","2":"type-product","3":"status-publish","4":"has-post-thumbnail","6":"product_cat-20-inch-reborn-dolls","7":"product_cat-baby-boy-reborn-dolls","8":"product_cat-twin-reborn-dolls","9":"product_cat-vinyl-reborn-dolls","11":"first","12":"instock","13":"sale","14":"shipping-taxable","15":"purchasable","16":"product-type-simple"},"_links":{"self":[{"href":"https:\/\/www.mkreborns.com\/da\/wp-json\/wp\/v2\/product\/4195","targetHints":{"allow":["GET"]}}],"collection":[{"href":"https:\/\/www.mkreborns.com\/da\/wp-json\/wp\/v2\/product"}],"about":[{"href":"https:\/\/www.mkreborns.com\/da\/wp-json\/wp\/v2\/types\/product"}],"replies":[{"embeddable":true,"href":"https:\/\/www.mkreborns.com\/da\/wp-json\/wp\/v2\/comments?post=4195"}],"wp:featuredmedia":[{"embeddable":true,"href":"https:\/\/www.mkreborns.com\/da\/wp-json\/wp\/v2\/media\/4196"}],"wp:attachment":[{"href":"https:\/\/www.mkreborns.com\/da\/wp-json\/wp\/v2\/media?parent=4195"}],"wp:term":[{"taxonomy":"product_brand","embeddable":true,"href":"https:\/\/www.mkreborns.com\/da\/wp-json\/wp\/v2\/product_brand?post=4195"},{"taxonomy":"product_cat","embeddable":true,"href":"https:\/\/www.mkreborns.com\/da\/wp-json\/wp\/v2\/product_cat?post=4195"},{"taxonomy":"product_tag","embeddable":true,"href":"https:\/\/www.mkreborns.com\/da\/wp-json\/wp\/v2\/product_tag?post=4195"}],"curies":[{"name":"wp","href":"https:\/\/api.w.org\/{rel}","templated":true}]}}