{"id":4165,"date":"2026-03-22T14:35:28","date_gmt":"2026-03-22T14:35:28","guid":{"rendered":"https:\/\/www.mkreborns.com\/product\/18-inch-soft-vinyl-open-eye-reborn-baby-doll\/"},"modified":"2026-03-22T15:34:35","modified_gmt":"2026-03-22T15:34:35","slug":"18-inch-soft-vinyl-open-eye-reborn-baby-doll","status":"publish","type":"product","link":"https:\/\/www.mkreborns.com\/da\/product\/18-inch-soft-vinyl-open-eye-reborn-baby-doll\/","title":{"rendered":"18 tommer bl\u00f8d vinyl genf\u00f8dt babydukke med \u00e5bent \u00f8je"},"content":{"rendered":"<p>Denne genf\u00f8dte dukke har tydeligt synlige \u00e5rer og er meget realistisk. Den kan sidde eller ligge ned, hverken tale eller blinke, og har ingen komplicerede elektroniske dele, hvilket g\u00f8r den nem at passe p\u00e5 og perfekt til samlerbrug. H\u00e5ndter dukken forsigtigt, n\u00e5r du reng\u00f8r den; undg\u00e5 at skrabe kraftigt p\u00e5 \u00f8jenbrynene for at forhindre, at farven falmer.<\/p>\n<p>&nbsp;<\/p>\n<p>Materiale: Helkrops PVC<br \/>\nK\u00f8n: V\u00e6lg mellem dreng eller pige<br \/>\nH\u00f8jde: 18 tommer<br \/>\nV\u00e6gt: 1,1 kg<br \/>\n\u00d8jenvipper: Selvkl\u00e6bende \u00f8jenvipper<br \/>\nEmballagev\u00e6gt: 1,6 kg<br \/>\nEmballagem\u00e5l: 46*20*13 cm<br \/>\nDen komplette pakke indeholder: T\u00f8j, ble, magnetisk sut, flaske og f\u00f8dselsattest.<\/p>\n<p>&nbsp;<\/p>\n<p><img decoding=\"async\" src=\"https:\/\/www.mkreborns.com\/wp-content\/uploads\/2026\/03\/O1CN01PhbSDV1lsnmHX7b7l_2831564875-0-cib.jpg\" alt=\"\" title=\"\"><\/p>\n<p><img decoding=\"async\" src=\"https:\/\/www.mkreborns.com\/wp-content\/uploads\/2026\/03\/O1CN01Fqa8AT1lsnmKDSTq1_2831564875-0-cib.jpg\" alt=\"\" title=\"\"><\/p>\n<p>Tillad venligst en manuel tolerance p\u00e5 0,5-1 tommer, da produktet blev m\u00e5lt manuelt.<\/p>","protected":false},"excerpt":{"rendered":"<p>Som omsorgsperson for den genf\u00f8dte dukke kan du k\u00f8be forskellige typer t\u00f8j til dukken til forskellige lejligheder.<\/p>","protected":false},"featured_media":4167,"comment_status":"open","ping_status":"closed","template":"","meta":[],"product_brand":[],"product_cat":[151,145,144,155,156,154,157,152],"product_tag":[],"class_list":{"0":"post-4165","1":"product","2":"type-product","3":"status-publish","4":"has-post-thumbnail","6":"product_cat-18-inch-reborn-dolls","7":"product_cat-baby-boy-reborn-dolls","8":"product_cat-baby-girl-reborn-dolls","9":"product_cat-cute-reborn-dolls","10":"product_cat-life-sized-dolls","11":"product_cat-lifelike-reborn-dolls","12":"product_cat-real-life-baby-dolls","13":"product_cat-vinyl-reborn-dolls","15":"first","16":"instock","17":"sale","18":"shipping-taxable","19":"purchasable","20":"product-type-variable","21":"has-default-attributes"},"_links":{"self":[{"href":"https:\/\/www.mkreborns.com\/da\/wp-json\/wp\/v2\/product\/4165","targetHints":{"allow":["GET"]}}],"collection":[{"href":"https:\/\/www.mkreborns.com\/da\/wp-json\/wp\/v2\/product"}],"about":[{"href":"https:\/\/www.mkreborns.com\/da\/wp-json\/wp\/v2\/types\/product"}],"replies":[{"embeddable":true,"href":"https:\/\/www.mkreborns.com\/da\/wp-json\/wp\/v2\/comments?post=4165"}],"wp:featuredmedia":[{"embeddable":true,"href":"https:\/\/www.mkreborns.com\/da\/wp-json\/wp\/v2\/media\/4167"}],"wp:attachment":[{"href":"https:\/\/www.mkreborns.com\/da\/wp-json\/wp\/v2\/media?parent=4165"}],"wp:term":[{"taxonomy":"product_brand","embeddable":true,"href":"https:\/\/www.mkreborns.com\/da\/wp-json\/wp\/v2\/product_brand?post=4165"},{"taxonomy":"product_cat","embeddable":true,"href":"https:\/\/www.mkreborns.com\/da\/wp-json\/wp\/v2\/product_cat?post=4165"},{"taxonomy":"product_tag","embeddable":true,"href":"https:\/\/www.mkreborns.com\/da\/wp-json\/wp\/v2\/product_tag?post=4165"}],"curies":[{"name":"wp","href":"https:\/\/api.w.org\/{rel}","templated":true}]}}