{"id":4094,"date":"2026-03-19T02:43:43","date_gmt":"2026-03-19T02:43:43","guid":{"rendered":"https:\/\/www.mkreborns.com\/?post_type=product&#038;p=4094"},"modified":"2026-03-19T15:52:52","modified_gmt":"2026-03-19T15:52:52","slug":"reborn-baby-doll-magnetic-pacifier-realistic-fit","status":"publish","type":"product","link":"https:\/\/www.mkreborns.com\/da\/product\/reborn-baby-doll-magnetic-pacifier-realistic-fit\/","title":{"rendered":"Magnetisk sut til reborn babydukke med realistisk pasform"},"content":{"rendered":"<h2>Magnetisk sut til reborn babydukke<\/h2>\n<div>Den magnetiske sut til nyf\u00f8dte babydukker er designet til at skabe en overbevisende og naturlig interaktion mellem dukken og dens tilbeh\u00f8r. Den er bygget til kompatibilitet med nyf\u00f8dte babydukker med magnetiske sutops\u00e6tninger og fastg\u00f8res problemfrit til dukker udstyret med indvendige magneter. Dens afbalancerede struktur sikrer korrekt justering uden at forskyde sig, hvilket opretholder en naturtro pr\u00e6sentation.<\/div>\n<h3>Sikker fastg\u00f8relse og realistisk detaljering<\/h3>\n<div>Denne sut har en indlejret magnetisk kerne, der g\u00f8r det nemt at placere og fjerne den, samtidig med at den bevarer stabiliteten. Den er is\u00e6r velegnet til naturtro genf\u00f8dte dukker, der kan tage rigtige sutter, og tilbyder en visuelt pr\u00e6cis fodrings- eller beroligende stilling. Den glatte ydre overflade sikrer sikker h\u00e5ndtering og en raffineret finish.<\/div>\n<h3>N\u00f8glefunktioner og fordele<\/h3>\n<ul>\n<li>St\u00e6rk intern magnet for stabil positionering<\/li>\n<li>Designet til nyf\u00f8dte genf\u00f8dte babydukker med magnetisk sut<\/li>\n<li>Kompatibel med naturtro genf\u00f8dte dukker, der kan tage rigtige sutter<\/li>\n<li>Letv\u00e6gtskonstruktion for naturlig placering<\/li>\n<li>Holdbart materiale til gentagen brug<\/li>\n<\/ul>\n<div>Dette tilbeh\u00f8r forbedrer den samlede realisme i din samling og g\u00f8r det til et uundv\u00e6rligt supplement for samlere, der s\u00f8ger en magnetisk sut af h\u00f8j kvalitet til en genf\u00f8dt babydukke.<\/div>\n<div>Magnetisk sut, baby genf\u00f8dt n\u00f8dvendig! Med den kan dukken (med lukket mund) sutte p\u00e5 en sut! Men f\u00f8rst og fremmest skal der v\u00e6re en magnet i dukkens mund.<\/div>\n<div>St\u00f8rrelse: som billederne viser<\/div>\n<div>Pakken indeholder: 1 stk<\/div>\n<div class=\"detailmodule_image\"><img decoding=\"async\" class=\"detail-desc-decorate-image\" src=\"https:\/\/www.mkreborns.com\/wp-content\/uploads\/2026\/03\/kf-S57fdc27edc6e45fd90840739bcbc10bdK.webp\" alt=\"\" title=\"\"><img decoding=\"async\" class=\"detail-desc-decorate-image\" src=\"https:\/\/www.mkreborns.com\/wp-content\/uploads\/2026\/03\/kf-Scd0b0263191840aca2c6d9d9092853bb8.webp\" alt=\"\" title=\"\"><img decoding=\"async\" class=\"detail-desc-decorate-image\" src=\"https:\/\/www.mkreborns.com\/wp-content\/uploads\/2026\/03\/kf-Sad85ad6e0e2e4333b9ffe757ec183004e.webp\" alt=\"\" title=\"\"><img decoding=\"async\" class=\"detail-desc-decorate-image\" src=\"https:\/\/www.mkreborns.com\/wp-content\/uploads\/2026\/03\/kf-Sca74611577a2480781484c8c07bd4ff2F.webp\" alt=\"\" title=\"\"><img decoding=\"async\" class=\"detail-desc-decorate-image\" src=\"https:\/\/www.mkreborns.com\/wp-content\/uploads\/2026\/03\/kf-Sa13d45d1c7c54ba29181db819686fb23X.webp\" alt=\"\" title=\"\"><img decoding=\"async\" class=\"detail-desc-decorate-image\" src=\"https:\/\/www.mkreborns.com\/wp-content\/uploads\/2026\/03\/kf-S5499cdc26d4a40e9903777a859be4f1eP.webp\" alt=\"\" title=\"\"><img decoding=\"async\" class=\"detail-desc-decorate-image\" src=\"https:\/\/www.mkreborns.com\/wp-content\/uploads\/2026\/03\/kf-S11408845c0cb4f4193474b5608f40c9fI.webp\" alt=\"\" title=\"\"><img decoding=\"async\" class=\"detail-desc-decorate-image\" src=\"https:\/\/www.mkreborns.com\/wp-content\/uploads\/2026\/03\/kf-S0113e3dd80594293b07c453364e8fb07i.webp\" alt=\"\" title=\"\"><\/div>","protected":false},"excerpt":{"rendered":"<p>En pr\u00e6cist fremstillet magnetisk sut designet til at forbedre realismen og tilbyder en sikker og naturlig pasform til kompatible reborn-dukker.<\/p>","protected":false},"featured_media":4095,"comment_status":"open","ping_status":"closed","template":"","meta":[],"product_brand":[],"product_cat":[162,148],"product_tag":[],"class_list":{"0":"post-4094","1":"product","2":"type-product","3":"status-publish","4":"has-post-thumbnail","6":"product_cat-reborn-pacifier","7":"product_cat-reborn-doll-accessories","9":"first","10":"instock","11":"sale","12":"shipping-taxable","13":"purchasable","14":"product-type-variable"},"_links":{"self":[{"href":"https:\/\/www.mkreborns.com\/da\/wp-json\/wp\/v2\/product\/4094","targetHints":{"allow":["GET"]}}],"collection":[{"href":"https:\/\/www.mkreborns.com\/da\/wp-json\/wp\/v2\/product"}],"about":[{"href":"https:\/\/www.mkreborns.com\/da\/wp-json\/wp\/v2\/types\/product"}],"replies":[{"embeddable":true,"href":"https:\/\/www.mkreborns.com\/da\/wp-json\/wp\/v2\/comments?post=4094"}],"wp:featuredmedia":[{"embeddable":true,"href":"https:\/\/www.mkreborns.com\/da\/wp-json\/wp\/v2\/media\/4095"}],"wp:attachment":[{"href":"https:\/\/www.mkreborns.com\/da\/wp-json\/wp\/v2\/media?parent=4094"}],"wp:term":[{"taxonomy":"product_brand","embeddable":true,"href":"https:\/\/www.mkreborns.com\/da\/wp-json\/wp\/v2\/product_brand?post=4094"},{"taxonomy":"product_cat","embeddable":true,"href":"https:\/\/www.mkreborns.com\/da\/wp-json\/wp\/v2\/product_cat?post=4094"},{"taxonomy":"product_tag","embeddable":true,"href":"https:\/\/www.mkreborns.com\/da\/wp-json\/wp\/v2\/product_tag?post=4094"}],"curies":[{"name":"wp","href":"https:\/\/api.w.org\/{rel}","templated":true}]}}