{"id":4029,"date":"2026-03-18T15:28:55","date_gmt":"2026-03-18T15:28:55","guid":{"rendered":"https:\/\/www.mkreborns.com\/?post_type=product&#038;p=4029"},"modified":"2026-03-19T15:51:56","modified_gmt":"2026-03-19T15:51:56","slug":"17-18-inch-reborn-doll-feeding-pacifier-accessories","status":"publish","type":"product","link":"https:\/\/www.mkreborns.com\/da\/product\/17-18-inch-reborn-doll-feeding-pacifier-accessories\/","title":{"rendered":"17-18 tommer genf\u00f8dte dukker suttilbeh\u00f8r"},"content":{"rendered":"<div class=\"product-specs-list-container\"><\/div>\n<div class=\"detailmodule_html\">\n<div class=\"detail-desc-decorate-richtext\">\n<h2>Tilbeh\u00f8r til genf\u00f8dte dukker uden hul til flaskesvorter<\/h2>\n<div>Tilbeh\u00f8ret til reborn-dukker uden huller er fremstillet til at genskabe autentiske sp\u00e6db\u00f8rnsfodringsrutiner, samtidig med at dukkens integritet bevares. Dette s\u00e6t indeholder omhyggeligt st\u00f8bte flasker, bl\u00f8de silikonespidser og koordinerede dele, der komplementerer stilen p\u00e5 reborn-dukkernes suttes\u00e6t. Tilbeh\u00f8ret er designet til samlere, der prioriterer realisme, og det skaber et livagtigt, omsorgsfuldt indtryk uden at kr\u00e6ve strukturelle \u00e6ndringer af dukken.<\/div>\n<h3>Sikkert silikonedesign og realistiske detaljer<\/h3>\n<div>De medf\u00f8lgende silikonesutter uden huller til reborn-dukker til pr\u00e6mature babyer er konstrueret med en lukket spids, der forhindrer v\u00e6skegennemstr\u00f8mning og samtidig bevarer den visuelle \u00e6gthed. Hver komponent er proportioneret til at passe til dukker p\u00e5 17-18 tommer, hvilket sikrer en naturlig pasform, n\u00e5r den kombineres med fodringsscener eller udstillingsarrangementer.<\/div>\n<h3>N\u00f8glefunktioner og fordele<\/h3>\n<ul>\n<li>Inkluderer sutteflasker og suttes\u00e6t til genf\u00f8dte dukker<\/li>\n<li>Lukket spidsdesign for sikker, ikke-funktionel fodringssimulering<\/li>\n<li>Lavet med bl\u00f8d silikone for realistisk tekstur<\/li>\n<li>Kompatibel med reborn-dukker p\u00e5 17-18 tommer<\/li>\n<li>Ideel til brug med silikonesutter uden huller til pr\u00e6mature babydukker<\/li>\n<\/ul>\n<div>Dette omhyggeligt samlede s\u00e6t forbedrer den visuel historiefort\u00e6lling og samlerv\u00e6rdien, hvilket g\u00f8r det til et p\u00e5lideligt valg for alle, der s\u00f8ger tilbeh\u00f8r til reborn-dukker med flaskesvorter uden hul.<\/div>\n<p><img decoding=\"async\" src=\"https:\/\/www.mkreborns.com\/wp-content\/uploads\/2026\/03\/kf-S821bc0c09e4b42a393cbbc2780b410d4P.webp\" alt=\"\" title=\"\"><img decoding=\"async\" src=\"https:\/\/www.mkreborns.com\/wp-content\/uploads\/2026\/03\/kf-S3ddca035184249b39a97908487b4d497n.webp\" alt=\"\" title=\"\"><img decoding=\"async\" src=\"https:\/\/www.mkreborns.com\/wp-content\/uploads\/2026\/03\/kf-Se4f5ae05ae6f4ec4a8ef9889288959d4L.webp\" alt=\"\" title=\"\"><img decoding=\"async\" src=\"https:\/\/www.mkreborns.com\/wp-content\/uploads\/2026\/03\/kf-S63a5bb887a674b8ab8ce2a3c3e8dc6den.webp\" alt=\"\" title=\"\"><span style=\"font-size: 18px;\"><strong>Lille st\u00f8rrelse lyser\u00f8d:<\/strong><\/span><img decoding=\"async\" src=\"https:\/\/www.mkreborns.com\/wp-content\/uploads\/2026\/03\/kf-S5937a950d18c457d9632bc051f5569f9r.webp\" alt=\"\" title=\"\"><\/p>\n<p><span style=\"font-size: 18px;\"><strong>Lille st\u00f8rrelse bl\u00e5:<\/strong><\/span><img decoding=\"async\" src=\"https:\/\/www.mkreborns.com\/wp-content\/uploads\/2026\/03\/kf-Scbcae8c5f5a14ec8ac5007fdc863b93cg.webp\" alt=\"\" title=\"\"><img decoding=\"async\" src=\"https:\/\/www.mkreborns.com\/wp-content\/uploads\/2026\/03\/kf-S5e160258b8954f42a85e81b8690efd27l.webp\" alt=\"\" title=\"\"><img decoding=\"async\" src=\"https:\/\/www.mkreborns.com\/wp-content\/uploads\/2026\/03\/kf-Sb8e5eb1c653f4d77bd66c73376d647894.webp\" alt=\"\" title=\"\"><img decoding=\"async\" src=\"https:\/\/www.mkreborns.com\/wp-content\/uploads\/2026\/03\/kf-S42bdf04560824f58a60c86c965c4d3f5Q.webp\" alt=\"\" title=\"\"><img decoding=\"async\" src=\"https:\/\/www.mkreborns.com\/wp-content\/uploads\/2026\/03\/kf-Sf8bed42865e04064a00206620943d9dfR.webp\" alt=\"\" title=\"\"><img decoding=\"async\" src=\"https:\/\/www.mkreborns.com\/wp-content\/uploads\/2026\/03\/kf-S419dce937a6049f997aa62428da2071dR.webp\" alt=\"Madningstilbeh\u00f8r til reborn-dukker, inklusive sutteflaske, sut og fodringsv\u00e6rkt\u00f8j.\" title=\"\"><\/p>\n<\/div>\n<\/div>","protected":false},"excerpt":{"rendered":"<div>Et komplet s\u00e6t med fodringstilbeh\u00f8r designet til reborn-dukker p\u00e5 17-18 tommer, der kombinerer realisme, sikkerhed og fine detaljer i \u00e9t kompakt s\u00e6t.<\/div>","protected":false},"featured_media":4030,"comment_status":"open","ping_status":"closed","template":"","meta":[],"product_brand":[],"product_cat":[148,162],"product_tag":[],"class_list":{"0":"post-4029","1":"product","2":"type-product","3":"status-publish","4":"has-post-thumbnail","6":"product_cat-reborn-doll-accessories","7":"product_cat-reborn-pacifier","9":"first","10":"instock","11":"sale","12":"shipping-taxable","13":"purchasable","14":"product-type-variable","15":"has-default-attributes"},"_links":{"self":[{"href":"https:\/\/www.mkreborns.com\/da\/wp-json\/wp\/v2\/product\/4029","targetHints":{"allow":["GET"]}}],"collection":[{"href":"https:\/\/www.mkreborns.com\/da\/wp-json\/wp\/v2\/product"}],"about":[{"href":"https:\/\/www.mkreborns.com\/da\/wp-json\/wp\/v2\/types\/product"}],"replies":[{"embeddable":true,"href":"https:\/\/www.mkreborns.com\/da\/wp-json\/wp\/v2\/comments?post=4029"}],"wp:featuredmedia":[{"embeddable":true,"href":"https:\/\/www.mkreborns.com\/da\/wp-json\/wp\/v2\/media\/4030"}],"wp:attachment":[{"href":"https:\/\/www.mkreborns.com\/da\/wp-json\/wp\/v2\/media?parent=4029"}],"wp:term":[{"taxonomy":"product_brand","embeddable":true,"href":"https:\/\/www.mkreborns.com\/da\/wp-json\/wp\/v2\/product_brand?post=4029"},{"taxonomy":"product_cat","embeddable":true,"href":"https:\/\/www.mkreborns.com\/da\/wp-json\/wp\/v2\/product_cat?post=4029"},{"taxonomy":"product_tag","embeddable":true,"href":"https:\/\/www.mkreborns.com\/da\/wp-json\/wp\/v2\/product_tag?post=4029"}],"curies":[{"name":"wp","href":"https:\/\/api.w.org\/{rel}","templated":true}]}}