{"id":4022,"date":"2026-03-18T14:54:54","date_gmt":"2026-03-18T14:54:54","guid":{"rendered":"https:\/\/www.mkreborns.com\/?post_type=product&#038;p=4022"},"modified":"2026-03-18T14:58:05","modified_gmt":"2026-03-18T14:58:05","slug":"beret-hat-accessories-for-18-inch-reborn-dolls","status":"publish","type":"product","link":"https:\/\/www.mkreborns.com\/da\/product\/beret-hat-accessories-for-18-inch-reborn-dolls\/","title":{"rendered":"Tilbeh\u00f8r til barethatte til 18 tommer reborn-dukker"},"content":{"rendered":"<div class=\"product-specs-list-container\">\n<h2>Tilbeh\u00f8r til barethatte til 18 tommer reborn-dukker<\/h2>\n<div>Beret-tilbeh\u00f8r designet til 18-tommer reborns giver en diskret vintage-inspireret touch til enhver samling. Dette stykke integreres naturligt med reborn-t\u00f8j og tilbeh\u00f8r til 18-tommer dukker og skaber et afbalanceret og naturtro udseende. Dens lette konstruktion sikrer en blid pasform, der ikke forstyrrer dukkens skulpturelle hovedform eller rodf\u00e6stede h\u00e5r.<\/div>\n<h3>Bl\u00f8d konstruktion og alsidig styling<\/h3>\n<div>Denne baret er lavet af et fleksibelt stof og tilpasser sig problemfrit forskellige dukkehoveder. Den passer ubesv\u00e6ret til kjoler, afslappede outfits eller s\u00e6sonbestemte looks, hvilket g\u00f8r den til et praktisk supplement for samlere, der s\u00f8ger billigt tilbeh\u00f8r til reborn-dukker uden at g\u00e5 p\u00e5 kompromis med den visuelle appel.<\/div>\n<h3>N\u00f8glefunktioner og fordele<\/h3>\n<ul>\n<li>Designet til reborn-dukker p\u00e5 43 cm \/ 18 tommer<\/li>\n<li>Bl\u00f8dt og \u00e5ndbart stof for naturlig positionering<\/li>\n<li>Nem at placere og fjerne uden friktion<\/li>\n<li>Matcher genf\u00f8dt t\u00f8j og tilbeh\u00f8r til 18 tommer dukke<\/li>\n<li>Prisbillig mulighed inden for billigt tilbeh\u00f8r til genf\u00f8dte dukker<\/li>\n<\/ul>\n<div>Dette omhyggeligt fremstillede tilbeh\u00f8r giver et raffineret finish til ethvert outfit, hvilket g\u00f8r det til et uundv\u00e6rligt valg for samlere, der s\u00f8ger barettilbeh\u00f8r af h\u00f8j kvalitet.<\/div>\n<\/div>\n<p style=\"text-align: center;\" align=\"center\"><img decoding=\"async\" src=\"https:\/\/www.mkreborns.com\/wp-content\/uploads\/2026\/03\/kf-S6afc882157754df2a7cdf6e03c49de1dD.webp\" alt=\"Lyser\u00f8d baret med hjerteudsmykning, ideel til tilbeh\u00f8r til 18-tommer reborn-dukker.\" title=\"\"> <img decoding=\"async\" src=\"https:\/\/www.mkreborns.com\/wp-content\/uploads\/2026\/03\/kf-S1e6e65c4b7ed47649fa13a93bda092d6j.webp\" alt=\"Baret-tilbeh\u00f8r til 18-tommer reborn-dukker, perfekt til at tilf\u00f8je charme og stil.\" title=\"\"> <img decoding=\"async\" src=\"https:\/\/www.mkreborns.com\/wp-content\/uploads\/2026\/03\/kf-Sd73259d6bac34199ad5afcf29fe5670eG.webp\" alt=\"Lyser\u00f8d baret-tilbeh\u00f8r til 18-tommer reborn-dukker, perfekt til at tilf\u00f8je et s\u00f8dt touch til dukket\u00f8j.\" title=\"\"><\/p>","protected":false},"excerpt":{"rendered":"<div>En bl\u00f8d baret designet til at komplementere 18-tommer reborns og tilf\u00f8jer raffineret charme og karakter til enhver dukkestyling.<\/div>","protected":false},"featured_media":4023,"comment_status":"open","ping_status":"closed","template":"","meta":[],"product_brand":[],"product_cat":[159,148],"product_tag":[],"class_list":{"0":"post-4022","1":"product","2":"type-product","3":"status-publish","4":"has-post-thumbnail","6":"product_cat-clothes-for-reborn-dolls","7":"product_cat-reborn-doll-accessories","9":"first","10":"instock","11":"sale","12":"shipping-taxable","13":"purchasable","14":"product-type-variable"},"_links":{"self":[{"href":"https:\/\/www.mkreborns.com\/da\/wp-json\/wp\/v2\/product\/4022","targetHints":{"allow":["GET"]}}],"collection":[{"href":"https:\/\/www.mkreborns.com\/da\/wp-json\/wp\/v2\/product"}],"about":[{"href":"https:\/\/www.mkreborns.com\/da\/wp-json\/wp\/v2\/types\/product"}],"replies":[{"embeddable":true,"href":"https:\/\/www.mkreborns.com\/da\/wp-json\/wp\/v2\/comments?post=4022"}],"wp:featuredmedia":[{"embeddable":true,"href":"https:\/\/www.mkreborns.com\/da\/wp-json\/wp\/v2\/media\/4023"}],"wp:attachment":[{"href":"https:\/\/www.mkreborns.com\/da\/wp-json\/wp\/v2\/media?parent=4022"}],"wp:term":[{"taxonomy":"product_brand","embeddable":true,"href":"https:\/\/www.mkreborns.com\/da\/wp-json\/wp\/v2\/product_brand?post=4022"},{"taxonomy":"product_cat","embeddable":true,"href":"https:\/\/www.mkreborns.com\/da\/wp-json\/wp\/v2\/product_cat?post=4022"},{"taxonomy":"product_tag","embeddable":true,"href":"https:\/\/www.mkreborns.com\/da\/wp-json\/wp\/v2\/product_tag?post=4022"}],"curies":[{"name":"wp","href":"https:\/\/api.w.org\/{rel}","templated":true}]}}