{"id":4000,"date":"2026-03-18T14:46:48","date_gmt":"2026-03-18T14:46:48","guid":{"rendered":"https:\/\/www.mkreborns.com\/?post_type=product&#038;p=4000"},"modified":"2026-03-19T15:52:09","modified_gmt":"2026-03-19T15:52:09","slug":"american-girl-doll-clothes-fit-18-inch-reborns-set","status":"publish","type":"product","link":"https:\/\/www.mkreborns.com\/da\/product\/american-girl-doll-clothes-fit-18-inch-reborns-set\/","title":{"rendered":"Amerikansk pige dukket\u00f8j passer til 18 tommer reborns s\u00e6t"},"content":{"rendered":"<div class=\"product-specs-list-container\">\n<h2>Amerikansk pigedukket\u00f8j passer til genf\u00f8dte<\/h2>\n<div>Amerikansk dukket\u00f8j til piger passer til genf\u00f8dte med bem\u00e6rkelsesv\u00e6rdig pr\u00e6cision, hvilket sikrer kompatibilitet med 18 tommer dukker, der f\u00f8lger realistiske proportioner. Disse outfits er struktureret, s\u00e5 de passer til nye stilarter, genf\u00f8dte dukkekroppe i stof, og tilbyder en afbalanceret silhuet, der \u00f8ger autenticiteten. Uanset om det er stylet til udstilling eller sk\u00e5nsom h\u00e5ndtering, afspejler hvert stykke tankev\u00e6kkende h\u00e5ndv\u00e6rk.<\/div>\n<h3>Skr\u00e6ddersyet design og materialeintegritet<\/h3>\n<div>Disse h\u00e5ndlavede dukkes\u00e6t med genf\u00f8dte dukker er fremstillet af bl\u00f8dt, men robust stof og bevarer strukturen uden at v\u00e6re stiv. Syningen f\u00f8lger anatomiske konturer, hvilket g\u00f8r, at t\u00f8jet sidder naturligt p\u00e5 dukkens ramme. Dette sikrer b\u00e5de visuel n\u00f8jagtighed og langvarig brugervenlighed.<\/div>\n<h3>N\u00f8glefunktioner og fordele<\/h3>\n<ul>\n<li>Designet til at passe pr\u00e6cist til reborns p\u00e5 43 cm \/ 18 tommer<\/li>\n<li>Velegnet til b\u00e5de reborn-dukket\u00f8j til babydrenge og neutrale stilarter<\/li>\n<li>Forst\u00e6rkede s\u00f8mme for forl\u00e6nget holdbarhed<\/li>\n<li>Let tekstil for komfortabel h\u00e5ndtering<\/li>\n<li>Kompatibel med nye genf\u00f8dte stofdukkekroppe<\/li>\n<\/ul>\n<div>Med en balance mellem struktur og bl\u00f8dhed tilf\u00f8jer dette s\u00e6t dybde og realisme til enhver samling, hvilket g\u00f8r det til et p\u00e5lideligt valg for samlere, der s\u00f8ger t\u00f8j til amerikanske pigedukker, der passer til genf\u00f8dte.<\/div>\n<div><\/div>\n<\/div>\n<div class=\"detailmodule_html\">\n<div class=\"detail-desc-decorate-richtext\">\n<p style=\"text-align: center; margin: 0px;\" align=\"center\"><img decoding=\"async\" src=\"https:\/\/www.mkreborns.com\/wp-content\/uploads\/2026\/03\/kf-Sbb815d83d55a42c6b75a953932f9eec9r.webp\" alt=\"\" title=\"\"><img decoding=\"async\" src=\"https:\/\/www.mkreborns.com\/wp-content\/uploads\/2026\/03\/kf-Sc2b352c412684bd7acc6bb9bcdf0c927X.webp\" alt=\"\" title=\"\"><img decoding=\"async\" src=\"https:\/\/www.mkreborns.com\/wp-content\/uploads\/2026\/03\/kf-S359e5961003a4ef683ca7929699e081fB.webp\" alt=\"\" title=\"\"><img decoding=\"async\" src=\"https:\/\/www.mkreborns.com\/wp-content\/uploads\/2026\/03\/kf-Scc518a1bba6e434daac8f2dece7ee61fs.webp\" alt=\"\" title=\"\"><img decoding=\"async\" src=\"https:\/\/www.mkreborns.com\/wp-content\/uploads\/2026\/03\/kf-S5c9fd673d94b407495c1b13241048299B.webp\" alt=\"\" title=\"\"><img decoding=\"async\" src=\"https:\/\/www.mkreborns.com\/wp-content\/uploads\/2026\/03\/kf-S4b118a05358c496d84bb2426874d92c8u.webp\" alt=\"\" title=\"\"><img decoding=\"async\" src=\"https:\/\/www.mkreborns.com\/wp-content\/uploads\/2026\/03\/kf-S41958fdfe8b14b4481003fedf9275197D.webp\" alt=\"\" title=\"\"><img decoding=\"async\" src=\"https:\/\/www.mkreborns.com\/wp-content\/uploads\/2026\/03\/kf-Sb7de3410d1f5466194271c86cc3b11047.webp\" alt=\"\" title=\"\"><img decoding=\"async\" src=\"https:\/\/www.mkreborns.com\/wp-content\/uploads\/2026\/03\/kf-Sf2d8e29dcfbb4426a9b5e0f048bc41bbl.webp\" alt=\"\" title=\"\"><img decoding=\"async\" src=\"https:\/\/www.mkreborns.com\/wp-content\/uploads\/2026\/03\/kf-S87f2002a343949f78d65c595eb6297c7W.webp\" alt=\"\" title=\"\"><img decoding=\"async\" src=\"https:\/\/www.mkreborns.com\/wp-content\/uploads\/2026\/03\/kf-Se889b72926b445a58aea59fc7b6b49b5L.webp\" alt=\"\" title=\"\"><\/p>\n<\/div>\n<\/div>","protected":false},"excerpt":{"rendered":"<div>Omhyggeligt skr\u00e6ddersyede outfits designet til at passe 18-tommer genf\u00f8dte, der blander klassisk stil med bl\u00f8de materialer for et raffineret og naturtro udseende.<\/div>","protected":false},"featured_media":4001,"comment_status":"open","ping_status":"closed","template":"","meta":[],"product_brand":[],"product_cat":[159,148],"product_tag":[],"class_list":{"0":"post-4000","1":"product","2":"type-product","3":"status-publish","4":"has-post-thumbnail","6":"product_cat-clothes-for-reborn-dolls","7":"product_cat-reborn-doll-accessories","9":"first","10":"instock","11":"sale","12":"shipping-taxable","13":"purchasable","14":"product-type-variable","15":"has-default-attributes"},"_links":{"self":[{"href":"https:\/\/www.mkreborns.com\/da\/wp-json\/wp\/v2\/product\/4000","targetHints":{"allow":["GET"]}}],"collection":[{"href":"https:\/\/www.mkreborns.com\/da\/wp-json\/wp\/v2\/product"}],"about":[{"href":"https:\/\/www.mkreborns.com\/da\/wp-json\/wp\/v2\/types\/product"}],"replies":[{"embeddable":true,"href":"https:\/\/www.mkreborns.com\/da\/wp-json\/wp\/v2\/comments?post=4000"}],"wp:featuredmedia":[{"embeddable":true,"href":"https:\/\/www.mkreborns.com\/da\/wp-json\/wp\/v2\/media\/4001"}],"wp:attachment":[{"href":"https:\/\/www.mkreborns.com\/da\/wp-json\/wp\/v2\/media?parent=4000"}],"wp:term":[{"taxonomy":"product_brand","embeddable":true,"href":"https:\/\/www.mkreborns.com\/da\/wp-json\/wp\/v2\/product_brand?post=4000"},{"taxonomy":"product_cat","embeddable":true,"href":"https:\/\/www.mkreborns.com\/da\/wp-json\/wp\/v2\/product_cat?post=4000"},{"taxonomy":"product_tag","embeddable":true,"href":"https:\/\/www.mkreborns.com\/da\/wp-json\/wp\/v2\/product_tag?post=4000"}],"curies":[{"name":"wp","href":"https:\/\/api.w.org\/{rel}","templated":true}]}}