{"id":3914,"date":"2026-03-18T13:49:16","date_gmt":"2026-03-18T13:49:16","guid":{"rendered":"https:\/\/www.mkreborns.com\/?post_type=product&#038;p=3914"},"modified":"2026-03-19T15:50:41","modified_gmt":"2026-03-19T15:50:41","slug":"handmade-20-22-inch-reborn-doll-outfits-and-princess-dress-sets","status":"publish","type":"product","link":"https:\/\/www.mkreborns.com\/da\/product\/handmade-20-22-inch-reborn-doll-outfits-and-princess-dress-sets\/","title":{"rendered":"H\u00e5ndlavede 20-22 tommer genf\u00f8dte dukkes\u00e6t og prinsessekjoler"},"content":{"rendered":"<div class=\"product-specs-list-container\">\n<h2>Uds\u00f8gte garderobeartikler til dine livagtige sp\u00e6db\u00f8rn<\/h2>\n<div>At pleje en genf\u00f8dt baby involverer mere end blot blide ber\u00f8ringer; det kr\u00e6ver en garderobe, der afspejler deres sarte sk\u00f8nhed. Vores kuraterede kollektion af 20-22 tommer genf\u00f8dte dukket\u00f8j giver en problemfri pasform til dukker fra halvtreds til femoghalvtreds centimeter. Hvert s\u00e6t er omhyggeligt syet med f\u00f8rsteklasses tekstiler, der giver en bl\u00f8d, taktil fornemmelse mod vinyl- eller silikoneoverfladerne p\u00e5 dit samlerobjekt. Uanset om du kl\u00e6der en lille pige eller en nyf\u00f8dt figur p\u00e5, giver disse bekl\u00e6dningsgenstande den \u00e6stetiske forfining, din hobby kr\u00e6ver, uden en premium pris.<\/div>\n<h3>Alsidige s\u00e6sonbestemte stilarter og funktionelt tilbeh\u00f8r<\/h3>\n<div>At bevare et realistisk udseende p\u00e5 dit b\u00f8rnev\u00e6relse betyder at have det rigtige t\u00f8j til ethvert klima. Fra \u00e5ndbare bomuldsblandinger til sommerudflugter til lagdelte, hyggelige strikvarer til vinterudstillinger, im\u00f8dekommer vores udvalg enhver stilpr\u00e6ference. Dette billige genf\u00f8dte dukket\u00f8j tilbyder en overkommelig m\u00e5de at udvide din samlings alsidighed, samtidig med at h\u00f8je h\u00e5ndv\u00e6rksm\u00e6ssige standarder opretholdes.<\/div>\n<ul>\n<li>H\u00e5ndskr\u00e6ddersyede prinsessekjoler med indviklede blonder og b\u00e5nddetaljer.<\/li>\n<li>Holdbar stofkonstruktion, der t\u00e5ler hyppig p\u00e5kl\u00e6dning og posering.<\/li>\n<li>Levende, giftfri farvestoffer, der sikrer sikkerhed og langvarig farvem\u00e6tning.<\/li>\n<li>Koordinerede s\u00e6t, der forenkler styling for b\u00e5de amat\u00f8rer og professionelle samlere.<\/li>\n<\/ul>\n<div>Gl\u00e6den ved at eje en dukke forst\u00e6rkes, n\u00e5r du v\u00e6lger det perfekte silikone-babydukket\u00f8j og -tilbeh\u00f8r til at fuldende dit b\u00f8rnev\u00e6relses unikke look. Ved at v\u00e6lge vores 20-tommer reborn-dukket\u00f8j af h\u00f8j kvalitet sikrer du, at din baby forbliver midtpunktet i din samling, mens hun er kl\u00e6dt i det fineste 22-tommer reborn-dukket\u00f8j.<\/div>\n<\/div>\n<p><img decoding=\"async\" src=\"https:\/\/www.mkreborns.com\/wp-content\/uploads\/2026\/03\/kf-S2e01ded1844b4877bf4c33f55020ae11c.webp\" alt=\"\" title=\"\"><img decoding=\"async\" src=\"https:\/\/www.mkreborns.com\/wp-content\/uploads\/2026\/03\/kf-S9e3f070a33d54057b89198cde073cd612.webp\" alt=\"\" title=\"\"><img decoding=\"async\" src=\"https:\/\/www.mkreborns.com\/wp-content\/uploads\/2026\/03\/kf-S6e3bf7adc684427696336b2801fea85fY.webp\" alt=\"\" title=\"\"><img decoding=\"async\" src=\"https:\/\/www.mkreborns.com\/wp-content\/uploads\/2026\/03\/kf-S33fd522146264b3d872df87a701c2946b.webp\" alt=\"\" title=\"\"><img decoding=\"async\" src=\"https:\/\/www.mkreborns.com\/wp-content\/uploads\/2026\/03\/kf-Sbf836be53df845d68bbc0b7a1f9c781f2.webp\" alt=\"\" title=\"\"><img decoding=\"async\" src=\"https:\/\/www.mkreborns.com\/wp-content\/uploads\/2026\/03\/kf-Sf1a7b314b8d347688f83c99d60dce0a3A.webp\" alt=\"\" title=\"\"><img decoding=\"async\" src=\"https:\/\/www.mkreborns.com\/wp-content\/uploads\/2026\/03\/kf-S61f931d28b264579b6dae3d8565e2e50T.webp\" alt=\"\" title=\"\"><img decoding=\"async\" src=\"https:\/\/www.mkreborns.com\/wp-content\/uploads\/2026\/03\/kf-S0c2952b48d644b18bd24e6028052eb98U.webp\" alt=\"\" title=\"\"><img decoding=\"async\" src=\"https:\/\/www.mkreborns.com\/wp-content\/uploads\/2026\/03\/kf-S9e63ed215fae43ad819d86d2033ee969r.webp\" alt=\"\" title=\"\"><img decoding=\"async\" src=\"https:\/\/www.mkreborns.com\/wp-content\/uploads\/2026\/03\/kf-S753c136e65d641e4943f67baf9baf5ccc.webp\" alt=\"\" title=\"\"><img decoding=\"async\" src=\"https:\/\/www.mkreborns.com\/wp-content\/uploads\/2026\/03\/kf-S67c85d54bdd34203a836b3a36c4bd4eaS.webp\" alt=\"\" title=\"\"><img decoding=\"async\" src=\"https:\/\/www.mkreborns.com\/wp-content\/uploads\/2026\/03\/kf-S50dfe06eb5cd479983c46dcf6260faee1.webp\" alt=\"\" title=\"\"><img decoding=\"async\" src=\"https:\/\/www.mkreborns.com\/wp-content\/uploads\/2026\/03\/kf-Sb5f6a65275bd4f43ab927c391e4be4d5i.webp\" alt=\"\" title=\"\"><img decoding=\"async\" src=\"https:\/\/www.mkreborns.com\/wp-content\/uploads\/2026\/03\/kf-S267c5a5569df43c99eeeb243ed4f3022A.webp\" alt=\"\" title=\"\"><img decoding=\"async\" src=\"https:\/\/www.mkreborns.com\/wp-content\/uploads\/2026\/03\/kf-Sfd4f91fa317844e6a20bedeb546fe009P.webp\" alt=\"Reborn dukke prinsessekjole med fl\u00e6ser og pastelfarver.\" title=\"\"> <img decoding=\"async\" src=\"https:\/\/www.mkreborns.com\/wp-content\/uploads\/2026\/03\/kf-Sf6881c96b70f469dae3e5e917a9a797c2.webp\" alt=\"\" title=\"\"><img decoding=\"async\" src=\"https:\/\/www.mkreborns.com\/wp-content\/uploads\/2026\/03\/kf-S37d300d49be64c689cdc2d9ac655ee8ef.webp\" alt=\"\" title=\"\"><img decoding=\"async\" src=\"https:\/\/www.mkreborns.com\/wp-content\/uploads\/2026\/03\/kf-Se12b5d5751db49a598419c27633fa249h.webp\" alt=\"Reborn dukke prinsessekjoles\u00e6t med galakseprint og lyser\u00f8de detaljer, perfekt til 20-22 tommer dukker. Uni.\" title=\"\"> <img decoding=\"async\" src=\"https:\/\/www.mkreborns.com\/wp-content\/uploads\/2026\/03\/kf-Sfec6353fabc249739a9bfc7ff9c19194J.webp\" alt=\"Yndig h\u00e5ndlavet 20-22 tommer genf\u00f8dt dukke prinsessekjole med galakseprint og lyser\u00f8de detaljer.\" title=\"\"> <img decoding=\"async\" src=\"https:\/\/www.mkreborns.com\/wp-content\/uploads\/2026\/03\/kf-S2fe53c2cf60a4dca806d62c9507c1527k.webp\" alt=\"\" title=\"\"><img decoding=\"async\" src=\"https:\/\/www.mkreborns.com\/wp-content\/uploads\/2026\/03\/kf-Scc80fb4332204489b9e54a2f1cd37684Y.webp\" alt=\"Reborn-dukkekostume med en lyser\u00f8d ginghamkjole med blondekant og en hvid undersk\u00f8rt. Perfekt til.\" title=\"\"> <img decoding=\"async\" src=\"https:\/\/www.mkreborns.com\/wp-content\/uploads\/2026\/03\/kf-Sa287f36538e54509a74becedf5d1e80aI.webp\" alt=\"Reborn dukkekostume med lyser\u00f8d gingham-fl\u00e6se og satinsl\u00f8jfer, perfekt til dukker p\u00e5 20-22 tommer.\" title=\"\"> <img decoding=\"async\" src=\"https:\/\/www.mkreborns.com\/wp-content\/uploads\/2026\/03\/kf-S804968ae87294c959b219b6c3d88016bB.webp\" alt=\"Genf\u00f8dt dukke if\u00f8rt en blomstret prinsessekjole, holder et lyser\u00f8dt flamingo-plysdyr og en flaske i n\u00e6rheden.\" title=\"\"> <img decoding=\"async\" src=\"https:\/\/www.mkreborns.com\/wp-content\/uploads\/2026\/03\/kf-Sd9fc481645ee4d3288511c710a4aa6fac.webp\" alt=\"\" title=\"\"><img decoding=\"async\" src=\"https:\/\/www.mkreborns.com\/wp-content\/uploads\/2026\/03\/kf-S5d746b3f7dda43a98510624ed31c719bq.webp\" alt=\"\" title=\"\"><img decoding=\"async\" src=\"https:\/\/www.mkreborns.com\/wp-content\/uploads\/2026\/03\/kf-Sdb0e2483cf38440085aa085deb7e8e72l.webp\" alt=\"Reborn dukke prinsessekjoles\u00e6t med blomsterprint, h\u00e5ndlavet til 20-22 tommer dukker.\" title=\"\"> <img decoding=\"async\" src=\"https:\/\/www.mkreborns.com\/wp-content\/uploads\/2026\/03\/kf-S9b482f7f72f848b28fede3ec4a85ed32b.webp\" alt=\"\" title=\"\"><img decoding=\"async\" src=\"https:\/\/www.mkreborns.com\/wp-content\/uploads\/2026\/03\/kf-S09152d43a02f4b4f9bef4d5cfa7531daK.webp\" alt=\"Reborn dukkekostume med blomstret kjole og gult b\u00e5nd, perfekt til dukker p\u00e5 20-22 tommer.\" title=\"\"> <img decoding=\"async\" src=\"https:\/\/www.mkreborns.com\/wp-content\/uploads\/2026\/03\/kf-Sc4c910a0f2e8414fa5bd80aa5709c8ecK.webp\" alt=\"\" title=\"\"><img decoding=\"async\" src=\"https:\/\/www.mkreborns.com\/wp-content\/uploads\/2026\/03\/kf-S6f2f906babe64407abb39604df6914a1J.webp\" alt=\"\" title=\"\"><img decoding=\"async\" src=\"https:\/\/www.mkreborns.com\/wp-content\/uploads\/2026\/03\/kf-S3492369ac2ce462f897f81971cc88ea2i.webp\" alt=\"Genf\u00f8dt dukke if\u00f8rt en h\u00e5ndlavet lyser\u00f8d prinsessekjole med hvid fluffy krave og pomponer.\" title=\"\"> <img decoding=\"async\" src=\"https:\/\/www.mkreborns.com\/wp-content\/uploads\/2026\/03\/kf-Se51597a0a9504fc688712ba8acc06b61X.webp\" alt=\"\" title=\"\"><img decoding=\"async\" src=\"https:\/\/www.mkreborns.com\/wp-content\/uploads\/2026\/03\/kf-S2cd722838c3444e8853dfdd6cb7c6eeaF.webp\" alt=\"Reborn-dukkekostume med lyser\u00f8d kjole, hvide leggings og matchende st\u00f8vler til dukker p\u00e5 20-22 tommer.\" title=\"\"> <img decoding=\"async\" src=\"https:\/\/www.mkreborns.com\/wp-content\/uploads\/2026\/03\/kf-S4485fab01df04a52b37771c9fd6fb6808.webp\" alt=\"Reborn dukket\u00f8jss\u00e6t med bukser med flamingoprint og matchende hovedtelefoner, perfekt til h\u00e5ndlavning.\" title=\"\"> <img decoding=\"async\" src=\"https:\/\/www.mkreborns.com\/wp-content\/uploads\/2026\/03\/kf-S119e2ed0c63449e780a45353deed672fV.webp\" alt=\"Lyser\u00f8de reborn-dukkest\u00f8vler med hvid kunstpelskant til dukker p\u00e5 20-22 tommer.\" title=\"\"> <img decoding=\"async\" src=\"https:\/\/www.mkreborns.com\/wp-content\/uploads\/2026\/03\/kf-Sc540755ac9cf4146835605b7b7171a0fT.webp\" alt=\"Reborn-dukkekostume med lyser\u00f8d kjole, hvide leggings og matchende st\u00f8vler til dukker p\u00e5 20-22 tommer.\" title=\"\"><\/p>\n<div style=\"width: 640px;\" class=\"wp-video\"><video class=\"wp-video-shortcode\" id=\"video-3914-1\" width=\"640\" height=\"360\" preload=\"metadata\" controls=\"controls\"><source type=\"video\/mp4\" src=\"https:\/\/video.aliexpress-media.com\/play\/u\/ae_sg_item\/2216133796552\/p\/1\/e\/6\/t\/10301\/1100164358417.mp4?_=1\" \/><a href=\"https:\/\/video.aliexpress-media.com\/play\/u\/ae_sg_item\/2216133796552\/p\/1\/e\/6\/t\/10301\/1100164358417.mp4\" target=\"_blank\" rel=\"noopener\">https:\/\/video.aliexpress-media.com\/play\/u\/ae_sg_item\/2216133796552\/p\/1\/e\/6\/t\/10301\/1100164358417.mp4<\/a><\/video><\/div>","protected":false},"excerpt":{"rendered":"<p>Kl\u00e6d din elskede ledsager i uds\u00f8gt, h\u00e5ndlavet t\u00f8j, der er designet til at afspejle charmen ved \u00e6gte babyt\u00f8j, og s\u00f8rg for, at hvert \u00f8jeblik med leg f\u00f8les bem\u00e6rkelsesv\u00e6rdigt autentisk og hjertevarmende.<\/p>","protected":false},"featured_media":3915,"comment_status":"open","ping_status":"closed","template":"","meta":[],"product_brand":[],"product_cat":[159,148],"product_tag":[],"class_list":{"0":"post-3914","1":"product","2":"type-product","3":"status-publish","4":"has-post-thumbnail","6":"product_cat-clothes-for-reborn-dolls","7":"product_cat-reborn-doll-accessories","9":"first","10":"instock","11":"sale","12":"shipping-taxable","13":"purchasable","14":"product-type-variable","15":"has-default-attributes"},"_links":{"self":[{"href":"https:\/\/www.mkreborns.com\/da\/wp-json\/wp\/v2\/product\/3914","targetHints":{"allow":["GET"]}}],"collection":[{"href":"https:\/\/www.mkreborns.com\/da\/wp-json\/wp\/v2\/product"}],"about":[{"href":"https:\/\/www.mkreborns.com\/da\/wp-json\/wp\/v2\/types\/product"}],"replies":[{"embeddable":true,"href":"https:\/\/www.mkreborns.com\/da\/wp-json\/wp\/v2\/comments?post=3914"}],"wp:featuredmedia":[{"embeddable":true,"href":"https:\/\/www.mkreborns.com\/da\/wp-json\/wp\/v2\/media\/3915"}],"wp:attachment":[{"href":"https:\/\/www.mkreborns.com\/da\/wp-json\/wp\/v2\/media?parent=3914"}],"wp:term":[{"taxonomy":"product_brand","embeddable":true,"href":"https:\/\/www.mkreborns.com\/da\/wp-json\/wp\/v2\/product_brand?post=3914"},{"taxonomy":"product_cat","embeddable":true,"href":"https:\/\/www.mkreborns.com\/da\/wp-json\/wp\/v2\/product_cat?post=3914"},{"taxonomy":"product_tag","embeddable":true,"href":"https:\/\/www.mkreborns.com\/da\/wp-json\/wp\/v2\/product_tag?post=3914"}],"curies":[{"name":"wp","href":"https:\/\/api.w.org\/{rel}","templated":true}]}}