{"id":3908,"date":"2026-03-18T13:24:18","date_gmt":"2026-03-18T13:24:18","guid":{"rendered":"https:\/\/www.mkreborns.com\/?post_type=product&#038;p=3908"},"modified":"2026-03-19T15:51:18","modified_gmt":"2026-03-19T15:51:18","slug":"18-inch-reborn-dolls-clothes-for-baby-doll-outfits","status":"publish","type":"product","link":"https:\/\/www.mkreborns.com\/da\/product\/18-inch-reborn-dolls-clothes-for-baby-doll-outfits\/","title":{"rendered":"18 tommer genf\u00f8dte dukker t\u00f8j til babydukker"},"content":{"rendered":"<h2>Stilfuldt t\u00f8j til reborn-dukker til 18 tommer til enhver lejlighed<\/h2>\n<div>Giv din dukkesamling charme og autenticitet med vores 18 tommer reborn-dukket\u00f8j. Hvert outfit er omhyggeligt designet til at passe perfekt til reborn-dukker, samtidig med at det tilbyder komfort og et naturtro udseende. Ideelt til b\u00e5de leg og fremvisning, forvandler dette t\u00f8j enhver dukke til en moderigtig ledsager.<\/div>\n<h3>Detaljerede designs og behagelig pasform<\/h3>\n<div>Vores kollektion pr\u00e6senterer t\u00f8j til reborn baby-dukker med fokus p\u00e5 stofkrop, hvilket sikrer, at hvert stykke sidder t\u00e6t og fremh\u00e6ver realistiske tr\u00e6k. Fra legende heldragter til elegante kjoler tilbyder disse outfits alsidighed og stil, der f\u00e5r din 18-tommer dukke til at skille sig ud.<\/div>\n<ul>\n<li>Pr\u00e6cis st\u00f8rrelsesvalg: Designet til dukker p\u00e5 18 tommer for at sikre perfekt pasform og nem p\u00e5kl\u00e6dning.<\/li>\n<li>Stoffer af h\u00f8j kvalitet: Bl\u00f8de, slidst\u00e6rke materialer giver komfort og langvarig slidstyrke.<\/li>\n<li>Realistiske detaljer: Indviklede syninger og m\u00f8nstre afspejler autentisk babyt\u00f8j.<\/li>\n<li>Udvalg af stilarter: Omfatter afslappede, formelle og s\u00e6sonbestemte outfits til alle lejligheder.<\/li>\n<li>Forbedret dukke-realisme: Skr\u00e6ddersyet til at komplementere den genf\u00f8dte dukkes stofkrop for naturtro charme.<\/li>\n<\/ul>\n<div>Opgrader din dukkegarderobe med dette uds\u00f8gte 18 tommer reborn-dukket\u00f8j, der blander stil, komfort og autentisk appel.<\/div>\n<p style=\"text-align: center;\" align=\"center\"><img decoding=\"async\" src=\"https:\/\/www.mkreborns.com\/wp-content\/uploads\/2026\/03\/kf-S9d31fc2e9fcd434fafe9c0f471411531G.webp\" alt=\"\" title=\"\"><img decoding=\"async\" src=\"https:\/\/www.mkreborns.com\/wp-content\/uploads\/2026\/03\/kf-Sb94cdf6699bc46d3a5df6fd0f3b9305eP.webp\" alt=\"\" title=\"\"><img decoding=\"async\" src=\"https:\/\/www.mkreborns.com\/wp-content\/uploads\/2026\/03\/kf-S2c32be6ab85b4bc298e8b61239d41026x.webp\" alt=\"\" title=\"\"><img decoding=\"async\" src=\"https:\/\/www.mkreborns.com\/wp-content\/uploads\/2026\/03\/kf-S572f25d107b74315a31d1340abf1216fq.webp\" alt=\"\" title=\"\"><img decoding=\"async\" src=\"https:\/\/www.mkreborns.com\/wp-content\/uploads\/2026\/03\/kf-S5255329b890042289e03e8edbc8650fdh.webp\" alt=\"\" title=\"\"><\/p>","protected":false},"excerpt":{"rendered":"<p>Pynt din 18-tommer genf\u00f8dte dukke med stilfulde, bl\u00f8de og detaljerede t\u00f8j designet til realistisk leg og varig elegance.<\/p>","protected":false},"featured_media":3909,"comment_status":"open","ping_status":"closed","template":"","meta":[],"product_brand":[],"product_cat":[159,148],"product_tag":[],"class_list":{"0":"post-3908","1":"product","2":"type-product","3":"status-publish","4":"has-post-thumbnail","6":"product_cat-clothes-for-reborn-dolls","7":"product_cat-reborn-doll-accessories","9":"first","10":"instock","11":"sale","12":"shipping-taxable","13":"purchasable","14":"product-type-simple"},"_links":{"self":[{"href":"https:\/\/www.mkreborns.com\/da\/wp-json\/wp\/v2\/product\/3908","targetHints":{"allow":["GET"]}}],"collection":[{"href":"https:\/\/www.mkreborns.com\/da\/wp-json\/wp\/v2\/product"}],"about":[{"href":"https:\/\/www.mkreborns.com\/da\/wp-json\/wp\/v2\/types\/product"}],"replies":[{"embeddable":true,"href":"https:\/\/www.mkreborns.com\/da\/wp-json\/wp\/v2\/comments?post=3908"}],"wp:featuredmedia":[{"embeddable":true,"href":"https:\/\/www.mkreborns.com\/da\/wp-json\/wp\/v2\/media\/3909"}],"wp:attachment":[{"href":"https:\/\/www.mkreborns.com\/da\/wp-json\/wp\/v2\/media?parent=3908"}],"wp:term":[{"taxonomy":"product_brand","embeddable":true,"href":"https:\/\/www.mkreborns.com\/da\/wp-json\/wp\/v2\/product_brand?post=3908"},{"taxonomy":"product_cat","embeddable":true,"href":"https:\/\/www.mkreborns.com\/da\/wp-json\/wp\/v2\/product_cat?post=3908"},{"taxonomy":"product_tag","embeddable":true,"href":"https:\/\/www.mkreborns.com\/da\/wp-json\/wp\/v2\/product_tag?post=3908"}],"curies":[{"name":"wp","href":"https:\/\/api.w.org\/{rel}","templated":true}]}}