{"id":3890,"date":"2026-03-18T13:08:27","date_gmt":"2026-03-18T13:08:27","guid":{"rendered":"https:\/\/www.mkreborns.com\/?post_type=product&#038;p=3890"},"modified":"2026-03-19T15:52:23","modified_gmt":"2026-03-19T15:52:23","slug":"baby-doll-clothes-17-18-inch-reborn-outfits-for-girls","status":"publish","type":"product","link":"https:\/\/www.mkreborns.com\/da\/product\/baby-doll-clothes-17-18-inch-reborn-outfits-for-girls\/","title":{"rendered":"Babydukket\u00f8j 17-18 tommer genf\u00f8dte t\u00f8j til piger"},"content":{"rendered":"<div class=\"detailmodule_html\">\n<div class=\"detail-desc-decorate-richtext\">\n<h2>Charmerende stilarter til babydukket\u00f8j 17-18 tommer Reborn<\/h2>\n<div>L\u00f8ft din reborn-kollektion med vores f\u00f8rsteklasses babydukket\u00f8j til 17-18 tommer. Hvert outfit er omhyggeligt designet til at komplementere reborn babydukket\u00f8jet til piger og kombinerer komfort, holdbarhed og naturtro detaljer. Uanset om det er til leg eller fremvisning, tilbyder dette t\u00f8j en perfekt pasform og livlige, i\u00f8jnefaldende designs.<\/div>\n<h3>Unikke designs og m\u00f8nstrede detaljer<\/h3>\n<div>Vores udvalg byder p\u00e5 indviklede stofm\u00f8nstre til reborn-dukker, der giver hver dukke mulighed for at vise personlighed og stil. V\u00e6lg mellem kjoler, heldragter og koordinerede s\u00e6t, der er skr\u00e6ddersyet til b\u00e5de 17-tommer og 18-tommer reborn-dukker. Med bl\u00f8de stoffer og realistiske finish fremh\u00e6ver hvert outfit din dukkes naturtro charme.<\/div>\n<ul>\n<li>Specialfremstillet: Pr\u00e6cis st\u00f8rrelse til reborn-dukker p\u00e5 17-18 tommer for problemfri p\u00e5kl\u00e6dning.<\/li>\n<li>Materialer af h\u00f8j kvalitet: Sk\u00e5nsomme, slidst\u00e6rke stoffer, der bevarer form og farve.<\/li>\n<li>M\u00f8nstret variation: Reborn-dukkens stofm\u00f8nster tilf\u00f8jer individualitet til hvert outfit.<\/li>\n<li>Alsidig garderobe: Omfatter fritidst\u00f8j, formelle kjoler og legende s\u00e6t.<\/li>\n<li>Forbedret realisme: Detaljerede syninger og finish giver hvert stykke m\u00f8bel autenticitet.<\/li>\n<\/ul>\n<div>Bring gl\u00e6de og elegance til enhver dukkeudstilling med dette smukt udformede babydukket\u00f8j p\u00e5 17-18 tommer, der kombinerer stil, komfort og naturtro elegance.<\/div>\n<div><\/div>\n<p style=\"text-align: center; margin: 0px;\" align=\"center\"><img decoding=\"async\" src=\"https:\/\/www.mkreborns.com\/wp-content\/uploads\/2026\/03\/kf-Sff4af0a0ce8d4485b7c09410cb094249I.webp\" alt=\"\" title=\"\"><img decoding=\"async\" src=\"https:\/\/www.mkreborns.com\/wp-content\/uploads\/2026\/03\/kf-S10d68fad596841c589219dc0c10319fbZ.webp\" alt=\"\" title=\"\"><img decoding=\"async\" src=\"https:\/\/www.mkreborns.com\/wp-content\/uploads\/2026\/03\/kf-S8dbdfa36fe014c8fa0765011983d82caD.webp\" alt=\"\" title=\"\"><img decoding=\"async\" src=\"https:\/\/www.mkreborns.com\/wp-content\/uploads\/2026\/03\/kf-S920d035ab985467b8517b1483d4f6bbaY.webp\" alt=\"\" title=\"\"><img decoding=\"async\" src=\"https:\/\/www.mkreborns.com\/wp-content\/uploads\/2026\/03\/kf-S4b96cea014a44b709b752532f6113fbfu.webp\" alt=\"\" title=\"\"><img decoding=\"async\" src=\"https:\/\/www.mkreborns.com\/wp-content\/uploads\/2026\/03\/kf-S44c92652455b47b98527b3aa131f6b1eT.webp\" alt=\"\" title=\"\"><img decoding=\"async\" src=\"https:\/\/www.mkreborns.com\/wp-content\/uploads\/2026\/03\/kf-S56de3d76be034bbfb5ae1261f59232a1O.webp\" alt=\"\" title=\"\"><img decoding=\"async\" src=\"https:\/\/www.mkreborns.com\/wp-content\/uploads\/2026\/03\/kf-S0590e45ab54740c38d581d7611ef244cS.webp\" alt=\"\" title=\"\"><img decoding=\"async\" src=\"https:\/\/www.mkreborns.com\/wp-content\/uploads\/2026\/03\/kf-S4d9af2659e454d8b87e97bd159ed9cdfz.webp\" alt=\"\" title=\"\"><img decoding=\"async\" src=\"https:\/\/www.mkreborns.com\/wp-content\/uploads\/2026\/03\/kf-Sb9c38680031e40f6b3db3e4e386af5c5l.webp\" alt=\"\" title=\"\"><\/p>\n<\/div>\n<\/div>","protected":false},"excerpt":{"rendered":"<p>Forvandl din genf\u00f8dte dukke til en stilfuld ledsager med bl\u00f8dt, detaljeret t\u00f8j designet til realistisk leg og uendelig charme.<\/p>","protected":false},"featured_media":3891,"comment_status":"open","ping_status":"closed","template":"","meta":[],"product_brand":[],"product_cat":[159,148],"product_tag":[],"class_list":{"0":"post-3890","1":"product","2":"type-product","3":"status-publish","4":"has-post-thumbnail","6":"product_cat-clothes-for-reborn-dolls","7":"product_cat-reborn-doll-accessories","9":"first","10":"instock","11":"sale","12":"shipping-taxable","13":"purchasable","14":"product-type-variable","15":"has-default-attributes"},"_links":{"self":[{"href":"https:\/\/www.mkreborns.com\/da\/wp-json\/wp\/v2\/product\/3890","targetHints":{"allow":["GET"]}}],"collection":[{"href":"https:\/\/www.mkreborns.com\/da\/wp-json\/wp\/v2\/product"}],"about":[{"href":"https:\/\/www.mkreborns.com\/da\/wp-json\/wp\/v2\/types\/product"}],"replies":[{"embeddable":true,"href":"https:\/\/www.mkreborns.com\/da\/wp-json\/wp\/v2\/comments?post=3890"}],"wp:featuredmedia":[{"embeddable":true,"href":"https:\/\/www.mkreborns.com\/da\/wp-json\/wp\/v2\/media\/3891"}],"wp:attachment":[{"href":"https:\/\/www.mkreborns.com\/da\/wp-json\/wp\/v2\/media?parent=3890"}],"wp:term":[{"taxonomy":"product_brand","embeddable":true,"href":"https:\/\/www.mkreborns.com\/da\/wp-json\/wp\/v2\/product_brand?post=3890"},{"taxonomy":"product_cat","embeddable":true,"href":"https:\/\/www.mkreborns.com\/da\/wp-json\/wp\/v2\/product_cat?post=3890"},{"taxonomy":"product_tag","embeddable":true,"href":"https:\/\/www.mkreborns.com\/da\/wp-json\/wp\/v2\/product_tag?post=3890"}],"curies":[{"name":"wp","href":"https:\/\/api.w.org\/{rel}","templated":true}]}}