{"id":3868,"date":"2026-03-18T10:01:51","date_gmt":"2026-03-18T10:01:51","guid":{"rendered":"https:\/\/www.mkreborns.com\/?post_type=product&#038;p=3868"},"modified":"2026-03-19T15:52:36","modified_gmt":"2026-03-19T15:52:36","slug":"18-inch-reborn-doll-clothes-for-toddlers-and-girls","status":"publish","type":"product","link":"https:\/\/www.mkreborns.com\/da\/product\/18-inch-reborn-doll-clothes-for-toddlers-and-girls\/","title":{"rendered":"18 tommer genf\u00f8dt dukket\u00f8j til sm\u00e5b\u00f8rn og piger"},"content":{"rendered":"<div class=\"product-specs-list-container\">\n<h2>Elegante outfits til hver 18 tommer reborn dukke<\/h2>\n<div>G\u00f8r din reborn-dukke til centrum for opm\u00e6rksomheden med vores f\u00f8rsteklasses 18-tommer reborn-dukket\u00f8j. Hvert outfit er designet til at passe perfekt til reborn-tumlingedukker og balancerer realistiske detaljer med bl\u00f8de, slidst\u00e6rke stoffer. Fra hverdagsbrug til s\u00e6rlige lejligheder sikrer dette t\u00f8j, at din dukke altid ser billedperfekt ud.<\/div>\n<h3>Stilfuldt udvalg og tilbeh\u00f8r<\/h3>\n<div>Vores kollektion inkluderer t\u00f8j og tilbeh\u00f8r til reborn-silikonebabydukker, der kan forbedre enhver dukkes garderobe. V\u00e6lg mellem livlige lilla outfits til reborn-dukker, fine kjoler til reborn-pigedukker og alsidigt babyt\u00f8j, der passer til ethvert scenarie. Hvert stykke t\u00f8j er skr\u00e6ddersyet til at g\u00f8re det nemt at kl\u00e6de sig p\u00e5, samtidig med at det bevarer en realistisk, h\u00e5ndlavet f\u00f8lelse.<\/div>\n<ul>\n<li>Premium pasform: Perfekt st\u00f8rrelse til 18-tommer reborn-dukker, hvilket sikrer komfort og elegance.<\/li>\n<li>Stoffer af h\u00f8j kvalitet: Bl\u00f8de, slidst\u00e6rke materialer, der efterligner teksturer af \u00e6gte babyt\u00f8j.<\/li>\n<li>Alsidige stilarter: Fra legende fritidst\u00f8j til sofistikerede lilla outfits.<\/li>\n<li>Tilbeh\u00f8rsmuligheder: Inkluderer matchende hatte, sko og t\u00e6pper til et komplet s\u00e6t.<\/li>\n<li>Realistiske detaljer: H\u00e5ndf\u00e6rdige syninger og charmerende udsmykninger for et livagtigt udseende.<\/li>\n<\/ul>\n<div>Bring charme, realisme og sjov til din samling med dette smukt fremstillede 18 tommer genf\u00f8dte dukket\u00f8j, der forbedrer ethvert legeeventyr.<\/div>\n<div><\/div>\n<\/div>\n<div class=\"detailmodule_html\">\n<div class=\"detail-desc-decorate-richtext\">\n<p style=\"text-align: center; margin: 0px;\" align=\"center\"><img decoding=\"async\" src=\"https:\/\/www.mkreborns.com\/wp-content\/uploads\/2026\/03\/kf-S7d8ebb1a885d44398f64514886946629E.webp\" alt=\"\" title=\"\"><img decoding=\"async\" src=\"https:\/\/www.mkreborns.com\/wp-content\/uploads\/2026\/03\/kf-S89a1ffaead92487d9a130af90b3d4fc5K.webp\" alt=\"\" title=\"\"><img decoding=\"async\" src=\"https:\/\/www.mkreborns.com\/wp-content\/uploads\/2026\/03\/kf-Sc34b80cf2d3a4c60b3a32babd9f3f5548.webp\" alt=\"\" title=\"\"><img decoding=\"async\" src=\"https:\/\/www.mkreborns.com\/wp-content\/uploads\/2026\/03\/kf-S160a0246ec60450ba40c67d32c0961672.webp\" alt=\"\" title=\"\"><img decoding=\"async\" src=\"https:\/\/www.mkreborns.com\/wp-content\/uploads\/2026\/03\/kf-S4d9f66438f1f42e0b260f4684f54fb0bW.webp\" alt=\"\" title=\"\"><img decoding=\"async\" src=\"https:\/\/ae01.alicdn.com\/kf\/S9f14fbaf63524021b86c7a946d713f30N.jpg\" alt=\"\" title=\"\"><img decoding=\"async\" src=\"https:\/\/ae01.alicdn.com\/kf\/Sf7fd6a137dba47e9aecbf4de66cb87df3.jpg\" alt=\"\" title=\"\"><img decoding=\"async\" src=\"https:\/\/ae01.alicdn.com\/kf\/S06ea55e7d37a45acb579364f3408aa76B.jpg\" alt=\"\" title=\"\"><img decoding=\"async\" src=\"https:\/\/ae01.alicdn.com\/kf\/S81d380c3ee694b8eafebd8a9c2653a1at.jpg\" alt=\"\" title=\"\"><img decoding=\"async\" src=\"https:\/\/ae01.alicdn.com\/kf\/S580e530ac6c84a7a82ce96a246202693U.jpg\" alt=\"\" title=\"\"><img decoding=\"async\" src=\"https:\/\/ae01.alicdn.com\/kf\/S4fce4907e8dd42a7b8679f2512ebba25I.jpg\" alt=\"\" title=\"\"><img decoding=\"async\" src=\"https:\/\/ae01.alicdn.com\/kf\/S0f517424cd3642999a0a881e47972c1du.jpg\" alt=\"\" title=\"\"><img decoding=\"async\" src=\"https:\/\/ae01.alicdn.com\/kf\/Sca06b8ff57b34251853a9fb540f747afw.jpg\" alt=\"\" title=\"\"><img decoding=\"async\" src=\"https:\/\/ae01.alicdn.com\/kf\/Sfd3631ab03ee426692991be15c6afe4ee.jpg\" alt=\"\" title=\"\"><\/p>\n<\/div>\n<\/div>","protected":false},"excerpt":{"rendered":"<p>Kl\u00e6d din genf\u00f8dte dukke stilfuldt p\u00e5 med hyggelige t\u00f8j af h\u00f8j kvalitet, der kombinerer charme og komfort til timevis af fantasifuld leg.<\/p>","protected":false},"featured_media":3869,"comment_status":"open","ping_status":"closed","template":"","meta":[],"product_brand":[],"product_cat":[159,148],"product_tag":[],"class_list":{"0":"post-3868","1":"product","2":"type-product","3":"status-publish","4":"has-post-thumbnail","6":"product_cat-clothes-for-reborn-dolls","7":"product_cat-reborn-doll-accessories","9":"first","10":"instock","11":"sale","12":"shipping-taxable","13":"purchasable","14":"product-type-variable","15":"has-default-attributes"},"_links":{"self":[{"href":"https:\/\/www.mkreborns.com\/da\/wp-json\/wp\/v2\/product\/3868","targetHints":{"allow":["GET"]}}],"collection":[{"href":"https:\/\/www.mkreborns.com\/da\/wp-json\/wp\/v2\/product"}],"about":[{"href":"https:\/\/www.mkreborns.com\/da\/wp-json\/wp\/v2\/types\/product"}],"replies":[{"embeddable":true,"href":"https:\/\/www.mkreborns.com\/da\/wp-json\/wp\/v2\/comments?post=3868"}],"wp:featuredmedia":[{"embeddable":true,"href":"https:\/\/www.mkreborns.com\/da\/wp-json\/wp\/v2\/media\/3869"}],"wp:attachment":[{"href":"https:\/\/www.mkreborns.com\/da\/wp-json\/wp\/v2\/media?parent=3868"}],"wp:term":[{"taxonomy":"product_brand","embeddable":true,"href":"https:\/\/www.mkreborns.com\/da\/wp-json\/wp\/v2\/product_brand?post=3868"},{"taxonomy":"product_cat","embeddable":true,"href":"https:\/\/www.mkreborns.com\/da\/wp-json\/wp\/v2\/product_cat?post=3868"},{"taxonomy":"product_tag","embeddable":true,"href":"https:\/\/www.mkreborns.com\/da\/wp-json\/wp\/v2\/product_tag?post=3868"}],"curies":[{"name":"wp","href":"https:\/\/api.w.org\/{rel}","templated":true}]}}