{"id":3763,"date":"2026-03-08T14:20:28","date_gmt":"2026-03-08T14:20:28","guid":{"rendered":"https:\/\/www.mkreborns.com\/?post_type=product&#038;p=3763"},"modified":"2026-03-18T14:53:37","modified_gmt":"2026-03-18T14:53:37","slug":"kay-40-cm-silicone-preemie-reborn-doll","status":"publish","type":"product","link":"https:\/\/www.mkreborns.com\/da\/product\/kay-40-cm-silicone-preemie-reborn-doll\/","title":{"rendered":"Kay 40 cm silikone pr\u00e6matur genf\u00f8dt dukke"},"content":{"rendered":"<p>I verden af reborn-dukker er en 40 cm h\u00f8j dukke den perfekte og mest blide st\u00f8rrelse, som en for tidligt f\u00f8dt baby, der stadig er pakket ind i sv\u00f8b. N\u00e5r en 40 cm h\u00f8j reborn-dukke er lavet udelukkende af silikone og formet som en lille dreng, er han mere end bare en dukke; han er en ledsager, der skal omfavnes, et kunstv\u00e6rk fyldt med f\u00f8lelser. Data viser, at omfavnelse kan frigive endorfiner, som kan lindre angst og depression og derved forbedre f\u00f8lelsen af velv\u00e6re.<\/p>\n<p>K\u00f8n: Dreng<br \/>\nH\u00f8jde: 40 cm<br \/>\nV\u00e6gt: 1,4 kg<br \/>\nEmballagev\u00e6gt: 2,3 kg<br \/>\nEmballagem\u00e5l: 46*21*15 cm<\/p>\n<p><img decoding=\"async\" class=\"aligncenter wp-image-3781 size-full\" src=\"https:\/\/www.mkreborns.com\/wp-content\/themes\/woodmart\/images\/lazy.svg\" data-src=\"https:\/\/www.mkreborns.com\/wp-content\/uploads\/2026\/03\/Kay-Preemie-Reborn-Doll18.jpg\" alt=\"\" width=\"1400\" height=\"933\" title=\"\" srcset=\"\" data-srcset=\"https:\/\/www.mkreborns.com\/wp-content\/uploads\/2026\/03\/Kay-Preemie-Reborn-Doll18.jpg 1400w, https:\/\/www.mkreborns.com\/wp-content\/uploads\/2026\/03\/Kay-Preemie-Reborn-Doll18-400x267.jpg 400w, https:\/\/www.mkreborns.com\/wp-content\/uploads\/2026\/03\/Kay-Preemie-Reborn-Doll18-1200x800.jpg 1200w, https:\/\/www.mkreborns.com\/wp-content\/uploads\/2026\/03\/Kay-Preemie-Reborn-Doll18-768x512.jpg 768w, https:\/\/www.mkreborns.com\/wp-content\/uploads\/2026\/03\/Kay-Preemie-Reborn-Doll18-18x12.jpg 18w, https:\/\/www.mkreborns.com\/wp-content\/uploads\/2026\/03\/Kay-Preemie-Reborn-Doll18-700x467.jpg 700w, https:\/\/www.mkreborns.com\/wp-content\/uploads\/2026\/03\/Kay-Preemie-Reborn-Doll18-150x100.jpg 150w\" sizes=\"(max-width: 1400px) 100vw, 1400px\" \/> <img decoding=\"async\" class=\"aligncenter wp-image-3780 size-full\" src=\"https:\/\/www.mkreborns.com\/wp-content\/themes\/woodmart\/images\/lazy.svg\" data-src=\"https:\/\/www.mkreborns.com\/wp-content\/uploads\/2026\/03\/Kay-Preemie-Reborn-Doll17.jpg\" alt=\"\" width=\"1400\" height=\"933\" title=\"\" srcset=\"\" data-srcset=\"https:\/\/www.mkreborns.com\/wp-content\/uploads\/2026\/03\/Kay-Preemie-Reborn-Doll17.jpg 1400w, https:\/\/www.mkreborns.com\/wp-content\/uploads\/2026\/03\/Kay-Preemie-Reborn-Doll17-400x267.jpg 400w, https:\/\/www.mkreborns.com\/wp-content\/uploads\/2026\/03\/Kay-Preemie-Reborn-Doll17-1200x800.jpg 1200w, https:\/\/www.mkreborns.com\/wp-content\/uploads\/2026\/03\/Kay-Preemie-Reborn-Doll17-768x512.jpg 768w, https:\/\/www.mkreborns.com\/wp-content\/uploads\/2026\/03\/Kay-Preemie-Reborn-Doll17-18x12.jpg 18w, https:\/\/www.mkreborns.com\/wp-content\/uploads\/2026\/03\/Kay-Preemie-Reborn-Doll17-700x467.jpg 700w, https:\/\/www.mkreborns.com\/wp-content\/uploads\/2026\/03\/Kay-Preemie-Reborn-Doll17-150x100.jpg 150w\" sizes=\"(max-width: 1400px) 100vw, 1400px\" \/><\/p>","protected":false},"excerpt":{"rendered":"<p>En 40 cm for tidligt f\u00f8dt reborn-dukke vejer cirka 1,5 kg, hvilket er pr\u00e6cis v\u00e6gten af et for tidligt f\u00f8dt sp\u00e6dbarn. At holde den reborn-drengedukke i sine arme f\u00f8les som at holde et nyf\u00f8dt liv.<\/p>","protected":false},"featured_media":3775,"comment_status":"open","ping_status":"closed","template":"","meta":[],"product_brand":[],"product_cat":[145,158,155,146,153],"product_tag":[],"class_list":{"0":"post-3763","1":"product","2":"type-product","3":"status-publish","4":"has-post-thumbnail","6":"product_cat-baby-boy-reborn-dolls","7":"product_cat-15-inch-baby-dolls","8":"product_cat-cute-reborn-dolls","9":"product_cat-full-silicone-reborn-dolls","10":"product_cat-newborn-reborn-dolls","12":"first","13":"instock","14":"sale","15":"shipping-taxable","16":"purchasable","17":"product-type-simple"},"_links":{"self":[{"href":"https:\/\/www.mkreborns.com\/da\/wp-json\/wp\/v2\/product\/3763","targetHints":{"allow":["GET"]}}],"collection":[{"href":"https:\/\/www.mkreborns.com\/da\/wp-json\/wp\/v2\/product"}],"about":[{"href":"https:\/\/www.mkreborns.com\/da\/wp-json\/wp\/v2\/types\/product"}],"replies":[{"embeddable":true,"href":"https:\/\/www.mkreborns.com\/da\/wp-json\/wp\/v2\/comments?post=3763"}],"wp:featuredmedia":[{"embeddable":true,"href":"https:\/\/www.mkreborns.com\/da\/wp-json\/wp\/v2\/media\/3775"}],"wp:attachment":[{"href":"https:\/\/www.mkreborns.com\/da\/wp-json\/wp\/v2\/media?parent=3763"}],"wp:term":[{"taxonomy":"product_brand","embeddable":true,"href":"https:\/\/www.mkreborns.com\/da\/wp-json\/wp\/v2\/product_brand?post=3763"},{"taxonomy":"product_cat","embeddable":true,"href":"https:\/\/www.mkreborns.com\/da\/wp-json\/wp\/v2\/product_cat?post=3763"},{"taxonomy":"product_tag","embeddable":true,"href":"https:\/\/www.mkreborns.com\/da\/wp-json\/wp\/v2\/product_tag?post=3763"}],"curies":[{"name":"wp","href":"https:\/\/api.w.org\/{rel}","templated":true}]}}