{"id":3298,"date":"2026-01-18T16:27:41","date_gmt":"2026-01-18T16:27:41","guid":{"rendered":"https:\/\/www.mkreborns.com\/?post_type=product&#038;p=3298"},"modified":"2026-03-15T15:32:05","modified_gmt":"2026-03-15T15:32:05","slug":"ken-full-body-silicone-reborn-doll","status":"publish","type":"product","link":"https:\/\/www.mkreborns.com\/da\/product\/ken-full-body-silicone-reborn-doll\/","title":{"rendered":"Ken fuldkrops silikone genf\u00f8dt dukke"},"content":{"rendered":"<p>At se p\u00e5 den genf\u00f8dte dukkes uskyldige og rene opf\u00f8rsel og nysgerrigt observere verden kan r\u00f8re din mest \u00f8mme side. Den genf\u00f8dte dukkes ubevogtede og fuldst\u00e6ndig tillidsfulde natur v\u00e6kker de bl\u00f8deste, mest beskyttende instinkter i os.<\/p>\n<p>Derudover er en reborn-dukke lavet udelukkende af silikone, der passer til hele kroppen, mere realistisk, nemmere at passe p\u00e5 og kan f\u00f8lge dig i l\u00e6ngere tid. Du kan trygt v\u00e6lge en reborn-dukke i fuld silikone som gave eller til dit eget personlige brug.<\/p>\n<p>&nbsp;<\/p>\n<p>K\u00f8n: Dreng<br \/>\nV\u00e6gt: 3,08 lb<br \/>\nH\u00f8jde: 15,7 tommer<br \/>\nMateriale: Silikone<\/p>\n<p>&nbsp;<\/p>\n<div style=\"width: 1920px;\" class=\"wp-video\"><video class=\"wp-video-shortcode\" id=\"video-3298-1\" width=\"1920\" height=\"1080\" preload=\"metadata\" controls=\"controls\"><source type=\"video\/mp4\" src=\"https:\/\/www.mkreborns.com\/wp-content\/uploads\/2026\/01\/Laura-Reborn-Doll.mp4?_=1\" \/><a href=\"https:\/\/www.mkreborns.com\/wp-content\/uploads\/2026\/01\/Laura-Reborn-Doll.mp4\">https:\/\/www.mkreborns.com\/wp-content\/uploads\/2026\/01\/Laura-Reborn-Doll.mp4<\/a><\/video><\/div>\n<p><img decoding=\"async\" class=\"aligncenter wp-image-3300 size-full\" src=\"https:\/\/www.mkreborns.com\/wp-content\/themes\/woodmart\/images\/lazy.svg\" data-src=\"https:\/\/www.mkreborns.com\/wp-content\/uploads\/2026\/01\/Laura-Reborn-Doll1.jpg\" alt=\"Realistisk silikone genf\u00f8dt dukke til samlere og b\u00f8rn.\" width=\"1464\" height=\"600\" title=\"\" srcset=\"\" data-srcset=\"https:\/\/www.mkreborns.com\/wp-content\/uploads\/2026\/01\/Laura-Reborn-Doll1.jpg 1464w, https:\/\/www.mkreborns.com\/wp-content\/uploads\/2026\/01\/Laura-Reborn-Doll1-150x61.jpg 150w, https:\/\/www.mkreborns.com\/wp-content\/uploads\/2026\/01\/Laura-Reborn-Doll1-700x287.jpg 700w, https:\/\/www.mkreborns.com\/wp-content\/uploads\/2026\/01\/Laura-Reborn-Doll1-400x164.jpg 400w, https:\/\/www.mkreborns.com\/wp-content\/uploads\/2026\/01\/Laura-Reborn-Doll1-1300x533.jpg 1300w, https:\/\/www.mkreborns.com\/wp-content\/uploads\/2026\/01\/Laura-Reborn-Doll1-768x315.jpg 768w\" sizes=\"(max-width: 1464px) 100vw, 1464px\" \/> <img decoding=\"async\" class=\"aligncenter wp-image-3301 size-full\" src=\"https:\/\/www.mkreborns.com\/wp-content\/themes\/woodmart\/images\/lazy.svg\" data-src=\"https:\/\/www.mkreborns.com\/wp-content\/uploads\/2026\/01\/Laura-Reborn-Doll2.jpg\" alt=\"Genf\u00f8dt dukke med realistiske tr\u00e6k, bl\u00f8d hud og detaljeret h\u00e5ndv\u00e6rk. Perfekt til samlere.\" width=\"1464\" height=\"600\" title=\"\" srcset=\"\" data-srcset=\"https:\/\/www.mkreborns.com\/wp-content\/uploads\/2026\/01\/Laura-Reborn-Doll2.jpg 1464w, https:\/\/www.mkreborns.com\/wp-content\/uploads\/2026\/01\/Laura-Reborn-Doll2-150x61.jpg 150w, https:\/\/www.mkreborns.com\/wp-content\/uploads\/2026\/01\/Laura-Reborn-Doll2-700x287.jpg 700w, https:\/\/www.mkreborns.com\/wp-content\/uploads\/2026\/01\/Laura-Reborn-Doll2-400x164.jpg 400w, https:\/\/www.mkreborns.com\/wp-content\/uploads\/2026\/01\/Laura-Reborn-Doll2-1300x533.jpg 1300w, https:\/\/www.mkreborns.com\/wp-content\/uploads\/2026\/01\/Laura-Reborn-Doll2-768x315.jpg 768w\" sizes=\"(max-width: 1464px) 100vw, 1464px\" \/> <img decoding=\"async\" class=\"aligncenter wp-image-3302 size-full\" src=\"https:\/\/www.mkreborns.com\/wp-content\/themes\/woodmart\/images\/lazy.svg\" data-src=\"https:\/\/www.mkreborns.com\/wp-content\/uploads\/2026\/01\/Laura-Reborn-Doll3.jpg\" alt=\"Reborn silikonedukke til drenge, realistisk nyf\u00f8dt baby med \u00e5bne \u00f8jne, 15,7 tommer st\u00f8rrelse, vejer 3,08 lb.\" width=\"1464\" height=\"600\" title=\"\" srcset=\"\" data-srcset=\"https:\/\/www.mkreborns.com\/wp-content\/uploads\/2026\/01\/Laura-Reborn-Doll3.jpg 1464w, https:\/\/www.mkreborns.com\/wp-content\/uploads\/2026\/01\/Laura-Reborn-Doll3-150x61.jpg 150w, https:\/\/www.mkreborns.com\/wp-content\/uploads\/2026\/01\/Laura-Reborn-Doll3-700x287.jpg 700w, https:\/\/www.mkreborns.com\/wp-content\/uploads\/2026\/01\/Laura-Reborn-Doll3-400x164.jpg 400w, https:\/\/www.mkreborns.com\/wp-content\/uploads\/2026\/01\/Laura-Reborn-Doll3-1300x533.jpg 1300w, https:\/\/www.mkreborns.com\/wp-content\/uploads\/2026\/01\/Laura-Reborn-Doll3-768x315.jpg 768w\" sizes=\"(max-width: 1464px) 100vw, 1464px\" \/> <img decoding=\"async\" class=\"aligncenter wp-image-3303 size-full\" src=\"https:\/\/www.mkreborns.com\/wp-content\/themes\/woodmart\/images\/lazy.svg\" data-src=\"https:\/\/www.mkreborns.com\/wp-content\/uploads\/2026\/01\/Laura-Reborn-Doll4.jpg\" alt=\"Ken fuldkrops silikone reborn-dukke til realistisk leg og fremvisning.\" width=\"1464\" height=\"600\" title=\"\" srcset=\"\" data-srcset=\"https:\/\/www.mkreborns.com\/wp-content\/uploads\/2026\/01\/Laura-Reborn-Doll4.jpg 1464w, https:\/\/www.mkreborns.com\/wp-content\/uploads\/2026\/01\/Laura-Reborn-Doll4-150x61.jpg 150w, https:\/\/www.mkreborns.com\/wp-content\/uploads\/2026\/01\/Laura-Reborn-Doll4-700x287.jpg 700w, https:\/\/www.mkreborns.com\/wp-content\/uploads\/2026\/01\/Laura-Reborn-Doll4-400x164.jpg 400w, https:\/\/www.mkreborns.com\/wp-content\/uploads\/2026\/01\/Laura-Reborn-Doll4-1300x533.jpg 1300w, https:\/\/www.mkreborns.com\/wp-content\/uploads\/2026\/01\/Laura-Reborn-Doll4-768x315.jpg 768w\" sizes=\"(max-width: 1464px) 100vw, 1464px\" \/> <img decoding=\"async\" class=\"aligncenter wp-image-3304 size-full\" src=\"https:\/\/www.mkreborns.com\/wp-content\/themes\/woodmart\/images\/lazy.svg\" data-src=\"https:\/\/www.mkreborns.com\/wp-content\/uploads\/2026\/01\/Laura-Reborn-Doll5.jpg\" alt=\"Reborn-dukke af Ken i silikone til hele kroppen, realistisk og h\u00e5ndlavet til samlere og entusiaster.\" width=\"1464\" height=\"600\" title=\"\" srcset=\"\" data-srcset=\"https:\/\/www.mkreborns.com\/wp-content\/uploads\/2026\/01\/Laura-Reborn-Doll5.jpg 1464w, https:\/\/www.mkreborns.com\/wp-content\/uploads\/2026\/01\/Laura-Reborn-Doll5-150x61.jpg 150w, https:\/\/www.mkreborns.com\/wp-content\/uploads\/2026\/01\/Laura-Reborn-Doll5-700x287.jpg 700w, https:\/\/www.mkreborns.com\/wp-content\/uploads\/2026\/01\/Laura-Reborn-Doll5-400x164.jpg 400w, https:\/\/www.mkreborns.com\/wp-content\/uploads\/2026\/01\/Laura-Reborn-Doll5-1300x533.jpg 1300w, https:\/\/www.mkreborns.com\/wp-content\/uploads\/2026\/01\/Laura-Reborn-Doll5-768x315.jpg 768w\" sizes=\"(max-width: 1464px) 100vw, 1464px\" \/><\/p>","protected":false},"excerpt":{"rendered":"<p>Hvis du sj\u00e6ldent bruger tid sammen med din familie, kan en genf\u00f8dselsdukke v\u00e6re en god gave til dine venner eller familie, hvilket g\u00f8r den til en bet\u00e6nksom gave.<\/p>","protected":false},"featured_media":3316,"comment_status":"open","ping_status":"closed","template":"","meta":[],"product_brand":[],"product_cat":[145,158,146,153],"product_tag":[],"class_list":{"0":"post-3298","1":"product","2":"type-product","3":"status-publish","4":"has-post-thumbnail","6":"product_cat-baby-boy-reborn-dolls","7":"product_cat-15-inch-baby-dolls","8":"product_cat-full-silicone-reborn-dolls","9":"product_cat-newborn-reborn-dolls","11":"first","12":"instock","13":"sale","14":"shipping-taxable","15":"purchasable","16":"product-type-simple"},"_links":{"self":[{"href":"https:\/\/www.mkreborns.com\/da\/wp-json\/wp\/v2\/product\/3298","targetHints":{"allow":["GET"]}}],"collection":[{"href":"https:\/\/www.mkreborns.com\/da\/wp-json\/wp\/v2\/product"}],"about":[{"href":"https:\/\/www.mkreborns.com\/da\/wp-json\/wp\/v2\/types\/product"}],"replies":[{"embeddable":true,"href":"https:\/\/www.mkreborns.com\/da\/wp-json\/wp\/v2\/comments?post=3298"}],"wp:featuredmedia":[{"embeddable":true,"href":"https:\/\/www.mkreborns.com\/da\/wp-json\/wp\/v2\/media\/3316"}],"wp:attachment":[{"href":"https:\/\/www.mkreborns.com\/da\/wp-json\/wp\/v2\/media?parent=3298"}],"wp:term":[{"taxonomy":"product_brand","embeddable":true,"href":"https:\/\/www.mkreborns.com\/da\/wp-json\/wp\/v2\/product_brand?post=3298"},{"taxonomy":"product_cat","embeddable":true,"href":"https:\/\/www.mkreborns.com\/da\/wp-json\/wp\/v2\/product_cat?post=3298"},{"taxonomy":"product_tag","embeddable":true,"href":"https:\/\/www.mkreborns.com\/da\/wp-json\/wp\/v2\/product_tag?post=3298"}],"curies":[{"name":"wp","href":"https:\/\/api.w.org\/{rel}","templated":true}]}}