{"id":3454,"date":"2026-01-21T15:16:46","date_gmt":"2026-01-21T15:16:46","guid":{"rendered":"https:\/\/www.mkreborns.com\/?page_id=3454"},"modified":"2026-01-28T02:26:13","modified_gmt":"2026-01-28T02:26:13","slug":"shipping-policy","status":"publish","type":"page","link":"https:\/\/www.mkreborns.com\/da\/shipping-policy\/","title":{"rendered":"Forsendelsespolitik"},"content":{"rendered":"<div>Tak fordi du valgte Mk Reborns. Din ordre er omhyggeligt forberedt og afsendt med effektivitet og diskretion.<\/div>\n<hr \/>\n<h2>Gratis verdensomsp\u00e6ndende forsendelse<\/h2>\n<div>Vi tilbyder gratis fragt fra strategisk placerede overs\u00f8iske lagre i USA, Europa, Canada, Storbritannien og Australien.<br \/>\nN\u00e5r der er lokalt lager, sendes varerne fra n\u00e6rmeste lager for at sikre hurtigere levering.<\/div>\n<hr \/>\n<h2>Forventet leveringstid (varer p\u00e5 lager)<\/h2>\n<div>\n<table border=\"1\" data-coda-grid-id=\"grid-O7-V0P1M6p\" data-coda-display-column-id=\"c-gzvnCsHVXd\" data-coda-view-config-inheritsdefaultformat=\"false\" data-coda-view-config-tablesearch=\"&quot;AlwaysShow&quot;\" data-coda-grid-configuration-set=\"SimpleTable\">\n<tbody>\n<tr>\n<td>Los Angeles, USA<\/td>\n<td>\n<div>USA (Alaska og Hawaii kr\u00e6ver et till\u00e6gsgebyr p\u00e5 ca. 100 USD)<\/div>\n<\/td>\n<td>3\u20135 hverdage<\/td>\n<\/tr>\n<tr>\n<td>EU-lagre (Tyskland\/Polen)<\/td>\n<td>De fleste EU- og udvalgte E\u00d8S-lande<\/td>\n<td>3\u201310 hverdage<\/td>\n<\/tr>\n<tr>\n<td>Vancouver<\/td>\n<td>Canada<\/td>\n<td>3\u20135 hverdage<\/td>\n<\/tr>\n<tr>\n<td>Sydney<\/td>\n<td>Australien<\/td>\n<td>3\u20137 hverdage<\/td>\n<\/tr>\n<tr>\n<td>Storbritannien<\/td>\n<td>Storbritannien<\/td>\n<td>3\u20137 hverdage<\/td>\n<\/tr>\n<\/tbody>\n<\/table>\n<\/div>\n<div>Bem\u00e6rk: De fleste ordrer behandles og afsendes inden for 48 timer. Den gennemsnitlige leveringstid er 3-5 hverdage, medmindre der foreligger ekstraordin\u00e6re omst\u00e6ndigheder.<\/div>\n<hr \/>\n<h2>Told og afgifter<\/h2>\n<div>Hvis der ikke er lokale varer p\u00e5 lager, kan varer blive sendt fra et andet land.<br \/>\nI begr\u00e6nsede tilf\u00e6lde kan modtagere blive bedt om at hj\u00e6lpe med toldbehandling eller importafgifter.<\/div>\n<div>For Norge, Schweiz, Island og Mexico er toldbehandling og g\u00e6ldende afgifter modtagerens eget ansvar.<\/div>\n<hr \/>\n<h2>Ordresporing<\/h2>\n<div>N\u00e5r varen er afsendt, sendes der en bekr\u00e6ftelsesmail med sporingsoplysninger.<br \/>\nDet kan tage op til 48 timer at opdatere sporingsoplysningerne.<\/div>\n<hr \/>\n<h2>Opdelte forsendelser<\/h2>\n<div>Ordrer, der indeholder flere varer, kan ankomme i separate pakker.<br \/>\nHvis en del af din ordre ankommer f\u00f8rst, er de resterende varer stadig undervejs.<\/div>\n<hr \/>\n<h2>Leveringsproblemer<\/h2>\n<ul>\n<li>Markeret som leveret, men ikke modtaget: Kontakt kur\u00e9ren med det samme og send en e-mail <a href=\"http:\/\/\">support@mkreborns.com<\/a>.<\/li>\n<li>Beskadigede genstande: Dokument\u00e9r skaden med tydelige fotos eller videoer, og indsend derefter en reklamation via fragtfirma.<\/li>\n<li>Forkerte varer: Fremvis venligst billed- og videobevis, s\u00e5 vil vores kundeserviceteam l\u00f8se problemet hurtigst muligt.<\/li>\n<\/ul>\n<hr \/>\n<h2>Returnering og ombytning<\/h2>\n<div>Kontakt venligst <a href=\"http:\/\/\">support@mkreborns.com<\/a> f\u00f8r nogen form for returnering p\u00e5begyndes.<br \/>\nUautoriserede returneringer eller afviste leverancer accepteres ikke.<\/div>\n<div>Varerne skal forblive ubrugte og i den indvendige beskyttende emballage u\u00e5bnet.<br \/>\nSe vores fulde returpolitik for detaljerede betingelser.<\/div>","protected":false},"excerpt":{"rendered":"<p>Tak fordi du valgte Mk Reborns. Din ordre er omhyggeligt forberedt og afsendt med effektivitet og diskretion. Gratis verdensomsp\u00e6ndende forsendelse.<\/p>","protected":false},"author":1,"featured_media":0,"parent":0,"menu_order":0,"comment_status":"closed","ping_status":"closed","template":"","meta":{"footnotes":""},"class_list":["post-3454","page","type-page","status-publish","hentry"],"_links":{"self":[{"href":"https:\/\/www.mkreborns.com\/da\/wp-json\/wp\/v2\/pages\/3454","targetHints":{"allow":["GET"]}}],"collection":[{"href":"https:\/\/www.mkreborns.com\/da\/wp-json\/wp\/v2\/pages"}],"about":[{"href":"https:\/\/www.mkreborns.com\/da\/wp-json\/wp\/v2\/types\/page"}],"author":[{"embeddable":true,"href":"https:\/\/www.mkreborns.com\/da\/wp-json\/wp\/v2\/users\/1"}],"replies":[{"embeddable":true,"href":"https:\/\/www.mkreborns.com\/da\/wp-json\/wp\/v2\/comments?post=3454"}],"version-history":[{"count":0,"href":"https:\/\/www.mkreborns.com\/da\/wp-json\/wp\/v2\/pages\/3454\/revisions"}],"wp:attachment":[{"href":"https:\/\/www.mkreborns.com\/da\/wp-json\/wp\/v2\/media?parent=3454"}],"curies":[{"name":"wp","href":"https:\/\/api.w.org\/{rel}","templated":true}]}}