{"id":13,"date":"2026-01-16T17:03:18","date_gmt":"2026-01-16T17:03:18","guid":{"rendered":"https:\/\/www.mkreborns.com\/?page_id=13"},"modified":"2026-01-28T02:12:14","modified_gmt":"2026-01-28T02:12:14","slug":"refund_returns","status":"publish","type":"page","link":"https:\/\/www.mkreborns.com\/da\/refund_returns\/","title":{"rendered":"Refusion og returnering"},"content":{"rendered":"<p>P\u00e5 <strong>Mk Reborns<\/strong>, dedikerer vi os til at skabe genf\u00f8dte dukker af h\u00f8j kvalitet, der hver is\u00e6r er omhyggeligt fremstillet for at v\u00e6re unikke, udtryksfulde og us\u00e6dvanligt naturtro. Hvis dit k\u00f8b ikke lever op til forventningerne, inviterer vi dig venligst til at kontakte vores kundeserviceteam p\u00e5 <strong><a href=\"mailto:support@mkreborns.com\">support@mkreborns.com<\/a><\/strong> uden forsinkelse. Hver anmodning vurderes individuelt, og der gives passende l\u00f8sninger baseret p\u00e5 de specifikke omst\u00e6ndigheder.<\/p>\r\n\r\n\r\n<hr class=\"wp-block-separator has-alpha-channel-opacity\" \/>\r\n\r\n\r\n<h2 class=\"wp-block-heading\">Ordreannullering<\/h2>\r\n\r\n\r\n\r\n<p>Efter ordreafgivelse kan forberedelsen eller afsendelsen af din reborn-dukke begynde med det samme. <strong>N\u00e5r en ordre er blevet afsendt, er det ikke l\u00e6ngere muligt at annullere.<\/strong><\/p>\r\n\r\n\r\n\r\n<p>Hvis din ordre har <strong>endnu ikke n\u00e5et til forsendelsesfasen<\/strong>, kan du indsende en anmodning om annullering <strong>inden for 24 timer efter k\u00f8bet<\/strong>. Kunder skal udfylde en formel formular til anmodning om annullering. Vores supportteam vil guide dig gennem processen fra start til slut.<\/p>\r\n\r\n\r\n\r\n<h3 class=\"wp-block-heading\">Refusionsplan for afbestilling<\/h3>\r\n\r\n\r\n\r\n<ul class=\"wp-block-list\">\r\n<li>\u2705 <strong>Inden for 12 timer (f\u00f8r afsendelse):<\/strong> A <strong>10%-behandlingsfradrag<\/strong> g\u00e6lder, d\u00e6kker gebyrer for bank- og onlinebetalinger.<\/li>\r\n\r\n\r\n\r\n<li>\u2705 <strong>Inden for 24 timer:<\/strong> <strong>85% af ordrev\u00e6rdien<\/strong> vil blive refunderet.<\/li>\r\n\r\n\r\n\r\n<li>\u2705 <strong>Inden for 48 timer:<\/strong> <strong>70% af ordrev\u00e6rdien<\/strong> vil blive refunderet.<\/li>\r\n\r\n\r\n\r\n<li>\u274c <strong>Efter forsendelse:<\/strong> Afbestillinger accepteres ikke.<\/li>\r\n<\/ul>\r\n\r\n\r\n\r\n<p><strong>Vigtig meddelelse:<\/strong><br \/>Refusionen forventes at ankomme inden for 10-20 hverdage, afh\u00e6ngigt af bankens behandlingstid. Kun anmodninger om annullering <strong>indsendt inden for 24 timer efter k\u00f8bet og udtrykkeligt godkendt af vores <a href=\"https:\/\/www.mkreborns.com\/da\/contact-us\/\">supportteam<\/a><\/strong> vil blive betragtet som gyldigt.<\/p>\r\n\r\n\r\n<hr class=\"wp-block-separator has-alpha-channel-opacity\" \/>\r\n\r\n\r\n<h2 class=\"wp-block-heading\">\u00c6ndringer af ordrer<\/h2>\r\n\r\n\r\n\r\n<p>Vi opfordrer kraftigt kunderne til omhyggeligt at kontrollere alle dukkespecifikationer, inden de gennemf\u00f8rer deres k\u00f8b.<\/p>\r\n\r\n\r\n\r\n<ul class=\"wp-block-list\">\r\n<li>\u2705 <strong>Inden for 12 timer efter bestilling:<\/strong> Der kan anmodes om \u00e6ndringer vedr. <strong>Engangs\u00e6ndringsgebyr p\u00e5 USD $19<\/strong>.<br \/>For at forts\u00e6tte, bedes du indsende en anmodning via vores <strong>Kontakt os<\/strong> form.<\/li>\r\n\r\n\r\n\r\n<li>\u274c <strong>Efter 12 timer:<\/strong> Ordrer pakkes generelt og s\u00e6ttes i k\u00f8 til forsendelse, hvilket g\u00f8r yderligere \u00e6ndringer umulige.<\/li>\r\n<\/ul>\r\n\r\n\r\n<hr class=\"wp-block-separator has-alpha-channel-opacity\" \/>\r\n\r\n\r\n<h2 class=\"wp-block-heading\">Manglende varer i en ordre<\/h2>\r\n\r\n\r\n\r\n<p>P\u00e5 grund af logistiske og emballagem\u00e6ssige hensyn kan visse ordrer blive afsendt i <strong>flere forsendelser<\/strong>.<br \/>For eksempel kan en genf\u00f8dt dukke og tilh\u00f8rende tilbeh\u00f8r sendes separat og ankomme p\u00e5 forskellige tidspunkter.<\/p>\r\n\r\n\r\n\r\n<p>Hvis afhentning fra et postanl\u00e6g er p\u00e5kr\u00e6vet, skal du s\u00f8rge for at have <strong>alle relevante sporingsnumre<\/strong>. Skulle der opst\u00e5 usikkerhed, st\u00e5r vores supportteam stadig til r\u00e5dighed for at hj\u00e6lpe.<\/p>\r\n\r\n\r\n<hr class=\"wp-block-separator has-alpha-channel-opacity\" \/>\r\n\r\n\r\n<h2 class=\"wp-block-heading\">Returnering og refusionsberettigelse<\/h2>\r\n\r\n\r\n\r\n<p>Vi overholder strenge kvalitetsstandarder. Returnering eller ombytning er tilladt. <strong>kun under f\u00f8lgende betingelser<\/strong>:<\/p>\r\n\r\n\r\n\r\n<h3 class=\"wp-block-heading\">Acceptable omst\u00e6ndigheder<\/h3>\r\n\r\n\r\n\r\n<ul class=\"wp-block-list\">\r\n<li>\u2705 <strong>Skader opst\u00e5et f\u00f8r brug eller under transport<\/strong><\/li>\r\n\r\n\r\n\r\n<li>\u2705 <strong>Forkert vare modtaget:<\/strong><br \/>Hvis den leverede dukke ikke stemmer overens med din ordre, bedes du indsende en <strong>klar unboxing-video<\/strong> viser:\r\n<ul class=\"wp-block-list\">\r\n<li>Dukken<\/li>\r\n\r\n\r\n\r\n<li>Hovedet<\/li>\r\n\r\n\r\n\r\n<li>Forsendelsesetiketten<\/li>\r\n\r\n\r\n\r\n<li>Den ydre emballage<br \/>Efter verifikation vil en erstatning blive arrangeret.<\/li>\r\n<\/ul>\r\n<\/li>\r\n\r\n\r\n\r\n<li>\u2705 <strong>Mistet forsendelse:<\/strong><br \/>I tilf\u00e6lde af tab under transport, bedes du indgive en reklamation til transportfirmaet og straks underrette os.<br \/>De fleste pakker kr\u00e6ver\u00a0<strong>en voksenunderskrift ved levering<\/strong>; omhyggelig sporing anbefales.<\/li>\r\n\r\n\r\n\r\n<li>\u2705 <strong>Produktions- eller kvalitetsproblemer:<\/strong><br \/>Hvis der opdages mangler ved f\u00f8rste \u00e5bning af pakken, bedes du starte returneringsprocessen. <strong>inden for 12 timer efter levering<\/strong>.<br \/>Fotografisk eller videobevis af den u\u00e5bnede emballage og udpakningsprocessen er p\u00e5kr\u00e6vet, n\u00e5r der indsendes en rapport om et produktproblem.<\/li>\r\n<\/ul>\r\n\r\n\r\n<hr class=\"wp-block-separator has-alpha-channel-opacity\" \/>\r\n\r\n\r\n<h3 class=\"wp-block-heading\">Situationer hvor varer ikke kan returneres eller refunderes<\/h3>\r\n\r\n\r\n\r\n<ul class=\"wp-block-list\">\r\n<li>\u274c Den genf\u00f8dte dukke er blevet <strong>brugt eller h\u00e5ndteret ud over inspektion<\/strong>.<\/li>\r\n\r\n\r\n\r\n<li>\u274c Problemer er <strong>ikke rapporteret inden for 12 timer efter modtagelsen<\/strong>, ledsaget af tydelig visuel dokumentation.<\/li>\r\n\r\n\r\n\r\n<li>\u274c Utilfredshed efter brug. Reborn-dukker betragtes som\u00a0<strong>personlige ejendele<\/strong> og kan ikke videres\u00e6lges efter brug.<\/li>\r\n\r\n\r\n\r\n<li>\u274c Anmodninger fremsat efter pakken er blevet \u00e5bnet, medmindre de er godkendt p\u00e5 grund af verificerede kvalitetsfejl.<\/li>\r\n\r\n\r\n\r\n<li>\u274c Leveringsfejl som f\u00f8lge af <strong>kundeleverede fejl<\/strong>, herunder ukorrekte eller ufuldst\u00e6ndige leveringsadresser.<\/li>\r\n\r\n\r\n\r\n<li>\u274c Leveringsforstyrrelser for\u00e5rsaget af faktorer uden for vores kontrol, s\u00e5som manglende toldbehandling eller naturkatastrofer.<\/li>\r\n<\/ul>\r\n\r\n\r\n\r\n<p><strong>V\u00e6r venligst opm\u00e6rksom p\u00e5:<\/strong><br \/>Alle Mk Reborns dukker er <strong>h\u00e5ndlavede kunstv\u00e6rker<\/strong>. Mindre karakteristika s\u00e5som svage s\u00f8mlinjer eller subtile farvevariationer er iboende i den h\u00e5ndlavede proces og betragtes ikke som defekter.<br \/>Hvis du observerer mindre uregelm\u00e6ssigheder, opfordrer vi dig til at kontakte os \u2013 vores team er altid klar til at hj\u00e6lpe.<\/p>\r\n\r\n\r\n<hr class=\"wp-block-separator has-alpha-channel-opacity\" \/>\r\n\r\n\r\n<h2 class=\"wp-block-heading\">Ansvar for returforsendelse<\/h2>\r\n\r\n\r\n\r\n<ul class=\"wp-block-list\">\r\n<li>Hvis en returnering iv\u00e6rks\u00e6ttes pr.\u00a0<strong>kunderelaterede \u00e5rsager<\/strong>, skal kunden d\u00e6kke returforsendelsesomkostningerne, som varierer afh\u00e6ngigt af transport\u00f8ren.<\/li>\r\n\r\n\r\n\r\n<li>Hvis returneringen skyldes <strong>vores ansvar<\/strong> (beskadiget eller forkert vare), afholder Mk Reborns alle tilknyttede returforsendelsesomkostninger.<\/li>\r\n<\/ul>\r\n\r\n\r\n<hr class=\"wp-block-separator has-alpha-channel-opacity\" \/>\r\n\r\n\r\n<h2 class=\"wp-block-heading\">Brug for yderligere hj\u00e6lp?<\/h2>\r\n\r\n\r\n\r\n<p>Hvis du har brug for yderligere support eller afklaring, bedes du kontakte os p\u00e5:<br \/>\ud83d\udce7 <strong><a href=\"mailto:support@mkreborns.com\">support@mkreborns.com<\/a><\/strong><\/p>\r\n\r\n\r\n\r\n<p>Vores kundeserviceteam bestr\u00e6ber sig p\u00e5 at besvare alle henvendelser <strong>inden for 24 timer<\/strong>.<\/p>\r\n\r\n\r\n\r\n<p>&nbsp;<\/p>","protected":false},"excerpt":{"rendered":"<p>Hos Mk Reborns dedikerer vi os til at skabe reborn-dukker af h\u00f8j kvalitet, der hver is\u00e6r er omhyggeligt fremstillet til at v\u00e6re unikke, udtryksfulde og exceptionelt.<\/p>","protected":false},"author":1,"featured_media":0,"parent":0,"menu_order":0,"comment_status":"closed","ping_status":"closed","template":"","meta":{"footnotes":""},"class_list":["post-13","page","type-page","status-publish","hentry"],"_links":{"self":[{"href":"https:\/\/www.mkreborns.com\/da\/wp-json\/wp\/v2\/pages\/13","targetHints":{"allow":["GET"]}}],"collection":[{"href":"https:\/\/www.mkreborns.com\/da\/wp-json\/wp\/v2\/pages"}],"about":[{"href":"https:\/\/www.mkreborns.com\/da\/wp-json\/wp\/v2\/types\/page"}],"author":[{"embeddable":true,"href":"https:\/\/www.mkreborns.com\/da\/wp-json\/wp\/v2\/users\/1"}],"replies":[{"embeddable":true,"href":"https:\/\/www.mkreborns.com\/da\/wp-json\/wp\/v2\/comments?post=13"}],"version-history":[{"count":0,"href":"https:\/\/www.mkreborns.com\/da\/wp-json\/wp\/v2\/pages\/13\/revisions"}],"wp:attachment":[{"href":"https:\/\/www.mkreborns.com\/da\/wp-json\/wp\/v2\/media?parent=13"}],"curies":[{"name":"wp","href":"https:\/\/api.w.org\/{rel}","templated":true}]}}