{"id":4602,"date":"2026-05-07T01:53:54","date_gmt":"2026-05-07T01:53:54","guid":{"rendered":"https:\/\/www.mkreborns.com\/?post_type=product&#038;p=4602"},"modified":"2026-05-13T14:41:14","modified_gmt":"2026-05-13T14:41:14","slug":"12-inch-full-silicone-children-gifts-reborn-baby-doll","status":"publish","type":"product","link":"https:\/\/www.mkreborns.com\/cs\/product\/12-inch-full-silicone-children-gifts-reborn-baby-doll\/","title":{"rendered":"12palcov\u00e1 pln\u00e1 silikonov\u00e1 d\u00e1rkov\u00e1 sada pro d\u011bti, reborn panenka"},"content":{"rendered":"<div class=\"product-specs-list-container\"><\/div>\n<div class=\"detailmodule_text\">\n<p class=\"detail-desc-decorate-content\" style=\"font-family: OpenSans; font-size: 14px; font-weight: 300; line-height: 20px; white-space: pre-wrap; margin-bottom: 12px;\"><span style=\"color: #000000;\">V\u00fd\u0161ka: 30 cm<\/span><br \/>\n<span style=\"color: #000000;\">Hmotnost: 1,1 kg<\/span><br \/>\n<span style=\"color: #000000;\">Pohlav\u00ed: Chlapec<\/span><br \/>\n<span style=\"color: #000000;\">Materi\u00e1l: Silikon<\/span><br \/>\n<span style=\"color: #000000;\">Tato reborn panenka se dod\u00e1v\u00e1 bez oble\u010den\u00ed; oble\u010den\u00ed nen\u00ed sou\u010d\u00e1st\u00ed balen\u00ed. Pokud pot\u0159ebujete oble\u010den\u00ed, prohl\u00e9dn\u011bte si pros\u00edm na\u0161i sekci s dopl\u0148ky pro reborn panenky a vyberte si oble\u010den\u00ed, kter\u00e9 vyhovuje va\u0161im preferenc\u00edm.<\/span><br \/>\n<span style=\"color: #000000;\">Reborn panenka m\u00e1 flexibiln\u00ed kon\u010detiny, kter\u00e9 j\u00ed umo\u017e\u0148uj\u00ed snadno se posadit, lehnout si nebo zaujmout r\u016fzn\u00e9 spac\u00ed polohy. Neobsahuje \u017e\u00e1dn\u00e9 dal\u0161\u00ed elektronick\u00e9 sou\u010d\u00e1stky, \u010d\u00edm\u017e se v\u00fdrazn\u011b sni\u017euj\u00ed n\u00e1roky na \u00fadr\u017ebu. Reborn panenky m\u016f\u017eete darovat lidem, kter\u00fdch si nejv\u00edce v\u00e1\u017e\u00edte, jako d\u00e1rky k narozenin\u00e1m, v\u00e1no\u010dn\u00ed d\u00e1rky, d\u011btsk\u00e9 hra\u010dky nebo jako d\u00e1rky do sb\u00edrky panenek.<\/span><\/p>\n<p>&nbsp;<\/p>\n<\/div>\n<div class=\"detailmodule_image\"><img decoding=\"async\" class=\"detail-desc-decorate-image\" src=\"https:\/\/www.mkreborns.com\/wp-content\/uploads\/2026\/05\/kf-Sa2b8d47ad684458b990351e19f5d1a2bs-1.webp\" alt=\"\" title=\"\"><img decoding=\"async\" class=\"detail-desc-decorate-image\" src=\"https:\/\/www.mkreborns.com\/wp-content\/uploads\/2026\/05\/kf-S39ce9a8a554f438a96fcf130a132d83aa-1.webp\" alt=\"\" title=\"\"><img decoding=\"async\" class=\"detail-desc-decorate-image\" src=\"https:\/\/www.mkreborns.com\/wp-content\/uploads\/2026\/05\/kf-S3d4515f2deb64d17aeee4f89277607772-1.webp\" alt=\"Silikonov\u00e1 panenka Reborn s polohovateln\u00fdmi kon\u010detinami, ide\u00e1ln\u00ed pro d\u011bti a sb\u011bratele. M\u011bkk\u00e1, realistick\u00e1.\" title=\"\"> <img decoding=\"async\" class=\"detail-desc-decorate-image\" src=\"https:\/\/www.mkreborns.com\/wp-content\/uploads\/2026\/05\/kf-S83d31e6e6fb847929a053f66ca75cd2dp-1.webp\" alt=\"Realistick\u00e1 reborn panenka, 30,5 cm, celosilikonov\u00e1, vhodn\u00e1 pro d\u011bti i jako d\u00e1rek, s detaily.\" title=\"\"> <img decoding=\"async\" class=\"detail-desc-decorate-image\" src=\"https:\/\/www.mkreborns.com\/wp-content\/uploads\/2026\/05\/kf-S1d7c4a92f2da488182c621f78f77ba35K-1.webp\" alt=\"\" title=\"\"><\/div>","protected":false},"excerpt":{"rendered":"<p>Tato novorozen\u00e1 reborn panenka je ide\u00e1ln\u00edm d\u00e1rkem pro d\u011bti, p\u0159\u00e1tele nebo \u010dleny rodiny a m\u016f\u017ee slou\u017eit jako skv\u011bl\u00fd spole\u010dn\u00edk. Kon\u010detiny reborn panenky jsou polohovateln\u00e9, co\u017e umo\u017e\u0148uje jej\u00ed spac\u00ed polohu \u2013 dod\u00e1v\u00e1 tak jej\u00ed roli spole\u010dn\u00edka dal\u0161\u00ed n\u00e1dech realistick\u00e9ho \u017eivota.<\/p>","protected":false},"featured_media":4603,"comment_status":"open","ping_status":"closed","template":"","meta":[],"product_brand":[],"product_cat":[240,145,155,154,153],"product_tag":[],"class_list":{"0":"post-4602","1":"product","2":"type-product","3":"status-publish","4":"has-post-thumbnail","6":"product_cat-12-inch-reborn-dolls","7":"product_cat-baby-boy-reborn-dolls","8":"product_cat-cute-reborn-dolls","9":"product_cat-lifelike-reborn-dolls","10":"product_cat-newborn-reborn-dolls","12":"first","13":"instock","14":"sale","15":"shipping-taxable","16":"purchasable","17":"product-type-simple"},"_links":{"self":[{"href":"https:\/\/www.mkreborns.com\/cs\/wp-json\/wp\/v2\/product\/4602","targetHints":{"allow":["GET"]}}],"collection":[{"href":"https:\/\/www.mkreborns.com\/cs\/wp-json\/wp\/v2\/product"}],"about":[{"href":"https:\/\/www.mkreborns.com\/cs\/wp-json\/wp\/v2\/types\/product"}],"replies":[{"embeddable":true,"href":"https:\/\/www.mkreborns.com\/cs\/wp-json\/wp\/v2\/comments?post=4602"}],"wp:featuredmedia":[{"embeddable":true,"href":"https:\/\/www.mkreborns.com\/cs\/wp-json\/wp\/v2\/media\/4603"}],"wp:attachment":[{"href":"https:\/\/www.mkreborns.com\/cs\/wp-json\/wp\/v2\/media?parent=4602"}],"wp:term":[{"taxonomy":"product_brand","embeddable":true,"href":"https:\/\/www.mkreborns.com\/cs\/wp-json\/wp\/v2\/product_brand?post=4602"},{"taxonomy":"product_cat","embeddable":true,"href":"https:\/\/www.mkreborns.com\/cs\/wp-json\/wp\/v2\/product_cat?post=4602"},{"taxonomy":"product_tag","embeddable":true,"href":"https:\/\/www.mkreborns.com\/cs\/wp-json\/wp\/v2\/product_tag?post=4602"}],"curies":[{"name":"wp","href":"https:\/\/api.w.org\/{rel}","templated":true}]}}