{"id":4594,"date":"2026-05-07T01:52:24","date_gmt":"2026-05-07T01:52:24","guid":{"rendered":"https:\/\/www.mkreborns.com\/?post_type=product&#038;p=4594"},"modified":"2026-05-13T15:23:59","modified_gmt":"2026-05-13T15:23:59","slug":"19-inches-solid-silicone-cute-reborn-doll","status":"publish","type":"product","link":"https:\/\/www.mkreborns.com\/cs\/product\/19-inches-solid-silicone-cute-reborn-doll\/","title":{"rendered":"19palcov\u00e1 roztomil\u00e1 reborn panenka z pevn\u00e9ho silikonu"},"content":{"rendered":"<div class=\"product-specs-list-container\"><\/div>\n<div class=\"detailmodule_text\">\n<p>V\u00fd\u0161ka: 18,9 palce<br \/>\nPohlav\u00ed: Chlape\u010dek<br \/>\nHmotnost: 3,1 kg<br \/>\nMateri\u00e1l: Silikon<br \/>\nK n\u00e1kupu t\u00e9to reborn panenky dostanete jako d\u00e1rek zdarma n\u00e1hodn\u011b vybran\u00fd outfit.<\/p>\n<p>Tato reborn panenka je vyrobena ze silikonov\u00e9ho materi\u00e1lu a lze ji \u010distit teplou vodou; po umyt\u00ed je v\u0161ak nutn\u00e9 ji ihned d\u016fkladn\u011b osu\u0161it. Jako\u017eto reborn panenka z pevn\u00e9ho silikonu nab\u00edz\u00ed hmatov\u00fd pocit pozoruhodn\u011b podobn\u00fd poko\u017ece skute\u010dn\u00e9ho d\u00edt\u011bte. S v\u00fd\u0161kou 45 cm se tato reborn panenka velmi bl\u00ed\u017e\u00ed fyzick\u00fdm rozm\u011br\u016fm skute\u010dn\u00e9ho novorozence, tak\u017ee je ide\u00e1ln\u00ed k mazlen\u00ed nebo vystaven\u00ed. Tato roztomil\u00e1 reborn panenka se vyzna\u010duje st\u0159edn\u00ed hmotnost\u00ed, kter\u00e1 usnad\u0148uje jej\u00ed p\u0159en\u00e1\u0161en\u00ed, a z\u00e1rove\u0148 si zachov\u00e1v\u00e1 autentickou a realistickou v\u00e1hu skute\u010dn\u00e9ho d\u00edt\u011bte.<br \/>\nPro skladov\u00e1n\u00ed se doporu\u010duje reborn panenku polo\u017eit naplocho nebo ji um\u00edstit svisle, aby se zabr\u00e1nilo deformaci zp\u016fsoben\u00e9 t\u011b\u017ek\u00fdmi p\u0159edm\u011bty nebo dlouhodob\u00fdm stla\u010den\u00edm. Abyste zajistili dlouhou \u017eivotnost reborn panenky, chra\u0148te ji p\u0159ed p\u0159\u00edm\u00fdm sv\u011btlem a prachem a chra\u0148te ji p\u0159ed ostr\u00fdmi p\u0159edm\u011bty a dom\u00e1c\u00edmi mazl\u00ed\u010dky, abyste nepo\u0161kodili silikonov\u00fd materi\u00e1l.<\/p>\n<p>&nbsp;<\/p>\n<\/div>\n<div class=\"detailmodule_image\"><img decoding=\"async\" class=\"detail-desc-decorate-image\" src=\"https:\/\/www.mkreborns.com\/wp-content\/uploads\/2026\/05\/kf-Sd449c2299cac4582b03493bccbd5ba86G.webp\" alt=\"Vysoce detailn\u00ed silikonov\u00e1 reborn panenka o velikosti 18,9 palce, m\u011bkk\u00e1 na dotek, omyvateln\u00e1, ide\u00e1ln\u00ed do sb\u00edrky nebo jako d\u00e1rek.\" title=\"\"><\/div>","protected":false},"excerpt":{"rendered":"<p>Reborn panenky simuluj\u00ed hebkost a pru\u017enost skute\u010dn\u00e9 d\u011btsk\u00e9 poko\u017eky a nab\u00edzej\u00ed h\u0159ejiv\u00fd, jemn\u00fd a p\u0159\u00edjemn\u00fd dotek. Tyto reborn panenky jsou vyrobeny z pevn\u00e9ho silikonu a vyzna\u010duj\u00ed se v\u00fdjime\u010dnou odolnost\u00ed v\u016f\u010di oxidaci, co\u017e zaji\u0161\u0165uje, \u017ee ani po del\u0161\u00edm pou\u017e\u00edv\u00e1n\u00ed snadno ne\u017eloutne a neprask\u00e1.<\/p>","protected":false},"featured_media":4595,"comment_status":"open","ping_status":"closed","template":"","meta":[],"product_brand":[],"product_cat":[241,145,243,155,146,154,153,157],"product_tag":[],"class_list":{"0":"post-4594","1":"product","2":"type-product","3":"status-publish","4":"has-post-thumbnail","6":"product_cat-19-inch-reborn-dolls","7":"product_cat-baby-boy-reborn-dolls","8":"product_cat-black-reborn-dolls","9":"product_cat-cute-reborn-dolls","10":"product_cat-full-silicone-reborn-dolls","11":"product_cat-lifelike-reborn-dolls","12":"product_cat-newborn-reborn-dolls","13":"product_cat-real-life-baby-dolls","15":"first","16":"instock","17":"sale","18":"shipping-taxable","19":"purchasable","20":"product-type-simple"},"_links":{"self":[{"href":"https:\/\/www.mkreborns.com\/cs\/wp-json\/wp\/v2\/product\/4594","targetHints":{"allow":["GET"]}}],"collection":[{"href":"https:\/\/www.mkreborns.com\/cs\/wp-json\/wp\/v2\/product"}],"about":[{"href":"https:\/\/www.mkreborns.com\/cs\/wp-json\/wp\/v2\/types\/product"}],"replies":[{"embeddable":true,"href":"https:\/\/www.mkreborns.com\/cs\/wp-json\/wp\/v2\/comments?post=4594"}],"wp:featuredmedia":[{"embeddable":true,"href":"https:\/\/www.mkreborns.com\/cs\/wp-json\/wp\/v2\/media\/4595"}],"wp:attachment":[{"href":"https:\/\/www.mkreborns.com\/cs\/wp-json\/wp\/v2\/media?parent=4594"}],"wp:term":[{"taxonomy":"product_brand","embeddable":true,"href":"https:\/\/www.mkreborns.com\/cs\/wp-json\/wp\/v2\/product_brand?post=4594"},{"taxonomy":"product_cat","embeddable":true,"href":"https:\/\/www.mkreborns.com\/cs\/wp-json\/wp\/v2\/product_cat?post=4594"},{"taxonomy":"product_tag","embeddable":true,"href":"https:\/\/www.mkreborns.com\/cs\/wp-json\/wp\/v2\/product_tag?post=4594"}],"curies":[{"name":"wp","href":"https:\/\/api.w.org\/{rel}","templated":true}]}}